{"id":44,"date":"2021-05-06T15:33:01","date_gmt":"2021-05-06T13:33:01","guid":{"rendered":"https:\/\/www.organisator.ch\/?page_id=44"},"modified":"2023-10-23T14:54:09","modified_gmt":"2023-10-23T12:54:09","slug":"impressum","status":"publish","type":"page","link":"https:\/\/www.organisator.ch\/de\/impressum\/","title":{"rendered":"Impressum"},"content":{"rendered":"<h1><strong>Mediaberatung<\/strong><\/h1>\n<p><strong>ORGANISATOR \/ organisator.ch<br \/>\n<\/strong><\/p>\n<p>Ornella Assalve, <a href=\"mailto:ornella.assalve@fachmedien.ch\">ornella.assalve@fachmedien.ch<\/a>, T +41 58 344 97 69<\/p>\n<h1><strong>Redaktion<\/strong><\/h1>\n<p><strong>Chefredaktor<\/strong><br \/>\nThomas Berner, <a href=\"mailto:thomas.berner@galledia.ch\">thomas.berner@galledia.ch<\/a>, T +41 58 344 97 37<\/p>\n<p><strong>Verlagsmanager<br \/>\n<\/strong>Stefan Zimmermann, <a href=\"mailto:stefan.zimmermann@galledia.ch\">stefan.zimmermann@galledia.ch<\/a>, T +41 58 344 96 22<\/p>\n<p><!--StartFragment --><\/p>\n<h1><strong>Leserservice<\/strong><\/h1>\n<p><a href=\"mailto:abo.organisator@galledia.ch\"> abo.organisator@galledia.ch<\/a>, T +41 58 344 95 64<\/p>\n<p>Galledia Fachmedien AG<br \/>\nLeserservice Organisator<br \/>\nBurgauerstrasse 50<br \/>\n9230 Flawil<\/p>\n<h1><span class=\"s1\"><b><strong>Kontaktadresse:<\/strong><\/b><\/span><\/h1>\n<p><span class=\"s1\">Galledia Fachmedien AG<br \/>\n<\/span><span class=\"s1\">Organisator<br \/>\n<\/span><span class=\"s1\">Baslerstrasse 60<br \/>\n8048 Z\u00fcrich<br \/>\n<\/span><span class=\"s1\">Schweiz<\/span><\/p>\n<h1><strong>Datenschutz:<\/strong><\/h1>\n<p>E-Mail: <a href=\"mailto:datenschutz@galledia.ch\">datenschutz@galledia.ch<\/a><br \/>\nTelefon: +41 58 344 98 98<br \/>\nVertretungsberechtigte Person: Stefan Zimmermann<\/p>\n<p>&nbsp;<\/p>\n<p><strong>Handelsregistereintrag:<br \/>\n<\/strong>Eingetragener Firmenname: Galledia Fachmedien AG<br \/>\nUnternehmens-Identifikationsnummer (UID): CHE-106.831.075<br \/>\nHandelsregisteramt: St. Gallen<br \/>\nMehrwertsteuer-Nummer<br \/>\nCHE-106.831.075 MWST<\/p>\n<p>&nbsp;<\/p>\n<h2><strong>Zweitver\u00f6ffentlichungsrechte<\/strong> f\u00fcr<strong> Autor:innen von Artikeln in \u00abOrganisator: Das Magazin f\u00fcr KMU\u00bb<\/strong><\/h2>\n<p>Open Access f\u00f6rdert die Sichtbarkeit von Publikationen. Dies liegt sowohl im Interesse der Autorinnen und Autoren als auch der Verlage und steht im Einklang mit den Anforderungen der Schweizer Hochschulen und der <a href=\"https:\/\/www.swissuniversities.ch\/fileadmin\/swissuniversities\/Dokumente\/Hochschulpolitik\/Open_Access\/Open_Access__strategy_final_DE.pdf\">nationalen Open-Access-Strategie von swissuniversities<\/a>.<\/p>\n<p>Autor:innen von Artikeln ver\u00f6ffentlicht in \u00abOrganisator: Das Magazin f\u00fcr KMU\u00bb haben das Recht, die finale Version ihrer Publikation, ausgenommen der Bilder, unmittelbar nach der offiziellen Ver\u00f6ffentlichung in \u00abOrganisator: Das Magazin f\u00fcr KMU\u00bb, ohne Sperrfrist, als PDF wie folgt verf\u00fcgbar zu machen:<\/p>\n<ul>\n<li>Die Publikationen d\u00fcrfen unter der Creative Commons Lizenz <a href=\"https:\/\/creativecommons.org\/licenses\/by-nc-nd\/4.0\/deed.de\" target=\"_blank\" rel=\"noopener\"><strong>CC BY-NC-ND 4.0<\/strong> <\/a>(Weiterverbreitung, nur nicht-kommerzielle Nutzung mit Quellenangabe und korrekter Zitierung, nur in unbearbeiteter Form) print oder online verf\u00fcgbar gemacht werden.<\/li>\n<li>Es darf die vollst\u00e4ndig \u00fcberarbeitete, gesetzte und formatierte Version in der ver\u00f6ffentlichten Form verwendet werden.<\/li>\n<li>Auf die Originalver\u00f6ffentlichung muss, einschliesslich der vollst\u00e4ndigen bibliografischen Angaben (Titel des Artikels, Name der Zeitschrift, Erscheinungsjahr), an einer deutlich sichtbaren Stelle hingewiesen werden.<\/li>\n<\/ul>\n<p>Auf vorangegangenen Hinweis stellt der Verlag den Autor:innen eine Kopie\/Version seines Artikels zur Zweitver\u00f6ffentlichung zur Verf\u00fcgung. Bei Artikeln von Autor:innen, die zum Zeitpunkt der Publikation einer Schweizer Hochschule angeh\u00f6ren, garantiert der Verlag Galledia Fachmedien AG der betreffenden Hochschule das nicht-exklusive Recht, eine Kopie des Artikels gem\u00e4ss den Bedingungen dieser Policy in ihrem Open-Access-Repository zu hinterlegen. Diese Richtlinie betrifft alle Artikel ver\u00f6ffentlicht ab dem 1. Juni 2023.<\/p>\n","protected":false},"excerpt":{"rendered":"<p>Mediaberatung ORGANISATOR \/ organisator.ch Ornella Assalve, ornella.assalve@fachmedien.ch, T +41 58 344 97 69 Redaktion Chefredaktor Thomas Berner, thomas.berner@galledia.ch, T +41 58 344 97 37 Verlagsmanager Stefan Zimmermann, stefan.zimmermann@galledia.ch, T +41 58 344 96 22 Leserservice abo.organisator@galledia.ch, T +41 58 344 95 64 Galledia Fachmedien AG Leserservice Organisator Burgauerstrasse 50 9230 Flawil Kontaktadresse: Galledia Fachmedien AG [&hellip;]<\/p>\n","protected":false},"author":1,"featured_media":0,"parent":0,"menu_order":0,"comment_status":"closed","ping_status":"closed","template":"","meta":{"_acf_changed":false,"articlekey":"","footnotes":""},"class_list":["post-44","page","type-page","status-publish","hentry"],"acf":[],"yoast_head":"<!-- This site is optimized with the Yoast SEO plugin v27.4 - https:\/\/yoast.com\/product\/yoast-seo-wordpress\/ -->\n<title>Impressum - Organisator<\/title>\n<meta name=\"robots\" content=\"index, follow, max-snippet:-1, max-image-preview:large, max-video-preview:-1\" \/>\n<link rel=\"canonical\" href=\"https:\/\/www.organisator.ch\/de\/impressum\/\" \/>\n<meta property=\"og:locale\" content=\"de_DE\" \/>\n<meta property=\"og:type\" content=\"article\" \/>\n<meta property=\"og:title\" content=\"Impressum - Organisator\" \/>\n<meta property=\"og:description\" content=\"Mediaberatung ORGANISATOR \/ organisator.ch Ornella Assalve, ornella.assalve@fachmedien.ch, T +41 58 344 97 69 Redaktion Chefredaktor Thomas Berner, thomas.berner@galledia.ch, T +41 58 344 97 37 Verlagsmanager Stefan Zimmermann, stefan.zimmermann@galledia.ch, T +41 58 344 96 22 Leserservice abo.organisator@galledia.ch, T +41 58 344 95 64 Galledia Fachmedien AG Leserservice Organisator Burgauerstrasse 50 9230 Flawil Kontaktadresse: Galledia Fachmedien AG [&hellip;]\" \/>\n<meta property=\"og:url\" content=\"https:\/\/www.organisator.ch\/de\/impressum\/\" \/>\n<meta property=\"og:site_name\" content=\"Organisator\" \/>\n<meta property=\"article:publisher\" content=\"https:\/\/www.facebook.com\/OrganisatorFachmagazin\" \/>\n<meta property=\"article:modified_time\" content=\"2023-10-23T12:54:09+00:00\" \/>\n<meta name=\"twitter:card\" content=\"summary_large_image\" \/>\n<script type=\"application\/ld+json\" class=\"yoast-schema-graph\">{\"@context\":\"https:\\\/\\\/schema.org\",\"@graph\":[{\"@type\":\"WebPage\",\"@id\":\"https:\\\/\\\/www.organisator.ch\\\/impressum\\\/\",\"url\":\"https:\\\/\\\/www.organisator.ch\\\/impressum\\\/\",\"name\":\"Impressum - Organisator\",\"isPartOf\":{\"@id\":\"https:\\\/\\\/www.organisator.ch\\\/#website\"},\"datePublished\":\"2021-05-06T13:33:01+00:00\",\"dateModified\":\"2023-10-23T12:54:09+00:00\",\"breadcrumb\":{\"@id\":\"https:\\\/\\\/www.organisator.ch\\\/impressum\\\/#breadcrumb\"},\"inLanguage\":\"de\",\"potentialAction\":[{\"@type\":\"ReadAction\",\"target\":[\"https:\\\/\\\/www.organisator.ch\\\/impressum\\\/\"]}]},{\"@type\":\"BreadcrumbList\",\"@id\":\"https:\\\/\\\/www.organisator.ch\\\/impressum\\\/#breadcrumb\",\"itemListElement\":[{\"@type\":\"ListItem\",\"position\":1,\"name\":\"Home\",\"item\":\"https:\\\/\\\/www.organisator.ch\\\/\"},{\"@type\":\"ListItem\",\"position\":2,\"name\":\"Impressum\"}]},{\"@type\":\"WebSite\",\"@id\":\"https:\\\/\\\/www.organisator.ch\\\/#website\",\"url\":\"https:\\\/\\\/www.organisator.ch\\\/\",\"name\":\"Organisator\",\"description\":\"Kompetent. Praxisnah. Der ORGANISATOR bereitet in 10 Ausgaben pro Jahr die wesentlichen Themen f\u00fcr F\u00fchrungskr\u00e4fte von KMU auf.\",\"publisher\":{\"@id\":\"https:\\\/\\\/www.organisator.ch\\\/#organization\"},\"potentialAction\":[{\"@type\":\"SearchAction\",\"target\":{\"@type\":\"EntryPoint\",\"urlTemplate\":\"https:\\\/\\\/www.organisator.ch\\\/?s={search_term_string}\"},\"query-input\":{\"@type\":\"PropertyValueSpecification\",\"valueRequired\":true,\"valueName\":\"search_term_string\"}}],\"inLanguage\":\"de\"},{\"@type\":\"Organization\",\"@id\":\"https:\\\/\\\/www.organisator.ch\\\/#organization\",\"name\":\"Organisator\",\"url\":\"https:\\\/\\\/www.organisator.ch\\\/\",\"logo\":{\"@type\":\"ImageObject\",\"inLanguage\":\"de\",\"@id\":\"https:\\\/\\\/www.organisator.ch\\\/#\\\/schema\\\/logo\\\/image\\\/\",\"url\":\"https:\\\/\\\/www.organisator.ch\\\/wp-content\\\/uploads\\\/2022\\\/01\\\/Logo_Organisator_Website.png\",\"contentUrl\":\"https:\\\/\\\/www.organisator.ch\\\/wp-content\\\/uploads\\\/2022\\\/01\\\/Logo_Organisator_Website.png\",\"width\":800,\"height\":77,\"caption\":\"Organisator\"},\"image\":{\"@id\":\"https:\\\/\\\/www.organisator.ch\\\/#\\\/schema\\\/logo\\\/image\\\/\"},\"sameAs\":[\"https:\\\/\\\/www.facebook.com\\\/OrganisatorFachmagazin\",\"https:\\\/\\\/www.linkedin.com\\\/showcase\\\/organisator-das-magazin-fr-kmu\",\"https:\\\/\\\/www.xing.com\\\/news\\\/pages\\\/organisator-ch-695\",\"https:\\\/\\\/www.youtube.com\\\/channel\\\/UCGP2Sq0iWaZwT3BdIAQFYpw\"]}]}<\/script>\n<!-- \/ Yoast SEO plugin. -->","yoast_head_json":{"title":"Impressum - Organisator","robots":{"index":"index","follow":"follow","max-snippet":"max-snippet:-1","max-image-preview":"max-image-preview:large","max-video-preview":"max-video-preview:-1"},"canonical":"https:\/\/www.organisator.ch\/de\/impressum\/","og_locale":"de_DE","og_type":"article","og_title":"Impressum - Organisator","og_description":"Mediaberatung ORGANISATOR \/ organisator.ch Ornella Assalve, ornella.assalve@fachmedien.ch, T +41 58 344 97 69 Redaktion Chefredaktor Thomas Berner, thomas.berner@galledia.ch, T +41 58 344 97 37 Verlagsmanager Stefan Zimmermann, stefan.zimmermann@galledia.ch, T +41 58 344 96 22 Leserservice abo.organisator@galledia.ch, T +41 58 344 95 64 Galledia Fachmedien AG Leserservice Organisator Burgauerstrasse 50 9230 Flawil Kontaktadresse: Galledia Fachmedien AG [&hellip;]","og_url":"https:\/\/www.organisator.ch\/de\/impressum\/","og_site_name":"Organisator","article_publisher":"https:\/\/www.facebook.com\/OrganisatorFachmagazin","article_modified_time":"2023-10-23T12:54:09+00:00","twitter_card":"summary_large_image","schema":{"@context":"https:\/\/schema.org","@graph":[{"@type":"WebPage","@id":"https:\/\/www.organisator.ch\/impressum\/","url":"https:\/\/www.organisator.ch\/impressum\/","name":"Impressum - Organisator","isPartOf":{"@id":"https:\/\/www.organisator.ch\/#website"},"datePublished":"2021-05-06T13:33:01+00:00","dateModified":"2023-10-23T12:54:09+00:00","breadcrumb":{"@id":"https:\/\/www.organisator.ch\/impressum\/#breadcrumb"},"inLanguage":"de","potentialAction":[{"@type":"ReadAction","target":["https:\/\/www.organisator.ch\/impressum\/"]}]},{"@type":"BreadcrumbList","@id":"https:\/\/www.organisator.ch\/impressum\/#breadcrumb","itemListElement":[{"@type":"ListItem","position":1,"name":"Home","item":"https:\/\/www.organisator.ch\/"},{"@type":"ListItem","position":2,"name":"Impressum"}]},{"@type":"WebSite","@id":"https:\/\/www.organisator.ch\/#website","url":"https:\/\/www.organisator.ch\/","name":"Organisator","description":"Kompetent. Praxisnah. Der ORGANISATOR bereitet in 10 Ausgaben pro Jahr die wesentlichen Themen f\u00fcr F\u00fchrungskr\u00e4fte von KMU auf.","publisher":{"@id":"https:\/\/www.organisator.ch\/#organization"},"potentialAction":[{"@type":"SearchAction","target":{"@type":"EntryPoint","urlTemplate":"https:\/\/www.organisator.ch\/?s={search_term_string}"},"query-input":{"@type":"PropertyValueSpecification","valueRequired":true,"valueName":"search_term_string"}}],"inLanguage":"de"},{"@type":"Organization","@id":"https:\/\/www.organisator.ch\/#organization","name":"Organisator","url":"https:\/\/www.organisator.ch\/","logo":{"@type":"ImageObject","inLanguage":"de","@id":"https:\/\/www.organisator.ch\/#\/schema\/logo\/image\/","url":"https:\/\/www.organisator.ch\/wp-content\/uploads\/2022\/01\/Logo_Organisator_Website.png","contentUrl":"https:\/\/www.organisator.ch\/wp-content\/uploads\/2022\/01\/Logo_Organisator_Website.png","width":800,"height":77,"caption":"Organisator"},"image":{"@id":"https:\/\/www.organisator.ch\/#\/schema\/logo\/image\/"},"sameAs":["https:\/\/www.facebook.com\/OrganisatorFachmagazin","https:\/\/www.linkedin.com\/showcase\/organisator-das-magazin-fr-kmu","https:\/\/www.xing.com\/news\/pages\/organisator-ch-695","https:\/\/www.youtube.com\/channel\/UCGP2Sq0iWaZwT3BdIAQFYpw"]}]}},"_links":{"self":[{"href":"https:\/\/www.organisator.ch\/de\/wp-json\/wp\/v2\/pages\/44","targetHints":{"allow":["GET"]}}],"collection":[{"href":"https:\/\/www.organisator.ch\/de\/wp-json\/wp\/v2\/pages"}],"about":[{"href":"https:\/\/www.organisator.ch\/de\/wp-json\/wp\/v2\/types\/page"}],"author":[{"embeddable":true,"href":"https:\/\/www.organisator.ch\/de\/wp-json\/wp\/v2\/users\/1"}],"replies":[{"embeddable":true,"href":"https:\/\/www.organisator.ch\/de\/wp-json\/wp\/v2\/comments?post=44"}],"version-history":[{"count":10,"href":"https:\/\/www.organisator.ch\/de\/wp-json\/wp\/v2\/pages\/44\/revisions"}],"predecessor-version":[{"id":22600,"href":"https:\/\/www.organisator.ch\/de\/wp-json\/wp\/v2\/pages\/44\/revisions\/22600"}],"wp:attachment":[{"href":"https:\/\/www.organisator.ch\/de\/wp-json\/wp\/v2\/media?parent=44"}],"curies":[{"name":"wp","href":"https:\/\/api.w.org\/{rel}","templated":true}]}}