{"id":13791,"date":"2022-06-07T15:48:36","date_gmt":"2022-06-07T13:48:36","guid":{"rendered":"https:\/\/www.organisator.ch\/?post_type=product&#038;p=13791"},"modified":"2022-06-07T15:50:51","modified_gmt":"2022-06-07T13:50:51","slug":"organisator-ausgabe-12-1979","status":"publish","type":"product","link":"https:\/\/www.organisator.ch\/de\/produkt\/organisator-ausgabe-12-1979\/","title":{"rendered":"Organisator Ausgabe 12\/1979"},"content":{"rendered":"<h2>Unsere Rubriken des Monats<\/h2>\n<ul>\n<li>B\u00fccher f\u00fcr Sie<\/li>\n<li>Seite des Lesers<\/li>\n<li>Blickpunkt B\u00fcro<\/li>\n<li>Seite der Sekret\u00e4rin<\/li>\n<li>DER ORGANISATOR meint<\/li>\n<li>ORGANISATOR-Seminare<\/li>\n<li>Kontakte<\/li>\n<li>Zur Besinnung<\/li>\n<li>Der Wirtschaftsmonat<\/li>\n<li>Gesundheit und Erholung<\/li>\n<li>Lesekonzentrate<\/li>\n<li>Ausstellungen<\/li>\n<li>Produkte + Dienstleistungen<\/li>\n<li>Kurse und Tagungen<\/li>\n<li>Tarantel<\/li>\n<\/ul>\n<h2>Wirtschaft Unternehmensf\u00fchrung<\/h2>\n<ul>\n<li>Sicherheit (s. auch Pro dukte + Dienstleistungen)<\/li>\n<li>Dialektische Rhetorik<\/li>\n<li>Management-GRID- Seminar<\/li>\n<li>Gen\u00fcgen Sachwerte?\u00a0Der Wirtschaftsmonat<\/li>\n<li>Innovations-Management<\/li>\n<li>Dynamische Planung<\/li>\n<li>Strategische Unternehmens- f\u00fchrung<\/li>\n<li>Risk ManagementVersicherte Risiken<\/li>\n<li>Planen Sie den Kauf einer Alarmanlage?<\/li>\n<li>Zaunsicherung<\/li>\n<li>AGI-Schott-Prinzip<\/li>\n<\/ul>\n<h2>Mensch und Arbeit Personalwesen<\/h2>\n<ul>\n<li>Ausbildung zur F\u00fchrungs kraft von morgen<\/li>\n<li>Arbeitgeber sind stark &#8211; Arbeitnehmer sind schwach (Der Organisator meint)<\/li>\n<li>Dialektische Rhetorik<\/li>\n<li>Management-GRID-Seminar<\/li>\n<li>Arbeitszeit 70 Stunden pro Woche<\/li>\n<li>Arbeitszeitverk\u00fcrzung<\/li>\n<li>Warenh\u00e4user im Bildungs boom<\/li>\n<li>Sicherheits-Ausbildung<\/li>\n<\/ul>\n<h2>Organisation B\u00fcro- und Datenlechnik<\/h2>\n<ul>\n<li>Blickpunkt B\u00fcro<\/li>\n<li>Zeiteinteilung f\u00fcr den Chef (Seite der Sekret\u00e4rin)<\/li>\n<li>Sicherheit (s. auch Produkte + Dienstleistungen)<\/li>\n<li>Revolution im Sitzungszimmer<\/li>\n<li>Tag der offenen T\u00fcr<\/li>\n<li>Zeitgewinn mit Formularen<\/li>\n<li>Effiziente Berichterstattung<\/li>\n<li>Organisationshandbuch als F\u00fchrungsmittel<\/li>\n<li>Brandschutzglas<\/li>\n<li>Brandschutzsysteme<\/li>\n<li>Schl\u00fcsselabgabe-Ordnung<\/li>\n<li>Alarmprozessor im Schliess- bereich<\/li>\n<li>Sicherheits-B\u00fcrom\u00f6bel<\/li>\n<li>Plastikkarten-Systeme<\/li>\n<li>Datenschutz im Spezial-<\/li>\n<li>schrank<\/li>\n<li>Identifikations-System<\/li>\n<li>\u00dcberwachungssystem Sona- quarz<\/li>\n<li>Vielseitige Securitas<\/li>\n<li>Infrarot-Einbruchsschutz<\/li>\n<li>Kleinsafe mit elektronischer Verriegelung<\/li>\n<li>\u00dcberspannungsabieiter zum<\/li>\n<li>Anlagenschutz von Cerberus<\/li>\n<li>Brief-Bomben-Detektor<\/li>\n<li>Brosch\u00fcre mit Tips von Bauer Kaba<\/li>\n<li>Infrarot-Bewegungsmelder<\/li>\n<\/ul>\n<h2>Betriebswirtschaft Rechnungswesen<\/h2>\n<ul>\n<li>Externe Revisoren &#8211; Plaggeister oder Helfer?<\/li>\n<li>Neue Produkte; Zur Praxis der Rentabiiit\u00e4ls-Unter-suchungen<\/li>\n<li>Interne Verrechnung<\/li>\n<li>Realistische Ertragsrechnung<\/li>\n<li>Zero-Base-Budgeting?<\/li>\n<\/ul>\n<h2>Verkauf\/Handel Marketing\/Werbung<\/h2>\n<ul>\n<li>Verkaufen, aber nicht ver treiben &#8211; Ein Quiz f\u00fcr Ver k\u00e4ufer von Investitionsg\u00fc tern<\/li>\n<li>Neue Produkte: Zur Praxis der Rentabillt\u00e4s-Unter-suchungen<\/li>\n<li>Mit Licht drucken &#8211; Laser f\u00fcr die Direktwerbung<\/li>\n<li>Werbung und Verkaufsf\u00f6r derung f\u00fcr den Supermarkt<\/li>\n<li>Tag der offenen T\u00fcr Marketingstrategie f\u00fcr den Fachhandel<\/li>\n<li>Blickpunkt Fussg\u00e4ngerzonen<\/li>\n<li>Heimliche Marketingkosten<\/li>\n<li>Etiketten erschweren Laden diebstahl<\/li>\n<\/ul>\n<h2>Materialwirtschaft Produktion\/Transport<\/h2>\n<ul>\n<li>Kosten von Gabelstaplern<\/li>\n<li>Luftfrachtverpackung<\/li>\n<li>Materialwirtschaft und La gerbauten<\/li>\n<li>Gegen vereiste Autot\u00fcren<\/li>\n<li>Funkgesteuerte Garagentore<\/li>\n<\/ul>\n","protected":false},"excerpt":{"rendered":"<p>Erhalte die deutschsprachige Fachzeitschrift \u00aborganisator\u00bb in der Ausgabe 12\/1979 als PDF-Download mit nachfolgendem Inhaltsverzeichnis:<\/p>\n","protected":false},"featured_media":13793,"template":"","meta":{"_acf_changed":false,"articlekey":""},"product_brand":[],"product_cat":[546],"product_tag":[2924],"class_list":{"0":"post-13791","1":"product","2":"type-product","3":"status-publish","4":"has-post-thumbnail","6":"product_cat-einzelausgaben","7":"product_tag-2924","9":"first","10":"instock","11":"downloadable","12":"virtual","13":"taxable","14":"purchasable","15":"product-type-simple"},"acf":[],"yoast_head":"<!-- This site is optimized with the Yoast SEO plugin v27.4 - https:\/\/yoast.com\/product\/yoast-seo-wordpress\/ -->\n<title>Organisator Ausgabe 12\/1979 - Organisator<\/title>\n<meta name=\"description\" content=\"Erhalte die deutschsprachige Fachzeitschrift \u00aborganisator\u00bb in der Ausgabe 12\/1979 als PDF-Download mit nachfolgendem Inhaltsverzeichnis:\" \/>\n<meta name=\"robots\" content=\"index, follow, max-snippet:-1, max-image-preview:large, max-video-preview:-1\" \/>\n<link rel=\"canonical\" href=\"https:\/\/www.organisator.ch\/de\/produkt\/organisator-ausgabe-12-1979\/\" \/>\n<meta property=\"og:locale\" content=\"de_DE\" \/>\n<meta property=\"og:type\" content=\"article\" \/>\n<meta property=\"og:title\" content=\"Organisator Ausgabe 12\/1979 - Organisator\" \/>\n<meta property=\"og:description\" content=\"Erhalte die deutschsprachige Fachzeitschrift \u00aborganisator\u00bb in der Ausgabe 12\/1979 als PDF-Download mit nachfolgendem Inhaltsverzeichnis:\" \/>\n<meta property=\"og:url\" content=\"https:\/\/www.organisator.ch\/de\/produkt\/organisator-ausgabe-12-1979\/\" \/>\n<meta property=\"og:site_name\" content=\"Organisator\" \/>\n<meta property=\"article:publisher\" content=\"https:\/\/www.facebook.com\/OrganisatorFachmagazin\" \/>\n<meta property=\"article:modified_time\" content=\"2022-06-07T13:50:51+00:00\" \/>\n<meta property=\"og:image\" content=\"https:\/\/www.organisator.ch\/wp-content\/uploads\/2022\/06\/organisator_1979_12.png\" \/>\n\t<meta property=\"og:image:width\" content=\"654\" \/>\n\t<meta property=\"og:image:height\" content=\"370\" \/>\n\t<meta property=\"og:image:type\" content=\"image\/png\" \/>\n<meta name=\"twitter:card\" content=\"summary_large_image\" \/>\n<script type=\"application\/ld+json\" class=\"yoast-schema-graph\">{\"@context\":\"https:\\\/\\\/schema.org\",\"@graph\":[{\"@type\":\"WebPage\",\"@id\":\"https:\\\/\\\/www.organisator.ch\\\/de\\\/produkt\\\/organisator-ausgabe-12-1979\\\/\",\"url\":\"https:\\\/\\\/www.organisator.ch\\\/de\\\/produkt\\\/organisator-ausgabe-12-1979\\\/\",\"name\":\"Organisator Ausgabe 12\\\/1979 - Organisator\",\"isPartOf\":{\"@id\":\"https:\\\/\\\/www.organisator.ch\\\/#website\"},\"primaryImageOfPage\":{\"@id\":\"https:\\\/\\\/www.organisator.ch\\\/de\\\/produkt\\\/organisator-ausgabe-12-1979\\\/#primaryimage\"},\"image\":{\"@id\":\"https:\\\/\\\/www.organisator.ch\\\/de\\\/produkt\\\/organisator-ausgabe-12-1979\\\/#primaryimage\"},\"thumbnailUrl\":\"https:\\\/\\\/www.organisator.ch\\\/wp-content\\\/uploads\\\/2022\\\/06\\\/organisator_1979_12.png\",\"datePublished\":\"2022-06-07T13:48:36+00:00\",\"dateModified\":\"2022-06-07T13:50:51+00:00\",\"description\":\"Erhalte die deutschsprachige Fachzeitschrift \u00aborganisator\u00bb in der Ausgabe 12\\\/1979 als PDF-Download mit nachfolgendem Inhaltsverzeichnis:\",\"breadcrumb\":{\"@id\":\"https:\\\/\\\/www.organisator.ch\\\/de\\\/produkt\\\/organisator-ausgabe-12-1979\\\/#breadcrumb\"},\"inLanguage\":\"de\",\"potentialAction\":[{\"@type\":\"ReadAction\",\"target\":[\"https:\\\/\\\/www.organisator.ch\\\/de\\\/produkt\\\/organisator-ausgabe-12-1979\\\/\"]}]},{\"@type\":\"ImageObject\",\"inLanguage\":\"de\",\"@id\":\"https:\\\/\\\/www.organisator.ch\\\/de\\\/produkt\\\/organisator-ausgabe-12-1979\\\/#primaryimage\",\"url\":\"https:\\\/\\\/www.organisator.ch\\\/wp-content\\\/uploads\\\/2022\\\/06\\\/organisator_1979_12.png\",\"contentUrl\":\"https:\\\/\\\/www.organisator.ch\\\/wp-content\\\/uploads\\\/2022\\\/06\\\/organisator_1979_12.png\",\"width\":654,\"height\":370},{\"@type\":\"BreadcrumbList\",\"@id\":\"https:\\\/\\\/www.organisator.ch\\\/de\\\/produkt\\\/organisator-ausgabe-12-1979\\\/#breadcrumb\",\"itemListElement\":[{\"@type\":\"ListItem\",\"position\":1,\"name\":\"Home\",\"item\":\"https:\\\/\\\/www.organisator.ch\\\/\"},{\"@type\":\"ListItem\",\"position\":2,\"name\":\"Shop\",\"item\":\"https:\\\/\\\/www.organisator.ch\\\/fr\\\/shop\\\/\"},{\"@type\":\"ListItem\",\"position\":3,\"name\":\"Organisator Ausgabe 12\\\/1979\"}]},{\"@type\":\"WebSite\",\"@id\":\"https:\\\/\\\/www.organisator.ch\\\/#website\",\"url\":\"https:\\\/\\\/www.organisator.ch\\\/\",\"name\":\"Organisator\",\"description\":\"Kompetent. Praxisnah. Der ORGANISATOR bereitet in 10 Ausgaben pro Jahr die wesentlichen Themen f\u00fcr F\u00fchrungskr\u00e4fte von KMU auf.\",\"publisher\":{\"@id\":\"https:\\\/\\\/www.organisator.ch\\\/#organization\"},\"potentialAction\":[{\"@type\":\"SearchAction\",\"target\":{\"@type\":\"EntryPoint\",\"urlTemplate\":\"https:\\\/\\\/www.organisator.ch\\\/?s={search_term_string}\"},\"query-input\":{\"@type\":\"PropertyValueSpecification\",\"valueRequired\":true,\"valueName\":\"search_term_string\"}}],\"inLanguage\":\"de\"},{\"@type\":\"Organization\",\"@id\":\"https:\\\/\\\/www.organisator.ch\\\/#organization\",\"name\":\"Organisator\",\"url\":\"https:\\\/\\\/www.organisator.ch\\\/\",\"logo\":{\"@type\":\"ImageObject\",\"inLanguage\":\"de\",\"@id\":\"https:\\\/\\\/www.organisator.ch\\\/#\\\/schema\\\/logo\\\/image\\\/\",\"url\":\"https:\\\/\\\/www.organisator.ch\\\/wp-content\\\/uploads\\\/2022\\\/01\\\/Logo_Organisator_Website.png\",\"contentUrl\":\"https:\\\/\\\/www.organisator.ch\\\/wp-content\\\/uploads\\\/2022\\\/01\\\/Logo_Organisator_Website.png\",\"width\":800,\"height\":77,\"caption\":\"Organisator\"},\"image\":{\"@id\":\"https:\\\/\\\/www.organisator.ch\\\/#\\\/schema\\\/logo\\\/image\\\/\"},\"sameAs\":[\"https:\\\/\\\/www.facebook.com\\\/OrganisatorFachmagazin\",\"https:\\\/\\\/www.linkedin.com\\\/showcase\\\/organisator-das-magazin-fr-kmu\",\"https:\\\/\\\/www.xing.com\\\/news\\\/pages\\\/organisator-ch-695\",\"https:\\\/\\\/www.youtube.com\\\/channel\\\/UCGP2Sq0iWaZwT3BdIAQFYpw\"]}]}<\/script>\n<!-- \/ Yoast SEO plugin. -->","yoast_head_json":{"title":"Organisator Ausgabe 12\/1979 - Organisator","description":"Erhalte die deutschsprachige Fachzeitschrift \u00aborganisator\u00bb in der Ausgabe 12\/1979 als PDF-Download mit nachfolgendem Inhaltsverzeichnis:","robots":{"index":"index","follow":"follow","max-snippet":"max-snippet:-1","max-image-preview":"max-image-preview:large","max-video-preview":"max-video-preview:-1"},"canonical":"https:\/\/www.organisator.ch\/de\/produkt\/organisator-ausgabe-12-1979\/","og_locale":"de_DE","og_type":"article","og_title":"Organisator Ausgabe 12\/1979 - Organisator","og_description":"Erhalte die deutschsprachige Fachzeitschrift \u00aborganisator\u00bb in der Ausgabe 12\/1979 als PDF-Download mit nachfolgendem Inhaltsverzeichnis:","og_url":"https:\/\/www.organisator.ch\/de\/produkt\/organisator-ausgabe-12-1979\/","og_site_name":"Organisator","article_publisher":"https:\/\/www.facebook.com\/OrganisatorFachmagazin","article_modified_time":"2022-06-07T13:50:51+00:00","og_image":[{"width":654,"height":370,"url":"https:\/\/www.organisator.ch\/wp-content\/uploads\/2022\/06\/organisator_1979_12.png","type":"image\/png"}],"twitter_card":"summary_large_image","schema":{"@context":"https:\/\/schema.org","@graph":[{"@type":"WebPage","@id":"https:\/\/www.organisator.ch\/de\/produkt\/organisator-ausgabe-12-1979\/","url":"https:\/\/www.organisator.ch\/de\/produkt\/organisator-ausgabe-12-1979\/","name":"Organisator Ausgabe 12\/1979 - Organisator","isPartOf":{"@id":"https:\/\/www.organisator.ch\/#website"},"primaryImageOfPage":{"@id":"https:\/\/www.organisator.ch\/de\/produkt\/organisator-ausgabe-12-1979\/#primaryimage"},"image":{"@id":"https:\/\/www.organisator.ch\/de\/produkt\/organisator-ausgabe-12-1979\/#primaryimage"},"thumbnailUrl":"https:\/\/www.organisator.ch\/wp-content\/uploads\/2022\/06\/organisator_1979_12.png","datePublished":"2022-06-07T13:48:36+00:00","dateModified":"2022-06-07T13:50:51+00:00","description":"Erhalte die deutschsprachige Fachzeitschrift \u00aborganisator\u00bb in der Ausgabe 12\/1979 als PDF-Download mit nachfolgendem Inhaltsverzeichnis:","breadcrumb":{"@id":"https:\/\/www.organisator.ch\/de\/produkt\/organisator-ausgabe-12-1979\/#breadcrumb"},"inLanguage":"de","potentialAction":[{"@type":"ReadAction","target":["https:\/\/www.organisator.ch\/de\/produkt\/organisator-ausgabe-12-1979\/"]}]},{"@type":"ImageObject","inLanguage":"de","@id":"https:\/\/www.organisator.ch\/de\/produkt\/organisator-ausgabe-12-1979\/#primaryimage","url":"https:\/\/www.organisator.ch\/wp-content\/uploads\/2022\/06\/organisator_1979_12.png","contentUrl":"https:\/\/www.organisator.ch\/wp-content\/uploads\/2022\/06\/organisator_1979_12.png","width":654,"height":370},{"@type":"BreadcrumbList","@id":"https:\/\/www.organisator.ch\/de\/produkt\/organisator-ausgabe-12-1979\/#breadcrumb","itemListElement":[{"@type":"ListItem","position":1,"name":"Home","item":"https:\/\/www.organisator.ch\/"},{"@type":"ListItem","position":2,"name":"Shop","item":"https:\/\/www.organisator.ch\/fr\/shop\/"},{"@type":"ListItem","position":3,"name":"Organisator Ausgabe 12\/1979"}]},{"@type":"WebSite","@id":"https:\/\/www.organisator.ch\/#website","url":"https:\/\/www.organisator.ch\/","name":"Organisator","description":"Kompetent. Praxisnah. Der ORGANISATOR bereitet in 10 Ausgaben pro Jahr die wesentlichen Themen f\u00fcr F\u00fchrungskr\u00e4fte von KMU auf.","publisher":{"@id":"https:\/\/www.organisator.ch\/#organization"},"potentialAction":[{"@type":"SearchAction","target":{"@type":"EntryPoint","urlTemplate":"https:\/\/www.organisator.ch\/?s={search_term_string}"},"query-input":{"@type":"PropertyValueSpecification","valueRequired":true,"valueName":"search_term_string"}}],"inLanguage":"de"},{"@type":"Organization","@id":"https:\/\/www.organisator.ch\/#organization","name":"Organisator","url":"https:\/\/www.organisator.ch\/","logo":{"@type":"ImageObject","inLanguage":"de","@id":"https:\/\/www.organisator.ch\/#\/schema\/logo\/image\/","url":"https:\/\/www.organisator.ch\/wp-content\/uploads\/2022\/01\/Logo_Organisator_Website.png","contentUrl":"https:\/\/www.organisator.ch\/wp-content\/uploads\/2022\/01\/Logo_Organisator_Website.png","width":800,"height":77,"caption":"Organisator"},"image":{"@id":"https:\/\/www.organisator.ch\/#\/schema\/logo\/image\/"},"sameAs":["https:\/\/www.facebook.com\/OrganisatorFachmagazin","https:\/\/www.linkedin.com\/showcase\/organisator-das-magazin-fr-kmu","https:\/\/www.xing.com\/news\/pages\/organisator-ch-695","https:\/\/www.youtube.com\/channel\/UCGP2Sq0iWaZwT3BdIAQFYpw"]}]}},"_links":{"self":[{"href":"https:\/\/www.organisator.ch\/de\/wp-json\/wp\/v2\/product\/13791","targetHints":{"allow":["GET"]}}],"collection":[{"href":"https:\/\/www.organisator.ch\/de\/wp-json\/wp\/v2\/product"}],"about":[{"href":"https:\/\/www.organisator.ch\/de\/wp-json\/wp\/v2\/types\/product"}],"wp:featuredmedia":[{"embeddable":true,"href":"https:\/\/www.organisator.ch\/de\/wp-json\/wp\/v2\/media\/13793"}],"wp:attachment":[{"href":"https:\/\/www.organisator.ch\/de\/wp-json\/wp\/v2\/media?parent=13791"}],"wp:term":[{"taxonomy":"product_brand","embeddable":true,"href":"https:\/\/www.organisator.ch\/de\/wp-json\/wp\/v2\/product_brand?post=13791"},{"taxonomy":"product_cat","embeddable":true,"href":"https:\/\/www.organisator.ch\/de\/wp-json\/wp\/v2\/product_cat?post=13791"},{"taxonomy":"product_tag","embeddable":true,"href":"https:\/\/www.organisator.ch\/de\/wp-json\/wp\/v2\/product_tag?post=13791"}],"curies":[{"name":"wp","href":"https:\/\/api.w.org\/{rel}","templated":true}]}}