{"id":13814,"date":"2022-06-07T16:50:25","date_gmt":"2022-06-07T14:50:25","guid":{"rendered":"https:\/\/www.organisator.ch\/?post_type=product&#038;p=13814"},"modified":"2022-06-07T16:50:28","modified_gmt":"2022-06-07T14:50:28","slug":"organisator-ausgabe-7-1979","status":"publish","type":"product","link":"https:\/\/www.organisator.ch\/de\/produkt\/organisator-ausgabe-7-1979\/","title":{"rendered":"Organisator Ausgabe 7\/1979"},"content":{"rendered":"<h2>Rubriken<\/h2>\n<ul>\n<li>B\u00fccher f\u00fcr Sie<\/li>\n<li>Seite des Lesers<\/li>\n<li>Werbung f\u00fcr Kleinbetriebe<\/li>\n<li>Buchhaltungstips<\/li>\n<li>Gesch\u00e4ft und Familie<\/li>\n<li>Gesundheit und Erholung<\/li>\n<li>Rechtsf\u00e4lle<\/li>\n<li>Der Wirtschafts-Monat<\/li>\n<li>Zur Besinnung<\/li>\n<li>ORGANISATOR-Seminare<\/li>\n<li>ORGAN ISATOR-Angebote<\/li>\n<li>Lesekonzentrate<\/li>\n<li>Produkte + Dienstleistungen<\/li>\n<li>Firmenportr\u00e4t: 100 Jahre M\u00fchlebachpapier<\/li>\n<li>Kurse und Tagungen<\/li>\n<li>Tarantel<\/li>\n<\/ul>\n<h2>Wirtschaft allgemein<\/h2>\n<ul>\n<li>Jugend und Wirtschaft<\/li>\n<li>Der Subventions-Morts (Der ORGANISATOR meint)<\/li>\n<li>Der Wirtschafts-Monat<\/li>\n<li>Objektive Prognosen<\/li>\n<li>Chinas enges Tor in den Westen<\/li>\n<li>Die Einnahmen der Kantone aus Bundesquellen<\/li>\n<\/ul>\n<h2>Unternehmensfiihrung<\/h2>\n<ul>\n<li>Konsumentenschutz (Rechtsf\u00e4lle)<\/li>\n<li>F\u00fchrungspraxis (Sem.)<\/li>\n<li>Argumente f\u00fcr und gegen Berater<\/li>\n<li>Management by Fingerspit zengef\u00fchl<\/li>\n<li>Tempor\u00e4re Arbeit heute<\/li>\n<li>Kennzahlen f\u00fcr Textil gesch\u00e4fte<\/li>\n<\/ul>\n<h2>Personalwesen<\/h2>\n<ul>\n<li>Jugend und Wirtschaft<\/li>\n<li>Funktionsbeschrieb f\u00fcr Redaktor Hauszeitung<\/li>\n<li>Arbeit hat keinen Sinn mehr (Zur Besinnung)<\/li>\n<li>Transaktionsanalyse (Sem)<\/li>\n<li>F\u00fchrungspraxis (Sem.)<\/li>\n<li>\u00c4nderungen einf\u00fchren &#8211; 10 Tips<\/li>\n<li>Auf dem Psychotrip<\/li>\n<li>Arbeiterfortbildung bei Hoechst<\/li>\n<li>Mehr Zeit zum Leben<\/li>\n<li>Gleitende Arbeitszeit<\/li>\n<\/ul>\n<h2>Organisation<\/h2>\n<ul>\n<li>Rationelle Chefarbeit (Sem)<\/li>\n<li>Beratungsstelle f\u00fcr Sicherheit<\/li>\n<li>Auto-Leasing mit neuen M\u00f6g lichkeiten<\/li>\n<li>Organisationstafel f\u00fcr Zettel format A7<\/li>\n<\/ul>\n<h2>B\u00fcrotechnik<\/h2>\n<ul>\n<li>Neuheiten und Entwicklun gen im B\u00fcrofach<\/li>\n<li>Matrixdrucker (s. auch Seiten 88 und 97)<\/li>\n<li>Falzmaschine f\u00fcrs B\u00fcro<\/li>\n<li>H\u00e4nde frei beim Telefonieren<\/li>\n<li>Manuskripthalter mit Gelenk arm<\/li>\n<li>Leseger\u00e4t f\u00fcr Mikrofiches<\/li>\n<li>Neuer Telefonkopierer<\/li>\n<li>Ringbuch mit Klarsicht rahmen<\/li>\n<li>Praktisches Rollendiktier system<\/li>\n<li>Dynamisches Frankiersystem<\/li>\n<\/ul>\n<h2>Datenverarbeitung<\/h2>\n<ul>\n<li>Segen und Fluch der Compu terisierung<\/li>\n<li>EDV von A bis Z<\/li>\n<li>Magnetband-L\u00f6schger\u00e4t<\/li>\n<li>Kleincomputersystem<\/li>\n<li>Minicomputer-Palette f\u00fcr mittelst\u00e4ndische Betriebe<\/li>\n<li>Minicomputer von ICL<\/li>\n<li>Dataproducts-Drucker Taschenrechner mit<\/li>\n<li>Computerleistung<\/li>\n<\/ul>\n<h2>Rechnungswesen\/Finanzen<\/h2>\n<ul>\n<li>Die Anlageninventur (Buchhaltungstips)<\/li>\n<li>Erh\u00f6hter Gewinn durch raschen Lagerumschlag<\/li>\n<li>Kostenaufteilung bei Gemein schaftsprojekten<\/li>\n<li>Interne Revision und Wirt schaftspr\u00fcfung<\/li>\n<li>Stille Reserven<\/li>\n<li>Risikoanalyse f\u00fcr Investi tionsentscheidungen<\/li>\n<\/ul>\n<h2>Verkauf und Werbung<\/h2>\n<ul>\n<li>Wie werben Sie wirkungs voller?<\/li>\n<li>Funktionsbeschrieb f\u00fcr Redaktor einer Hauszeitung<\/li>\n<li>Transaktionsanalyse (Sem.)<\/li>\n<li>Kurzfristige Preisuntergrenze<\/li>\n<li>Werbung allein macht keine Ums\u00e4tze<\/li>\n<\/ul>\n<h2>Produktion\/Einkauf<\/h2>\n<ul>\n<li>Beschaffung zentralisieren?<\/li>\n<li>Qualit\u00e4tssicherung<\/li>\n<li>Forschungserfolge steigern<\/li>\n<li>Anlagenunterhalt<\/li>\n<\/ul>\n<h2>Lager\/Transport<\/h2>\n<ul>\n<li>Erh\u00f6hter Gewinn durch ra schen Lagerumschlag<\/li>\n<li>Wirtschaftliche Lagerplanung<\/li>\n<li>Frachtenpr\u00fcfung rationell<\/li>\n<li>Wie teuer ist der G\u00fcterum schlag?<\/li>\n<li>Neue Versandtaschen<\/li>\n<\/ul>\n","protected":false},"excerpt":{"rendered":"<p>Erhalte die deutschsprachige Fachzeitschrift \u00aborganisator\u00bb in der Ausgabe 7\/1979 als PDF-Download mit nachfolgendem Inhaltsverzeichnis:<\/p>\n","protected":false},"featured_media":13816,"template":"","meta":{"_acf_changed":false,"articlekey":""},"product_brand":[],"product_cat":[546],"product_tag":[2924],"class_list":{"0":"post-13814","1":"product","2":"type-product","3":"status-publish","4":"has-post-thumbnail","6":"product_cat-einzelausgaben","7":"product_tag-2924","9":"first","10":"instock","11":"downloadable","12":"virtual","13":"taxable","14":"purchasable","15":"product-type-simple"},"acf":[],"yoast_head":"<!-- This site is optimized with the Yoast SEO plugin v27.5 - https:\/\/yoast.com\/product\/yoast-seo-wordpress\/ -->\n<title>Organisator Ausgabe 7\/1979 - Organisator<\/title>\n<meta name=\"description\" content=\"Erhalte die deutschsprachige Fachzeitschrift \u00aborganisator\u00bb in der Ausgabe 7\/1979 als PDF-Download mit nachfolgendem Inhaltsverzeichnis:\" \/>\n<meta name=\"robots\" content=\"index, follow, max-snippet:-1, max-image-preview:large, max-video-preview:-1\" \/>\n<link rel=\"canonical\" href=\"https:\/\/www.organisator.ch\/de\/produkt\/organisator-ausgabe-7-1979\/\" \/>\n<meta property=\"og:locale\" content=\"de_DE\" \/>\n<meta property=\"og:type\" content=\"article\" \/>\n<meta property=\"og:title\" content=\"Organisator Ausgabe 7\/1979 - Organisator\" \/>\n<meta property=\"og:description\" content=\"Erhalte die deutschsprachige Fachzeitschrift \u00aborganisator\u00bb in der Ausgabe 7\/1979 als PDF-Download mit nachfolgendem Inhaltsverzeichnis:\" \/>\n<meta property=\"og:url\" content=\"https:\/\/www.organisator.ch\/de\/produkt\/organisator-ausgabe-7-1979\/\" \/>\n<meta property=\"og:site_name\" content=\"Organisator\" \/>\n<meta property=\"article:publisher\" content=\"https:\/\/www.facebook.com\/OrganisatorFachmagazin\" \/>\n<meta property=\"article:modified_time\" content=\"2022-06-07T14:50:28+00:00\" \/>\n<meta property=\"og:image\" content=\"https:\/\/www.organisator.ch\/wp-content\/uploads\/2022\/06\/organisator_1979_7.png\" \/>\n\t<meta property=\"og:image:width\" content=\"654\" \/>\n\t<meta property=\"og:image:height\" content=\"370\" \/>\n\t<meta property=\"og:image:type\" content=\"image\/png\" \/>\n<meta name=\"twitter:card\" content=\"summary_large_image\" \/>\n<script type=\"application\/ld+json\" class=\"yoast-schema-graph\">{\"@context\":\"https:\\\/\\\/schema.org\",\"@graph\":[{\"@type\":\"WebPage\",\"@id\":\"https:\\\/\\\/www.organisator.ch\\\/de\\\/produkt\\\/organisator-ausgabe-7-1979\\\/\",\"url\":\"https:\\\/\\\/www.organisator.ch\\\/de\\\/produkt\\\/organisator-ausgabe-7-1979\\\/\",\"name\":\"Organisator Ausgabe 7\\\/1979 - Organisator\",\"isPartOf\":{\"@id\":\"https:\\\/\\\/www.organisator.ch\\\/#website\"},\"primaryImageOfPage\":{\"@id\":\"https:\\\/\\\/www.organisator.ch\\\/de\\\/produkt\\\/organisator-ausgabe-7-1979\\\/#primaryimage\"},\"image\":{\"@id\":\"https:\\\/\\\/www.organisator.ch\\\/de\\\/produkt\\\/organisator-ausgabe-7-1979\\\/#primaryimage\"},\"thumbnailUrl\":\"https:\\\/\\\/www.organisator.ch\\\/wp-content\\\/uploads\\\/2022\\\/06\\\/organisator_1979_7.png\",\"datePublished\":\"2022-06-07T14:50:25+00:00\",\"dateModified\":\"2022-06-07T14:50:28+00:00\",\"description\":\"Erhalte die deutschsprachige Fachzeitschrift \u00aborganisator\u00bb in der Ausgabe 7\\\/1979 als PDF-Download mit nachfolgendem Inhaltsverzeichnis:\",\"breadcrumb\":{\"@id\":\"https:\\\/\\\/www.organisator.ch\\\/de\\\/produkt\\\/organisator-ausgabe-7-1979\\\/#breadcrumb\"},\"inLanguage\":\"de\",\"potentialAction\":[{\"@type\":\"ReadAction\",\"target\":[\"https:\\\/\\\/www.organisator.ch\\\/de\\\/produkt\\\/organisator-ausgabe-7-1979\\\/\"]}]},{\"@type\":\"ImageObject\",\"inLanguage\":\"de\",\"@id\":\"https:\\\/\\\/www.organisator.ch\\\/de\\\/produkt\\\/organisator-ausgabe-7-1979\\\/#primaryimage\",\"url\":\"https:\\\/\\\/www.organisator.ch\\\/wp-content\\\/uploads\\\/2022\\\/06\\\/organisator_1979_7.png\",\"contentUrl\":\"https:\\\/\\\/www.organisator.ch\\\/wp-content\\\/uploads\\\/2022\\\/06\\\/organisator_1979_7.png\",\"width\":654,\"height\":370},{\"@type\":\"BreadcrumbList\",\"@id\":\"https:\\\/\\\/www.organisator.ch\\\/de\\\/produkt\\\/organisator-ausgabe-7-1979\\\/#breadcrumb\",\"itemListElement\":[{\"@type\":\"ListItem\",\"position\":1,\"name\":\"Home\",\"item\":\"https:\\\/\\\/www.organisator.ch\\\/\"},{\"@type\":\"ListItem\",\"position\":2,\"name\":\"Shop\",\"item\":\"https:\\\/\\\/www.organisator.ch\\\/fr\\\/shop\\\/\"},{\"@type\":\"ListItem\",\"position\":3,\"name\":\"Organisator Ausgabe 7\\\/1979\"}]},{\"@type\":\"WebSite\",\"@id\":\"https:\\\/\\\/www.organisator.ch\\\/#website\",\"url\":\"https:\\\/\\\/www.organisator.ch\\\/\",\"name\":\"Organisator\",\"description\":\"Kompetent. Praxisnah. Der ORGANISATOR bereitet in 10 Ausgaben pro Jahr die wesentlichen Themen f\u00fcr F\u00fchrungskr\u00e4fte von KMU auf.\",\"publisher\":{\"@id\":\"https:\\\/\\\/www.organisator.ch\\\/#organization\"},\"potentialAction\":[{\"@type\":\"SearchAction\",\"target\":{\"@type\":\"EntryPoint\",\"urlTemplate\":\"https:\\\/\\\/www.organisator.ch\\\/?s={search_term_string}\"},\"query-input\":{\"@type\":\"PropertyValueSpecification\",\"valueRequired\":true,\"valueName\":\"search_term_string\"}}],\"inLanguage\":\"de\"},{\"@type\":\"Organization\",\"@id\":\"https:\\\/\\\/www.organisator.ch\\\/#organization\",\"name\":\"Organisator\",\"url\":\"https:\\\/\\\/www.organisator.ch\\\/\",\"logo\":{\"@type\":\"ImageObject\",\"inLanguage\":\"de\",\"@id\":\"https:\\\/\\\/www.organisator.ch\\\/#\\\/schema\\\/logo\\\/image\\\/\",\"url\":\"https:\\\/\\\/www.organisator.ch\\\/wp-content\\\/uploads\\\/2022\\\/01\\\/Logo_Organisator_Website.png\",\"contentUrl\":\"https:\\\/\\\/www.organisator.ch\\\/wp-content\\\/uploads\\\/2022\\\/01\\\/Logo_Organisator_Website.png\",\"width\":800,\"height\":77,\"caption\":\"Organisator\"},\"image\":{\"@id\":\"https:\\\/\\\/www.organisator.ch\\\/#\\\/schema\\\/logo\\\/image\\\/\"},\"sameAs\":[\"https:\\\/\\\/www.facebook.com\\\/OrganisatorFachmagazin\",\"https:\\\/\\\/www.linkedin.com\\\/showcase\\\/organisator-das-magazin-fr-kmu\",\"https:\\\/\\\/www.xing.com\\\/news\\\/pages\\\/organisator-ch-695\",\"https:\\\/\\\/www.youtube.com\\\/channel\\\/UCGP2Sq0iWaZwT3BdIAQFYpw\"]}]}<\/script>\n<!-- \/ Yoast SEO plugin. -->","yoast_head_json":{"title":"Organisator Ausgabe 7\/1979 - Organisator","description":"Erhalte die deutschsprachige Fachzeitschrift \u00aborganisator\u00bb in der Ausgabe 7\/1979 als PDF-Download mit nachfolgendem Inhaltsverzeichnis:","robots":{"index":"index","follow":"follow","max-snippet":"max-snippet:-1","max-image-preview":"max-image-preview:large","max-video-preview":"max-video-preview:-1"},"canonical":"https:\/\/www.organisator.ch\/de\/produkt\/organisator-ausgabe-7-1979\/","og_locale":"de_DE","og_type":"article","og_title":"Organisator Ausgabe 7\/1979 - Organisator","og_description":"Erhalte die deutschsprachige Fachzeitschrift \u00aborganisator\u00bb in der Ausgabe 7\/1979 als PDF-Download mit nachfolgendem Inhaltsverzeichnis:","og_url":"https:\/\/www.organisator.ch\/de\/produkt\/organisator-ausgabe-7-1979\/","og_site_name":"Organisator","article_publisher":"https:\/\/www.facebook.com\/OrganisatorFachmagazin","article_modified_time":"2022-06-07T14:50:28+00:00","og_image":[{"width":654,"height":370,"url":"https:\/\/www.organisator.ch\/wp-content\/uploads\/2022\/06\/organisator_1979_7.png","type":"image\/png"}],"twitter_card":"summary_large_image","schema":{"@context":"https:\/\/schema.org","@graph":[{"@type":"WebPage","@id":"https:\/\/www.organisator.ch\/de\/produkt\/organisator-ausgabe-7-1979\/","url":"https:\/\/www.organisator.ch\/de\/produkt\/organisator-ausgabe-7-1979\/","name":"Organisator Ausgabe 7\/1979 - Organisator","isPartOf":{"@id":"https:\/\/www.organisator.ch\/#website"},"primaryImageOfPage":{"@id":"https:\/\/www.organisator.ch\/de\/produkt\/organisator-ausgabe-7-1979\/#primaryimage"},"image":{"@id":"https:\/\/www.organisator.ch\/de\/produkt\/organisator-ausgabe-7-1979\/#primaryimage"},"thumbnailUrl":"https:\/\/www.organisator.ch\/wp-content\/uploads\/2022\/06\/organisator_1979_7.png","datePublished":"2022-06-07T14:50:25+00:00","dateModified":"2022-06-07T14:50:28+00:00","description":"Erhalte die deutschsprachige Fachzeitschrift \u00aborganisator\u00bb in der Ausgabe 7\/1979 als PDF-Download mit nachfolgendem Inhaltsverzeichnis:","breadcrumb":{"@id":"https:\/\/www.organisator.ch\/de\/produkt\/organisator-ausgabe-7-1979\/#breadcrumb"},"inLanguage":"de","potentialAction":[{"@type":"ReadAction","target":["https:\/\/www.organisator.ch\/de\/produkt\/organisator-ausgabe-7-1979\/"]}]},{"@type":"ImageObject","inLanguage":"de","@id":"https:\/\/www.organisator.ch\/de\/produkt\/organisator-ausgabe-7-1979\/#primaryimage","url":"https:\/\/www.organisator.ch\/wp-content\/uploads\/2022\/06\/organisator_1979_7.png","contentUrl":"https:\/\/www.organisator.ch\/wp-content\/uploads\/2022\/06\/organisator_1979_7.png","width":654,"height":370},{"@type":"BreadcrumbList","@id":"https:\/\/www.organisator.ch\/de\/produkt\/organisator-ausgabe-7-1979\/#breadcrumb","itemListElement":[{"@type":"ListItem","position":1,"name":"Home","item":"https:\/\/www.organisator.ch\/"},{"@type":"ListItem","position":2,"name":"Shop","item":"https:\/\/www.organisator.ch\/fr\/shop\/"},{"@type":"ListItem","position":3,"name":"Organisator Ausgabe 7\/1979"}]},{"@type":"WebSite","@id":"https:\/\/www.organisator.ch\/#website","url":"https:\/\/www.organisator.ch\/","name":"Organisator","description":"Kompetent. Praxisnah. Der ORGANISATOR bereitet in 10 Ausgaben pro Jahr die wesentlichen Themen f\u00fcr F\u00fchrungskr\u00e4fte von KMU auf.","publisher":{"@id":"https:\/\/www.organisator.ch\/#organization"},"potentialAction":[{"@type":"SearchAction","target":{"@type":"EntryPoint","urlTemplate":"https:\/\/www.organisator.ch\/?s={search_term_string}"},"query-input":{"@type":"PropertyValueSpecification","valueRequired":true,"valueName":"search_term_string"}}],"inLanguage":"de"},{"@type":"Organization","@id":"https:\/\/www.organisator.ch\/#organization","name":"Organisator","url":"https:\/\/www.organisator.ch\/","logo":{"@type":"ImageObject","inLanguage":"de","@id":"https:\/\/www.organisator.ch\/#\/schema\/logo\/image\/","url":"https:\/\/www.organisator.ch\/wp-content\/uploads\/2022\/01\/Logo_Organisator_Website.png","contentUrl":"https:\/\/www.organisator.ch\/wp-content\/uploads\/2022\/01\/Logo_Organisator_Website.png","width":800,"height":77,"caption":"Organisator"},"image":{"@id":"https:\/\/www.organisator.ch\/#\/schema\/logo\/image\/"},"sameAs":["https:\/\/www.facebook.com\/OrganisatorFachmagazin","https:\/\/www.linkedin.com\/showcase\/organisator-das-magazin-fr-kmu","https:\/\/www.xing.com\/news\/pages\/organisator-ch-695","https:\/\/www.youtube.com\/channel\/UCGP2Sq0iWaZwT3BdIAQFYpw"]}]}},"_links":{"self":[{"href":"https:\/\/www.organisator.ch\/de\/wp-json\/wp\/v2\/product\/13814","targetHints":{"allow":["GET"]}}],"collection":[{"href":"https:\/\/www.organisator.ch\/de\/wp-json\/wp\/v2\/product"}],"about":[{"href":"https:\/\/www.organisator.ch\/de\/wp-json\/wp\/v2\/types\/product"}],"wp:featuredmedia":[{"embeddable":true,"href":"https:\/\/www.organisator.ch\/de\/wp-json\/wp\/v2\/media\/13816"}],"wp:attachment":[{"href":"https:\/\/www.organisator.ch\/de\/wp-json\/wp\/v2\/media?parent=13814"}],"wp:term":[{"taxonomy":"product_brand","embeddable":true,"href":"https:\/\/www.organisator.ch\/de\/wp-json\/wp\/v2\/product_brand?post=13814"},{"taxonomy":"product_cat","embeddable":true,"href":"https:\/\/www.organisator.ch\/de\/wp-json\/wp\/v2\/product_cat?post=13814"},{"taxonomy":"product_tag","embeddable":true,"href":"https:\/\/www.organisator.ch\/de\/wp-json\/wp\/v2\/product_tag?post=13814"}],"curies":[{"name":"wp","href":"https:\/\/api.w.org\/{rel}","templated":true}]}}