{"id":13821,"date":"2022-06-08T03:14:06","date_gmt":"2022-06-08T01:14:06","guid":{"rendered":"https:\/\/www.organisator.ch\/?post_type=product&#038;p=13821"},"modified":"2022-06-08T03:14:13","modified_gmt":"2022-06-08T01:14:13","slug":"organisator-ausgabe-6-1979","status":"publish","type":"product","link":"https:\/\/www.organisator.ch\/de\/produkt\/organisator-ausgabe-6-1979\/","title":{"rendered":"Organisator Ausgabe 6\/1979"},"content":{"rendered":"<h2>Rubriken<\/h2>\n<ul>\n<li>Seite des Lesers<\/li>\n<li>Steuertips<\/li>\n<li>Vor 50 Jahren im Organisator Werbung f\u00fcr Kleinbetriebe<\/li>\n<li>Organisator-Seminare<\/li>\n<li>Zur Besinnung<\/li>\n<li>Der Wirtschaftsmonat<\/li>\n<li>Organisator-Angebote<\/li>\n<li>Lesekonzentrate<\/li>\n<li>Ausstellungen<\/li>\n<li>Produkte und Dienst leistungen<\/li>\n<li>Kurse und Tagungen<\/li>\n<li>Tarantel<\/li>\n<\/ul>\n<h2>Wirtschaft allgemein<\/h2>\n<ul>\n<li>Politik und Fernsehen<\/li>\n<li>Der Wirtschaftsmonat<\/li>\n<li>Unsicherheiten beim Umwelt schutz<\/li>\n<\/ul>\n<h2>Betriebswirtschaft<\/h2>\n<ul>\n<li>Warentermingesch\u00e4fte<\/li>\n<li>H\u00e4retische Betrachtung der Managementwissenschaft<\/li>\n<\/ul>\n<h2>Unternehmensf\u00fchrung<\/h2>\n<ul>\n<li>Vertrauen in den Junior<\/li>\n<li>Wie das Management die In novation f\u00f6rdert<\/li>\n<li>Kaufm\u00e4nnische Grunds\u00e4tze<\/li>\n<li>Preisgleitklauseln als risiko politisches Instrument<\/li>\n<li>Investitionsplanung<\/li>\n<li>Interessenwahrung bei der Steuererkl\u00e4rung<\/li>\n<\/ul>\n<h2>Personalwesen<\/h2>\n<ul>\n<li>Vertrauen in den Junior<\/li>\n<li>F\u00fchrungsrichtlinien auch im<\/li>\n<li>Kleinbetrieb<\/li>\n<li>Chefentlastung<\/li>\n<li>Transaktionsanalyse &#8211; Um gang mit Menschen (Seminar)<\/li>\n<li>Dialektische Rhetorik &#8211; Um gang mit Menschen (Seminar)<\/li>\n<li>Trainingsziele definieren<\/li>\n<\/ul>\n<h2>Organisation<\/h2>\n<ul>\n<li>10 Tips f\u00fcr Ferienzeiten<\/li>\n<li>Zukunftsorientierte Bericht erstattung<\/li>\n<li>Der administrative Chef in 10 Jahren<\/li>\n<li>Mangelnde Zeitplanung f\u00fchrt zu Manager\u00fcberlastung<\/li>\n<li>Telefon-Auftragsdienst ausserhalb der B\u00fcrozeiten<\/li>\n<li>Formvac-B\u00fcrotrennw\u00e4nde<\/li>\n<li>Flexible Raumgestaltung &#8211; funtkionelle Arbeitspl\u00e4tze<\/li>\n<li>Neues Zeiterfassungsger\u00e4l<\/li>\n<\/ul>\n<h2>B\u00fcrotechnik<\/h2>\n<ul>\n<li>Der bessere Brief<\/li>\n<li>Neuhelten und Entwicklungen<\/li>\n<li>im BUrofach (Hannover CEBIT)<\/li>\n<li>Piastiflor &#8211; das Qualit\u00e4ts- Filmcarbon<\/li>\n<li>USM-Bildschirm mit auszieh barer Tastaturkonsole<\/li>\n<li>Living Cards Indes Box f\u00fcr Mikrofiches<\/li>\n<li>Niedervolt-Hellraumprojektoi<\/li>\n<li>Neue Reprokamera Eskofot<\/li>\n<li>Superflacher Taschenrechner<\/li>\n<\/ul>\n<h2>Daten Verarbeitung<\/h2>\n<ul>\n<li>B\u00fcrocomputer f\u00fcr Kleinunter nehmen<\/li>\n<li>Minicomputerl-8270vonNCR<\/li>\n<li>Zeichentrickfilm mittels Computer<\/li>\n<li>\u00abKnigge f\u00fcr denUmgang mit Software-Menschen\u00bb<\/li>\n<\/ul>\n<h2>Rechnungswesen\/Finanzen<\/h2>\n<ul>\n<li>Steuer- und AHV-Beitrags- nachforderungen<\/li>\n<li>Aufbau eines Kostenrech nungssystems<\/li>\n<li>Innovationshilfe durch Wag nisfinanzierung<\/li>\n<li>Controller, die heimlichen Herrscher<\/li>\n<li>Finanzielle Krisensituationen vermeiden<\/li>\n<li>Rechnungswesen als F\u00fch rungsinstrument<\/li>\n<li>Elektronenrechner mit Code-Taste<\/li>\n<\/ul>\n<h2>Verkauf und Werbung<\/h2>\n<ul>\n<li>Kundenwerbung vor 50 Jahren<\/li>\n<li>Kommunikationstraining f\u00fcr Verk\u00e4ufer (Sem.)<\/li>\n<li>Werbeplanung im Detailhandel<\/li>\n<li>Erfolgswirksame Preis-Untergrenzen<\/li>\n<li>Ausstellungskalender<\/li>\n<\/ul>\n<h2>Produktion\/Einkauf<\/h2>\n<ul>\n<li>Fertigen ohne Fliessband<\/li>\n<li>Scoring-Modelle f\u00fcr Einkaufs entscheidungen<\/li>\n<li>Sollen Unternehmen den Ein kauf zentralisieren?<\/li>\n<li>Ausstellungskalender<\/li>\n<li>Vermessung mit Tachymat<\/li>\n<li>Lager\/Transport<\/li>\n<li>Verpackungskosten<\/li>\n<li>Rationell f\u00f6rdern und lagern<\/li>\n<li>Schweizer Verpackungskatalog 79<\/li>\n<li>Elektronik-Lenkhilfe bei Gabelstaplern<\/li>\n<\/ul>\n","protected":false},"excerpt":{"rendered":"<p>Erhalte die deutschsprachige Fachzeitschrift \u00aborganisator\u00bb in der Ausgabe 6\/1979 als PDF-Download mit nachfolgendem Inhaltsverzeichnis:<\/p>\n","protected":false},"featured_media":13823,"template":"","meta":{"_acf_changed":false,"articlekey":""},"product_brand":[],"product_cat":[546],"product_tag":[2924],"class_list":{"0":"post-13821","1":"product","2":"type-product","3":"status-publish","4":"has-post-thumbnail","6":"product_cat-einzelausgaben","7":"product_tag-2924","9":"first","10":"instock","11":"downloadable","12":"virtual","13":"taxable","14":"purchasable","15":"product-type-simple"},"acf":[],"yoast_head":"<!-- This site is optimized with the Yoast SEO plugin v27.4 - https:\/\/yoast.com\/product\/yoast-seo-wordpress\/ -->\n<title>Organisator Ausgabe 6\/1979 - Organisator<\/title>\n<meta name=\"description\" content=\"Erhalte die deutschsprachige Fachzeitschrift \u00aborganisator\u00bb in der Ausgabe 6\/1979 als PDF-Download mit nachfolgendem Inhaltsverzeichnis:\" \/>\n<meta name=\"robots\" content=\"index, follow, max-snippet:-1, max-image-preview:large, max-video-preview:-1\" \/>\n<link rel=\"canonical\" href=\"https:\/\/www.organisator.ch\/de\/produkt\/organisator-ausgabe-6-1979\/\" \/>\n<meta property=\"og:locale\" content=\"de_DE\" \/>\n<meta property=\"og:type\" content=\"article\" \/>\n<meta property=\"og:title\" content=\"Organisator Ausgabe 6\/1979 - Organisator\" \/>\n<meta property=\"og:description\" content=\"Erhalte die deutschsprachige Fachzeitschrift \u00aborganisator\u00bb in der Ausgabe 6\/1979 als PDF-Download mit nachfolgendem Inhaltsverzeichnis:\" \/>\n<meta property=\"og:url\" content=\"https:\/\/www.organisator.ch\/de\/produkt\/organisator-ausgabe-6-1979\/\" \/>\n<meta property=\"og:site_name\" content=\"Organisator\" \/>\n<meta property=\"article:publisher\" content=\"https:\/\/www.facebook.com\/OrganisatorFachmagazin\" \/>\n<meta property=\"article:modified_time\" content=\"2022-06-08T01:14:13+00:00\" \/>\n<meta property=\"og:image\" content=\"https:\/\/www.organisator.ch\/wp-content\/uploads\/2022\/06\/organisator_1979_6.png\" \/>\n\t<meta property=\"og:image:width\" content=\"654\" \/>\n\t<meta property=\"og:image:height\" content=\"370\" \/>\n\t<meta property=\"og:image:type\" content=\"image\/png\" \/>\n<meta name=\"twitter:card\" content=\"summary_large_image\" \/>\n<script type=\"application\/ld+json\" class=\"yoast-schema-graph\">{\"@context\":\"https:\\\/\\\/schema.org\",\"@graph\":[{\"@type\":\"WebPage\",\"@id\":\"https:\\\/\\\/www.organisator.ch\\\/en\\\/product\\\/organisator-ausgabe-6-1979\\\/\",\"url\":\"https:\\\/\\\/www.organisator.ch\\\/en\\\/product\\\/organisator-ausgabe-6-1979\\\/\",\"name\":\"Organisator Ausgabe 6\\\/1979 - Organisator\",\"isPartOf\":{\"@id\":\"https:\\\/\\\/www.organisator.ch\\\/#website\"},\"primaryImageOfPage\":{\"@id\":\"https:\\\/\\\/www.organisator.ch\\\/en\\\/product\\\/organisator-ausgabe-6-1979\\\/#primaryimage\"},\"image\":{\"@id\":\"https:\\\/\\\/www.organisator.ch\\\/en\\\/product\\\/organisator-ausgabe-6-1979\\\/#primaryimage\"},\"thumbnailUrl\":\"https:\\\/\\\/www.organisator.ch\\\/wp-content\\\/uploads\\\/2022\\\/06\\\/organisator_1979_6.png\",\"datePublished\":\"2022-06-08T01:14:06+00:00\",\"dateModified\":\"2022-06-08T01:14:13+00:00\",\"description\":\"Erhalte die deutschsprachige Fachzeitschrift \u00aborganisator\u00bb in der Ausgabe 6\\\/1979 als PDF-Download mit nachfolgendem Inhaltsverzeichnis:\",\"breadcrumb\":{\"@id\":\"https:\\\/\\\/www.organisator.ch\\\/en\\\/product\\\/organisator-ausgabe-6-1979\\\/#breadcrumb\"},\"inLanguage\":\"de\",\"potentialAction\":[{\"@type\":\"ReadAction\",\"target\":[\"https:\\\/\\\/www.organisator.ch\\\/en\\\/product\\\/organisator-ausgabe-6-1979\\\/\"]}]},{\"@type\":\"ImageObject\",\"inLanguage\":\"de\",\"@id\":\"https:\\\/\\\/www.organisator.ch\\\/en\\\/product\\\/organisator-ausgabe-6-1979\\\/#primaryimage\",\"url\":\"https:\\\/\\\/www.organisator.ch\\\/wp-content\\\/uploads\\\/2022\\\/06\\\/organisator_1979_6.png\",\"contentUrl\":\"https:\\\/\\\/www.organisator.ch\\\/wp-content\\\/uploads\\\/2022\\\/06\\\/organisator_1979_6.png\",\"width\":654,\"height\":370},{\"@type\":\"BreadcrumbList\",\"@id\":\"https:\\\/\\\/www.organisator.ch\\\/en\\\/product\\\/organisator-ausgabe-6-1979\\\/#breadcrumb\",\"itemListElement\":[{\"@type\":\"ListItem\",\"position\":1,\"name\":\"Home\",\"item\":\"https:\\\/\\\/www.organisator.ch\\\/\"},{\"@type\":\"ListItem\",\"position\":2,\"name\":\"Shop\",\"item\":\"https:\\\/\\\/www.organisator.ch\\\/fr\\\/shop\\\/\"},{\"@type\":\"ListItem\",\"position\":3,\"name\":\"Organisator Ausgabe 6\\\/1979\"}]},{\"@type\":\"WebSite\",\"@id\":\"https:\\\/\\\/www.organisator.ch\\\/#website\",\"url\":\"https:\\\/\\\/www.organisator.ch\\\/\",\"name\":\"Organisator\",\"description\":\"Kompetent. Praxisnah. Der ORGANISATOR bereitet in 10 Ausgaben pro Jahr die wesentlichen Themen f\u00fcr F\u00fchrungskr\u00e4fte von KMU auf.\",\"publisher\":{\"@id\":\"https:\\\/\\\/www.organisator.ch\\\/#organization\"},\"potentialAction\":[{\"@type\":\"SearchAction\",\"target\":{\"@type\":\"EntryPoint\",\"urlTemplate\":\"https:\\\/\\\/www.organisator.ch\\\/?s={search_term_string}\"},\"query-input\":{\"@type\":\"PropertyValueSpecification\",\"valueRequired\":true,\"valueName\":\"search_term_string\"}}],\"inLanguage\":\"de\"},{\"@type\":\"Organization\",\"@id\":\"https:\\\/\\\/www.organisator.ch\\\/#organization\",\"name\":\"Organisator\",\"url\":\"https:\\\/\\\/www.organisator.ch\\\/\",\"logo\":{\"@type\":\"ImageObject\",\"inLanguage\":\"de\",\"@id\":\"https:\\\/\\\/www.organisator.ch\\\/#\\\/schema\\\/logo\\\/image\\\/\",\"url\":\"https:\\\/\\\/www.organisator.ch\\\/wp-content\\\/uploads\\\/2022\\\/01\\\/Logo_Organisator_Website.png\",\"contentUrl\":\"https:\\\/\\\/www.organisator.ch\\\/wp-content\\\/uploads\\\/2022\\\/01\\\/Logo_Organisator_Website.png\",\"width\":800,\"height\":77,\"caption\":\"Organisator\"},\"image\":{\"@id\":\"https:\\\/\\\/www.organisator.ch\\\/#\\\/schema\\\/logo\\\/image\\\/\"},\"sameAs\":[\"https:\\\/\\\/www.facebook.com\\\/OrganisatorFachmagazin\",\"https:\\\/\\\/www.linkedin.com\\\/showcase\\\/organisator-das-magazin-fr-kmu\",\"https:\\\/\\\/www.xing.com\\\/news\\\/pages\\\/organisator-ch-695\",\"https:\\\/\\\/www.youtube.com\\\/channel\\\/UCGP2Sq0iWaZwT3BdIAQFYpw\"]}]}<\/script>\n<!-- \/ Yoast SEO plugin. -->","yoast_head_json":{"title":"Organisator Ausgabe 6\/1979 - Organisator","description":"Erhalte die deutschsprachige Fachzeitschrift \u00aborganisator\u00bb in der Ausgabe 6\/1979 als PDF-Download mit nachfolgendem Inhaltsverzeichnis:","robots":{"index":"index","follow":"follow","max-snippet":"max-snippet:-1","max-image-preview":"max-image-preview:large","max-video-preview":"max-video-preview:-1"},"canonical":"https:\/\/www.organisator.ch\/de\/produkt\/organisator-ausgabe-6-1979\/","og_locale":"de_DE","og_type":"article","og_title":"Organisator Ausgabe 6\/1979 - Organisator","og_description":"Erhalte die deutschsprachige Fachzeitschrift \u00aborganisator\u00bb in der Ausgabe 6\/1979 als PDF-Download mit nachfolgendem Inhaltsverzeichnis:","og_url":"https:\/\/www.organisator.ch\/de\/produkt\/organisator-ausgabe-6-1979\/","og_site_name":"Organisator","article_publisher":"https:\/\/www.facebook.com\/OrganisatorFachmagazin","article_modified_time":"2022-06-08T01:14:13+00:00","og_image":[{"width":654,"height":370,"url":"https:\/\/www.organisator.ch\/wp-content\/uploads\/2022\/06\/organisator_1979_6.png","type":"image\/png"}],"twitter_card":"summary_large_image","schema":{"@context":"https:\/\/schema.org","@graph":[{"@type":"WebPage","@id":"https:\/\/www.organisator.ch\/en\/product\/organisator-ausgabe-6-1979\/","url":"https:\/\/www.organisator.ch\/en\/product\/organisator-ausgabe-6-1979\/","name":"Organisator Ausgabe 6\/1979 - Organisator","isPartOf":{"@id":"https:\/\/www.organisator.ch\/#website"},"primaryImageOfPage":{"@id":"https:\/\/www.organisator.ch\/en\/product\/organisator-ausgabe-6-1979\/#primaryimage"},"image":{"@id":"https:\/\/www.organisator.ch\/en\/product\/organisator-ausgabe-6-1979\/#primaryimage"},"thumbnailUrl":"https:\/\/www.organisator.ch\/wp-content\/uploads\/2022\/06\/organisator_1979_6.png","datePublished":"2022-06-08T01:14:06+00:00","dateModified":"2022-06-08T01:14:13+00:00","description":"Erhalte die deutschsprachige Fachzeitschrift \u00aborganisator\u00bb in der Ausgabe 6\/1979 als PDF-Download mit nachfolgendem Inhaltsverzeichnis:","breadcrumb":{"@id":"https:\/\/www.organisator.ch\/en\/product\/organisator-ausgabe-6-1979\/#breadcrumb"},"inLanguage":"de","potentialAction":[{"@type":"ReadAction","target":["https:\/\/www.organisator.ch\/en\/product\/organisator-ausgabe-6-1979\/"]}]},{"@type":"ImageObject","inLanguage":"de","@id":"https:\/\/www.organisator.ch\/en\/product\/organisator-ausgabe-6-1979\/#primaryimage","url":"https:\/\/www.organisator.ch\/wp-content\/uploads\/2022\/06\/organisator_1979_6.png","contentUrl":"https:\/\/www.organisator.ch\/wp-content\/uploads\/2022\/06\/organisator_1979_6.png","width":654,"height":370},{"@type":"BreadcrumbList","@id":"https:\/\/www.organisator.ch\/en\/product\/organisator-ausgabe-6-1979\/#breadcrumb","itemListElement":[{"@type":"ListItem","position":1,"name":"Home","item":"https:\/\/www.organisator.ch\/"},{"@type":"ListItem","position":2,"name":"Shop","item":"https:\/\/www.organisator.ch\/fr\/shop\/"},{"@type":"ListItem","position":3,"name":"Organisator Ausgabe 6\/1979"}]},{"@type":"WebSite","@id":"https:\/\/www.organisator.ch\/#website","url":"https:\/\/www.organisator.ch\/","name":"Organisator","description":"Kompetent. Praxisnah. Der ORGANISATOR bereitet in 10 Ausgaben pro Jahr die wesentlichen Themen f\u00fcr F\u00fchrungskr\u00e4fte von KMU auf.","publisher":{"@id":"https:\/\/www.organisator.ch\/#organization"},"potentialAction":[{"@type":"SearchAction","target":{"@type":"EntryPoint","urlTemplate":"https:\/\/www.organisator.ch\/?s={search_term_string}"},"query-input":{"@type":"PropertyValueSpecification","valueRequired":true,"valueName":"search_term_string"}}],"inLanguage":"de"},{"@type":"Organization","@id":"https:\/\/www.organisator.ch\/#organization","name":"Organisator","url":"https:\/\/www.organisator.ch\/","logo":{"@type":"ImageObject","inLanguage":"de","@id":"https:\/\/www.organisator.ch\/#\/schema\/logo\/image\/","url":"https:\/\/www.organisator.ch\/wp-content\/uploads\/2022\/01\/Logo_Organisator_Website.png","contentUrl":"https:\/\/www.organisator.ch\/wp-content\/uploads\/2022\/01\/Logo_Organisator_Website.png","width":800,"height":77,"caption":"Organisator"},"image":{"@id":"https:\/\/www.organisator.ch\/#\/schema\/logo\/image\/"},"sameAs":["https:\/\/www.facebook.com\/OrganisatorFachmagazin","https:\/\/www.linkedin.com\/showcase\/organisator-das-magazin-fr-kmu","https:\/\/www.xing.com\/news\/pages\/organisator-ch-695","https:\/\/www.youtube.com\/channel\/UCGP2Sq0iWaZwT3BdIAQFYpw"]}]}},"_links":{"self":[{"href":"https:\/\/www.organisator.ch\/de\/wp-json\/wp\/v2\/product\/13821","targetHints":{"allow":["GET"]}}],"collection":[{"href":"https:\/\/www.organisator.ch\/de\/wp-json\/wp\/v2\/product"}],"about":[{"href":"https:\/\/www.organisator.ch\/de\/wp-json\/wp\/v2\/types\/product"}],"wp:featuredmedia":[{"embeddable":true,"href":"https:\/\/www.organisator.ch\/de\/wp-json\/wp\/v2\/media\/13823"}],"wp:attachment":[{"href":"https:\/\/www.organisator.ch\/de\/wp-json\/wp\/v2\/media?parent=13821"}],"wp:term":[{"taxonomy":"product_brand","embeddable":true,"href":"https:\/\/www.organisator.ch\/de\/wp-json\/wp\/v2\/product_brand?post=13821"},{"taxonomy":"product_cat","embeddable":true,"href":"https:\/\/www.organisator.ch\/de\/wp-json\/wp\/v2\/product_cat?post=13821"},{"taxonomy":"product_tag","embeddable":true,"href":"https:\/\/www.organisator.ch\/de\/wp-json\/wp\/v2\/product_tag?post=13821"}],"curies":[{"name":"wp","href":"https:\/\/api.w.org\/{rel}","templated":true}]}}