{"id":13825,"date":"2022-06-08T03:34:31","date_gmt":"2022-06-08T01:34:31","guid":{"rendered":"https:\/\/www.organisator.ch\/?post_type=product&#038;p=13825"},"modified":"2022-06-08T03:34:33","modified_gmt":"2022-06-08T01:34:33","slug":"organisator-ausgabe-5-1979","status":"publish","type":"product","link":"https:\/\/www.organisator.ch\/de\/produkt\/organisator-ausgabe-5-1979\/","title":{"rendered":"Organisator Ausgabe 5\/1979"},"content":{"rendered":"<h2>Rubriken<\/h2>\n<ul>\n<li>Seite des Lesers<\/li>\n<li>Seite der Sekret\u00e4rin<\/li>\n<li>Rechtsf\u00e4lle<\/li>\n<li>Blickpunkt B\u00fcro<\/li>\n<li>Der Wirtschaftsmonat<\/li>\n<li>Organisator-Seminare<\/li>\n<li>Organisator-Angebote<\/li>\n<li>Lesekonzentrate<\/li>\n<li>Produkte und Dienst leistungen<\/li>\n<li>Kurse und Tagungen<\/li>\n<li>Tarantel<\/li>\n<\/ul>\n<h2>Wirtschaft allgemein<\/h2>\n<ul>\n<li>Der Wirtschaftsmonat<\/li>\n<li>Die industrielle Demokratie in Europa und die amerikanische Antwort<\/li>\n<li>Konsumerismus, neue soziale Kraft<\/li>\n<\/ul>\n<h2>Betriebswirtschaft<\/h2>\n<ul>\n<li>Investieren trotz Unter besch\u00e4ftigung<\/li>\n<li>Exportrisikogarantie Konsumkredit\/<\/li>\n<li>Leasing\/Factoring<\/li>\n<li>Abschreibungsverfahren<\/li>\n<\/ul>\n<h2>Unternehmensf\u00fchrung<\/h2>\n<ul>\n<li>Gesch\u00e4ftsgr\u00fcndung<\/li>\n<li>Therapie aus eigener Kraft (Krankenhausmanagement)<\/li>\n<li>Dichtungsprobleme f\u00fcr Alt und Neubauten sind gel\u00f6st<\/li>\n<\/ul>\n<h2>Personalwesen<\/h2>\n<ul>\n<li>Seite der Sekret\u00e4rin: Chef-Entlastung<\/li>\n<li>Arbeitsrecht: Was heisst die unverz\u00fcgliche Auf l\u00f6sung des Arbeltsverh\u00e4lt nisses?<\/li>\n<li>Der Manager Im<\/li>\n<li>Spannungsfeld von Beruf und Familie<\/li>\n<li>Das ABC des Vorschlags- wesens<\/li>\n<li>Dialektische Rhetorik (Seminar)<\/li>\n<li>F\u00fchrungsprobleme (Seminar)<\/li>\n<li>Der t\u00fcchtige Manager<\/li>\n<li>Der gequ\u00e4lte Mensch<\/li>\n<li>Effizienz der pers\u00f6nlichen Arbeit<\/li>\n<li>Vorbeugen statt feuern<\/li>\n<li>Antrieb von innen (Motivation)<\/li>\n<li>Tagung f\u00fcr Lehr-und Werkmeister<\/li>\n<li>B\u00fcropflanzen ohne Pflege<\/li>\n<li>Eidg. dipl. Public- Relations-Fachmann<\/li>\n<\/ul>\n<h2>Organisation<\/h2>\n<ul>\n<li>Das ABC des Vorschlags- wesens<\/li>\n<li>Weniger Franken verplaudern<\/li>\n<li>Wie gut ist Ihre Organisation?<\/li>\n<li>Interne Revision im Detail handel<\/li>\n<li>Aufwertung des Managers in der Linie<\/li>\n<li>Pr\u00fcfung als Entscheidungs problem<\/li>\n<li>Alarm aus der Steckdose<\/li>\n<li>Billionen Schliessvarianten f\u00fcr mehr Sicherheit<\/li>\n<li>Uhr f\u00fcr wichtige Termine<\/li>\n<li>Funktionsf\u00e4higer Nummernw\u00e4hlautomat auch bei Stromausfall<\/li>\n<li>Drahtloses Personen- Schutzsystem<\/li>\n<li>Neues Frankiersystem<\/li>\n<\/ul>\n<h2>B\u00fcrotecknik<\/h2>\n<ul>\n<li>Telefonnummern- W\u00e4hlautomat<\/li>\n<li>B\u00fcrooffset-Vollautomat<\/li>\n<li>Neues Diktierger\u00e4t<\/li>\n<\/ul>\n<h2>Datenverarbeitung<\/h2>\n<ul>\n<li>Software ab Fabrik?<\/li>\n<li>EDV an A bis Z<\/li>\n<li>Scanning is wonderful<\/li>\n<li>Heimcomputer<\/li>\n<li>Neue IBM-Computer<\/li>\n<li>Ohne Computerkenntnisse<\/li>\n<li>k\u00f6nnen Sie Ihre Betriebs<\/li>\n<li>probleme l\u00f6sen<\/li>\n<\/ul>\n<h2>Rechnungswesen &#8211; Finanzen<\/h2>\n<ul>\n<li>Controller-Funktion in der Praxis<\/li>\n<li>Abschreibungsverfahren<\/li>\n<li>Das RW im Klein- und Mittelbetrieb<\/li>\n<\/ul>\n<h2>Verkauf &#8211; Werbung &#8211; Marketing<\/h2>\n<ul>\n<li>Gezielte Kundenhesuche senken die Reisekosten<\/li>\n<li>Kommunikationstraining f\u00fcr Verk\u00e4ufer (Seminar)<\/li>\n<li>Transaktionsanalyse f\u00fcr Verkaufsleiter (Seminar)<\/li>\n<li>Weniger Diebst\u00e4hle durch richtige Ladengestaltung<\/li>\n<li>Preisanschrift<\/li>\n<li>Fixiert auf Langeweile<\/li>\n<li>PR: eidg. anerkanntes Diplom<\/li>\n<li>W\u00f6chentliche Luftfracht-<\/li>\n<li>Charter von der Schweiznach USA<\/li>\n<\/ul>\n<h2>Materialwirfschaft<\/h2>\n<ul>\n<li>Billiger einkaufen durch Wertanalyse<\/li>\n<li>Breitstaffelkartei f\u00fcr Materialdisposition<\/li>\n<\/ul>\n","protected":false},"excerpt":{"rendered":"<p>Erhalte die deutschsprachige Fachzeitschrift \u00aborganisator\u00bb in der Ausgabe 5\/1979 als PDF-Download mit nachfolgendem Inhaltsverzeichnis:<\/p>\n","protected":false},"featured_media":13827,"template":"","meta":{"_acf_changed":false,"articlekey":""},"product_brand":[],"product_cat":[546],"product_tag":[2924],"class_list":{"0":"post-13825","1":"product","2":"type-product","3":"status-publish","4":"has-post-thumbnail","6":"product_cat-einzelausgaben","7":"product_tag-2924","9":"first","10":"instock","11":"downloadable","12":"virtual","13":"taxable","14":"purchasable","15":"product-type-simple"},"acf":[],"yoast_head":"<!-- This site is optimized with the Yoast SEO plugin v27.5 - https:\/\/yoast.com\/product\/yoast-seo-wordpress\/ -->\n<title>Organisator Ausgabe 5\/1979 - Organisator<\/title>\n<meta name=\"description\" content=\"Erhalte die deutschsprachige Fachzeitschrift \u00aborganisator\u00bb in der Ausgabe 5\/1979 als PDF-Download mit nachfolgendem Inhaltsverzeichnis:\" \/>\n<meta name=\"robots\" content=\"index, follow, max-snippet:-1, max-image-preview:large, max-video-preview:-1\" \/>\n<link rel=\"canonical\" href=\"https:\/\/www.organisator.ch\/de\/produkt\/organisator-ausgabe-5-1979\/\" \/>\n<meta property=\"og:locale\" content=\"de_DE\" \/>\n<meta property=\"og:type\" content=\"article\" \/>\n<meta property=\"og:title\" content=\"Organisator Ausgabe 5\/1979 - Organisator\" \/>\n<meta property=\"og:description\" content=\"Erhalte die deutschsprachige Fachzeitschrift \u00aborganisator\u00bb in der Ausgabe 5\/1979 als PDF-Download mit nachfolgendem Inhaltsverzeichnis:\" \/>\n<meta property=\"og:url\" content=\"https:\/\/www.organisator.ch\/de\/produkt\/organisator-ausgabe-5-1979\/\" \/>\n<meta property=\"og:site_name\" content=\"Organisator\" \/>\n<meta property=\"article:publisher\" content=\"https:\/\/www.facebook.com\/OrganisatorFachmagazin\" \/>\n<meta property=\"article:modified_time\" content=\"2022-06-08T01:34:33+00:00\" \/>\n<meta property=\"og:image\" content=\"https:\/\/www.organisator.ch\/wp-content\/uploads\/2022\/06\/organisator_1979_5.png\" \/>\n\t<meta property=\"og:image:width\" content=\"654\" \/>\n\t<meta property=\"og:image:height\" content=\"370\" \/>\n\t<meta property=\"og:image:type\" content=\"image\/png\" \/>\n<meta name=\"twitter:card\" content=\"summary_large_image\" \/>\n<script type=\"application\/ld+json\" class=\"yoast-schema-graph\">{\"@context\":\"https:\\\/\\\/schema.org\",\"@graph\":[{\"@type\":\"WebPage\",\"@id\":\"https:\\\/\\\/www.organisator.ch\\\/de\\\/produkt\\\/organisator-ausgabe-5-1979\\\/\",\"url\":\"https:\\\/\\\/www.organisator.ch\\\/de\\\/produkt\\\/organisator-ausgabe-5-1979\\\/\",\"name\":\"Organisator Ausgabe 5\\\/1979 - Organisator\",\"isPartOf\":{\"@id\":\"https:\\\/\\\/www.organisator.ch\\\/#website\"},\"primaryImageOfPage\":{\"@id\":\"https:\\\/\\\/www.organisator.ch\\\/de\\\/produkt\\\/organisator-ausgabe-5-1979\\\/#primaryimage\"},\"image\":{\"@id\":\"https:\\\/\\\/www.organisator.ch\\\/de\\\/produkt\\\/organisator-ausgabe-5-1979\\\/#primaryimage\"},\"thumbnailUrl\":\"https:\\\/\\\/www.organisator.ch\\\/wp-content\\\/uploads\\\/2022\\\/06\\\/organisator_1979_5.png\",\"datePublished\":\"2022-06-08T01:34:31+00:00\",\"dateModified\":\"2022-06-08T01:34:33+00:00\",\"description\":\"Erhalte die deutschsprachige Fachzeitschrift \u00aborganisator\u00bb in der Ausgabe 5\\\/1979 als PDF-Download mit nachfolgendem Inhaltsverzeichnis:\",\"breadcrumb\":{\"@id\":\"https:\\\/\\\/www.organisator.ch\\\/de\\\/produkt\\\/organisator-ausgabe-5-1979\\\/#breadcrumb\"},\"inLanguage\":\"de\",\"potentialAction\":[{\"@type\":\"ReadAction\",\"target\":[\"https:\\\/\\\/www.organisator.ch\\\/de\\\/produkt\\\/organisator-ausgabe-5-1979\\\/\"]}]},{\"@type\":\"ImageObject\",\"inLanguage\":\"de\",\"@id\":\"https:\\\/\\\/www.organisator.ch\\\/de\\\/produkt\\\/organisator-ausgabe-5-1979\\\/#primaryimage\",\"url\":\"https:\\\/\\\/www.organisator.ch\\\/wp-content\\\/uploads\\\/2022\\\/06\\\/organisator_1979_5.png\",\"contentUrl\":\"https:\\\/\\\/www.organisator.ch\\\/wp-content\\\/uploads\\\/2022\\\/06\\\/organisator_1979_5.png\",\"width\":654,\"height\":370},{\"@type\":\"BreadcrumbList\",\"@id\":\"https:\\\/\\\/www.organisator.ch\\\/de\\\/produkt\\\/organisator-ausgabe-5-1979\\\/#breadcrumb\",\"itemListElement\":[{\"@type\":\"ListItem\",\"position\":1,\"name\":\"Home\",\"item\":\"https:\\\/\\\/www.organisator.ch\\\/\"},{\"@type\":\"ListItem\",\"position\":2,\"name\":\"Shop\",\"item\":\"https:\\\/\\\/www.organisator.ch\\\/fr\\\/shop\\\/\"},{\"@type\":\"ListItem\",\"position\":3,\"name\":\"Organisator Ausgabe 5\\\/1979\"}]},{\"@type\":\"WebSite\",\"@id\":\"https:\\\/\\\/www.organisator.ch\\\/#website\",\"url\":\"https:\\\/\\\/www.organisator.ch\\\/\",\"name\":\"Organisator\",\"description\":\"Kompetent. Praxisnah. Der ORGANISATOR bereitet in 10 Ausgaben pro Jahr die wesentlichen Themen f\u00fcr F\u00fchrungskr\u00e4fte von KMU auf.\",\"publisher\":{\"@id\":\"https:\\\/\\\/www.organisator.ch\\\/#organization\"},\"potentialAction\":[{\"@type\":\"SearchAction\",\"target\":{\"@type\":\"EntryPoint\",\"urlTemplate\":\"https:\\\/\\\/www.organisator.ch\\\/?s={search_term_string}\"},\"query-input\":{\"@type\":\"PropertyValueSpecification\",\"valueRequired\":true,\"valueName\":\"search_term_string\"}}],\"inLanguage\":\"de\"},{\"@type\":\"Organization\",\"@id\":\"https:\\\/\\\/www.organisator.ch\\\/#organization\",\"name\":\"Organisator\",\"url\":\"https:\\\/\\\/www.organisator.ch\\\/\",\"logo\":{\"@type\":\"ImageObject\",\"inLanguage\":\"de\",\"@id\":\"https:\\\/\\\/www.organisator.ch\\\/#\\\/schema\\\/logo\\\/image\\\/\",\"url\":\"https:\\\/\\\/www.organisator.ch\\\/wp-content\\\/uploads\\\/2022\\\/01\\\/Logo_Organisator_Website.png\",\"contentUrl\":\"https:\\\/\\\/www.organisator.ch\\\/wp-content\\\/uploads\\\/2022\\\/01\\\/Logo_Organisator_Website.png\",\"width\":800,\"height\":77,\"caption\":\"Organisator\"},\"image\":{\"@id\":\"https:\\\/\\\/www.organisator.ch\\\/#\\\/schema\\\/logo\\\/image\\\/\"},\"sameAs\":[\"https:\\\/\\\/www.facebook.com\\\/OrganisatorFachmagazin\",\"https:\\\/\\\/www.linkedin.com\\\/showcase\\\/organisator-das-magazin-fr-kmu\",\"https:\\\/\\\/www.xing.com\\\/news\\\/pages\\\/organisator-ch-695\",\"https:\\\/\\\/www.youtube.com\\\/channel\\\/UCGP2Sq0iWaZwT3BdIAQFYpw\"]}]}<\/script>\n<!-- \/ Yoast SEO plugin. -->","yoast_head_json":{"title":"Organisator Ausgabe 5\/1979 - Organisator","description":"Erhalte die deutschsprachige Fachzeitschrift \u00aborganisator\u00bb in der Ausgabe 5\/1979 als PDF-Download mit nachfolgendem Inhaltsverzeichnis:","robots":{"index":"index","follow":"follow","max-snippet":"max-snippet:-1","max-image-preview":"max-image-preview:large","max-video-preview":"max-video-preview:-1"},"canonical":"https:\/\/www.organisator.ch\/de\/produkt\/organisator-ausgabe-5-1979\/","og_locale":"de_DE","og_type":"article","og_title":"Organisator Ausgabe 5\/1979 - Organisator","og_description":"Erhalte die deutschsprachige Fachzeitschrift \u00aborganisator\u00bb in der Ausgabe 5\/1979 als PDF-Download mit nachfolgendem Inhaltsverzeichnis:","og_url":"https:\/\/www.organisator.ch\/de\/produkt\/organisator-ausgabe-5-1979\/","og_site_name":"Organisator","article_publisher":"https:\/\/www.facebook.com\/OrganisatorFachmagazin","article_modified_time":"2022-06-08T01:34:33+00:00","og_image":[{"width":654,"height":370,"url":"https:\/\/www.organisator.ch\/wp-content\/uploads\/2022\/06\/organisator_1979_5.png","type":"image\/png"}],"twitter_card":"summary_large_image","schema":{"@context":"https:\/\/schema.org","@graph":[{"@type":"WebPage","@id":"https:\/\/www.organisator.ch\/de\/produkt\/organisator-ausgabe-5-1979\/","url":"https:\/\/www.organisator.ch\/de\/produkt\/organisator-ausgabe-5-1979\/","name":"Organisator Ausgabe 5\/1979 - Organisator","isPartOf":{"@id":"https:\/\/www.organisator.ch\/#website"},"primaryImageOfPage":{"@id":"https:\/\/www.organisator.ch\/de\/produkt\/organisator-ausgabe-5-1979\/#primaryimage"},"image":{"@id":"https:\/\/www.organisator.ch\/de\/produkt\/organisator-ausgabe-5-1979\/#primaryimage"},"thumbnailUrl":"https:\/\/www.organisator.ch\/wp-content\/uploads\/2022\/06\/organisator_1979_5.png","datePublished":"2022-06-08T01:34:31+00:00","dateModified":"2022-06-08T01:34:33+00:00","description":"Erhalte die deutschsprachige Fachzeitschrift \u00aborganisator\u00bb in der Ausgabe 5\/1979 als PDF-Download mit nachfolgendem Inhaltsverzeichnis:","breadcrumb":{"@id":"https:\/\/www.organisator.ch\/de\/produkt\/organisator-ausgabe-5-1979\/#breadcrumb"},"inLanguage":"de","potentialAction":[{"@type":"ReadAction","target":["https:\/\/www.organisator.ch\/de\/produkt\/organisator-ausgabe-5-1979\/"]}]},{"@type":"ImageObject","inLanguage":"de","@id":"https:\/\/www.organisator.ch\/de\/produkt\/organisator-ausgabe-5-1979\/#primaryimage","url":"https:\/\/www.organisator.ch\/wp-content\/uploads\/2022\/06\/organisator_1979_5.png","contentUrl":"https:\/\/www.organisator.ch\/wp-content\/uploads\/2022\/06\/organisator_1979_5.png","width":654,"height":370},{"@type":"BreadcrumbList","@id":"https:\/\/www.organisator.ch\/de\/produkt\/organisator-ausgabe-5-1979\/#breadcrumb","itemListElement":[{"@type":"ListItem","position":1,"name":"Home","item":"https:\/\/www.organisator.ch\/"},{"@type":"ListItem","position":2,"name":"Shop","item":"https:\/\/www.organisator.ch\/fr\/shop\/"},{"@type":"ListItem","position":3,"name":"Organisator Ausgabe 5\/1979"}]},{"@type":"WebSite","@id":"https:\/\/www.organisator.ch\/#website","url":"https:\/\/www.organisator.ch\/","name":"Organisator","description":"Kompetent. Praxisnah. Der ORGANISATOR bereitet in 10 Ausgaben pro Jahr die wesentlichen Themen f\u00fcr F\u00fchrungskr\u00e4fte von KMU auf.","publisher":{"@id":"https:\/\/www.organisator.ch\/#organization"},"potentialAction":[{"@type":"SearchAction","target":{"@type":"EntryPoint","urlTemplate":"https:\/\/www.organisator.ch\/?s={search_term_string}"},"query-input":{"@type":"PropertyValueSpecification","valueRequired":true,"valueName":"search_term_string"}}],"inLanguage":"de"},{"@type":"Organization","@id":"https:\/\/www.organisator.ch\/#organization","name":"Organisator","url":"https:\/\/www.organisator.ch\/","logo":{"@type":"ImageObject","inLanguage":"de","@id":"https:\/\/www.organisator.ch\/#\/schema\/logo\/image\/","url":"https:\/\/www.organisator.ch\/wp-content\/uploads\/2022\/01\/Logo_Organisator_Website.png","contentUrl":"https:\/\/www.organisator.ch\/wp-content\/uploads\/2022\/01\/Logo_Organisator_Website.png","width":800,"height":77,"caption":"Organisator"},"image":{"@id":"https:\/\/www.organisator.ch\/#\/schema\/logo\/image\/"},"sameAs":["https:\/\/www.facebook.com\/OrganisatorFachmagazin","https:\/\/www.linkedin.com\/showcase\/organisator-das-magazin-fr-kmu","https:\/\/www.xing.com\/news\/pages\/organisator-ch-695","https:\/\/www.youtube.com\/channel\/UCGP2Sq0iWaZwT3BdIAQFYpw"]}]}},"_links":{"self":[{"href":"https:\/\/www.organisator.ch\/de\/wp-json\/wp\/v2\/product\/13825","targetHints":{"allow":["GET"]}}],"collection":[{"href":"https:\/\/www.organisator.ch\/de\/wp-json\/wp\/v2\/product"}],"about":[{"href":"https:\/\/www.organisator.ch\/de\/wp-json\/wp\/v2\/types\/product"}],"wp:featuredmedia":[{"embeddable":true,"href":"https:\/\/www.organisator.ch\/de\/wp-json\/wp\/v2\/media\/13827"}],"wp:attachment":[{"href":"https:\/\/www.organisator.ch\/de\/wp-json\/wp\/v2\/media?parent=13825"}],"wp:term":[{"taxonomy":"product_brand","embeddable":true,"href":"https:\/\/www.organisator.ch\/de\/wp-json\/wp\/v2\/product_brand?post=13825"},{"taxonomy":"product_cat","embeddable":true,"href":"https:\/\/www.organisator.ch\/de\/wp-json\/wp\/v2\/product_cat?post=13825"},{"taxonomy":"product_tag","embeddable":true,"href":"https:\/\/www.organisator.ch\/de\/wp-json\/wp\/v2\/product_tag?post=13825"}],"curies":[{"name":"wp","href":"https:\/\/api.w.org\/{rel}","templated":true}]}}