{"id":13837,"date":"2022-06-08T04:33:43","date_gmt":"2022-06-08T02:33:43","guid":{"rendered":"https:\/\/www.organisator.ch\/?post_type=product&#038;p=13837"},"modified":"2022-06-08T04:33:44","modified_gmt":"2022-06-08T02:33:44","slug":"organisator-ausgabe-2-1979","status":"publish","type":"product","link":"https:\/\/www.organisator.ch\/de\/produkt\/organisator-ausgabe-2-1979\/","title":{"rendered":"Organisator Ausgabe 2\/1979"},"content":{"rendered":"<h2>St\u00e4ndige Rubriken<\/h2>\n<ul>\n<li>B\u00fccher f\u00fcr Sie<\/li>\n<li>Seite des Lesers<\/li>\n<li>F\u00fcr die Gesch\u00e4ftsfrau<\/li>\n<li>Steuertips<\/li>\n<li>Der Wirtschafts-Monat<\/li>\n<li>Zur Besinnung<\/li>\n<li>ORGANISATOR-Seminare<\/li>\n<li>Der Organisator meint<\/li>\n<li>ORGANISATOR-Angebote<\/li>\n<li>Lesekonzentrate<\/li>\n<li>Kurse und Tagungen<\/li>\n<li>Ausstellungen<\/li>\n<li>Produkte-t Dienstleistungen<\/li>\n<li>Tarantel<\/li>\n<\/ul>\n<h2>Wirtschaft allgemein<\/h2>\n<ul>\n<li>Unser Gemeinden als Wirtschaftsfaktor<\/li>\n<li>Der Wirtschaftsmonat<\/li>\n<li>Wirtschaftsfeindlichkeit (Zur Besinnung)<\/li>\n<li>Unternehmer in der Politik (Der Organisator meint)<\/li>\n<li>Gesellschaftliche Krisen der Zukunft (LK)<\/li>\n<li>Fussg\u00e4ngerzonen immer be liebter (LK)<\/li>\n<\/ul>\n<h2>Unternehmensf\u00fchrung<\/h2>\n<ul>\n<li>Wie kann der Unternehmerseine Beziehungen zur Stand ort-Gemeinde verbessern?<\/li>\n<li>Revolution im Sitzungszimmer<\/li>\n<li>Wer liest eigentlich den ORGANISATOR?<\/li>\n<li>Investitionen planen und kontrollieren (LK)<\/li>\n<li>Gegen Dilettantismus im Auslandgesch\u00e4ft (LK)<\/li>\n<li>Neue Handelskonzepte (LK)<\/li>\n<li>Risiko-Management (LK)<\/li>\n<li>Entscheidungsrelevante Daten (LK)<\/li>\n<li>Gesch\u00e4ftsm\u00f6glichkeiten finden (LK)<\/li>\n<li>Sozialer Wandel und Produk tionssteigerung (LK)<\/li>\n<li>Rationelle Chefarbeit (Sem.)<\/li>\n<\/ul>\n<h2>Steuern<\/h2>\n<ul>\n<li>Zwischenveranlagung bei Verm\u00f6gensanfall von Todeswegen<\/li>\n<li>Auskunftspflicht der AHV<\/li>\n<li>Lizenzgeb\u00fchren<\/li>\n<li>Steuermoral in der BRD (LK)<\/li>\n<\/ul>\n<h2>Finanzen\/Rechnungswesen<\/h2>\n<ul>\n<li>Verlusten auf der Spur: Raumkosten im Detail gesch\u00e4ft<\/li>\n<li>Wann ist die Kontrollstelle wirklich verantwortlich?<\/li>\n<li>Einf\u00fchrung in die Grenzplan kostenrechnung (LK)<\/li>\n<li>Kapitalflussrechnungen (LK)<\/li>\n<li>Investitionen planen und kontrollieren (LK)<\/li>\n<li>Bringt ein exaktes Budget Vorteile? (LK)<\/li>\n<\/ul>\n<h2>Organisation\/B\u00fcrotechnik<\/h2>\n<ul>\n<li>Transportkosten senken (LK)<\/li>\n<li>Neue Post\u00f6ffnungszeiten<\/li>\n<li>Diktierger\u00e4t Grundig<\/li>\n<li>Schreibmaschine Hermes (P + D)<\/li>\n<li>Isolierschaum Aminotherm<\/li>\n<li>Kopierautomat Oce 17(K)<\/li>\n<li>Polaroid Sofortschmalfilm (P + D)<\/li>\n<li>Gesetzliche Masseinheiten<\/li>\n<li>Schreibmaschine Adler(P +D)<\/li>\n<li>Hellraumprojektor Petra<\/li>\n<li>Tischrechner Kardex (P + D)<\/li>\n<li>Termintaschen Visimap (P + D)<\/li>\n<li>Elektrische Pultkartei<\/li>\n<li>Plastikfilm-Kohlepapier<\/li>\n<li>Automatisch heften (P + D)<\/li>\n<\/ul>\n<h2>Datenverarbeitung<\/h2>\n<ul>\n<li>Textsystem IBM 6\/420 (P + D)<\/li>\n<li>Nova-Computer Data Gen. (P + D)<\/li>\n<li>Reinigen und Testen von<\/li>\n<li>Magnetb\u00e4ndern (P + D)<\/li>\n<\/ul>\n<h2>Personalf\u00fchrung<\/h2>\n<ul>\n<li>Revolution im Sitzungszimmer<\/li>\n<li>Eutonie: Zwischenmensch liche Spannungen aus gleichen (Seminar)<\/li>\n<li>Pers\u00f6nliche Arbeitstechnik (Seminar)<\/li>\n<li>Rat. Chefarbeit (Seminar)<\/li>\n<li>Der bessere Mann am richtigen Platz<\/li>\n<li>Pers\u00f6nalbeschaffung im klei neren Unternehmen (LK)<\/li>\n<li>Um die Altersgrenze (LK)<\/li>\n<li>Flexible F\u00fchrungsmethoden (LK)<\/li>\n<li>Ein Personal-Informations- System (LK)<\/li>\n<li>Chemische Vertr\u00e4glichkeit zwischen leitenden Personen (LK)<\/li>\n<li>Kontrolle der DDR- Manager (LK)<\/li>\n<li>Arbeitszeiterfassung mit dem Telefon (LK)<\/li>\n<li>Kurse und Tagungen<\/li>\n<\/ul>\n<h2>Verkauf\/Marketing\/ Werbung<\/h2>\n<ul>\n<li>Wer liest eigentlich den ORGANISATOR?<\/li>\n<li>Wie Schrift und Layout wirken (LK)<\/li>\n<li>Gesch\u00e4ftsm\u00f6glichkeiten finden (LK)<\/li>\n<li>Ausstellungen<\/li>\n<li>Parkiererleichterungen f\u00fcr Handelsreisende (P + D)<\/li>\n<\/ul>\n","protected":false},"excerpt":{"rendered":"<p>Erhalte die deutschsprachige Fachzeitschrift \u00aborganisator\u00bb in der Ausgabe 2\/1979 als PDF-Download mit nachfolgendem Inhaltsverzeichnis:<\/p>\n","protected":false},"featured_media":13839,"template":"","meta":{"_acf_changed":false,"articlekey":""},"product_brand":[],"product_cat":[546],"product_tag":[2924],"class_list":{"0":"post-13837","1":"product","2":"type-product","3":"status-publish","4":"has-post-thumbnail","6":"product_cat-einzelausgaben","7":"product_tag-2924","9":"first","10":"instock","11":"downloadable","12":"virtual","13":"taxable","14":"purchasable","15":"product-type-simple"},"acf":[],"yoast_head":"<!-- This site is optimized with the Yoast SEO plugin v27.5 - https:\/\/yoast.com\/product\/yoast-seo-wordpress\/ -->\n<title>Organisator Ausgabe 2\/1979 - Organisator<\/title>\n<meta name=\"robots\" content=\"index, follow, max-snippet:-1, max-image-preview:large, max-video-preview:-1\" \/>\n<link rel=\"canonical\" href=\"https:\/\/www.organisator.ch\/de\/produkt\/organisator-ausgabe-2-1979\/\" \/>\n<meta property=\"og:locale\" content=\"de_DE\" \/>\n<meta property=\"og:type\" content=\"article\" \/>\n<meta property=\"og:title\" content=\"Organisator Ausgabe 2\/1979 - Organisator\" \/>\n<meta property=\"og:description\" content=\"Erhalte die deutschsprachige Fachzeitschrift \u00aborganisator\u00bb in der Ausgabe 2\/1979 als PDF-Download mit nachfolgendem Inhaltsverzeichnis:\" \/>\n<meta property=\"og:url\" content=\"https:\/\/www.organisator.ch\/de\/produkt\/organisator-ausgabe-2-1979\/\" \/>\n<meta property=\"og:site_name\" content=\"Organisator\" \/>\n<meta property=\"article:publisher\" content=\"https:\/\/www.facebook.com\/OrganisatorFachmagazin\" \/>\n<meta property=\"article:modified_time\" content=\"2022-06-08T02:33:44+00:00\" \/>\n<meta property=\"og:image\" content=\"https:\/\/www.organisator.ch\/wp-content\/uploads\/2022\/06\/organisator_1979_2.png\" \/>\n\t<meta property=\"og:image:width\" content=\"654\" \/>\n\t<meta property=\"og:image:height\" content=\"370\" \/>\n\t<meta property=\"og:image:type\" content=\"image\/png\" \/>\n<meta name=\"twitter:card\" content=\"summary_large_image\" \/>\n<script type=\"application\/ld+json\" class=\"yoast-schema-graph\">{\"@context\":\"https:\\\/\\\/schema.org\",\"@graph\":[{\"@type\":\"WebPage\",\"@id\":\"https:\\\/\\\/www.organisator.ch\\\/de\\\/produkt\\\/organisator-ausgabe-2-1979\\\/\",\"url\":\"https:\\\/\\\/www.organisator.ch\\\/de\\\/produkt\\\/organisator-ausgabe-2-1979\\\/\",\"name\":\"Organisator Ausgabe 2\\\/1979 - Organisator\",\"isPartOf\":{\"@id\":\"https:\\\/\\\/www.organisator.ch\\\/#website\"},\"primaryImageOfPage\":{\"@id\":\"https:\\\/\\\/www.organisator.ch\\\/de\\\/produkt\\\/organisator-ausgabe-2-1979\\\/#primaryimage\"},\"image\":{\"@id\":\"https:\\\/\\\/www.organisator.ch\\\/de\\\/produkt\\\/organisator-ausgabe-2-1979\\\/#primaryimage\"},\"thumbnailUrl\":\"https:\\\/\\\/www.organisator.ch\\\/wp-content\\\/uploads\\\/2022\\\/06\\\/organisator_1979_2.png\",\"datePublished\":\"2022-06-08T02:33:43+00:00\",\"dateModified\":\"2022-06-08T02:33:44+00:00\",\"breadcrumb\":{\"@id\":\"https:\\\/\\\/www.organisator.ch\\\/de\\\/produkt\\\/organisator-ausgabe-2-1979\\\/#breadcrumb\"},\"inLanguage\":\"de\",\"potentialAction\":[{\"@type\":\"ReadAction\",\"target\":[\"https:\\\/\\\/www.organisator.ch\\\/de\\\/produkt\\\/organisator-ausgabe-2-1979\\\/\"]}]},{\"@type\":\"ImageObject\",\"inLanguage\":\"de\",\"@id\":\"https:\\\/\\\/www.organisator.ch\\\/de\\\/produkt\\\/organisator-ausgabe-2-1979\\\/#primaryimage\",\"url\":\"https:\\\/\\\/www.organisator.ch\\\/wp-content\\\/uploads\\\/2022\\\/06\\\/organisator_1979_2.png\",\"contentUrl\":\"https:\\\/\\\/www.organisator.ch\\\/wp-content\\\/uploads\\\/2022\\\/06\\\/organisator_1979_2.png\",\"width\":654,\"height\":370},{\"@type\":\"BreadcrumbList\",\"@id\":\"https:\\\/\\\/www.organisator.ch\\\/de\\\/produkt\\\/organisator-ausgabe-2-1979\\\/#breadcrumb\",\"itemListElement\":[{\"@type\":\"ListItem\",\"position\":1,\"name\":\"Home\",\"item\":\"https:\\\/\\\/www.organisator.ch\\\/\"},{\"@type\":\"ListItem\",\"position\":2,\"name\":\"Shop\",\"item\":\"https:\\\/\\\/www.organisator.ch\\\/fr\\\/shop\\\/\"},{\"@type\":\"ListItem\",\"position\":3,\"name\":\"Organisator Ausgabe 2\\\/1979\"}]},{\"@type\":\"WebSite\",\"@id\":\"https:\\\/\\\/www.organisator.ch\\\/#website\",\"url\":\"https:\\\/\\\/www.organisator.ch\\\/\",\"name\":\"Organisator\",\"description\":\"Kompetent. Praxisnah. Der ORGANISATOR bereitet in 10 Ausgaben pro Jahr die wesentlichen Themen f\u00fcr F\u00fchrungskr\u00e4fte von KMU auf.\",\"publisher\":{\"@id\":\"https:\\\/\\\/www.organisator.ch\\\/#organization\"},\"potentialAction\":[{\"@type\":\"SearchAction\",\"target\":{\"@type\":\"EntryPoint\",\"urlTemplate\":\"https:\\\/\\\/www.organisator.ch\\\/?s={search_term_string}\"},\"query-input\":{\"@type\":\"PropertyValueSpecification\",\"valueRequired\":true,\"valueName\":\"search_term_string\"}}],\"inLanguage\":\"de\"},{\"@type\":\"Organization\",\"@id\":\"https:\\\/\\\/www.organisator.ch\\\/#organization\",\"name\":\"Organisator\",\"url\":\"https:\\\/\\\/www.organisator.ch\\\/\",\"logo\":{\"@type\":\"ImageObject\",\"inLanguage\":\"de\",\"@id\":\"https:\\\/\\\/www.organisator.ch\\\/#\\\/schema\\\/logo\\\/image\\\/\",\"url\":\"https:\\\/\\\/www.organisator.ch\\\/wp-content\\\/uploads\\\/2022\\\/01\\\/Logo_Organisator_Website.png\",\"contentUrl\":\"https:\\\/\\\/www.organisator.ch\\\/wp-content\\\/uploads\\\/2022\\\/01\\\/Logo_Organisator_Website.png\",\"width\":800,\"height\":77,\"caption\":\"Organisator\"},\"image\":{\"@id\":\"https:\\\/\\\/www.organisator.ch\\\/#\\\/schema\\\/logo\\\/image\\\/\"},\"sameAs\":[\"https:\\\/\\\/www.facebook.com\\\/OrganisatorFachmagazin\",\"https:\\\/\\\/www.linkedin.com\\\/showcase\\\/organisator-das-magazin-fr-kmu\",\"https:\\\/\\\/www.xing.com\\\/news\\\/pages\\\/organisator-ch-695\",\"https:\\\/\\\/www.youtube.com\\\/channel\\\/UCGP2Sq0iWaZwT3BdIAQFYpw\"]}]}<\/script>\n<!-- \/ Yoast SEO plugin. -->","yoast_head_json":{"title":"Organisator Ausgabe 2\/1979 - Organisator","robots":{"index":"index","follow":"follow","max-snippet":"max-snippet:-1","max-image-preview":"max-image-preview:large","max-video-preview":"max-video-preview:-1"},"canonical":"https:\/\/www.organisator.ch\/de\/produkt\/organisator-ausgabe-2-1979\/","og_locale":"de_DE","og_type":"article","og_title":"Organisator Ausgabe 2\/1979 - Organisator","og_description":"Erhalte die deutschsprachige Fachzeitschrift \u00aborganisator\u00bb in der Ausgabe 2\/1979 als PDF-Download mit nachfolgendem Inhaltsverzeichnis:","og_url":"https:\/\/www.organisator.ch\/de\/produkt\/organisator-ausgabe-2-1979\/","og_site_name":"Organisator","article_publisher":"https:\/\/www.facebook.com\/OrganisatorFachmagazin","article_modified_time":"2022-06-08T02:33:44+00:00","og_image":[{"width":654,"height":370,"url":"https:\/\/www.organisator.ch\/wp-content\/uploads\/2022\/06\/organisator_1979_2.png","type":"image\/png"}],"twitter_card":"summary_large_image","schema":{"@context":"https:\/\/schema.org","@graph":[{"@type":"WebPage","@id":"https:\/\/www.organisator.ch\/de\/produkt\/organisator-ausgabe-2-1979\/","url":"https:\/\/www.organisator.ch\/de\/produkt\/organisator-ausgabe-2-1979\/","name":"Organisator Ausgabe 2\/1979 - Organisator","isPartOf":{"@id":"https:\/\/www.organisator.ch\/#website"},"primaryImageOfPage":{"@id":"https:\/\/www.organisator.ch\/de\/produkt\/organisator-ausgabe-2-1979\/#primaryimage"},"image":{"@id":"https:\/\/www.organisator.ch\/de\/produkt\/organisator-ausgabe-2-1979\/#primaryimage"},"thumbnailUrl":"https:\/\/www.organisator.ch\/wp-content\/uploads\/2022\/06\/organisator_1979_2.png","datePublished":"2022-06-08T02:33:43+00:00","dateModified":"2022-06-08T02:33:44+00:00","breadcrumb":{"@id":"https:\/\/www.organisator.ch\/de\/produkt\/organisator-ausgabe-2-1979\/#breadcrumb"},"inLanguage":"de","potentialAction":[{"@type":"ReadAction","target":["https:\/\/www.organisator.ch\/de\/produkt\/organisator-ausgabe-2-1979\/"]}]},{"@type":"ImageObject","inLanguage":"de","@id":"https:\/\/www.organisator.ch\/de\/produkt\/organisator-ausgabe-2-1979\/#primaryimage","url":"https:\/\/www.organisator.ch\/wp-content\/uploads\/2022\/06\/organisator_1979_2.png","contentUrl":"https:\/\/www.organisator.ch\/wp-content\/uploads\/2022\/06\/organisator_1979_2.png","width":654,"height":370},{"@type":"BreadcrumbList","@id":"https:\/\/www.organisator.ch\/de\/produkt\/organisator-ausgabe-2-1979\/#breadcrumb","itemListElement":[{"@type":"ListItem","position":1,"name":"Home","item":"https:\/\/www.organisator.ch\/"},{"@type":"ListItem","position":2,"name":"Shop","item":"https:\/\/www.organisator.ch\/fr\/shop\/"},{"@type":"ListItem","position":3,"name":"Organisator Ausgabe 2\/1979"}]},{"@type":"WebSite","@id":"https:\/\/www.organisator.ch\/#website","url":"https:\/\/www.organisator.ch\/","name":"Organisator","description":"Kompetent. Praxisnah. Der ORGANISATOR bereitet in 10 Ausgaben pro Jahr die wesentlichen Themen f\u00fcr F\u00fchrungskr\u00e4fte von KMU auf.","publisher":{"@id":"https:\/\/www.organisator.ch\/#organization"},"potentialAction":[{"@type":"SearchAction","target":{"@type":"EntryPoint","urlTemplate":"https:\/\/www.organisator.ch\/?s={search_term_string}"},"query-input":{"@type":"PropertyValueSpecification","valueRequired":true,"valueName":"search_term_string"}}],"inLanguage":"de"},{"@type":"Organization","@id":"https:\/\/www.organisator.ch\/#organization","name":"Organisator","url":"https:\/\/www.organisator.ch\/","logo":{"@type":"ImageObject","inLanguage":"de","@id":"https:\/\/www.organisator.ch\/#\/schema\/logo\/image\/","url":"https:\/\/www.organisator.ch\/wp-content\/uploads\/2022\/01\/Logo_Organisator_Website.png","contentUrl":"https:\/\/www.organisator.ch\/wp-content\/uploads\/2022\/01\/Logo_Organisator_Website.png","width":800,"height":77,"caption":"Organisator"},"image":{"@id":"https:\/\/www.organisator.ch\/#\/schema\/logo\/image\/"},"sameAs":["https:\/\/www.facebook.com\/OrganisatorFachmagazin","https:\/\/www.linkedin.com\/showcase\/organisator-das-magazin-fr-kmu","https:\/\/www.xing.com\/news\/pages\/organisator-ch-695","https:\/\/www.youtube.com\/channel\/UCGP2Sq0iWaZwT3BdIAQFYpw"]}]}},"_links":{"self":[{"href":"https:\/\/www.organisator.ch\/de\/wp-json\/wp\/v2\/product\/13837","targetHints":{"allow":["GET"]}}],"collection":[{"href":"https:\/\/www.organisator.ch\/de\/wp-json\/wp\/v2\/product"}],"about":[{"href":"https:\/\/www.organisator.ch\/de\/wp-json\/wp\/v2\/types\/product"}],"wp:featuredmedia":[{"embeddable":true,"href":"https:\/\/www.organisator.ch\/de\/wp-json\/wp\/v2\/media\/13839"}],"wp:attachment":[{"href":"https:\/\/www.organisator.ch\/de\/wp-json\/wp\/v2\/media?parent=13837"}],"wp:term":[{"taxonomy":"product_brand","embeddable":true,"href":"https:\/\/www.organisator.ch\/de\/wp-json\/wp\/v2\/product_brand?post=13837"},{"taxonomy":"product_cat","embeddable":true,"href":"https:\/\/www.organisator.ch\/de\/wp-json\/wp\/v2\/product_cat?post=13837"},{"taxonomy":"product_tag","embeddable":true,"href":"https:\/\/www.organisator.ch\/de\/wp-json\/wp\/v2\/product_tag?post=13837"}],"curies":[{"name":"wp","href":"https:\/\/api.w.org\/{rel}","templated":true}]}}