{"id":13857,"date":"2022-06-08T05:46:51","date_gmt":"2022-06-08T03:46:51","guid":{"rendered":"https:\/\/www.organisator.ch\/?post_type=product&#038;p=13857"},"modified":"2022-06-08T05:47:11","modified_gmt":"2022-06-08T03:47:11","slug":"organisator-ausgabe-10-1980","status":"publish","type":"product","link":"https:\/\/www.organisator.ch\/de\/produkt\/organisator-ausgabe-10-1980\/","title":{"rendered":"Organisator Ausgabe 10\/1980"},"content":{"rendered":"<h2>Unsere Rubriken des Monats<\/h2>\n<ul>\n<li>B\u00fccher f\u00fcr Sie<\/li>\n<li>Der Wirtschaftsmonat<\/li>\n<li>Was heisst das f\u00fcr mich?<\/li>\n<li>ORGANISATOR-Seminare<\/li>\n<li>62 Zur Besinnung<\/li>\n<li>ORGANISATOR-Angebote<\/li>\n<li>Rund ums Telefon<\/li>\n<li>Lesekonzentrate<\/li>\n<li>Produkte + Dienstleistungen<\/li>\n<li>Kongresse\/Seminare<\/li>\n<li>Tarantel<\/li>\n<\/ul>\n<h2>Wirtschaft Unternehmensf\u00fchrung<\/h2>\n<ul>\n<li>Junge Unternehmer generation mit Methodik<\/li>\n<li>Jahresahschluss<\/li>\n<li>Von der Beschaffungsabtei lung zum Gewinnzentrum<\/li>\n<li>Inflation und Unternehmung<\/li>\n<li>Werbeaufwand und Gewinn<\/li>\n<li>Produktportofolio<\/li>\n<li>Die Entmassung der indu striellen Gesellschaft<\/li>\n<li>Ist Gewinn unanst\u00e4ndig?<\/li>\n<li>Mittelst\u00e4ndische Unterneh mungen im Auslandsgesch\u00e4ft<\/li>\n<\/ul>\n<h2>Mensch und Arbeit Personalwesen<\/h2>\n<ul>\n<li>Mit Erfolg verhandeln<\/li>\n<li>Wenn&#8217;s kracht im Geb\u00e4lk<\/li>\n<li>Wege zum Ruin<\/li>\n<li>Ein Pr\u00e4miensystem f\u00fcr Verkaufskr\u00e4fte<\/li>\n<li>Nicht nur f\u00fcr das Chefpult geeignet<\/li>\n<li>Arbeitsplatz01ivettiKD1700<\/li>\n<li>Manus-Halter Dentax D109<\/li>\n<li>Die Blauen von Pelikan<\/li>\n<\/ul>\n<h2>Organisation\/Automation B\u00fcro- und Datentechnik<\/h2>\n<ul>\n<li>Intelligente\u00bb Schreib maschinen f\u00fcr die Praxis<\/li>\n<li>IBM erweitert die Einsatz m\u00f6glichkeiten f\u00fcr Blinde<\/li>\n<li>Direktwahl: oder kalte Dr\u00e4hte<\/li>\n<li>Kaufm\u00e4nnische Kleinrechner<\/li>\n<li>Produktivit\u00e4tssteigerungen durch Menschen, nicht durch Geld<\/li>\n<li>Der Textautomat als Marke tinggehilfe<\/li>\n<li>Revision &#8211; international<\/li>\n<li>Neuer Computer mit tiefe rem Preis<\/li>\n<li>Ordnung muss sein<\/li>\n<li>Itek-Sorter System 6000<\/li>\n<li>Nicht nur f\u00fcrs Chefpult<\/li>\n<li>Rodata-Lochstreifenger\u00e4te<\/li>\n<li>Exon-OCR-Kartenleser<\/li>\n<li>Computer-Aided-Design<\/li>\n<li>Der Bigla-Boy, ein universel les Organisationsmittel<\/li>\n<li>Neu bei Elbatex: K\u00fchlk\u00f6r perprogramm Alutronic<\/li>\n<li>Neu digitale W\u00e4hl-Neben- stellenanlage<\/li>\n<li>Neue Durchlaufkamera f\u00fcr 16-mm-Mikrofilm<\/li>\n<li>Prestophon 60 von Zettler<\/li>\n<li>Die Blauen von Pelikan brin gen Leben auf die Leinwand<\/li>\n<li>INDEX-Telefonnummern- W\u00e4hlautomat<\/li>\n<li>Streak-Manera<\/li>\n<li>Neue Anwendungsm\u00f6glich keiten f\u00fcr den ABC-20<\/li>\n<\/ul>\n<h2>Betriebswirtschaft Rechnungswesen<\/h2>\n<ul>\n<li>Junge Unternehmergenera tion mit Methodik<\/li>\n<li>Jahresahschluss<\/li>\n<li>N\u00fctzliche Kennzahlen<\/li>\n<li>Kapitalkosten<\/li>\n<li>Finanzplanungsmodell<\/li>\n<li>Problem des Zinsaufwandes<\/li>\n<\/ul>\n<h2>Verkauf\/Absatz\/HandelMarketing\/Werbung<\/h2>\n<ul>\n<li>Heutigen Markt effektiv verkaufen (Seminar)<\/li>\n<li>Erfolgreich Grosskunden be arbeiten (Seminar)<\/li>\n<li>Ein Pr\u00e4miensystem f\u00fcr Verkaufskr\u00e4fte<\/li>\n<li>Exportrisikogarantie<\/li>\n<li>Werbeaufwand und Gewinn<\/li>\n<li>Der unsichtbare Markt der Leute \u00fcber 49<\/li>\n<li>Was zeichnet einen guten<\/li>\n<li>Verk\u00e4ufer aus?<\/li>\n<li>Mittelst\u00e4ndische Unterneh mungen im Auslandsgesch\u00e4ft<\/li>\n<li>Folgen bei Nichteinhaltung der Lieferfrist<\/li>\n<\/ul>\n<h2>Materialwirtschaft Produktion\/Transport<\/h2>\n<ul>\n<li>Von der Beschaffungsabteilung zum Gewinnzentrum<\/li>\n<li>Wenn Eink\u00e4ufer mogeln<\/li>\n<li>Produktportofolio<\/li>\n<li>Neu bei Elbatex: K\u00fchlk\u00f6rperprogramm Alutronic<\/li>\n<li>Streak-Manera<\/li>\n<\/ul>\n<p>&nbsp;<\/p>\n","protected":false},"excerpt":{"rendered":"<p>Erhalte die deutschsprachige Fachzeitschrift \u00aborganisator\u00bb in der Ausgabe 10\/1980 als PDF-Download mit nachfolgendem Inhaltsverzeichnis:<\/p>\n","protected":false},"featured_media":13859,"template":"","meta":{"_acf_changed":false,"articlekey":""},"product_brand":[],"product_cat":[546],"product_tag":[2925],"class_list":{"0":"post-13857","1":"product","2":"type-product","3":"status-publish","4":"has-post-thumbnail","6":"product_cat-einzelausgaben","7":"product_tag-2925","9":"first","10":"instock","11":"downloadable","12":"virtual","13":"taxable","14":"purchasable","15":"product-type-simple"},"acf":[],"yoast_head":"<!-- This site is optimized with the Yoast SEO plugin v27.5 - https:\/\/yoast.com\/product\/yoast-seo-wordpress\/ -->\n<title>Organisator Ausgabe 10\/1980 - Organisator<\/title>\n<meta name=\"description\" content=\"Erhalte die deutschsprachige Fachzeitschrift \u00aborganisator\u00bb in der Ausgabe 10\/1980 als PDF-Download mit nachfolgendem Inhaltsverzeichnis:\" \/>\n<meta name=\"robots\" content=\"index, follow, max-snippet:-1, max-image-preview:large, max-video-preview:-1\" \/>\n<link rel=\"canonical\" href=\"https:\/\/www.organisator.ch\/de\/produkt\/organisator-ausgabe-10-1980\/\" \/>\n<meta property=\"og:locale\" content=\"de_DE\" \/>\n<meta property=\"og:type\" content=\"article\" \/>\n<meta property=\"og:title\" content=\"Organisator Ausgabe 10\/1980 - Organisator\" \/>\n<meta property=\"og:description\" content=\"Erhalte die deutschsprachige Fachzeitschrift \u00aborganisator\u00bb in der Ausgabe 10\/1980 als PDF-Download mit nachfolgendem Inhaltsverzeichnis:\" \/>\n<meta property=\"og:url\" content=\"https:\/\/www.organisator.ch\/de\/produkt\/organisator-ausgabe-10-1980\/\" \/>\n<meta property=\"og:site_name\" content=\"Organisator\" \/>\n<meta property=\"article:publisher\" content=\"https:\/\/www.facebook.com\/OrganisatorFachmagazin\" \/>\n<meta property=\"article:modified_time\" content=\"2022-06-08T03:47:11+00:00\" \/>\n<meta property=\"og:image\" content=\"https:\/\/www.organisator.ch\/wp-content\/uploads\/2022\/06\/organisator_1980_10.png\" \/>\n\t<meta property=\"og:image:width\" content=\"654\" \/>\n\t<meta property=\"og:image:height\" content=\"370\" \/>\n\t<meta property=\"og:image:type\" content=\"image\/png\" \/>\n<meta name=\"twitter:card\" content=\"summary_large_image\" \/>\n<script type=\"application\/ld+json\" class=\"yoast-schema-graph\">{\"@context\":\"https:\\\/\\\/schema.org\",\"@graph\":[{\"@type\":\"WebPage\",\"@id\":\"https:\\\/\\\/www.organisator.ch\\\/de\\\/produkt\\\/organisator-ausgabe-10-1980\\\/\",\"url\":\"https:\\\/\\\/www.organisator.ch\\\/de\\\/produkt\\\/organisator-ausgabe-10-1980\\\/\",\"name\":\"Organisator Ausgabe 10\\\/1980 - Organisator\",\"isPartOf\":{\"@id\":\"https:\\\/\\\/www.organisator.ch\\\/#website\"},\"primaryImageOfPage\":{\"@id\":\"https:\\\/\\\/www.organisator.ch\\\/de\\\/produkt\\\/organisator-ausgabe-10-1980\\\/#primaryimage\"},\"image\":{\"@id\":\"https:\\\/\\\/www.organisator.ch\\\/de\\\/produkt\\\/organisator-ausgabe-10-1980\\\/#primaryimage\"},\"thumbnailUrl\":\"https:\\\/\\\/www.organisator.ch\\\/wp-content\\\/uploads\\\/2022\\\/06\\\/organisator_1980_10.png\",\"datePublished\":\"2022-06-08T03:46:51+00:00\",\"dateModified\":\"2022-06-08T03:47:11+00:00\",\"description\":\"Erhalte die deutschsprachige Fachzeitschrift \u00aborganisator\u00bb in der Ausgabe 10\\\/1980 als PDF-Download mit nachfolgendem Inhaltsverzeichnis:\",\"breadcrumb\":{\"@id\":\"https:\\\/\\\/www.organisator.ch\\\/de\\\/produkt\\\/organisator-ausgabe-10-1980\\\/#breadcrumb\"},\"inLanguage\":\"de\",\"potentialAction\":[{\"@type\":\"ReadAction\",\"target\":[\"https:\\\/\\\/www.organisator.ch\\\/de\\\/produkt\\\/organisator-ausgabe-10-1980\\\/\"]}]},{\"@type\":\"ImageObject\",\"inLanguage\":\"de\",\"@id\":\"https:\\\/\\\/www.organisator.ch\\\/de\\\/produkt\\\/organisator-ausgabe-10-1980\\\/#primaryimage\",\"url\":\"https:\\\/\\\/www.organisator.ch\\\/wp-content\\\/uploads\\\/2022\\\/06\\\/organisator_1980_10.png\",\"contentUrl\":\"https:\\\/\\\/www.organisator.ch\\\/wp-content\\\/uploads\\\/2022\\\/06\\\/organisator_1980_10.png\",\"width\":654,\"height\":370},{\"@type\":\"BreadcrumbList\",\"@id\":\"https:\\\/\\\/www.organisator.ch\\\/de\\\/produkt\\\/organisator-ausgabe-10-1980\\\/#breadcrumb\",\"itemListElement\":[{\"@type\":\"ListItem\",\"position\":1,\"name\":\"Home\",\"item\":\"https:\\\/\\\/www.organisator.ch\\\/\"},{\"@type\":\"ListItem\",\"position\":2,\"name\":\"Shop\",\"item\":\"https:\\\/\\\/www.organisator.ch\\\/fr\\\/shop\\\/\"},{\"@type\":\"ListItem\",\"position\":3,\"name\":\"Organisator Ausgabe 10\\\/1980\"}]},{\"@type\":\"WebSite\",\"@id\":\"https:\\\/\\\/www.organisator.ch\\\/#website\",\"url\":\"https:\\\/\\\/www.organisator.ch\\\/\",\"name\":\"Organisator\",\"description\":\"Kompetent. Praxisnah. Der ORGANISATOR bereitet in 10 Ausgaben pro Jahr die wesentlichen Themen f\u00fcr F\u00fchrungskr\u00e4fte von KMU auf.\",\"publisher\":{\"@id\":\"https:\\\/\\\/www.organisator.ch\\\/#organization\"},\"potentialAction\":[{\"@type\":\"SearchAction\",\"target\":{\"@type\":\"EntryPoint\",\"urlTemplate\":\"https:\\\/\\\/www.organisator.ch\\\/?s={search_term_string}\"},\"query-input\":{\"@type\":\"PropertyValueSpecification\",\"valueRequired\":true,\"valueName\":\"search_term_string\"}}],\"inLanguage\":\"de\"},{\"@type\":\"Organization\",\"@id\":\"https:\\\/\\\/www.organisator.ch\\\/#organization\",\"name\":\"Organisator\",\"url\":\"https:\\\/\\\/www.organisator.ch\\\/\",\"logo\":{\"@type\":\"ImageObject\",\"inLanguage\":\"de\",\"@id\":\"https:\\\/\\\/www.organisator.ch\\\/#\\\/schema\\\/logo\\\/image\\\/\",\"url\":\"https:\\\/\\\/www.organisator.ch\\\/wp-content\\\/uploads\\\/2022\\\/01\\\/Logo_Organisator_Website.png\",\"contentUrl\":\"https:\\\/\\\/www.organisator.ch\\\/wp-content\\\/uploads\\\/2022\\\/01\\\/Logo_Organisator_Website.png\",\"width\":800,\"height\":77,\"caption\":\"Organisator\"},\"image\":{\"@id\":\"https:\\\/\\\/www.organisator.ch\\\/#\\\/schema\\\/logo\\\/image\\\/\"},\"sameAs\":[\"https:\\\/\\\/www.facebook.com\\\/OrganisatorFachmagazin\",\"https:\\\/\\\/www.linkedin.com\\\/showcase\\\/organisator-das-magazin-fr-kmu\",\"https:\\\/\\\/www.xing.com\\\/news\\\/pages\\\/organisator-ch-695\",\"https:\\\/\\\/www.youtube.com\\\/channel\\\/UCGP2Sq0iWaZwT3BdIAQFYpw\"]}]}<\/script>\n<!-- \/ Yoast SEO plugin. -->","yoast_head_json":{"title":"Organisator Ausgabe 10\/1980 - Organisator","description":"Erhalte die deutschsprachige Fachzeitschrift \u00aborganisator\u00bb in der Ausgabe 10\/1980 als PDF-Download mit nachfolgendem Inhaltsverzeichnis:","robots":{"index":"index","follow":"follow","max-snippet":"max-snippet:-1","max-image-preview":"max-image-preview:large","max-video-preview":"max-video-preview:-1"},"canonical":"https:\/\/www.organisator.ch\/de\/produkt\/organisator-ausgabe-10-1980\/","og_locale":"de_DE","og_type":"article","og_title":"Organisator Ausgabe 10\/1980 - Organisator","og_description":"Erhalte die deutschsprachige Fachzeitschrift \u00aborganisator\u00bb in der Ausgabe 10\/1980 als PDF-Download mit nachfolgendem Inhaltsverzeichnis:","og_url":"https:\/\/www.organisator.ch\/de\/produkt\/organisator-ausgabe-10-1980\/","og_site_name":"Organisator","article_publisher":"https:\/\/www.facebook.com\/OrganisatorFachmagazin","article_modified_time":"2022-06-08T03:47:11+00:00","og_image":[{"width":654,"height":370,"url":"https:\/\/www.organisator.ch\/wp-content\/uploads\/2022\/06\/organisator_1980_10.png","type":"image\/png"}],"twitter_card":"summary_large_image","schema":{"@context":"https:\/\/schema.org","@graph":[{"@type":"WebPage","@id":"https:\/\/www.organisator.ch\/de\/produkt\/organisator-ausgabe-10-1980\/","url":"https:\/\/www.organisator.ch\/de\/produkt\/organisator-ausgabe-10-1980\/","name":"Organisator Ausgabe 10\/1980 - Organisator","isPartOf":{"@id":"https:\/\/www.organisator.ch\/#website"},"primaryImageOfPage":{"@id":"https:\/\/www.organisator.ch\/de\/produkt\/organisator-ausgabe-10-1980\/#primaryimage"},"image":{"@id":"https:\/\/www.organisator.ch\/de\/produkt\/organisator-ausgabe-10-1980\/#primaryimage"},"thumbnailUrl":"https:\/\/www.organisator.ch\/wp-content\/uploads\/2022\/06\/organisator_1980_10.png","datePublished":"2022-06-08T03:46:51+00:00","dateModified":"2022-06-08T03:47:11+00:00","description":"Erhalte die deutschsprachige Fachzeitschrift \u00aborganisator\u00bb in der Ausgabe 10\/1980 als PDF-Download mit nachfolgendem Inhaltsverzeichnis:","breadcrumb":{"@id":"https:\/\/www.organisator.ch\/de\/produkt\/organisator-ausgabe-10-1980\/#breadcrumb"},"inLanguage":"de","potentialAction":[{"@type":"ReadAction","target":["https:\/\/www.organisator.ch\/de\/produkt\/organisator-ausgabe-10-1980\/"]}]},{"@type":"ImageObject","inLanguage":"de","@id":"https:\/\/www.organisator.ch\/de\/produkt\/organisator-ausgabe-10-1980\/#primaryimage","url":"https:\/\/www.organisator.ch\/wp-content\/uploads\/2022\/06\/organisator_1980_10.png","contentUrl":"https:\/\/www.organisator.ch\/wp-content\/uploads\/2022\/06\/organisator_1980_10.png","width":654,"height":370},{"@type":"BreadcrumbList","@id":"https:\/\/www.organisator.ch\/de\/produkt\/organisator-ausgabe-10-1980\/#breadcrumb","itemListElement":[{"@type":"ListItem","position":1,"name":"Home","item":"https:\/\/www.organisator.ch\/"},{"@type":"ListItem","position":2,"name":"Shop","item":"https:\/\/www.organisator.ch\/fr\/shop\/"},{"@type":"ListItem","position":3,"name":"Organisator Ausgabe 10\/1980"}]},{"@type":"WebSite","@id":"https:\/\/www.organisator.ch\/#website","url":"https:\/\/www.organisator.ch\/","name":"Organisator","description":"Kompetent. Praxisnah. Der ORGANISATOR bereitet in 10 Ausgaben pro Jahr die wesentlichen Themen f\u00fcr F\u00fchrungskr\u00e4fte von KMU auf.","publisher":{"@id":"https:\/\/www.organisator.ch\/#organization"},"potentialAction":[{"@type":"SearchAction","target":{"@type":"EntryPoint","urlTemplate":"https:\/\/www.organisator.ch\/?s={search_term_string}"},"query-input":{"@type":"PropertyValueSpecification","valueRequired":true,"valueName":"search_term_string"}}],"inLanguage":"de"},{"@type":"Organization","@id":"https:\/\/www.organisator.ch\/#organization","name":"Organisator","url":"https:\/\/www.organisator.ch\/","logo":{"@type":"ImageObject","inLanguage":"de","@id":"https:\/\/www.organisator.ch\/#\/schema\/logo\/image\/","url":"https:\/\/www.organisator.ch\/wp-content\/uploads\/2022\/01\/Logo_Organisator_Website.png","contentUrl":"https:\/\/www.organisator.ch\/wp-content\/uploads\/2022\/01\/Logo_Organisator_Website.png","width":800,"height":77,"caption":"Organisator"},"image":{"@id":"https:\/\/www.organisator.ch\/#\/schema\/logo\/image\/"},"sameAs":["https:\/\/www.facebook.com\/OrganisatorFachmagazin","https:\/\/www.linkedin.com\/showcase\/organisator-das-magazin-fr-kmu","https:\/\/www.xing.com\/news\/pages\/organisator-ch-695","https:\/\/www.youtube.com\/channel\/UCGP2Sq0iWaZwT3BdIAQFYpw"]}]}},"_links":{"self":[{"href":"https:\/\/www.organisator.ch\/de\/wp-json\/wp\/v2\/product\/13857","targetHints":{"allow":["GET"]}}],"collection":[{"href":"https:\/\/www.organisator.ch\/de\/wp-json\/wp\/v2\/product"}],"about":[{"href":"https:\/\/www.organisator.ch\/de\/wp-json\/wp\/v2\/types\/product"}],"wp:featuredmedia":[{"embeddable":true,"href":"https:\/\/www.organisator.ch\/de\/wp-json\/wp\/v2\/media\/13859"}],"wp:attachment":[{"href":"https:\/\/www.organisator.ch\/de\/wp-json\/wp\/v2\/media?parent=13857"}],"wp:term":[{"taxonomy":"product_brand","embeddable":true,"href":"https:\/\/www.organisator.ch\/de\/wp-json\/wp\/v2\/product_brand?post=13857"},{"taxonomy":"product_cat","embeddable":true,"href":"https:\/\/www.organisator.ch\/de\/wp-json\/wp\/v2\/product_cat?post=13857"},{"taxonomy":"product_tag","embeddable":true,"href":"https:\/\/www.organisator.ch\/de\/wp-json\/wp\/v2\/product_tag?post=13857"}],"curies":[{"name":"wp","href":"https:\/\/api.w.org\/{rel}","templated":true}]}}