{"id":13873,"date":"2022-06-08T09:27:59","date_gmt":"2022-06-08T07:27:59","guid":{"rendered":"https:\/\/www.organisator.ch\/?post_type=product&#038;p=13873"},"modified":"2022-06-08T09:28:01","modified_gmt":"2022-06-08T07:28:01","slug":"organisator-ausgabe-6-1980","status":"publish","type":"product","link":"https:\/\/www.organisator.ch\/de\/produkt\/organisator-ausgabe-6-1980\/","title":{"rendered":"Organisator Ausgabe 6\/1980"},"content":{"rendered":"<h2>Unsere Rubriken des Monats<\/h2>\n<ul>\n<li>B\u00fccher f\u00fcr Sie<\/li>\n<li>Seite des Lesers<\/li>\n<li>Wirtschaftsmonat<\/li>\n<li>Was heisst das f\u00fcr mich?<\/li>\n<li>Buchhaltungstips<\/li>\n<li>ORGANISATOR-Seminare<\/li>\n<li>Besinnung<\/li>\n<li>ORGANISATOR-Angebote<\/li>\n<li>Gesundheit und Erholung<\/li>\n<li>Lesekonzentrate<\/li>\n<li>Produkte + Dienstleistungen<\/li>\n<li>Kurse und Tagungen<\/li>\n<li>Tarantel<\/li>\n<\/ul>\n<h2>Wirtschaft Unternehmensf\u00fchrung<\/h2>\n<ul>\n<li>Das Buch zur Information Bildung und Unterhaltung<\/li>\n<li>Unstabilitat in der Wirtschaft<\/li>\n<li>Zwei-Einkommen-Familien pr\u00e4gen Konsumm\u00e4rkte<\/li>\n<li>Probleme der Nachfolge<\/li>\n<li>Informationsbeschaffung und Entscheidungenbei Innovation<\/li>\n<li>Einkaufen &#8211; ein Erlebnis<\/li>\n<li>Umweltfreundliche Sprays<\/li>\n<li>Ernst macht Ernst<\/li>\n<li>Butec &#8211; Einkaufs- Organisation schweizerischer B\u00fcrotechnik-Fachgesch\u00e4fte<\/li>\n<\/ul>\n<h2>Mensch und Arbeit Personalwesen<\/h2>\n<ul>\n<li>Das Buch zur Information, Bildung und Unterhaltung<\/li>\n<li>Fehler in der Mitarbeiterf\u00fch rung<\/li>\n<li>Seinen eigenen Chef f\u00fchren<\/li>\n<li>T\u00e4glicher Anschiss?<\/li>\n<li>Motivation und Incentives<\/li>\n<li>Die versteckten Botschaften von Managern<\/li>\n<li>Spezialeins\u00e4tze intern\/extern<\/li>\n<li>Brosch\u00fcre zu den Berufen<\/li>\n<li>Chemie- und Verfahrensinge nieure<\/li>\n<\/ul>\n<h2>Organisation B\u00fcro- und Datentechnik<\/h2>\n<ul>\n<li>Das Buch zur Information Bildung und Unterhaltung<\/li>\n<li>Ein Standort- und Trendberichl nach der gr\u00f6ssten B\u00fcro fachmesse der Welt (Hannover)<\/li>\n<li>Kompetenzfragen<\/li>\n<li>B\u00fcroautomation wartet auf neue Dienstleistungsangebote<\/li>\n<li>B\u00fcrodienste zur Verf\u00fcgung stellen<\/li>\n<li>DS 990 Modell 1 und 2 von Texasinstruments<\/li>\n<li>Tecop &#8211; durch einfachen Ta stendruck w\u00e4hlbar<\/li>\n<li>Diktierger\u00e4te immer noch Stiefkinder der Ausbildung<\/li>\n<li>Gewusst wie!<\/li>\n<li>Von der B\u00fcro-Offset zur Hausdruckerei<\/li>\n<li>Bewegliche Ordnung<\/li>\n<li>NCR 2125<\/li>\n<li>Accodata &#8211; Superline &#8211; EDV- Ablagesystem<\/li>\n<\/ul>\n<h2>Betriebswirtschaft Rechnungswesen<\/h2>\n<ul>\n<li>Das Buch zur Information Bildung und Unterhaltung<\/li>\n<li>79 Wagnisfinanzierung<\/li>\n<li>Franchising<\/li>\n<li>Investitionsrechnung aktuell<\/li>\n<li>Die Revolte der Geldgeber<\/li>\n<li>Insolvenzprognosen<\/li>\n<li>Rechnungswesen &#8211; ein not wendiges \u00dcbel?<\/li>\n<\/ul>\n<h2>Verkauf\/HandelMarketing\/Werbung<\/h2>\n<ul>\n<li>Das Buch zur Information,<\/li>\n<li>Bildung und Unterhaltung<\/li>\n<li>Die Verpackung als Mittel der Verkaufsf\u00f6rderung<\/li>\n<li>Direktwerbung mit Spezialisten<\/li>\n<li>Audiovisuelle Medien im Verkauf<\/li>\n<li>Unternehmung und Konsumentenschutz<\/li>\n<li>Optimale Verpackung<\/li>\n<li>Swisspack 80<\/li>\n<li>Sack ist nicht gleich Sack<\/li>\n<li>Neuer OCR-Etiketten- drucker<\/li>\n<li>Flaschen unzerbrechlich verpacken<\/li>\n<li>Die Bandfix AG an der<\/li>\n<li>Swisspack 80<\/li>\n<\/ul>\n<h2>Materialwirtschaft Produktion\/Transport<\/h2>\n<ul>\n<li>Optimale Verpackung<\/li>\n<li>Instandhaltbarkeit<\/li>\n<li>Swisspack 80<\/li>\n<li>Butec &#8211; Einkaufs-Organisation schweizerischer B\u00fcrotechnik-Fachgesch\u00e4fte<\/li>\n<li>Sack ist nicht gleich Sack<\/li>\n<li>Neuer OCR-Etiketten-drucker<\/li>\n<li>Flaschen unzerbrechlich verpacken<\/li>\n<li>Die Bandfix AG an der Swisspack 80<\/li>\n<\/ul>\n","protected":false},"excerpt":{"rendered":"<p>Erhalte die deutschsprachige Fachzeitschrift \u00aborganisator\u00bb in der Ausgabe 6\/1980 als PDF-Download mit nachfolgendem Inhaltsverzeichnis:<\/p>\n","protected":false},"featured_media":13875,"template":"","meta":{"_acf_changed":false,"articlekey":""},"product_brand":[],"product_cat":[546],"product_tag":[2925],"class_list":{"0":"post-13873","1":"product","2":"type-product","3":"status-publish","4":"has-post-thumbnail","6":"product_cat-einzelausgaben","7":"product_tag-2925","9":"first","10":"instock","11":"downloadable","12":"virtual","13":"taxable","14":"purchasable","15":"product-type-simple"},"acf":[],"yoast_head":"<!-- This site is optimized with the Yoast SEO plugin v27.5 - https:\/\/yoast.com\/product\/yoast-seo-wordpress\/ -->\n<title>Organisator Ausgabe 6\/1980 - Organisator<\/title>\n<meta name=\"description\" content=\"Erhalte die deutschsprachige Fachzeitschrift \u00aborganisator\u00bb in der Ausgabe 6\/1980 als PDF-Download mit nachfolgendem Inhaltsverzeichnis:\" \/>\n<meta name=\"robots\" content=\"index, follow, max-snippet:-1, max-image-preview:large, max-video-preview:-1\" \/>\n<link rel=\"canonical\" href=\"https:\/\/www.organisator.ch\/de\/produkt\/organisator-ausgabe-6-1980\/\" \/>\n<meta property=\"og:locale\" content=\"de_DE\" \/>\n<meta property=\"og:type\" content=\"article\" \/>\n<meta property=\"og:title\" content=\"Organisator Ausgabe 6\/1980 - Organisator\" \/>\n<meta property=\"og:description\" content=\"Erhalte die deutschsprachige Fachzeitschrift \u00aborganisator\u00bb in der Ausgabe 6\/1980 als PDF-Download mit nachfolgendem Inhaltsverzeichnis:\" \/>\n<meta property=\"og:url\" content=\"https:\/\/www.organisator.ch\/de\/produkt\/organisator-ausgabe-6-1980\/\" \/>\n<meta property=\"og:site_name\" content=\"Organisator\" \/>\n<meta property=\"article:publisher\" content=\"https:\/\/www.facebook.com\/OrganisatorFachmagazin\" \/>\n<meta property=\"article:modified_time\" content=\"2022-06-08T07:28:01+00:00\" \/>\n<meta property=\"og:image\" content=\"https:\/\/www.organisator.ch\/wp-content\/uploads\/2022\/06\/organisator_1980_6.png\" \/>\n\t<meta property=\"og:image:width\" content=\"654\" \/>\n\t<meta property=\"og:image:height\" content=\"370\" \/>\n\t<meta property=\"og:image:type\" content=\"image\/png\" \/>\n<meta name=\"twitter:card\" content=\"summary_large_image\" \/>\n<script type=\"application\/ld+json\" class=\"yoast-schema-graph\">{\"@context\":\"https:\\\/\\\/schema.org\",\"@graph\":[{\"@type\":\"WebPage\",\"@id\":\"https:\\\/\\\/www.organisator.ch\\\/it\\\/prodotto\\\/organisator-ausgabe-6-1980\\\/\",\"url\":\"https:\\\/\\\/www.organisator.ch\\\/it\\\/prodotto\\\/organisator-ausgabe-6-1980\\\/\",\"name\":\"Organisator Ausgabe 6\\\/1980 - Organisator\",\"isPartOf\":{\"@id\":\"https:\\\/\\\/www.organisator.ch\\\/#website\"},\"primaryImageOfPage\":{\"@id\":\"https:\\\/\\\/www.organisator.ch\\\/it\\\/prodotto\\\/organisator-ausgabe-6-1980\\\/#primaryimage\"},\"image\":{\"@id\":\"https:\\\/\\\/www.organisator.ch\\\/it\\\/prodotto\\\/organisator-ausgabe-6-1980\\\/#primaryimage\"},\"thumbnailUrl\":\"https:\\\/\\\/www.organisator.ch\\\/wp-content\\\/uploads\\\/2022\\\/06\\\/organisator_1980_6.png\",\"datePublished\":\"2022-06-08T07:27:59+00:00\",\"dateModified\":\"2022-06-08T07:28:01+00:00\",\"description\":\"Erhalte die deutschsprachige Fachzeitschrift \u00aborganisator\u00bb in der Ausgabe 6\\\/1980 als PDF-Download mit nachfolgendem Inhaltsverzeichnis:\",\"breadcrumb\":{\"@id\":\"https:\\\/\\\/www.organisator.ch\\\/it\\\/prodotto\\\/organisator-ausgabe-6-1980\\\/#breadcrumb\"},\"inLanguage\":\"de\",\"potentialAction\":[{\"@type\":\"ReadAction\",\"target\":[\"https:\\\/\\\/www.organisator.ch\\\/it\\\/prodotto\\\/organisator-ausgabe-6-1980\\\/\"]}]},{\"@type\":\"ImageObject\",\"inLanguage\":\"de\",\"@id\":\"https:\\\/\\\/www.organisator.ch\\\/it\\\/prodotto\\\/organisator-ausgabe-6-1980\\\/#primaryimage\",\"url\":\"https:\\\/\\\/www.organisator.ch\\\/wp-content\\\/uploads\\\/2022\\\/06\\\/organisator_1980_6.png\",\"contentUrl\":\"https:\\\/\\\/www.organisator.ch\\\/wp-content\\\/uploads\\\/2022\\\/06\\\/organisator_1980_6.png\",\"width\":654,\"height\":370},{\"@type\":\"BreadcrumbList\",\"@id\":\"https:\\\/\\\/www.organisator.ch\\\/it\\\/prodotto\\\/organisator-ausgabe-6-1980\\\/#breadcrumb\",\"itemListElement\":[{\"@type\":\"ListItem\",\"position\":1,\"name\":\"Home\",\"item\":\"https:\\\/\\\/www.organisator.ch\\\/\"},{\"@type\":\"ListItem\",\"position\":2,\"name\":\"Shop\",\"item\":\"https:\\\/\\\/www.organisator.ch\\\/fr\\\/shop\\\/\"},{\"@type\":\"ListItem\",\"position\":3,\"name\":\"Organisator Ausgabe 6\\\/1980\"}]},{\"@type\":\"WebSite\",\"@id\":\"https:\\\/\\\/www.organisator.ch\\\/#website\",\"url\":\"https:\\\/\\\/www.organisator.ch\\\/\",\"name\":\"Organisator\",\"description\":\"Kompetent. Praxisnah. Der ORGANISATOR bereitet in 10 Ausgaben pro Jahr die wesentlichen Themen f\u00fcr F\u00fchrungskr\u00e4fte von KMU auf.\",\"publisher\":{\"@id\":\"https:\\\/\\\/www.organisator.ch\\\/#organization\"},\"potentialAction\":[{\"@type\":\"SearchAction\",\"target\":{\"@type\":\"EntryPoint\",\"urlTemplate\":\"https:\\\/\\\/www.organisator.ch\\\/?s={search_term_string}\"},\"query-input\":{\"@type\":\"PropertyValueSpecification\",\"valueRequired\":true,\"valueName\":\"search_term_string\"}}],\"inLanguage\":\"de\"},{\"@type\":\"Organization\",\"@id\":\"https:\\\/\\\/www.organisator.ch\\\/#organization\",\"name\":\"Organisator\",\"url\":\"https:\\\/\\\/www.organisator.ch\\\/\",\"logo\":{\"@type\":\"ImageObject\",\"inLanguage\":\"de\",\"@id\":\"https:\\\/\\\/www.organisator.ch\\\/#\\\/schema\\\/logo\\\/image\\\/\",\"url\":\"https:\\\/\\\/www.organisator.ch\\\/wp-content\\\/uploads\\\/2022\\\/01\\\/Logo_Organisator_Website.png\",\"contentUrl\":\"https:\\\/\\\/www.organisator.ch\\\/wp-content\\\/uploads\\\/2022\\\/01\\\/Logo_Organisator_Website.png\",\"width\":800,\"height\":77,\"caption\":\"Organisator\"},\"image\":{\"@id\":\"https:\\\/\\\/www.organisator.ch\\\/#\\\/schema\\\/logo\\\/image\\\/\"},\"sameAs\":[\"https:\\\/\\\/www.facebook.com\\\/OrganisatorFachmagazin\",\"https:\\\/\\\/www.linkedin.com\\\/showcase\\\/organisator-das-magazin-fr-kmu\",\"https:\\\/\\\/www.xing.com\\\/news\\\/pages\\\/organisator-ch-695\",\"https:\\\/\\\/www.youtube.com\\\/channel\\\/UCGP2Sq0iWaZwT3BdIAQFYpw\"]}]}<\/script>\n<!-- \/ Yoast SEO plugin. -->","yoast_head_json":{"title":"Organisator Ausgabe 6\/1980 - Organisator","description":"Erhalte die deutschsprachige Fachzeitschrift \u00aborganisator\u00bb in der Ausgabe 6\/1980 als PDF-Download mit nachfolgendem Inhaltsverzeichnis:","robots":{"index":"index","follow":"follow","max-snippet":"max-snippet:-1","max-image-preview":"max-image-preview:large","max-video-preview":"max-video-preview:-1"},"canonical":"https:\/\/www.organisator.ch\/de\/produkt\/organisator-ausgabe-6-1980\/","og_locale":"de_DE","og_type":"article","og_title":"Organisator Ausgabe 6\/1980 - Organisator","og_description":"Erhalte die deutschsprachige Fachzeitschrift \u00aborganisator\u00bb in der Ausgabe 6\/1980 als PDF-Download mit nachfolgendem Inhaltsverzeichnis:","og_url":"https:\/\/www.organisator.ch\/de\/produkt\/organisator-ausgabe-6-1980\/","og_site_name":"Organisator","article_publisher":"https:\/\/www.facebook.com\/OrganisatorFachmagazin","article_modified_time":"2022-06-08T07:28:01+00:00","og_image":[{"width":654,"height":370,"url":"https:\/\/www.organisator.ch\/wp-content\/uploads\/2022\/06\/organisator_1980_6.png","type":"image\/png"}],"twitter_card":"summary_large_image","schema":{"@context":"https:\/\/schema.org","@graph":[{"@type":"WebPage","@id":"https:\/\/www.organisator.ch\/it\/prodotto\/organisator-ausgabe-6-1980\/","url":"https:\/\/www.organisator.ch\/it\/prodotto\/organisator-ausgabe-6-1980\/","name":"Organisator Ausgabe 6\/1980 - Organisator","isPartOf":{"@id":"https:\/\/www.organisator.ch\/#website"},"primaryImageOfPage":{"@id":"https:\/\/www.organisator.ch\/it\/prodotto\/organisator-ausgabe-6-1980\/#primaryimage"},"image":{"@id":"https:\/\/www.organisator.ch\/it\/prodotto\/organisator-ausgabe-6-1980\/#primaryimage"},"thumbnailUrl":"https:\/\/www.organisator.ch\/wp-content\/uploads\/2022\/06\/organisator_1980_6.png","datePublished":"2022-06-08T07:27:59+00:00","dateModified":"2022-06-08T07:28:01+00:00","description":"Erhalte die deutschsprachige Fachzeitschrift \u00aborganisator\u00bb in der Ausgabe 6\/1980 als PDF-Download mit nachfolgendem Inhaltsverzeichnis:","breadcrumb":{"@id":"https:\/\/www.organisator.ch\/it\/prodotto\/organisator-ausgabe-6-1980\/#breadcrumb"},"inLanguage":"de","potentialAction":[{"@type":"ReadAction","target":["https:\/\/www.organisator.ch\/it\/prodotto\/organisator-ausgabe-6-1980\/"]}]},{"@type":"ImageObject","inLanguage":"de","@id":"https:\/\/www.organisator.ch\/it\/prodotto\/organisator-ausgabe-6-1980\/#primaryimage","url":"https:\/\/www.organisator.ch\/wp-content\/uploads\/2022\/06\/organisator_1980_6.png","contentUrl":"https:\/\/www.organisator.ch\/wp-content\/uploads\/2022\/06\/organisator_1980_6.png","width":654,"height":370},{"@type":"BreadcrumbList","@id":"https:\/\/www.organisator.ch\/it\/prodotto\/organisator-ausgabe-6-1980\/#breadcrumb","itemListElement":[{"@type":"ListItem","position":1,"name":"Home","item":"https:\/\/www.organisator.ch\/"},{"@type":"ListItem","position":2,"name":"Shop","item":"https:\/\/www.organisator.ch\/fr\/shop\/"},{"@type":"ListItem","position":3,"name":"Organisator Ausgabe 6\/1980"}]},{"@type":"WebSite","@id":"https:\/\/www.organisator.ch\/#website","url":"https:\/\/www.organisator.ch\/","name":"Organisator","description":"Kompetent. Praxisnah. Der ORGANISATOR bereitet in 10 Ausgaben pro Jahr die wesentlichen Themen f\u00fcr F\u00fchrungskr\u00e4fte von KMU auf.","publisher":{"@id":"https:\/\/www.organisator.ch\/#organization"},"potentialAction":[{"@type":"SearchAction","target":{"@type":"EntryPoint","urlTemplate":"https:\/\/www.organisator.ch\/?s={search_term_string}"},"query-input":{"@type":"PropertyValueSpecification","valueRequired":true,"valueName":"search_term_string"}}],"inLanguage":"de"},{"@type":"Organization","@id":"https:\/\/www.organisator.ch\/#organization","name":"Organisator","url":"https:\/\/www.organisator.ch\/","logo":{"@type":"ImageObject","inLanguage":"de","@id":"https:\/\/www.organisator.ch\/#\/schema\/logo\/image\/","url":"https:\/\/www.organisator.ch\/wp-content\/uploads\/2022\/01\/Logo_Organisator_Website.png","contentUrl":"https:\/\/www.organisator.ch\/wp-content\/uploads\/2022\/01\/Logo_Organisator_Website.png","width":800,"height":77,"caption":"Organisator"},"image":{"@id":"https:\/\/www.organisator.ch\/#\/schema\/logo\/image\/"},"sameAs":["https:\/\/www.facebook.com\/OrganisatorFachmagazin","https:\/\/www.linkedin.com\/showcase\/organisator-das-magazin-fr-kmu","https:\/\/www.xing.com\/news\/pages\/organisator-ch-695","https:\/\/www.youtube.com\/channel\/UCGP2Sq0iWaZwT3BdIAQFYpw"]}]}},"_links":{"self":[{"href":"https:\/\/www.organisator.ch\/de\/wp-json\/wp\/v2\/product\/13873","targetHints":{"allow":["GET"]}}],"collection":[{"href":"https:\/\/www.organisator.ch\/de\/wp-json\/wp\/v2\/product"}],"about":[{"href":"https:\/\/www.organisator.ch\/de\/wp-json\/wp\/v2\/types\/product"}],"wp:featuredmedia":[{"embeddable":true,"href":"https:\/\/www.organisator.ch\/de\/wp-json\/wp\/v2\/media\/13875"}],"wp:attachment":[{"href":"https:\/\/www.organisator.ch\/de\/wp-json\/wp\/v2\/media?parent=13873"}],"wp:term":[{"taxonomy":"product_brand","embeddable":true,"href":"https:\/\/www.organisator.ch\/de\/wp-json\/wp\/v2\/product_brand?post=13873"},{"taxonomy":"product_cat","embeddable":true,"href":"https:\/\/www.organisator.ch\/de\/wp-json\/wp\/v2\/product_cat?post=13873"},{"taxonomy":"product_tag","embeddable":true,"href":"https:\/\/www.organisator.ch\/de\/wp-json\/wp\/v2\/product_tag?post=13873"}],"curies":[{"name":"wp","href":"https:\/\/api.w.org\/{rel}","templated":true}]}}