{"id":13888,"date":"2022-06-08T10:19:50","date_gmt":"2022-06-08T08:19:50","guid":{"rendered":"https:\/\/www.organisator.ch\/?post_type=product&#038;p=13888"},"modified":"2022-06-08T10:19:51","modified_gmt":"2022-06-08T08:19:51","slug":"organisator-ausgabe-3-1980","status":"publish","type":"product","link":"https:\/\/www.organisator.ch\/de\/produkt\/organisator-ausgabe-3-1980\/","title":{"rendered":"Organisator Ausgabe 3\/1980"},"content":{"rendered":"<h2>Unsere Rubriken des Monats<\/h2>\n<ul>\n<li>B\u00fccher f\u00fcr Sie<\/li>\n<li>Wirtschaftsmonat<\/li>\n<li>Was heisst das f\u00fcr mich?<\/li>\n<li>ORGANISATOR-Seminare<\/li>\n<li>Besinnung<\/li>\n<li>ORGANISATOR-Angebote<\/li>\n<li>Steuertips<\/li>\n<li>Lesekonzentrate<\/li>\n<li>Produkte + Dienstleistungen<\/li>\n<li>Kurse und Tagungen<\/li>\n<li>Tarantel<\/li>\n<\/ul>\n<h2>Wirtschaft Unternehmensfiihrung<\/h2>\n<ul>\n<li>B\u00fccher f\u00fcr Sie<\/li>\n<li>Wirtschaftsmonat<\/li>\n<li>Von der Idee zur Realit\u00e4t<\/li>\n<li>Die munteren AHV- Klempner<\/li>\n<li>\u00abMitwirkung\u00bb ist oft mehr als \u00abMitbestimmung\u00bb<\/li>\n<li>Steuertips<\/li>\n<li>B\u00fcroproblem f\u00fcr Einmann- Firmen gel\u00f6st!<\/li>\n<li>Exporte nach Deutschland<\/li>\n<li>New Energy for the 80s<\/li>\n<li>Risiken der Dienstleistungs gesellschaft<\/li>\n<li>Chefnachfolge: Die Angst vor dem Kronprinzen<\/li>\n<li>Schattenboxen im Team<\/li>\n<li>G\u00fcnstige demografische Trends in den USA f\u00fcr die achtziger Jahre<\/li>\n<li>Das \u00dcberleben sichern<\/li>\n<\/ul>\n<h2>Mensch und Arbeit Personalwesen<\/h2>\n<ul>\n<li>B\u00fccher f\u00fcr Sie<\/li>\n<li>Die munteren AHV- Klempner<\/li>\n<li>Mitwirkung ist oft mehr als Mitbestimmung<\/li>\n<li>Fehler machen &#8211; Fehler ein gestehen<\/li>\n<li>ORGANISATOR-Seminare<\/li>\n<li>Besinnung: Motivation und kein Ende<\/li>\n<li>Steuertips<\/li>\n<li>Gute Sekret\u00e4rinnen sind rar<\/li>\n<li>Arbeitgeber-Darlehen<\/li>\n<li>Verhaltensbarrieren der Ent- scheidungsfindung<\/li>\n<li>Fotob\u00fccher f\u00fcr den Amateur<\/li>\n<li>Kurse und Tagungen<\/li>\n<\/ul>\n<h2>Organisation B\u00fcro- und Datentechnik<\/h2>\n<ul>\n<li>B\u00fccher f\u00fcr Sie<\/li>\n<li>B\u00fcro-Offset<\/li>\n<li>Wie funktioniert ihre Post bearbeitung?<\/li>\n<li>B\u00fcroproblem f\u00fcr Einmann firmen gel\u00f6st<\/li>\n<li>Chefnachfolge: Die Angst vor dem Kronprinzen<\/li>\n<li>Bildschirmtexte<\/li>\n<li>Dezentrale Datenerfassung<\/li>\n<li>Manager k\u00fcmmern sich zu wenig um ihre EDV<\/li>\n<li>Diaprojektions-ldee<\/li>\n<li>Verbesserter Locher<\/li>\n<li>Farbbildschirm<\/li>\n<li>Fortschritte der Kopiertech nologie<\/li>\n<li>Textsystem mit A4-Bildschirm<\/li>\n<li>Kompromissloser Kopierer<\/li>\n<li>Ideen auf Magnetband fest halten<\/li>\n<li>Dictaphone mit Computer technologie<\/li>\n<li>Farbige Computerdaten<\/li>\n<li>Computer inbegriffen<\/li>\n<li>Vydec-Textverarbeitungs-system<\/li>\n<li>Umfassendes Planungs system<\/li>\n<li>Schnelle Telexvorbereitung<\/li>\n<li>COM-Service gibt Auskunft<\/li>\n<li>Precisa3700<\/li>\n<li>Kurse und Tagungen<\/li>\n<\/ul>\n<h2>Betriebswirtschaft Rechnungswesen<\/h2>\n<ul>\n<li>B\u00fccher f\u00fcr Sie<\/li>\n<li>Steuertips<\/li>\n<li>Sind Checklisten wirklich praktisch?<\/li>\n<li>B\u00fcroproblem f\u00fcr Einmann firmen gel\u00f6st<\/li>\n<li>Arbeitgeber-Darlehen<\/li>\n<li>Bildschirmtexte<\/li>\n<li>Schattenboxem im Team<\/li>\n<li>F\u00fchrungsinformationen<\/li>\n<li>Steuerplanung aus betriebs wirtschaftlicher Sicht<\/li>\n<li>Finanzstruktur im Wandel<\/li>\n<li>Grafische Darstellung<\/li>\n<li>Stille Reserven<\/li>\n<li>Vorkalkulation mit APL<\/li>\n<li>Kurse und Tagungen<\/li>\n<\/ul>\n<h2>Verkauf\/Handel Marketing\/Werbung<\/h2>\n<ul>\n<li>B\u00fccher f\u00fcr Sie<\/li>\n<li>ORGANISATOR-Seminare<\/li>\n<li>Images statt Produkte ent wickeln<\/li>\n<li>Exporte nach Deutschland<\/li>\n<li>New Energy for the 80s<\/li>\n<li>Zusammenarbeit mit Werbe agenturen<\/li>\n<li>Verkaufsf\u00f6rderung 80<\/li>\n<li>Kurse und Tagungen<\/li>\n<\/ul>\n<h2>Materialwirtschaft Produktion\/Transport<\/h2>\n<ul>\n<li>Von der Idee zur Realit\u00e4t<\/li>\n<li>Sind Checklists wirklich praktisch?<\/li>\n<li>Images statt Produkte ent wickeln!<\/li>\n<li>Fertigungssteuerung mit EDV<\/li>\n<li>Fotob\u00fccher f\u00fcr den Amateur<\/li>\n<li>Kurse und Tagungen<\/li>\n<\/ul>\n","protected":false},"excerpt":{"rendered":"<p>Erhalte die deutschsprachige Fachzeitschrift \u00aborganisator\u00bb in der Ausgabe 3\/1980 als PDF-Download mit nachfolgendem Inhaltsverzeichnis:<\/p>\n","protected":false},"featured_media":13891,"template":"","meta":{"_acf_changed":false,"articlekey":""},"product_brand":[],"product_cat":[546],"product_tag":[2925],"class_list":{"0":"post-13888","1":"product","2":"type-product","3":"status-publish","4":"has-post-thumbnail","6":"product_cat-einzelausgaben","7":"product_tag-2925","9":"first","10":"instock","11":"downloadable","12":"virtual","13":"taxable","14":"purchasable","15":"product-type-simple"},"acf":[],"yoast_head":"<!-- This site is optimized with the Yoast SEO plugin v27.5 - https:\/\/yoast.com\/product\/yoast-seo-wordpress\/ -->\n<title>Organisator Ausgabe 3\/1980 - Organisator<\/title>\n<meta name=\"description\" content=\"Erhalte die deutschsprachige Fachzeitschrift \u00aborganisator\u00bb in der Ausgabe 3\/1980 als PDF-Download mit nachfolgendem Inhaltsverzeichnis:\" \/>\n<meta name=\"robots\" content=\"index, follow, max-snippet:-1, max-image-preview:large, max-video-preview:-1\" \/>\n<link rel=\"canonical\" href=\"https:\/\/www.organisator.ch\/de\/produkt\/organisator-ausgabe-3-1980\/\" \/>\n<meta property=\"og:locale\" content=\"de_DE\" \/>\n<meta property=\"og:type\" content=\"article\" \/>\n<meta property=\"og:title\" content=\"Organisator Ausgabe 3\/1980 - Organisator\" \/>\n<meta property=\"og:description\" content=\"Erhalte die deutschsprachige Fachzeitschrift \u00aborganisator\u00bb in der Ausgabe 3\/1980 als PDF-Download mit nachfolgendem Inhaltsverzeichnis:\" \/>\n<meta property=\"og:url\" content=\"https:\/\/www.organisator.ch\/de\/produkt\/organisator-ausgabe-3-1980\/\" \/>\n<meta property=\"og:site_name\" content=\"Organisator\" \/>\n<meta property=\"article:publisher\" content=\"https:\/\/www.facebook.com\/OrganisatorFachmagazin\" \/>\n<meta property=\"article:modified_time\" content=\"2022-06-08T08:19:51+00:00\" \/>\n<meta property=\"og:image\" content=\"https:\/\/www.organisator.ch\/wp-content\/uploads\/2022\/06\/organisator_1980_3.png\" \/>\n\t<meta property=\"og:image:width\" content=\"654\" \/>\n\t<meta property=\"og:image:height\" content=\"370\" \/>\n\t<meta property=\"og:image:type\" content=\"image\/png\" \/>\n<meta name=\"twitter:card\" content=\"summary_large_image\" \/>\n<script type=\"application\/ld+json\" class=\"yoast-schema-graph\">{\"@context\":\"https:\\\/\\\/schema.org\",\"@graph\":[{\"@type\":\"WebPage\",\"@id\":\"https:\\\/\\\/www.organisator.ch\\\/de\\\/produkt\\\/organisator-ausgabe-3-1980\\\/\",\"url\":\"https:\\\/\\\/www.organisator.ch\\\/de\\\/produkt\\\/organisator-ausgabe-3-1980\\\/\",\"name\":\"Organisator Ausgabe 3\\\/1980 - Organisator\",\"isPartOf\":{\"@id\":\"https:\\\/\\\/www.organisator.ch\\\/#website\"},\"primaryImageOfPage\":{\"@id\":\"https:\\\/\\\/www.organisator.ch\\\/de\\\/produkt\\\/organisator-ausgabe-3-1980\\\/#primaryimage\"},\"image\":{\"@id\":\"https:\\\/\\\/www.organisator.ch\\\/de\\\/produkt\\\/organisator-ausgabe-3-1980\\\/#primaryimage\"},\"thumbnailUrl\":\"https:\\\/\\\/www.organisator.ch\\\/wp-content\\\/uploads\\\/2022\\\/06\\\/organisator_1980_3.png\",\"datePublished\":\"2022-06-08T08:19:50+00:00\",\"dateModified\":\"2022-06-08T08:19:51+00:00\",\"description\":\"Erhalte die deutschsprachige Fachzeitschrift \u00aborganisator\u00bb in der Ausgabe 3\\\/1980 als PDF-Download mit nachfolgendem Inhaltsverzeichnis:\",\"breadcrumb\":{\"@id\":\"https:\\\/\\\/www.organisator.ch\\\/de\\\/produkt\\\/organisator-ausgabe-3-1980\\\/#breadcrumb\"},\"inLanguage\":\"de\",\"potentialAction\":[{\"@type\":\"ReadAction\",\"target\":[\"https:\\\/\\\/www.organisator.ch\\\/de\\\/produkt\\\/organisator-ausgabe-3-1980\\\/\"]}]},{\"@type\":\"ImageObject\",\"inLanguage\":\"de\",\"@id\":\"https:\\\/\\\/www.organisator.ch\\\/de\\\/produkt\\\/organisator-ausgabe-3-1980\\\/#primaryimage\",\"url\":\"https:\\\/\\\/www.organisator.ch\\\/wp-content\\\/uploads\\\/2022\\\/06\\\/organisator_1980_3.png\",\"contentUrl\":\"https:\\\/\\\/www.organisator.ch\\\/wp-content\\\/uploads\\\/2022\\\/06\\\/organisator_1980_3.png\",\"width\":654,\"height\":370},{\"@type\":\"BreadcrumbList\",\"@id\":\"https:\\\/\\\/www.organisator.ch\\\/de\\\/produkt\\\/organisator-ausgabe-3-1980\\\/#breadcrumb\",\"itemListElement\":[{\"@type\":\"ListItem\",\"position\":1,\"name\":\"Home\",\"item\":\"https:\\\/\\\/www.organisator.ch\\\/\"},{\"@type\":\"ListItem\",\"position\":2,\"name\":\"Shop\",\"item\":\"https:\\\/\\\/www.organisator.ch\\\/fr\\\/shop\\\/\"},{\"@type\":\"ListItem\",\"position\":3,\"name\":\"Organisator Ausgabe 3\\\/1980\"}]},{\"@type\":\"WebSite\",\"@id\":\"https:\\\/\\\/www.organisator.ch\\\/#website\",\"url\":\"https:\\\/\\\/www.organisator.ch\\\/\",\"name\":\"Organisator\",\"description\":\"Kompetent. Praxisnah. Der ORGANISATOR bereitet in 10 Ausgaben pro Jahr die wesentlichen Themen f\u00fcr F\u00fchrungskr\u00e4fte von KMU auf.\",\"publisher\":{\"@id\":\"https:\\\/\\\/www.organisator.ch\\\/#organization\"},\"potentialAction\":[{\"@type\":\"SearchAction\",\"target\":{\"@type\":\"EntryPoint\",\"urlTemplate\":\"https:\\\/\\\/www.organisator.ch\\\/?s={search_term_string}\"},\"query-input\":{\"@type\":\"PropertyValueSpecification\",\"valueRequired\":true,\"valueName\":\"search_term_string\"}}],\"inLanguage\":\"de\"},{\"@type\":\"Organization\",\"@id\":\"https:\\\/\\\/www.organisator.ch\\\/#organization\",\"name\":\"Organisator\",\"url\":\"https:\\\/\\\/www.organisator.ch\\\/\",\"logo\":{\"@type\":\"ImageObject\",\"inLanguage\":\"de\",\"@id\":\"https:\\\/\\\/www.organisator.ch\\\/#\\\/schema\\\/logo\\\/image\\\/\",\"url\":\"https:\\\/\\\/www.organisator.ch\\\/wp-content\\\/uploads\\\/2022\\\/01\\\/Logo_Organisator_Website.png\",\"contentUrl\":\"https:\\\/\\\/www.organisator.ch\\\/wp-content\\\/uploads\\\/2022\\\/01\\\/Logo_Organisator_Website.png\",\"width\":800,\"height\":77,\"caption\":\"Organisator\"},\"image\":{\"@id\":\"https:\\\/\\\/www.organisator.ch\\\/#\\\/schema\\\/logo\\\/image\\\/\"},\"sameAs\":[\"https:\\\/\\\/www.facebook.com\\\/OrganisatorFachmagazin\",\"https:\\\/\\\/www.linkedin.com\\\/showcase\\\/organisator-das-magazin-fr-kmu\",\"https:\\\/\\\/www.xing.com\\\/news\\\/pages\\\/organisator-ch-695\",\"https:\\\/\\\/www.youtube.com\\\/channel\\\/UCGP2Sq0iWaZwT3BdIAQFYpw\"]}]}<\/script>\n<!-- \/ Yoast SEO plugin. -->","yoast_head_json":{"title":"Organisator Ausgabe 3\/1980 - Organisator","description":"Erhalte die deutschsprachige Fachzeitschrift \u00aborganisator\u00bb in der Ausgabe 3\/1980 als PDF-Download mit nachfolgendem Inhaltsverzeichnis:","robots":{"index":"index","follow":"follow","max-snippet":"max-snippet:-1","max-image-preview":"max-image-preview:large","max-video-preview":"max-video-preview:-1"},"canonical":"https:\/\/www.organisator.ch\/de\/produkt\/organisator-ausgabe-3-1980\/","og_locale":"de_DE","og_type":"article","og_title":"Organisator Ausgabe 3\/1980 - Organisator","og_description":"Erhalte die deutschsprachige Fachzeitschrift \u00aborganisator\u00bb in der Ausgabe 3\/1980 als PDF-Download mit nachfolgendem Inhaltsverzeichnis:","og_url":"https:\/\/www.organisator.ch\/de\/produkt\/organisator-ausgabe-3-1980\/","og_site_name":"Organisator","article_publisher":"https:\/\/www.facebook.com\/OrganisatorFachmagazin","article_modified_time":"2022-06-08T08:19:51+00:00","og_image":[{"width":654,"height":370,"url":"https:\/\/www.organisator.ch\/wp-content\/uploads\/2022\/06\/organisator_1980_3.png","type":"image\/png"}],"twitter_card":"summary_large_image","schema":{"@context":"https:\/\/schema.org","@graph":[{"@type":"WebPage","@id":"https:\/\/www.organisator.ch\/de\/produkt\/organisator-ausgabe-3-1980\/","url":"https:\/\/www.organisator.ch\/de\/produkt\/organisator-ausgabe-3-1980\/","name":"Organisator Ausgabe 3\/1980 - Organisator","isPartOf":{"@id":"https:\/\/www.organisator.ch\/#website"},"primaryImageOfPage":{"@id":"https:\/\/www.organisator.ch\/de\/produkt\/organisator-ausgabe-3-1980\/#primaryimage"},"image":{"@id":"https:\/\/www.organisator.ch\/de\/produkt\/organisator-ausgabe-3-1980\/#primaryimage"},"thumbnailUrl":"https:\/\/www.organisator.ch\/wp-content\/uploads\/2022\/06\/organisator_1980_3.png","datePublished":"2022-06-08T08:19:50+00:00","dateModified":"2022-06-08T08:19:51+00:00","description":"Erhalte die deutschsprachige Fachzeitschrift \u00aborganisator\u00bb in der Ausgabe 3\/1980 als PDF-Download mit nachfolgendem Inhaltsverzeichnis:","breadcrumb":{"@id":"https:\/\/www.organisator.ch\/de\/produkt\/organisator-ausgabe-3-1980\/#breadcrumb"},"inLanguage":"de","potentialAction":[{"@type":"ReadAction","target":["https:\/\/www.organisator.ch\/de\/produkt\/organisator-ausgabe-3-1980\/"]}]},{"@type":"ImageObject","inLanguage":"de","@id":"https:\/\/www.organisator.ch\/de\/produkt\/organisator-ausgabe-3-1980\/#primaryimage","url":"https:\/\/www.organisator.ch\/wp-content\/uploads\/2022\/06\/organisator_1980_3.png","contentUrl":"https:\/\/www.organisator.ch\/wp-content\/uploads\/2022\/06\/organisator_1980_3.png","width":654,"height":370},{"@type":"BreadcrumbList","@id":"https:\/\/www.organisator.ch\/de\/produkt\/organisator-ausgabe-3-1980\/#breadcrumb","itemListElement":[{"@type":"ListItem","position":1,"name":"Home","item":"https:\/\/www.organisator.ch\/"},{"@type":"ListItem","position":2,"name":"Shop","item":"https:\/\/www.organisator.ch\/fr\/shop\/"},{"@type":"ListItem","position":3,"name":"Organisator Ausgabe 3\/1980"}]},{"@type":"WebSite","@id":"https:\/\/www.organisator.ch\/#website","url":"https:\/\/www.organisator.ch\/","name":"Organisator","description":"Kompetent. Praxisnah. Der ORGANISATOR bereitet in 10 Ausgaben pro Jahr die wesentlichen Themen f\u00fcr F\u00fchrungskr\u00e4fte von KMU auf.","publisher":{"@id":"https:\/\/www.organisator.ch\/#organization"},"potentialAction":[{"@type":"SearchAction","target":{"@type":"EntryPoint","urlTemplate":"https:\/\/www.organisator.ch\/?s={search_term_string}"},"query-input":{"@type":"PropertyValueSpecification","valueRequired":true,"valueName":"search_term_string"}}],"inLanguage":"de"},{"@type":"Organization","@id":"https:\/\/www.organisator.ch\/#organization","name":"Organisator","url":"https:\/\/www.organisator.ch\/","logo":{"@type":"ImageObject","inLanguage":"de","@id":"https:\/\/www.organisator.ch\/#\/schema\/logo\/image\/","url":"https:\/\/www.organisator.ch\/wp-content\/uploads\/2022\/01\/Logo_Organisator_Website.png","contentUrl":"https:\/\/www.organisator.ch\/wp-content\/uploads\/2022\/01\/Logo_Organisator_Website.png","width":800,"height":77,"caption":"Organisator"},"image":{"@id":"https:\/\/www.organisator.ch\/#\/schema\/logo\/image\/"},"sameAs":["https:\/\/www.facebook.com\/OrganisatorFachmagazin","https:\/\/www.linkedin.com\/showcase\/organisator-das-magazin-fr-kmu","https:\/\/www.xing.com\/news\/pages\/organisator-ch-695","https:\/\/www.youtube.com\/channel\/UCGP2Sq0iWaZwT3BdIAQFYpw"]}]}},"_links":{"self":[{"href":"https:\/\/www.organisator.ch\/de\/wp-json\/wp\/v2\/product\/13888","targetHints":{"allow":["GET"]}}],"collection":[{"href":"https:\/\/www.organisator.ch\/de\/wp-json\/wp\/v2\/product"}],"about":[{"href":"https:\/\/www.organisator.ch\/de\/wp-json\/wp\/v2\/types\/product"}],"wp:featuredmedia":[{"embeddable":true,"href":"https:\/\/www.organisator.ch\/de\/wp-json\/wp\/v2\/media\/13891"}],"wp:attachment":[{"href":"https:\/\/www.organisator.ch\/de\/wp-json\/wp\/v2\/media?parent=13888"}],"wp:term":[{"taxonomy":"product_brand","embeddable":true,"href":"https:\/\/www.organisator.ch\/de\/wp-json\/wp\/v2\/product_brand?post=13888"},{"taxonomy":"product_cat","embeddable":true,"href":"https:\/\/www.organisator.ch\/de\/wp-json\/wp\/v2\/product_cat?post=13888"},{"taxonomy":"product_tag","embeddable":true,"href":"https:\/\/www.organisator.ch\/de\/wp-json\/wp\/v2\/product_tag?post=13888"}],"curies":[{"name":"wp","href":"https:\/\/api.w.org\/{rel}","templated":true}]}}