{"id":13897,"date":"2022-06-08T10:48:33","date_gmt":"2022-06-08T08:48:33","guid":{"rendered":"https:\/\/www.organisator.ch\/?post_type=product&#038;p=13897"},"modified":"2022-06-08T10:48:35","modified_gmt":"2022-06-08T08:48:35","slug":"organisator-ausgabe-2-1980","status":"publish","type":"product","link":"https:\/\/www.organisator.ch\/de\/produkt\/organisator-ausgabe-2-1980\/","title":{"rendered":"Organisator Ausgabe 2\/1980"},"content":{"rendered":"<h2>Unsere Rubriken des Monats<\/h2>\n<ul>\n<li>B\u00fccher f\u00fcr Sie<\/li>\n<li>Der Wirtschaftsmonat<\/li>\n<li>ORGANISATOR-Seminar<\/li>\n<li>Steuertips<\/li>\n<li>Zur Besinnung<\/li>\n<li>ORGANISATOR-Angebote<\/li>\n<li>Gesch\u00e4ft und Familie<\/li>\n<li>Frauen im Beruf<\/li>\n<li>Lesekonzentrate<\/li>\n<li>Produkte + Dienstleistungen<\/li>\n<li>Kurse und Tagungen<\/li>\n<li>Tarantel<\/li>\n<\/ul>\n<h2>Wirtschaft Unternehmensf\u00fchrung<\/h2>\n<ul>\n<li>Der Wirtschaftsmonat<\/li>\n<li>Chancen des Mittelstandes<\/li>\n<li>Laterales Denken und Han deln (Org.-Seminar)<\/li>\n<li>Der Sinn des F\u00fchrens (Zur Besinnung)<\/li>\n<li>Das Energiesystem der Zukunft<\/li>\n<li>Wachstum mit Know-how-Verkauf<\/li>\n<li>Tutoren f\u00fcr junge Unternehmer<\/li>\n<li>Forschungsbudgets<\/li>\n<li>Chefzimmer Swiss-Top-2<\/li>\n<\/ul>\n<h2>Mensch und Arbeit Personalwesen<\/h2>\n<ul>\n<li>Chefkonferenzen<\/li>\n<li>Absentismus &#8211; Ursachen und Massnahmen bei Abwesen heiten vom Arbeitsplatz<\/li>\n<li>Die eigene Arbeit besser rationalisieren<\/li>\n<li>Zur Besinnung<\/li>\n<li>Wer Mitarbeiter ins Ausland schickt<\/li>\n<li>Gesch\u00e4ft und Familie<\/li>\n<li>Frauen im Beruf<\/li>\n<li>Abschied vom Patriar-chatentum<\/li>\n<li>Zeitvergeudung bei Sitzungen<\/li>\n<li>Weiterbildung technischer F\u00fchrungskr\u00e4fte<\/li>\n<li>Kontaktgespr\u00e4ch mit Hoch schulabsolventen in Luzern<\/li>\n<li>Jedem sein Privatlehrer<\/li>\n<li>Elektronisch sprechender Sprachf\u00fchrer<\/li>\n<\/ul>\n<h2>Organisation B\u00fcro- und Datentechnik<\/h2>\n<ul>\n<li>Wenn der Chef immer wie der korrigiert und \u00e4ndert<\/li>\n<li>Mitarbeiter auf die B\u00fcro technik vorbereiten<\/li>\n<li>Ist (bei Schreibmaschinen) auch die Qualit\u00e4t tragbar?<\/li>\n<li>Das Systemdenken<\/li>\n<li>Verhaltensgerechtes Informationssystem<\/li>\n<li>Planung im Klein- und Mittelbetrieb<\/li>\n<li>Sinnvolle Gestaltung von Bildschirm-Arbeitspl\u00e4tzen<\/li>\n<li>Mikroprozessoren gew\u00e4hr leisten Sicherheit<\/li>\n<li>Brosch\u00fcre \u00fcber Durch schreibepapiere<\/li>\n<li>Schnellster Sofortbildfilm<\/li>\n<li>Qualit\u00e4t schwarz auf weiss &#8211; ein \u00abBriefkastenkopierer\u00bb<\/li>\n<li>Elektronenrechner mit<\/li>\n<li>Vergleichstaste Neue EDV-Systeme von Burroughs<\/li>\n<li>Schnelldrucker 1500 LMP<\/li>\n<li>St\u00e4dteruf: rund um die Uhr einsatzbereit<\/li>\n<li>Systemfamilie Kienzle 9066<\/li>\n<li>ClearLine Bildschirm reiniger<\/li>\n<li>Universal-Aktenvernichter<\/li>\n<li>Nova 4 von Data General<\/li>\n<li>Organisationstaschen aufbewahren<\/li>\n<li>Eine handliche Repro- kamera<\/li>\n<li>Click-Boxen f\u00fcr die kleine Datenstation<\/li>\n<li>Kleinrechner mit Druck und Anzeige<\/li>\n<li>Neues Kleincomputersystem aus Japan<\/li>\n<li>Magnetbandpr\u00fcfer Inspector IV MPC<\/li>\n<li>Drahtlose Gegensprechanlage<\/li>\n<li>Welches ist das Original?<\/li>\n<li>RO-Test zur Echtheits pr\u00fcfung von Dokumenten<\/li>\n<li>Printer\/Plotter Pussygraph 650<\/li>\n<li>Rationelle Computer ausdruck-Verarbeitung<\/li>\n<li>Aufbewahrungssystem f\u00fcr Datentr\u00e4ger<\/li>\n<\/ul>\n<h2>Betriebswirlschaft Rechnungswesen<\/h2>\n<ul>\n<li>Gelegenheit macht Diebe<\/li>\n<li>Steuern als Budgetposten<\/li>\n<li>Getrennte Veranlagung von Mann und Frau<\/li>\n<li>Wohnrecht zug. Dritter<\/li>\n<li>Wo sieb Ihre Kosten noch senken lassen<\/li>\n<li>Verluste als Ph\u00e4nomen<\/li>\n<li>Revisions-Handbuch<\/li>\n<li>Internat. Finanzinformation \u00fcber Datensichtger\u00e4te<\/li>\n<li>Minitester entlarvt Falschgeld<\/li>\n<li>Ruf-Computer f\u00fcr alle Bran chen<\/li>\n<\/ul>\n<h2>Verkauf\/Handel Marketing\/Werbung<\/h2>\n<ul>\n<li>Verkaufen, aber nicht vertreiben (Quiz III)<\/li>\n<li>Sechs Marketing-Mythen<\/li>\n<li>Fussg\u00e4ngerzonen<\/li>\n<li>Dienstleistung &#8211; \u00dcberlebens strategie im Handel<\/li>\n<li>Direct-Marketing-<\/li>\n<li>Branche&#8217;80<\/li>\n<\/ul>\n<h2>Materialwirtschaft Produktion\/Transport<\/h2>\n<ul>\n<li>Weiterbildung technischer F\u00fchrungskr\u00e4fte<\/li>\n<li>Portofolio-Management f\u00fcr Produkte<\/li>\n<li>Vorratszentrum mit 3 Temperaturzonen<\/li>\n<li>Topaz f\u00fcr konstante Netzspannung<\/li>\n<\/ul>\n","protected":false},"excerpt":{"rendered":"<p>Erhalte die deutschsprachige Fachzeitschrift \u00aborganisator\u00bb in der Ausgabe 2\/1980 als PDF-Download mit nachfolgendem Inhaltsverzeichnis:<\/p>\n","protected":false},"featured_media":13899,"template":"","meta":{"_acf_changed":false,"articlekey":""},"product_brand":[],"product_cat":[546],"product_tag":[2925],"class_list":{"0":"post-13897","1":"product","2":"type-product","3":"status-publish","4":"has-post-thumbnail","6":"product_cat-einzelausgaben","7":"product_tag-2925","9":"first","10":"instock","11":"downloadable","12":"virtual","13":"taxable","14":"product-type-simple"},"acf":[],"yoast_head":"<!-- This site is optimized with the Yoast SEO plugin v27.4 - https:\/\/yoast.com\/product\/yoast-seo-wordpress\/ -->\n<title>Organisator Ausgabe 2\/1980 - Organisator<\/title>\n<meta name=\"description\" content=\"Erhalte die deutschsprachige Fachzeitschrift \u00aborganisator\u00bb in der Ausgabe 2\/1980 als PDF-Download mit nachfolgendem Inhaltsverzeichnis:\" \/>\n<meta name=\"robots\" content=\"index, follow, max-snippet:-1, max-image-preview:large, max-video-preview:-1\" \/>\n<link rel=\"canonical\" href=\"https:\/\/www.organisator.ch\/de\/produkt\/organisator-ausgabe-2-1980\/\" \/>\n<meta property=\"og:locale\" content=\"de_DE\" \/>\n<meta property=\"og:type\" content=\"article\" \/>\n<meta property=\"og:title\" content=\"Organisator Ausgabe 2\/1980 - Organisator\" \/>\n<meta property=\"og:description\" content=\"Erhalte die deutschsprachige Fachzeitschrift \u00aborganisator\u00bb in der Ausgabe 2\/1980 als PDF-Download mit nachfolgendem Inhaltsverzeichnis:\" \/>\n<meta property=\"og:url\" content=\"https:\/\/www.organisator.ch\/de\/produkt\/organisator-ausgabe-2-1980\/\" \/>\n<meta property=\"og:site_name\" content=\"Organisator\" \/>\n<meta property=\"article:publisher\" content=\"https:\/\/www.facebook.com\/OrganisatorFachmagazin\" \/>\n<meta property=\"article:modified_time\" content=\"2022-06-08T08:48:35+00:00\" \/>\n<meta property=\"og:image\" content=\"https:\/\/www.organisator.ch\/wp-content\/uploads\/2022\/06\/organisator_1980_2.png\" \/>\n\t<meta property=\"og:image:width\" content=\"654\" \/>\n\t<meta property=\"og:image:height\" content=\"370\" \/>\n\t<meta property=\"og:image:type\" content=\"image\/png\" \/>\n<meta name=\"twitter:card\" content=\"summary_large_image\" \/>\n<script type=\"application\/ld+json\" class=\"yoast-schema-graph\">{\"@context\":\"https:\\\/\\\/schema.org\",\"@graph\":[{\"@type\":\"WebPage\",\"@id\":\"https:\\\/\\\/www.organisator.ch\\\/de\\\/produkt\\\/organisator-ausgabe-2-1980\\\/\",\"url\":\"https:\\\/\\\/www.organisator.ch\\\/de\\\/produkt\\\/organisator-ausgabe-2-1980\\\/\",\"name\":\"Organisator Ausgabe 2\\\/1980 - Organisator\",\"isPartOf\":{\"@id\":\"https:\\\/\\\/www.organisator.ch\\\/#website\"},\"primaryImageOfPage\":{\"@id\":\"https:\\\/\\\/www.organisator.ch\\\/de\\\/produkt\\\/organisator-ausgabe-2-1980\\\/#primaryimage\"},\"image\":{\"@id\":\"https:\\\/\\\/www.organisator.ch\\\/de\\\/produkt\\\/organisator-ausgabe-2-1980\\\/#primaryimage\"},\"thumbnailUrl\":\"https:\\\/\\\/www.organisator.ch\\\/wp-content\\\/uploads\\\/2022\\\/06\\\/organisator_1980_2.png\",\"datePublished\":\"2022-06-08T08:48:33+00:00\",\"dateModified\":\"2022-06-08T08:48:35+00:00\",\"description\":\"Erhalte die deutschsprachige Fachzeitschrift \u00aborganisator\u00bb in der Ausgabe 2\\\/1980 als PDF-Download mit nachfolgendem Inhaltsverzeichnis:\",\"breadcrumb\":{\"@id\":\"https:\\\/\\\/www.organisator.ch\\\/de\\\/produkt\\\/organisator-ausgabe-2-1980\\\/#breadcrumb\"},\"inLanguage\":\"de\",\"potentialAction\":[{\"@type\":\"ReadAction\",\"target\":[\"https:\\\/\\\/www.organisator.ch\\\/de\\\/produkt\\\/organisator-ausgabe-2-1980\\\/\"]}]},{\"@type\":\"ImageObject\",\"inLanguage\":\"de\",\"@id\":\"https:\\\/\\\/www.organisator.ch\\\/de\\\/produkt\\\/organisator-ausgabe-2-1980\\\/#primaryimage\",\"url\":\"https:\\\/\\\/www.organisator.ch\\\/wp-content\\\/uploads\\\/2022\\\/06\\\/organisator_1980_2.png\",\"contentUrl\":\"https:\\\/\\\/www.organisator.ch\\\/wp-content\\\/uploads\\\/2022\\\/06\\\/organisator_1980_2.png\",\"width\":654,\"height\":370},{\"@type\":\"BreadcrumbList\",\"@id\":\"https:\\\/\\\/www.organisator.ch\\\/de\\\/produkt\\\/organisator-ausgabe-2-1980\\\/#breadcrumb\",\"itemListElement\":[{\"@type\":\"ListItem\",\"position\":1,\"name\":\"Home\",\"item\":\"https:\\\/\\\/www.organisator.ch\\\/\"},{\"@type\":\"ListItem\",\"position\":2,\"name\":\"Shop\",\"item\":\"https:\\\/\\\/www.organisator.ch\\\/fr\\\/shop\\\/\"},{\"@type\":\"ListItem\",\"position\":3,\"name\":\"Organisator Ausgabe 2\\\/1980\"}]},{\"@type\":\"WebSite\",\"@id\":\"https:\\\/\\\/www.organisator.ch\\\/#website\",\"url\":\"https:\\\/\\\/www.organisator.ch\\\/\",\"name\":\"Organisator\",\"description\":\"Kompetent. Praxisnah. Der ORGANISATOR bereitet in 10 Ausgaben pro Jahr die wesentlichen Themen f\u00fcr F\u00fchrungskr\u00e4fte von KMU auf.\",\"publisher\":{\"@id\":\"https:\\\/\\\/www.organisator.ch\\\/#organization\"},\"potentialAction\":[{\"@type\":\"SearchAction\",\"target\":{\"@type\":\"EntryPoint\",\"urlTemplate\":\"https:\\\/\\\/www.organisator.ch\\\/?s={search_term_string}\"},\"query-input\":{\"@type\":\"PropertyValueSpecification\",\"valueRequired\":true,\"valueName\":\"search_term_string\"}}],\"inLanguage\":\"de\"},{\"@type\":\"Organization\",\"@id\":\"https:\\\/\\\/www.organisator.ch\\\/#organization\",\"name\":\"Organisator\",\"url\":\"https:\\\/\\\/www.organisator.ch\\\/\",\"logo\":{\"@type\":\"ImageObject\",\"inLanguage\":\"de\",\"@id\":\"https:\\\/\\\/www.organisator.ch\\\/#\\\/schema\\\/logo\\\/image\\\/\",\"url\":\"https:\\\/\\\/www.organisator.ch\\\/wp-content\\\/uploads\\\/2022\\\/01\\\/Logo_Organisator_Website.png\",\"contentUrl\":\"https:\\\/\\\/www.organisator.ch\\\/wp-content\\\/uploads\\\/2022\\\/01\\\/Logo_Organisator_Website.png\",\"width\":800,\"height\":77,\"caption\":\"Organisator\"},\"image\":{\"@id\":\"https:\\\/\\\/www.organisator.ch\\\/#\\\/schema\\\/logo\\\/image\\\/\"},\"sameAs\":[\"https:\\\/\\\/www.facebook.com\\\/OrganisatorFachmagazin\",\"https:\\\/\\\/www.linkedin.com\\\/showcase\\\/organisator-das-magazin-fr-kmu\",\"https:\\\/\\\/www.xing.com\\\/news\\\/pages\\\/organisator-ch-695\",\"https:\\\/\\\/www.youtube.com\\\/channel\\\/UCGP2Sq0iWaZwT3BdIAQFYpw\"]}]}<\/script>\n<!-- \/ Yoast SEO plugin. -->","yoast_head_json":{"title":"Organisator Ausgabe 2\/1980 - Organisator","description":"Erhalte die deutschsprachige Fachzeitschrift \u00aborganisator\u00bb in der Ausgabe 2\/1980 als PDF-Download mit nachfolgendem Inhaltsverzeichnis:","robots":{"index":"index","follow":"follow","max-snippet":"max-snippet:-1","max-image-preview":"max-image-preview:large","max-video-preview":"max-video-preview:-1"},"canonical":"https:\/\/www.organisator.ch\/de\/produkt\/organisator-ausgabe-2-1980\/","og_locale":"de_DE","og_type":"article","og_title":"Organisator Ausgabe 2\/1980 - Organisator","og_description":"Erhalte die deutschsprachige Fachzeitschrift \u00aborganisator\u00bb in der Ausgabe 2\/1980 als PDF-Download mit nachfolgendem Inhaltsverzeichnis:","og_url":"https:\/\/www.organisator.ch\/de\/produkt\/organisator-ausgabe-2-1980\/","og_site_name":"Organisator","article_publisher":"https:\/\/www.facebook.com\/OrganisatorFachmagazin","article_modified_time":"2022-06-08T08:48:35+00:00","og_image":[{"width":654,"height":370,"url":"https:\/\/www.organisator.ch\/wp-content\/uploads\/2022\/06\/organisator_1980_2.png","type":"image\/png"}],"twitter_card":"summary_large_image","schema":{"@context":"https:\/\/schema.org","@graph":[{"@type":"WebPage","@id":"https:\/\/www.organisator.ch\/de\/produkt\/organisator-ausgabe-2-1980\/","url":"https:\/\/www.organisator.ch\/de\/produkt\/organisator-ausgabe-2-1980\/","name":"Organisator Ausgabe 2\/1980 - Organisator","isPartOf":{"@id":"https:\/\/www.organisator.ch\/#website"},"primaryImageOfPage":{"@id":"https:\/\/www.organisator.ch\/de\/produkt\/organisator-ausgabe-2-1980\/#primaryimage"},"image":{"@id":"https:\/\/www.organisator.ch\/de\/produkt\/organisator-ausgabe-2-1980\/#primaryimage"},"thumbnailUrl":"https:\/\/www.organisator.ch\/wp-content\/uploads\/2022\/06\/organisator_1980_2.png","datePublished":"2022-06-08T08:48:33+00:00","dateModified":"2022-06-08T08:48:35+00:00","description":"Erhalte die deutschsprachige Fachzeitschrift \u00aborganisator\u00bb in der Ausgabe 2\/1980 als PDF-Download mit nachfolgendem Inhaltsverzeichnis:","breadcrumb":{"@id":"https:\/\/www.organisator.ch\/de\/produkt\/organisator-ausgabe-2-1980\/#breadcrumb"},"inLanguage":"de","potentialAction":[{"@type":"ReadAction","target":["https:\/\/www.organisator.ch\/de\/produkt\/organisator-ausgabe-2-1980\/"]}]},{"@type":"ImageObject","inLanguage":"de","@id":"https:\/\/www.organisator.ch\/de\/produkt\/organisator-ausgabe-2-1980\/#primaryimage","url":"https:\/\/www.organisator.ch\/wp-content\/uploads\/2022\/06\/organisator_1980_2.png","contentUrl":"https:\/\/www.organisator.ch\/wp-content\/uploads\/2022\/06\/organisator_1980_2.png","width":654,"height":370},{"@type":"BreadcrumbList","@id":"https:\/\/www.organisator.ch\/de\/produkt\/organisator-ausgabe-2-1980\/#breadcrumb","itemListElement":[{"@type":"ListItem","position":1,"name":"Home","item":"https:\/\/www.organisator.ch\/"},{"@type":"ListItem","position":2,"name":"Shop","item":"https:\/\/www.organisator.ch\/fr\/shop\/"},{"@type":"ListItem","position":3,"name":"Organisator Ausgabe 2\/1980"}]},{"@type":"WebSite","@id":"https:\/\/www.organisator.ch\/#website","url":"https:\/\/www.organisator.ch\/","name":"Organisator","description":"Kompetent. Praxisnah. Der ORGANISATOR bereitet in 10 Ausgaben pro Jahr die wesentlichen Themen f\u00fcr F\u00fchrungskr\u00e4fte von KMU auf.","publisher":{"@id":"https:\/\/www.organisator.ch\/#organization"},"potentialAction":[{"@type":"SearchAction","target":{"@type":"EntryPoint","urlTemplate":"https:\/\/www.organisator.ch\/?s={search_term_string}"},"query-input":{"@type":"PropertyValueSpecification","valueRequired":true,"valueName":"search_term_string"}}],"inLanguage":"de"},{"@type":"Organization","@id":"https:\/\/www.organisator.ch\/#organization","name":"Organisator","url":"https:\/\/www.organisator.ch\/","logo":{"@type":"ImageObject","inLanguage":"de","@id":"https:\/\/www.organisator.ch\/#\/schema\/logo\/image\/","url":"https:\/\/www.organisator.ch\/wp-content\/uploads\/2022\/01\/Logo_Organisator_Website.png","contentUrl":"https:\/\/www.organisator.ch\/wp-content\/uploads\/2022\/01\/Logo_Organisator_Website.png","width":800,"height":77,"caption":"Organisator"},"image":{"@id":"https:\/\/www.organisator.ch\/#\/schema\/logo\/image\/"},"sameAs":["https:\/\/www.facebook.com\/OrganisatorFachmagazin","https:\/\/www.linkedin.com\/showcase\/organisator-das-magazin-fr-kmu","https:\/\/www.xing.com\/news\/pages\/organisator-ch-695","https:\/\/www.youtube.com\/channel\/UCGP2Sq0iWaZwT3BdIAQFYpw"]}]}},"_links":{"self":[{"href":"https:\/\/www.organisator.ch\/de\/wp-json\/wp\/v2\/product\/13897","targetHints":{"allow":["GET"]}}],"collection":[{"href":"https:\/\/www.organisator.ch\/de\/wp-json\/wp\/v2\/product"}],"about":[{"href":"https:\/\/www.organisator.ch\/de\/wp-json\/wp\/v2\/types\/product"}],"wp:featuredmedia":[{"embeddable":true,"href":"https:\/\/www.organisator.ch\/de\/wp-json\/wp\/v2\/media\/13899"}],"wp:attachment":[{"href":"https:\/\/www.organisator.ch\/de\/wp-json\/wp\/v2\/media?parent=13897"}],"wp:term":[{"taxonomy":"product_brand","embeddable":true,"href":"https:\/\/www.organisator.ch\/de\/wp-json\/wp\/v2\/product_brand?post=13897"},{"taxonomy":"product_cat","embeddable":true,"href":"https:\/\/www.organisator.ch\/de\/wp-json\/wp\/v2\/product_cat?post=13897"},{"taxonomy":"product_tag","embeddable":true,"href":"https:\/\/www.organisator.ch\/de\/wp-json\/wp\/v2\/product_tag?post=13897"}],"curies":[{"name":"wp","href":"https:\/\/api.w.org\/{rel}","templated":true}]}}