{"id":14927,"date":"2022-06-16T08:01:15","date_gmt":"2022-06-16T06:01:15","guid":{"rendered":"https:\/\/www.organisator.ch\/?post_type=product&#038;p=14927"},"modified":"2022-06-16T08:01:16","modified_gmt":"2022-06-16T06:01:16","slug":"organisator-ausgabe-5-1996","status":"publish","type":"product","link":"https:\/\/www.organisator.ch\/de\/produkt\/organisator-ausgabe-5-1996\/","title":{"rendered":"Organisator Ausgabe 5\/1996"},"content":{"rendered":"<h3>ARBEIT F\u00dcR ALLE<\/h3>\n<p>\u00abWenn nicht wir Unternehmer etwas an die Hand nehmen, passiert \u00fcberhaupt nichts.\u00bb Das sagt Klaus J. Jacobs. Und damit wir Unternehmer nun auch \u00abetwas in die Hand kriegen\u00bb, gibt es jetzt diesen ORGANISATOR mit fundierten Beitr\u00e4gen, mutigen, aber realistischen Modellans\u00e4tzen, originellen Ideen und einem starken Engagement von acht kompetenten Autoren\u00a0 Hans Ruh beginnt mit seinen \u00dcberlegungen an der Wurzel: Die Arbeit neu erfinden Hans W\u00fcrgler ist ver\u00e4rgert \u00fcber die Tatenlosigkeit von Politik und Wirtschaft: Eine Volksinitiative zur Arbeitsverteilung\u00a0 Franz Schnyder lanciert zwei Modelle: die 32*-Stunden-Arbeitswoche f\u00fcr die permanente Weiterbildung und die \u00abArbeitsplatzvertr\u00e4glichkeits-Pflicht\u00bb: Die Verantwortung der Grossen\u00a0 Maurice Pedergnana sieht mit neuen einer wesentlich erweiterten Flexibilit\u00e4t der Arbeitszeit grosse Chancen f\u00fcr die Erhaltung von Arbeitspl\u00e4tzen: Arbeitsteilung und Teilzeitarbeit\u00a0 Klaus J. Jacobs ruft auf zu einer Ausrichtung der Schulen und Unternehmen auf ein neues, lebenslanges Lernen: Ein Aufruf zum Handeln\u00a0 Francois Loeb macht m\u00e4chtig Wind f\u00fcr eine aktive Unterst\u00fctzung von unternehmerischer wie staatlicher Seite und f\u00f6rdert Neue Arbeitspl\u00e4tze durch St\u00e4rkung derInnovation Hansj\u00f6rg Aschmann erf\u00e4hrt tagt\u00e4glich im Outplacement:<br \/>\nNeue Arbeitsmodelle sind erforderlich Herve M. Wisard setzt ein Gegenst\u00fcck zu den Abmagerungskuren: Qualit\u00e4t verbessern statt Personal entlassen.<\/p>\n<h3>\nUNTERNEHMENSF\u00dcHRUNG<\/h3>\n<ul>\n<li>Pirmin Schwander bringt die zweite Folge der Serie \u00abStrategie 2000\u00bb:<\/li>\n<li>Die St\u00e4rken\/Schw\u00e4chen-Analyse<\/li>\n<\/ul>\n<h3>\nMENSCHSEIN<\/h3>\n<ul>\n<li>Veronika Staudacher-Kohler stellt das \u00abDrei-Kreise-Modell\u00bb vor: Die Zukunft ist weiblich<\/li>\n<li>Gonsaiv K. Mainbergers Kolumne \u00abPhilosophie\u00bb (4): Philosophie und Di\u00e4t<\/li>\n<\/ul>\n<p>&nbsp;<\/p>\n<h3>MARKETING<\/h3>\n<ul>\n<li>Thomas Greber: Salonf\u00e4higes Telefonmarketing<\/li>\n<li>Rudolf Voegeli: Auch Marketing l\u00e4sst sich outsourcen<\/li>\n<\/ul>\n<h3>\nSONDERTEIL TELEKOMMUNIKATION: ORGA-LINE<\/h3>\n<ul>\n<li>Dieter Syz: Die Schweiz &#8211; Zentrum oder Peripherie?<\/li>\n<li>Francois Loeb: Gr\u00fcne Telefonnummern f\u00fcr die Politiker<\/li>\n<li>Rolf Schoch: Telearbeit in der Schweiz<\/li>\n<li>Werner Wehrli: Schutz vor Panzerknackern in Netzwerken<\/li>\n<li>J\u00fcrg Widmer: Hostapplikationen werden mobil<\/li>\n<li>Marc Otto: Mit vierzig Mio. Visitenkarten im Netz<\/li>\n<li>Frank Taylor: Oracle Solution World \/ Internet-Camp 96<\/li>\n<li>Iris Landtwing: TeleNetCom 96<\/li>\n<li>Christian Brunner: Workflow-Management<\/li>\n<li>M. Spaar, M. Siegel: Frisch vom Markt &#8211; Neue Software<\/li>\n<li>Frank Taylor: Hold the Line<\/li>\n<\/ul>\n<h3>\nBERATUNG<\/h3>\n<p>Suchen Sie einen Unternehmensberater?<\/p>\n<h3>\nINFO- UND SERVICE-TEIL, RUBRIKEN :<\/h3>\n<ul>\n<li>Liebe Leserin, lieber Leser 51<\/li>\n<li>Claudia Marbachs Alltagsgeschichten &#8211; Lebenseinstellung<\/li>\n<li>Club Organisator und Akademie Organisator Mehr wissen &#8211; mehr sein<\/li>\n<li>Intensivtraining f\u00fcr KMU-Verwaltungsr\u00e4te<\/li>\n<\/ul>\n<h3>\nClubs und Verb\u00e4nde<\/h3>\n<ul>\n<li>Consultant Club<\/li>\n<li>Efficiency-Clubs\/Foka<\/li>\n<li>Idee-Suisse<\/li>\n<li>VPA Verband der Personal- und Ausbildungsfachleute<\/li>\n<li>Psilog<\/li>\n<\/ul>\n<h3>\nWeiterbildung und Fachliteratur<\/h3>\n<p>Kurse, Seminare, Events<\/p>\n<h3>\nDie letzten Seiten |<\/h3>\n<ul>\n<li>Vorschau auf die n\u00e4chsten Ausgaben, Inserentenverzeichnis<\/li>\n<li>Ihr Nutzen- und Kompetenz-Center; Impressum<\/li>\n<\/ul>\n","protected":false},"excerpt":{"rendered":"<p>Erhalte die deutschsprachige Fachzeitschrift \u00aborganisator\u00bb in der Ausgabe 5\/1996 als PDF-Download mit nachfolgendem Inhaltsverzeichnis:<\/p>\n","protected":false},"featured_media":14929,"template":"","meta":{"_acf_changed":false,"articlekey":""},"product_brand":[],"product_cat":[546],"product_tag":[2963],"class_list":{"0":"post-14927","1":"product","2":"type-product","3":"status-publish","4":"has-post-thumbnail","6":"product_cat-einzelausgaben","7":"product_tag-2963","9":"first","10":"instock","11":"downloadable","12":"virtual","13":"taxable","14":"purchasable","15":"product-type-simple"},"acf":[],"yoast_head":"<!-- This site is optimized with the Yoast SEO plugin v27.4 - https:\/\/yoast.com\/product\/yoast-seo-wordpress\/ -->\n<title>Organisator Ausgabe 5\/1996 - Organisator<\/title>\n<meta name=\"description\" content=\"Erhalte die deutschsprachige Fachzeitschrift \u00aborganisator\u00bb in der Ausgabe 5\/1996 als PDF-Download mit nachfolgendem Inhaltsverzeichnis:\" \/>\n<meta name=\"robots\" content=\"index, follow, max-snippet:-1, max-image-preview:large, max-video-preview:-1\" \/>\n<link rel=\"canonical\" href=\"https:\/\/www.organisator.ch\/de\/produkt\/organisator-ausgabe-5-1996\/\" \/>\n<meta property=\"og:locale\" content=\"de_DE\" \/>\n<meta property=\"og:type\" content=\"article\" \/>\n<meta property=\"og:title\" content=\"Organisator Ausgabe 5\/1996 - Organisator\" \/>\n<meta property=\"og:description\" content=\"Erhalte die deutschsprachige Fachzeitschrift \u00aborganisator\u00bb in der Ausgabe 5\/1996 als PDF-Download mit nachfolgendem Inhaltsverzeichnis:\" \/>\n<meta property=\"og:url\" content=\"https:\/\/www.organisator.ch\/de\/produkt\/organisator-ausgabe-5-1996\/\" \/>\n<meta property=\"og:site_name\" content=\"Organisator\" \/>\n<meta property=\"article:publisher\" content=\"https:\/\/www.facebook.com\/OrganisatorFachmagazin\" \/>\n<meta property=\"article:modified_time\" content=\"2022-06-16T06:01:16+00:00\" \/>\n<meta property=\"og:image\" content=\"https:\/\/www.organisator.ch\/wp-content\/uploads\/2022\/06\/organisator_1996_5.png\" \/>\n\t<meta property=\"og:image:width\" content=\"654\" \/>\n\t<meta property=\"og:image:height\" content=\"370\" \/>\n\t<meta property=\"og:image:type\" content=\"image\/png\" \/>\n<meta name=\"twitter:card\" content=\"summary_large_image\" \/>\n<script type=\"application\/ld+json\" class=\"yoast-schema-graph\">{\"@context\":\"https:\\\/\\\/schema.org\",\"@graph\":[{\"@type\":\"WebPage\",\"@id\":\"https:\\\/\\\/www.organisator.ch\\\/de\\\/produkt\\\/organisator-ausgabe-5-1996\\\/\",\"url\":\"https:\\\/\\\/www.organisator.ch\\\/de\\\/produkt\\\/organisator-ausgabe-5-1996\\\/\",\"name\":\"Organisator Ausgabe 5\\\/1996 - Organisator\",\"isPartOf\":{\"@id\":\"https:\\\/\\\/www.organisator.ch\\\/#website\"},\"primaryImageOfPage\":{\"@id\":\"https:\\\/\\\/www.organisator.ch\\\/de\\\/produkt\\\/organisator-ausgabe-5-1996\\\/#primaryimage\"},\"image\":{\"@id\":\"https:\\\/\\\/www.organisator.ch\\\/de\\\/produkt\\\/organisator-ausgabe-5-1996\\\/#primaryimage\"},\"thumbnailUrl\":\"https:\\\/\\\/www.organisator.ch\\\/wp-content\\\/uploads\\\/2022\\\/06\\\/organisator_1996_5.png\",\"datePublished\":\"2022-06-16T06:01:15+00:00\",\"dateModified\":\"2022-06-16T06:01:16+00:00\",\"description\":\"Erhalte die deutschsprachige Fachzeitschrift \u00aborganisator\u00bb in der Ausgabe 5\\\/1996 als PDF-Download mit nachfolgendem Inhaltsverzeichnis:\",\"breadcrumb\":{\"@id\":\"https:\\\/\\\/www.organisator.ch\\\/de\\\/produkt\\\/organisator-ausgabe-5-1996\\\/#breadcrumb\"},\"inLanguage\":\"de\",\"potentialAction\":[{\"@type\":\"ReadAction\",\"target\":[\"https:\\\/\\\/www.organisator.ch\\\/de\\\/produkt\\\/organisator-ausgabe-5-1996\\\/\"]}]},{\"@type\":\"ImageObject\",\"inLanguage\":\"de\",\"@id\":\"https:\\\/\\\/www.organisator.ch\\\/de\\\/produkt\\\/organisator-ausgabe-5-1996\\\/#primaryimage\",\"url\":\"https:\\\/\\\/www.organisator.ch\\\/wp-content\\\/uploads\\\/2022\\\/06\\\/organisator_1996_5.png\",\"contentUrl\":\"https:\\\/\\\/www.organisator.ch\\\/wp-content\\\/uploads\\\/2022\\\/06\\\/organisator_1996_5.png\",\"width\":654,\"height\":370},{\"@type\":\"BreadcrumbList\",\"@id\":\"https:\\\/\\\/www.organisator.ch\\\/de\\\/produkt\\\/organisator-ausgabe-5-1996\\\/#breadcrumb\",\"itemListElement\":[{\"@type\":\"ListItem\",\"position\":1,\"name\":\"Home\",\"item\":\"https:\\\/\\\/www.organisator.ch\\\/\"},{\"@type\":\"ListItem\",\"position\":2,\"name\":\"Shop\",\"item\":\"https:\\\/\\\/www.organisator.ch\\\/fr\\\/shop\\\/\"},{\"@type\":\"ListItem\",\"position\":3,\"name\":\"Organisator Ausgabe 5\\\/1996\"}]},{\"@type\":\"WebSite\",\"@id\":\"https:\\\/\\\/www.organisator.ch\\\/#website\",\"url\":\"https:\\\/\\\/www.organisator.ch\\\/\",\"name\":\"Organisator\",\"description\":\"Kompetent. Praxisnah. Der ORGANISATOR bereitet in 10 Ausgaben pro Jahr die wesentlichen Themen f\u00fcr F\u00fchrungskr\u00e4fte von KMU auf.\",\"publisher\":{\"@id\":\"https:\\\/\\\/www.organisator.ch\\\/#organization\"},\"potentialAction\":[{\"@type\":\"SearchAction\",\"target\":{\"@type\":\"EntryPoint\",\"urlTemplate\":\"https:\\\/\\\/www.organisator.ch\\\/?s={search_term_string}\"},\"query-input\":{\"@type\":\"PropertyValueSpecification\",\"valueRequired\":true,\"valueName\":\"search_term_string\"}}],\"inLanguage\":\"de\"},{\"@type\":\"Organization\",\"@id\":\"https:\\\/\\\/www.organisator.ch\\\/#organization\",\"name\":\"Organisator\",\"url\":\"https:\\\/\\\/www.organisator.ch\\\/\",\"logo\":{\"@type\":\"ImageObject\",\"inLanguage\":\"de\",\"@id\":\"https:\\\/\\\/www.organisator.ch\\\/#\\\/schema\\\/logo\\\/image\\\/\",\"url\":\"https:\\\/\\\/www.organisator.ch\\\/wp-content\\\/uploads\\\/2022\\\/01\\\/Logo_Organisator_Website.png\",\"contentUrl\":\"https:\\\/\\\/www.organisator.ch\\\/wp-content\\\/uploads\\\/2022\\\/01\\\/Logo_Organisator_Website.png\",\"width\":800,\"height\":77,\"caption\":\"Organisator\"},\"image\":{\"@id\":\"https:\\\/\\\/www.organisator.ch\\\/#\\\/schema\\\/logo\\\/image\\\/\"},\"sameAs\":[\"https:\\\/\\\/www.facebook.com\\\/OrganisatorFachmagazin\",\"https:\\\/\\\/www.linkedin.com\\\/showcase\\\/organisator-das-magazin-fr-kmu\",\"https:\\\/\\\/www.xing.com\\\/news\\\/pages\\\/organisator-ch-695\",\"https:\\\/\\\/www.youtube.com\\\/channel\\\/UCGP2Sq0iWaZwT3BdIAQFYpw\"]}]}<\/script>\n<!-- \/ Yoast SEO plugin. -->","yoast_head_json":{"title":"Organisator Ausgabe 5\/1996 - Organisator","description":"Erhalte die deutschsprachige Fachzeitschrift \u00aborganisator\u00bb in der Ausgabe 5\/1996 als PDF-Download mit nachfolgendem Inhaltsverzeichnis:","robots":{"index":"index","follow":"follow","max-snippet":"max-snippet:-1","max-image-preview":"max-image-preview:large","max-video-preview":"max-video-preview:-1"},"canonical":"https:\/\/www.organisator.ch\/de\/produkt\/organisator-ausgabe-5-1996\/","og_locale":"de_DE","og_type":"article","og_title":"Organisator Ausgabe 5\/1996 - Organisator","og_description":"Erhalte die deutschsprachige Fachzeitschrift \u00aborganisator\u00bb in der Ausgabe 5\/1996 als PDF-Download mit nachfolgendem Inhaltsverzeichnis:","og_url":"https:\/\/www.organisator.ch\/de\/produkt\/organisator-ausgabe-5-1996\/","og_site_name":"Organisator","article_publisher":"https:\/\/www.facebook.com\/OrganisatorFachmagazin","article_modified_time":"2022-06-16T06:01:16+00:00","og_image":[{"width":654,"height":370,"url":"https:\/\/www.organisator.ch\/wp-content\/uploads\/2022\/06\/organisator_1996_5.png","type":"image\/png"}],"twitter_card":"summary_large_image","schema":{"@context":"https:\/\/schema.org","@graph":[{"@type":"WebPage","@id":"https:\/\/www.organisator.ch\/de\/produkt\/organisator-ausgabe-5-1996\/","url":"https:\/\/www.organisator.ch\/de\/produkt\/organisator-ausgabe-5-1996\/","name":"Organisator Ausgabe 5\/1996 - Organisator","isPartOf":{"@id":"https:\/\/www.organisator.ch\/#website"},"primaryImageOfPage":{"@id":"https:\/\/www.organisator.ch\/de\/produkt\/organisator-ausgabe-5-1996\/#primaryimage"},"image":{"@id":"https:\/\/www.organisator.ch\/de\/produkt\/organisator-ausgabe-5-1996\/#primaryimage"},"thumbnailUrl":"https:\/\/www.organisator.ch\/wp-content\/uploads\/2022\/06\/organisator_1996_5.png","datePublished":"2022-06-16T06:01:15+00:00","dateModified":"2022-06-16T06:01:16+00:00","description":"Erhalte die deutschsprachige Fachzeitschrift \u00aborganisator\u00bb in der Ausgabe 5\/1996 als PDF-Download mit nachfolgendem Inhaltsverzeichnis:","breadcrumb":{"@id":"https:\/\/www.organisator.ch\/de\/produkt\/organisator-ausgabe-5-1996\/#breadcrumb"},"inLanguage":"de","potentialAction":[{"@type":"ReadAction","target":["https:\/\/www.organisator.ch\/de\/produkt\/organisator-ausgabe-5-1996\/"]}]},{"@type":"ImageObject","inLanguage":"de","@id":"https:\/\/www.organisator.ch\/de\/produkt\/organisator-ausgabe-5-1996\/#primaryimage","url":"https:\/\/www.organisator.ch\/wp-content\/uploads\/2022\/06\/organisator_1996_5.png","contentUrl":"https:\/\/www.organisator.ch\/wp-content\/uploads\/2022\/06\/organisator_1996_5.png","width":654,"height":370},{"@type":"BreadcrumbList","@id":"https:\/\/www.organisator.ch\/de\/produkt\/organisator-ausgabe-5-1996\/#breadcrumb","itemListElement":[{"@type":"ListItem","position":1,"name":"Home","item":"https:\/\/www.organisator.ch\/"},{"@type":"ListItem","position":2,"name":"Shop","item":"https:\/\/www.organisator.ch\/fr\/shop\/"},{"@type":"ListItem","position":3,"name":"Organisator Ausgabe 5\/1996"}]},{"@type":"WebSite","@id":"https:\/\/www.organisator.ch\/#website","url":"https:\/\/www.organisator.ch\/","name":"Organisator","description":"Kompetent. Praxisnah. Der ORGANISATOR bereitet in 10 Ausgaben pro Jahr die wesentlichen Themen f\u00fcr F\u00fchrungskr\u00e4fte von KMU auf.","publisher":{"@id":"https:\/\/www.organisator.ch\/#organization"},"potentialAction":[{"@type":"SearchAction","target":{"@type":"EntryPoint","urlTemplate":"https:\/\/www.organisator.ch\/?s={search_term_string}"},"query-input":{"@type":"PropertyValueSpecification","valueRequired":true,"valueName":"search_term_string"}}],"inLanguage":"de"},{"@type":"Organization","@id":"https:\/\/www.organisator.ch\/#organization","name":"Organisator","url":"https:\/\/www.organisator.ch\/","logo":{"@type":"ImageObject","inLanguage":"de","@id":"https:\/\/www.organisator.ch\/#\/schema\/logo\/image\/","url":"https:\/\/www.organisator.ch\/wp-content\/uploads\/2022\/01\/Logo_Organisator_Website.png","contentUrl":"https:\/\/www.organisator.ch\/wp-content\/uploads\/2022\/01\/Logo_Organisator_Website.png","width":800,"height":77,"caption":"Organisator"},"image":{"@id":"https:\/\/www.organisator.ch\/#\/schema\/logo\/image\/"},"sameAs":["https:\/\/www.facebook.com\/OrganisatorFachmagazin","https:\/\/www.linkedin.com\/showcase\/organisator-das-magazin-fr-kmu","https:\/\/www.xing.com\/news\/pages\/organisator-ch-695","https:\/\/www.youtube.com\/channel\/UCGP2Sq0iWaZwT3BdIAQFYpw"]}]}},"_links":{"self":[{"href":"https:\/\/www.organisator.ch\/de\/wp-json\/wp\/v2\/product\/14927","targetHints":{"allow":["GET"]}}],"collection":[{"href":"https:\/\/www.organisator.ch\/de\/wp-json\/wp\/v2\/product"}],"about":[{"href":"https:\/\/www.organisator.ch\/de\/wp-json\/wp\/v2\/types\/product"}],"wp:featuredmedia":[{"embeddable":true,"href":"https:\/\/www.organisator.ch\/de\/wp-json\/wp\/v2\/media\/14929"}],"wp:attachment":[{"href":"https:\/\/www.organisator.ch\/de\/wp-json\/wp\/v2\/media?parent=14927"}],"wp:term":[{"taxonomy":"product_brand","embeddable":true,"href":"https:\/\/www.organisator.ch\/de\/wp-json\/wp\/v2\/product_brand?post=14927"},{"taxonomy":"product_cat","embeddable":true,"href":"https:\/\/www.organisator.ch\/de\/wp-json\/wp\/v2\/product_cat?post=14927"},{"taxonomy":"product_tag","embeddable":true,"href":"https:\/\/www.organisator.ch\/de\/wp-json\/wp\/v2\/product_tag?post=14927"}],"curies":[{"name":"wp","href":"https:\/\/api.w.org\/{rel}","templated":true}]}}