{"id":15072,"date":"2022-06-16T15:24:57","date_gmt":"2022-06-16T13:24:57","guid":{"rendered":"https:\/\/www.organisator.ch\/?post_type=product&#038;p=15072"},"modified":"2022-06-16T15:25:16","modified_gmt":"2022-06-16T13:25:16","slug":"organisator-ausgabe-12-1999","status":"publish","type":"product","link":"https:\/\/www.organisator.ch\/de\/produkt\/organisator-ausgabe-12-1999\/","title":{"rendered":"Organisator Ausgabe 12\/1999"},"content":{"rendered":"<h2>Verwaltung \/ Non-Profit-Organisationen<\/h2>\n<ul>\n<li>Franz Schnyder im Gespr\u00e4ch mit der Z\u00fcrcher Regierungsr\u00e4tin Verena Diener: &#8230;denn sie wissen nicht, was sie tun.<\/li>\n<li>Andreas G\u00fcller &#8211; der Vergleich zur &#8222;Konkurrenz&#8220;: Benchmarking in der \u00f6ffentlichen Verwaltung<\/li>\n<li>Markus Z\u00fcrcher:Qualit\u00e4tsmanagement in der Verwaltung<\/li>\n<li>Hans Walker &#8211; Verbandsmanagement: Verb\u00e4nde auf dem Weg ins 21. Jahrhundert<\/li>\n<li>Otto Troxler &#8211; Dokumentenmanagement: Auf der Gemeinde darf nichts &#8218;verh\u00fchnert&#8216; werden<\/li>\n<li>Claudio Cittarini &#8211; Gemeindedienste \u00fcber das Internet:B\u00fcrgerwiinsche an die Gemeinde<\/li>\n<li>Walter Schmuki &#8211; QM in Wohnheimen und Werkst\u00e4tten:Heime wirkungsorientiert f\u00fchren<\/li>\n<li>Visura Gemeinde-Tagung 2000:Kosten sparen dank Flexibilit\u00e4t<\/li>\n<li>Hans-Ulrich Weber &#8211; Software &#8222;CareSoft&#8220;: Eine f\u00fcr Alle<\/li>\n<li>Franz Schnyder: Buchtips f\u00fcr Non-Profit-Organisationen<\/li>\n<\/ul>\n<p>&nbsp;<\/p>\n<h3>Unternehmensfiihrung<\/h3>\n<ul>\n<li>Franz Schnyder &#8211; Poststelle des Jahres 1999:Ein Stiefkind macht Karriere!<\/li>\n<li>Rolf Grubers Denkanstoss f\u00fcr Unternehmer: Mit Ideen ohne Barrieren ins n\u00e4chste lahrtausend<\/li>\n<\/ul>\n<p>&nbsp;<\/p>\n<h3>F\u00fcrgesunde Finanzen<\/h3>\n<ul>\n<li>Arnold H. Lanz \u00fcber das richtige Geld-Denken:An Geld fehlt es nicht!<\/li>\n<li>Veranstaltungshinweis der \u00d6BU:Investitionen in die M\u00e4rkte von morgen<\/li>\n<li>Achim H. Poliert im Gespr\u00e4ch mit J\u00f6rg R\u00fcdiger zum Verkauf der Softinc:Gute Beziehungen zur Konkurrenz&#8220;<\/li>\n<\/ul>\n<p>&nbsp;<\/p>\n<h3>Finfos:<\/h3>\n<p>Interessante Informationen f\u00fcr Ihre Finanzen<\/p>\n<p>&nbsp;<\/p>\n<h3>Nie f\u00fchre ich Menschen?<\/h3>\n<ul>\n<li>Fredy Isler &#8211; Management Development:Das Comeback der kraftvollen Oldies<\/li>\n<li>Alex M\u00fcller &#8211; Unternehmenskultur:Dem Mobbing keine Chance geben!<\/li>\n<li>Marianna Herzog &#8211; Motivation (5):Sitzungen sind keine Plauderstunden 41<\/li>\n<li>Karin Fuchs-H\u00e4seli &#8211; Himmlische Mitarbeiter F\u00fchrung:Schicksal heisst &#8218;zum Wohle geschickt&#8216;<\/li>\n<li>Die Seite des VPA &#8211; Wissensmanagement: Modetrend oder strategische Neuausrichtung?<\/li>\n<\/ul>\n<p>&nbsp;<\/p>\n<h3>F\u00fcr mich als Mensch und F\u00fchrungshrof!<\/h3>\n<ul>\n<li>Matthyas Arter &#8211; 2000:Beerdigen Sie den Milleniumbug in Seifenblasenl<\/li>\n<li>Guido Biland &#8211; Kein Stress im n\u00e4chsten Jahrtausend:Eine neue Utopie<\/li>\n<li>Franz Schnyder an Pascal Couchepin zur Rentenaltererh\u00f6hung:Mit 66 Jahren, da f\u00e4ngt das Leben erst recht an.<\/li>\n<li>Manfred Helfrecht &#8211; Selbstorganisation:Zeitplanung in 10 Schritten<\/li>\n<li>Xaver Achermann &#8211; Moderation:Sitzungen mit sichtbarem Erfolg<\/li>\n<li>Paul Dominik Hasler &#8211; Gespr\u00e4che mit Gott:Gott und Greta (Managerin)<\/li>\n<\/ul>\n<p>&nbsp;<\/p>\n<h3>Mobile Computing<\/h3>\n<ul>\n<li>J\u00fcrgen Fuchs &#8211; Value Creating Mobility: Das M\u00e4rchen von der Mobilit\u00e4t<\/li>\n<li>Patrick Ansorg &#8211; Markt\u00fcbersicht:Auf Achse mit dem mobilen Kumpel<\/li>\n<li>Franz Schnyder &#8211; Bericht von der Lotusphere Europe 99:Der gl\u00e4serne Mensch<\/li>\n<\/ul>\n<p>&nbsp;<\/p>\n<h3>Infos und Leserdienste<\/h3>\n<ul>\n<li>Bezugsquellen: Neues vom Markt<\/li>\n<li>Veranstaltungskalender<\/li>\n<li>Unternehmensberatung: Hier sind Berater zu Hause<\/li>\n<li>Jahresiibersicht 1999<\/li>\n<li>Club Organisator \/ Akademie Organisator \/ Impressum<\/li>\n<\/ul>\n","protected":false},"excerpt":{"rendered":"<p>Erhalte die deutschsprachige Fachzeitschrift \u00aborganisator\u00bb in der Ausgabe 12\/1999 als PDF-Download mit nachfolgendem Inhaltsverzeichnis:<\/p>\n","protected":false},"featured_media":15074,"template":"","meta":{"_acf_changed":false,"articlekey":""},"product_brand":[],"product_cat":[546],"product_tag":[2967],"class_list":{"0":"post-15072","1":"product","2":"type-product","3":"status-publish","4":"has-post-thumbnail","6":"product_cat-einzelausgaben","7":"product_tag-2967","9":"first","10":"instock","11":"downloadable","12":"virtual","13":"taxable","14":"purchasable","15":"product-type-simple"},"acf":[],"yoast_head":"<!-- This site is optimized with the Yoast SEO plugin v27.4 - https:\/\/yoast.com\/product\/yoast-seo-wordpress\/ -->\n<title>Organisator Ausgabe 12\/1999 - Organisator<\/title>\n<meta name=\"description\" content=\"Erhalte die deutschsprachige Fachzeitschrift \u00aborganisator\u00bb in der Ausgabe 12\/1999 als PDF-Download mit nachfolgendem Inhaltsverzeichnis:\" \/>\n<meta name=\"robots\" content=\"index, follow, max-snippet:-1, max-image-preview:large, max-video-preview:-1\" \/>\n<link rel=\"canonical\" href=\"https:\/\/www.organisator.ch\/de\/produkt\/organisator-ausgabe-12-1999\/\" \/>\n<meta property=\"og:locale\" content=\"de_DE\" \/>\n<meta property=\"og:type\" content=\"article\" \/>\n<meta property=\"og:title\" content=\"Organisator Ausgabe 12\/1999 - Organisator\" \/>\n<meta property=\"og:description\" content=\"Erhalte die deutschsprachige Fachzeitschrift \u00aborganisator\u00bb in der Ausgabe 12\/1999 als PDF-Download mit nachfolgendem Inhaltsverzeichnis:\" \/>\n<meta property=\"og:url\" content=\"https:\/\/www.organisator.ch\/de\/produkt\/organisator-ausgabe-12-1999\/\" \/>\n<meta property=\"og:site_name\" content=\"Organisator\" \/>\n<meta property=\"article:publisher\" content=\"https:\/\/www.facebook.com\/OrganisatorFachmagazin\" \/>\n<meta property=\"article:modified_time\" content=\"2022-06-16T13:25:16+00:00\" \/>\n<meta property=\"og:image\" content=\"https:\/\/www.organisator.ch\/wp-content\/uploads\/2022\/06\/organisator_1999_12.png\" \/>\n\t<meta property=\"og:image:width\" content=\"654\" \/>\n\t<meta property=\"og:image:height\" content=\"370\" \/>\n\t<meta property=\"og:image:type\" content=\"image\/png\" \/>\n<meta name=\"twitter:card\" content=\"summary_large_image\" \/>\n<script type=\"application\/ld+json\" class=\"yoast-schema-graph\">{\"@context\":\"https:\\\/\\\/schema.org\",\"@graph\":[{\"@type\":\"WebPage\",\"@id\":\"https:\\\/\\\/www.organisator.ch\\\/it\\\/prodotto\\\/organisator-ausgabe-12-1999\\\/\",\"url\":\"https:\\\/\\\/www.organisator.ch\\\/it\\\/prodotto\\\/organisator-ausgabe-12-1999\\\/\",\"name\":\"Organisator Ausgabe 12\\\/1999 - Organisator\",\"isPartOf\":{\"@id\":\"https:\\\/\\\/www.organisator.ch\\\/#website\"},\"primaryImageOfPage\":{\"@id\":\"https:\\\/\\\/www.organisator.ch\\\/it\\\/prodotto\\\/organisator-ausgabe-12-1999\\\/#primaryimage\"},\"image\":{\"@id\":\"https:\\\/\\\/www.organisator.ch\\\/it\\\/prodotto\\\/organisator-ausgabe-12-1999\\\/#primaryimage\"},\"thumbnailUrl\":\"https:\\\/\\\/www.organisator.ch\\\/wp-content\\\/uploads\\\/2022\\\/06\\\/organisator_1999_12.png\",\"datePublished\":\"2022-06-16T13:24:57+00:00\",\"dateModified\":\"2022-06-16T13:25:16+00:00\",\"description\":\"Erhalte die deutschsprachige Fachzeitschrift \u00aborganisator\u00bb in der Ausgabe 12\\\/1999 als PDF-Download mit nachfolgendem Inhaltsverzeichnis:\",\"breadcrumb\":{\"@id\":\"https:\\\/\\\/www.organisator.ch\\\/it\\\/prodotto\\\/organisator-ausgabe-12-1999\\\/#breadcrumb\"},\"inLanguage\":\"de\",\"potentialAction\":[{\"@type\":\"ReadAction\",\"target\":[\"https:\\\/\\\/www.organisator.ch\\\/it\\\/prodotto\\\/organisator-ausgabe-12-1999\\\/\"]}]},{\"@type\":\"ImageObject\",\"inLanguage\":\"de\",\"@id\":\"https:\\\/\\\/www.organisator.ch\\\/it\\\/prodotto\\\/organisator-ausgabe-12-1999\\\/#primaryimage\",\"url\":\"https:\\\/\\\/www.organisator.ch\\\/wp-content\\\/uploads\\\/2022\\\/06\\\/organisator_1999_12.png\",\"contentUrl\":\"https:\\\/\\\/www.organisator.ch\\\/wp-content\\\/uploads\\\/2022\\\/06\\\/organisator_1999_12.png\",\"width\":654,\"height\":370},{\"@type\":\"BreadcrumbList\",\"@id\":\"https:\\\/\\\/www.organisator.ch\\\/it\\\/prodotto\\\/organisator-ausgabe-12-1999\\\/#breadcrumb\",\"itemListElement\":[{\"@type\":\"ListItem\",\"position\":1,\"name\":\"Home\",\"item\":\"https:\\\/\\\/www.organisator.ch\\\/\"},{\"@type\":\"ListItem\",\"position\":2,\"name\":\"Shop\",\"item\":\"https:\\\/\\\/www.organisator.ch\\\/fr\\\/shop\\\/\"},{\"@type\":\"ListItem\",\"position\":3,\"name\":\"Organisator Ausgabe 12\\\/1999\"}]},{\"@type\":\"WebSite\",\"@id\":\"https:\\\/\\\/www.organisator.ch\\\/#website\",\"url\":\"https:\\\/\\\/www.organisator.ch\\\/\",\"name\":\"Organisator\",\"description\":\"Kompetent. Praxisnah. Der ORGANISATOR bereitet in 10 Ausgaben pro Jahr die wesentlichen Themen f\u00fcr F\u00fchrungskr\u00e4fte von KMU auf.\",\"publisher\":{\"@id\":\"https:\\\/\\\/www.organisator.ch\\\/#organization\"},\"potentialAction\":[{\"@type\":\"SearchAction\",\"target\":{\"@type\":\"EntryPoint\",\"urlTemplate\":\"https:\\\/\\\/www.organisator.ch\\\/?s={search_term_string}\"},\"query-input\":{\"@type\":\"PropertyValueSpecification\",\"valueRequired\":true,\"valueName\":\"search_term_string\"}}],\"inLanguage\":\"de\"},{\"@type\":\"Organization\",\"@id\":\"https:\\\/\\\/www.organisator.ch\\\/#organization\",\"name\":\"Organisator\",\"url\":\"https:\\\/\\\/www.organisator.ch\\\/\",\"logo\":{\"@type\":\"ImageObject\",\"inLanguage\":\"de\",\"@id\":\"https:\\\/\\\/www.organisator.ch\\\/#\\\/schema\\\/logo\\\/image\\\/\",\"url\":\"https:\\\/\\\/www.organisator.ch\\\/wp-content\\\/uploads\\\/2022\\\/01\\\/Logo_Organisator_Website.png\",\"contentUrl\":\"https:\\\/\\\/www.organisator.ch\\\/wp-content\\\/uploads\\\/2022\\\/01\\\/Logo_Organisator_Website.png\",\"width\":800,\"height\":77,\"caption\":\"Organisator\"},\"image\":{\"@id\":\"https:\\\/\\\/www.organisator.ch\\\/#\\\/schema\\\/logo\\\/image\\\/\"},\"sameAs\":[\"https:\\\/\\\/www.facebook.com\\\/OrganisatorFachmagazin\",\"https:\\\/\\\/www.linkedin.com\\\/showcase\\\/organisator-das-magazin-fr-kmu\",\"https:\\\/\\\/www.xing.com\\\/news\\\/pages\\\/organisator-ch-695\",\"https:\\\/\\\/www.youtube.com\\\/channel\\\/UCGP2Sq0iWaZwT3BdIAQFYpw\"]}]}<\/script>\n<!-- \/ Yoast SEO plugin. -->","yoast_head_json":{"title":"Organisator Ausgabe 12\/1999 - Organisator","description":"Erhalte die deutschsprachige Fachzeitschrift \u00aborganisator\u00bb in der Ausgabe 12\/1999 als PDF-Download mit nachfolgendem Inhaltsverzeichnis:","robots":{"index":"index","follow":"follow","max-snippet":"max-snippet:-1","max-image-preview":"max-image-preview:large","max-video-preview":"max-video-preview:-1"},"canonical":"https:\/\/www.organisator.ch\/de\/produkt\/organisator-ausgabe-12-1999\/","og_locale":"de_DE","og_type":"article","og_title":"Organisator Ausgabe 12\/1999 - Organisator","og_description":"Erhalte die deutschsprachige Fachzeitschrift \u00aborganisator\u00bb in der Ausgabe 12\/1999 als PDF-Download mit nachfolgendem Inhaltsverzeichnis:","og_url":"https:\/\/www.organisator.ch\/de\/produkt\/organisator-ausgabe-12-1999\/","og_site_name":"Organisator","article_publisher":"https:\/\/www.facebook.com\/OrganisatorFachmagazin","article_modified_time":"2022-06-16T13:25:16+00:00","og_image":[{"width":654,"height":370,"url":"https:\/\/www.organisator.ch\/wp-content\/uploads\/2022\/06\/organisator_1999_12.png","type":"image\/png"}],"twitter_card":"summary_large_image","schema":{"@context":"https:\/\/schema.org","@graph":[{"@type":"WebPage","@id":"https:\/\/www.organisator.ch\/it\/prodotto\/organisator-ausgabe-12-1999\/","url":"https:\/\/www.organisator.ch\/it\/prodotto\/organisator-ausgabe-12-1999\/","name":"Organisator Ausgabe 12\/1999 - Organisator","isPartOf":{"@id":"https:\/\/www.organisator.ch\/#website"},"primaryImageOfPage":{"@id":"https:\/\/www.organisator.ch\/it\/prodotto\/organisator-ausgabe-12-1999\/#primaryimage"},"image":{"@id":"https:\/\/www.organisator.ch\/it\/prodotto\/organisator-ausgabe-12-1999\/#primaryimage"},"thumbnailUrl":"https:\/\/www.organisator.ch\/wp-content\/uploads\/2022\/06\/organisator_1999_12.png","datePublished":"2022-06-16T13:24:57+00:00","dateModified":"2022-06-16T13:25:16+00:00","description":"Erhalte die deutschsprachige Fachzeitschrift \u00aborganisator\u00bb in der Ausgabe 12\/1999 als PDF-Download mit nachfolgendem Inhaltsverzeichnis:","breadcrumb":{"@id":"https:\/\/www.organisator.ch\/it\/prodotto\/organisator-ausgabe-12-1999\/#breadcrumb"},"inLanguage":"de","potentialAction":[{"@type":"ReadAction","target":["https:\/\/www.organisator.ch\/it\/prodotto\/organisator-ausgabe-12-1999\/"]}]},{"@type":"ImageObject","inLanguage":"de","@id":"https:\/\/www.organisator.ch\/it\/prodotto\/organisator-ausgabe-12-1999\/#primaryimage","url":"https:\/\/www.organisator.ch\/wp-content\/uploads\/2022\/06\/organisator_1999_12.png","contentUrl":"https:\/\/www.organisator.ch\/wp-content\/uploads\/2022\/06\/organisator_1999_12.png","width":654,"height":370},{"@type":"BreadcrumbList","@id":"https:\/\/www.organisator.ch\/it\/prodotto\/organisator-ausgabe-12-1999\/#breadcrumb","itemListElement":[{"@type":"ListItem","position":1,"name":"Home","item":"https:\/\/www.organisator.ch\/"},{"@type":"ListItem","position":2,"name":"Shop","item":"https:\/\/www.organisator.ch\/fr\/shop\/"},{"@type":"ListItem","position":3,"name":"Organisator Ausgabe 12\/1999"}]},{"@type":"WebSite","@id":"https:\/\/www.organisator.ch\/#website","url":"https:\/\/www.organisator.ch\/","name":"Organisator","description":"Kompetent. Praxisnah. Der ORGANISATOR bereitet in 10 Ausgaben pro Jahr die wesentlichen Themen f\u00fcr F\u00fchrungskr\u00e4fte von KMU auf.","publisher":{"@id":"https:\/\/www.organisator.ch\/#organization"},"potentialAction":[{"@type":"SearchAction","target":{"@type":"EntryPoint","urlTemplate":"https:\/\/www.organisator.ch\/?s={search_term_string}"},"query-input":{"@type":"PropertyValueSpecification","valueRequired":true,"valueName":"search_term_string"}}],"inLanguage":"de"},{"@type":"Organization","@id":"https:\/\/www.organisator.ch\/#organization","name":"Organisator","url":"https:\/\/www.organisator.ch\/","logo":{"@type":"ImageObject","inLanguage":"de","@id":"https:\/\/www.organisator.ch\/#\/schema\/logo\/image\/","url":"https:\/\/www.organisator.ch\/wp-content\/uploads\/2022\/01\/Logo_Organisator_Website.png","contentUrl":"https:\/\/www.organisator.ch\/wp-content\/uploads\/2022\/01\/Logo_Organisator_Website.png","width":800,"height":77,"caption":"Organisator"},"image":{"@id":"https:\/\/www.organisator.ch\/#\/schema\/logo\/image\/"},"sameAs":["https:\/\/www.facebook.com\/OrganisatorFachmagazin","https:\/\/www.linkedin.com\/showcase\/organisator-das-magazin-fr-kmu","https:\/\/www.xing.com\/news\/pages\/organisator-ch-695","https:\/\/www.youtube.com\/channel\/UCGP2Sq0iWaZwT3BdIAQFYpw"]}]}},"_links":{"self":[{"href":"https:\/\/www.organisator.ch\/de\/wp-json\/wp\/v2\/product\/15072","targetHints":{"allow":["GET"]}}],"collection":[{"href":"https:\/\/www.organisator.ch\/de\/wp-json\/wp\/v2\/product"}],"about":[{"href":"https:\/\/www.organisator.ch\/de\/wp-json\/wp\/v2\/types\/product"}],"wp:featuredmedia":[{"embeddable":true,"href":"https:\/\/www.organisator.ch\/de\/wp-json\/wp\/v2\/media\/15074"}],"wp:attachment":[{"href":"https:\/\/www.organisator.ch\/de\/wp-json\/wp\/v2\/media?parent=15072"}],"wp:term":[{"taxonomy":"product_brand","embeddable":true,"href":"https:\/\/www.organisator.ch\/de\/wp-json\/wp\/v2\/product_brand?post=15072"},{"taxonomy":"product_cat","embeddable":true,"href":"https:\/\/www.organisator.ch\/de\/wp-json\/wp\/v2\/product_cat?post=15072"},{"taxonomy":"product_tag","embeddable":true,"href":"https:\/\/www.organisator.ch\/de\/wp-json\/wp\/v2\/product_tag?post=15072"}],"curies":[{"name":"wp","href":"https:\/\/api.w.org\/{rel}","templated":true}]}}