{"id":15080,"date":"2022-06-16T15:45:44","date_gmt":"2022-06-16T13:45:44","guid":{"rendered":"https:\/\/www.organisator.ch\/?post_type=product&#038;p=15080"},"modified":"2022-06-16T15:46:02","modified_gmt":"2022-06-16T13:46:02","slug":"organisator-ausgabe-10-1999","status":"publish","type":"product","link":"https:\/\/www.organisator.ch\/de\/produkt\/organisator-ausgabe-10-1999\/","title":{"rendered":"Organisator Ausgabe 10\/1999"},"content":{"rendered":"<h2>Unternehmensf\u00fchrung<\/h2>\n<p>Franz Schnyder im Gespr\u00e4ch mit Filippo Leutenegger:Von der Arena in die LogeDaniel Erni &#8211; Die ersten f\u00fcnf Jahre:Alles begann in Hongkong<br \/>\nFranz Schnyder &#8211; Unternehmensentwicklung\/Fusionen:Es geht auch anders (Beispiel Simultan Croup)<\/p>\n<p>&nbsp;<\/p>\n<h3>Kommunikation<\/h3>\n<ul>\n<li>Patrick Raess &#8211; Markenstrategie: Die Macht der Aura<\/li>\n<li>Aurel Gergey &#8211; Schreib-Kraft f\u00fcr F\u00fchrungskr\u00e4fte (6):Namen, die Kontakte kn\u00fcpfen<\/li>\n<li>Rolf Gruber &#8211; Sponsoring:Kunst verstehen und einsetzen<\/li>\n<li>Peter Meierhofer &#8211; Outsourcing\/Franchising:Der Marketingleiter steht nicht auf der Gehaltsliste<\/li>\n<li>Erhard R\u00fcttimann &#8211; E-Commerce:Sie d\u00fcrfen Fehler machen!<\/li>\n<li>Jens Borgwardt &#8211; E-Commerce:Der Internet-Laden ist da<\/li>\n<li>Bruno Simioni &#8211; Logistik:Das Mauerbl\u00fcmchen beim Reengineering<\/li>\n<li>Walter Schmuki &#8211; ISO 9000-Normenreihe:Wieder etwas Schwung in den Laden bringen&#8230;!<\/li>\n<li>Thomas Flungerb\u00fchler- Integrierte IT-Systeme:St\u00fcranf\u00e4iliges Nervensystem<\/li>\n<\/ul>\n<p>&nbsp;<\/p>\n<h3>F\u00fcr gesunde Finanzen<\/h3>\n<ul>\n<li>Helmut Muthers &#8211; Finanzinstitute:Die Banken veriieren ihre Kundenorientierung<\/li>\n<li>Achim H. Poliert &#8211; Messgr\u00f6ssen:Phantom Umsatzrendite 38<\/li>\n<li>Roger Thouvenin &#8211; Versicherungspr\u00e4mien:M\u00f6chten Sie 25 bis 35 Prozent Pr\u00e4mien sparen?<\/li>\n<li>Moritz Ottiker:Finfos &#8211; Tendenzen im Bereich Steuern<\/li>\n<\/ul>\n<p>&nbsp;<\/p>\n<h3>Wie f\u00fchre ich Menschen?<\/h3>\n<ul>\n<li>J\u00fcrgen Fuchs &#8211; Knowledge Management: Vom Wissen xur Weisheit<\/li>\n<li>Hermann Engl &#8211; Mitarbeitermotivation: Die Karriere macht am Feierabend nicht Pause<\/li>\n<li>Karin Fuchs-H\u00e4seli &#8211; Himmlische Mitarbeiter F\u00fchrung (3):Pie Wahrheit des Augenblicks<\/li>\n<li>Die Seite des VPA:Neue Formen in der Aus- und Weiterbildung<\/li>\n<li>Matthyas Arter &#8211; Emotionale Intelligenz:Entlassen Sie Pr\u00e4ngler!<\/li>\n<\/ul>\n<p>&nbsp;<\/p>\n<h3>Wie f\u00fchre ich mich seihsf? &#8211; Spezialdossier &#8222;Pr\u00e4senfaNon 99&#8220;<\/h3>\n<ul>\n<li>Klaus J. St\u00f6hlker &#8211; Gast-Editorial:Rednerinnen, erwachet<\/li>\n<li>Klaus J. St\u00f6hlker &#8211; Redekunst:Schluss mit den lieblosen Pr\u00e4sentationen 54<\/li>\n<li>Isabella Cuidi &#8211; Vorbereitung:Die gute Pr\u00e4sentation beginnt vor der Pr\u00e4sentation 56<\/li>\n<li>Peter Capek &#8211; Vorbereitung:Das CAPEK-Modell 58<\/li>\n<li>Wendelin Niederberger &#8211; Firmenpr\u00e4sentation:Ihr Firmenauftritt mit WOW-Effekt!<\/li>\n<li>Esther Knaus &#8211; Personal Selling Propositions:Kennen Sie Ihre PSP-Quaiit\u00e4ten?<\/li>\n<li>Harry Holzheu &#8211; Rhetorik: Einnehmen statt Siegen<\/li>\n<li>Regina Keller &#8211; K\u00f6rpersprache\/NLP:Aufgepasst: Ihr K\u00f6rper spricht!<\/li>\n<li>Marianne Rupf &#8211; Pr\u00e4sentationstechnik:<\/li>\n<li>Computerpr\u00e4sentation &#8211; Fluch oder Segen?<\/li>\n<li>Marco Nese, Erich R\u00fctsche &#8211; Trendbericht:<\/li>\n<li>Videoconferencing: vorerst nur f\u00fcr den Hausgebrauch<\/li>\n<\/ul>\n<p>&nbsp;<\/p>\n<h3>Menschsein<\/h3>\n<p>Paul Dominik Hasler &#8211; Gespr\u00e4che mit Gott:Gott und Uwe (Rockmusiker, 31)<\/p>\n<p>&nbsp;<\/p>\n<h3>Infos und Leserdiensfe<\/h3>\n<ul>\n<li>Matthias Graf &#8211; Fachliteratur f\u00fcr HR-Manager:Aus Paradiesv\u00f6geln und Neurotikern ein Team formen<\/li>\n<li>Veranstaltungskalender<\/li>\n<li>Bezugsquellen: Neues vom Markt<\/li>\n<li>Unternehmensberatung: Hier sind Berater zu Hause<\/li>\n<li>Club Organisator \/ Akademie Organisator \/ Impressum<\/li>\n<\/ul>\n<p>&nbsp;<\/p>\n<p>&nbsp;<\/p>\n","protected":false},"excerpt":{"rendered":"<p>Erhalte die deutschsprachige Fachzeitschrift \u00aborganisator\u00bb in der Ausgabe 10\/1999 als PDF-Download mit nachfolgendem Inhaltsverzeichnis:<\/p>\n","protected":false},"featured_media":15082,"template":"","meta":{"_acf_changed":false,"articlekey":""},"product_brand":[],"product_cat":[546],"product_tag":[2967],"class_list":{"0":"post-15080","1":"product","2":"type-product","3":"status-publish","4":"has-post-thumbnail","6":"product_cat-einzelausgaben","7":"product_tag-2967","9":"first","10":"instock","11":"downloadable","12":"virtual","13":"taxable","14":"purchasable","15":"product-type-simple"},"acf":[],"yoast_head":"<!-- This site is optimized with the Yoast SEO plugin v27.4 - https:\/\/yoast.com\/product\/yoast-seo-wordpress\/ -->\n<title>Organisator Ausgabe 10\/1999 - Organisator<\/title>\n<meta name=\"description\" content=\"Erhalte die deutschsprachige Fachzeitschrift \u00aborganisator\u00bb in der Ausgabe 10\/1999 als PDF-Download mit nachfolgendem Inhaltsverzeichnis:\" \/>\n<meta name=\"robots\" content=\"index, follow, max-snippet:-1, max-image-preview:large, max-video-preview:-1\" \/>\n<link rel=\"canonical\" href=\"https:\/\/www.organisator.ch\/de\/produkt\/organisator-ausgabe-10-1999\/\" \/>\n<meta property=\"og:locale\" content=\"de_DE\" \/>\n<meta property=\"og:type\" content=\"article\" \/>\n<meta property=\"og:title\" content=\"Organisator Ausgabe 10\/1999 - Organisator\" \/>\n<meta property=\"og:description\" content=\"Erhalte die deutschsprachige Fachzeitschrift \u00aborganisator\u00bb in der Ausgabe 10\/1999 als PDF-Download mit nachfolgendem Inhaltsverzeichnis:\" \/>\n<meta property=\"og:url\" content=\"https:\/\/www.organisator.ch\/de\/produkt\/organisator-ausgabe-10-1999\/\" \/>\n<meta property=\"og:site_name\" content=\"Organisator\" \/>\n<meta property=\"article:publisher\" content=\"https:\/\/www.facebook.com\/OrganisatorFachmagazin\" \/>\n<meta property=\"article:modified_time\" content=\"2022-06-16T13:46:02+00:00\" \/>\n<meta property=\"og:image\" content=\"https:\/\/www.organisator.ch\/wp-content\/uploads\/2022\/06\/organisator_1999_10.png\" \/>\n\t<meta property=\"og:image:width\" content=\"654\" \/>\n\t<meta property=\"og:image:height\" content=\"370\" \/>\n\t<meta property=\"og:image:type\" content=\"image\/png\" \/>\n<meta name=\"twitter:card\" content=\"summary_large_image\" \/>\n<script type=\"application\/ld+json\" class=\"yoast-schema-graph\">{\"@context\":\"https:\\\/\\\/schema.org\",\"@graph\":[{\"@type\":\"WebPage\",\"@id\":\"https:\\\/\\\/www.organisator.ch\\\/fr\\\/produit\\\/organisator-ausgabe-10-1999\\\/\",\"url\":\"https:\\\/\\\/www.organisator.ch\\\/fr\\\/produit\\\/organisator-ausgabe-10-1999\\\/\",\"name\":\"Organisator Ausgabe 10\\\/1999 - Organisator\",\"isPartOf\":{\"@id\":\"https:\\\/\\\/www.organisator.ch\\\/#website\"},\"primaryImageOfPage\":{\"@id\":\"https:\\\/\\\/www.organisator.ch\\\/fr\\\/produit\\\/organisator-ausgabe-10-1999\\\/#primaryimage\"},\"image\":{\"@id\":\"https:\\\/\\\/www.organisator.ch\\\/fr\\\/produit\\\/organisator-ausgabe-10-1999\\\/#primaryimage\"},\"thumbnailUrl\":\"https:\\\/\\\/www.organisator.ch\\\/wp-content\\\/uploads\\\/2022\\\/06\\\/organisator_1999_10.png\",\"datePublished\":\"2022-06-16T13:45:44+00:00\",\"dateModified\":\"2022-06-16T13:46:02+00:00\",\"description\":\"Erhalte die deutschsprachige Fachzeitschrift \u00aborganisator\u00bb in der Ausgabe 10\\\/1999 als PDF-Download mit nachfolgendem Inhaltsverzeichnis:\",\"breadcrumb\":{\"@id\":\"https:\\\/\\\/www.organisator.ch\\\/fr\\\/produit\\\/organisator-ausgabe-10-1999\\\/#breadcrumb\"},\"inLanguage\":\"de\",\"potentialAction\":[{\"@type\":\"ReadAction\",\"target\":[\"https:\\\/\\\/www.organisator.ch\\\/fr\\\/produit\\\/organisator-ausgabe-10-1999\\\/\"]}]},{\"@type\":\"ImageObject\",\"inLanguage\":\"de\",\"@id\":\"https:\\\/\\\/www.organisator.ch\\\/fr\\\/produit\\\/organisator-ausgabe-10-1999\\\/#primaryimage\",\"url\":\"https:\\\/\\\/www.organisator.ch\\\/wp-content\\\/uploads\\\/2022\\\/06\\\/organisator_1999_10.png\",\"contentUrl\":\"https:\\\/\\\/www.organisator.ch\\\/wp-content\\\/uploads\\\/2022\\\/06\\\/organisator_1999_10.png\",\"width\":654,\"height\":370},{\"@type\":\"BreadcrumbList\",\"@id\":\"https:\\\/\\\/www.organisator.ch\\\/fr\\\/produit\\\/organisator-ausgabe-10-1999\\\/#breadcrumb\",\"itemListElement\":[{\"@type\":\"ListItem\",\"position\":1,\"name\":\"Home\",\"item\":\"https:\\\/\\\/www.organisator.ch\\\/\"},{\"@type\":\"ListItem\",\"position\":2,\"name\":\"Shop\",\"item\":\"https:\\\/\\\/www.organisator.ch\\\/fr\\\/shop\\\/\"},{\"@type\":\"ListItem\",\"position\":3,\"name\":\"Organisator Ausgabe 10\\\/1999\"}]},{\"@type\":\"WebSite\",\"@id\":\"https:\\\/\\\/www.organisator.ch\\\/#website\",\"url\":\"https:\\\/\\\/www.organisator.ch\\\/\",\"name\":\"Organisator\",\"description\":\"Kompetent. Praxisnah. Der ORGANISATOR bereitet in 10 Ausgaben pro Jahr die wesentlichen Themen f\u00fcr F\u00fchrungskr\u00e4fte von KMU auf.\",\"publisher\":{\"@id\":\"https:\\\/\\\/www.organisator.ch\\\/#organization\"},\"potentialAction\":[{\"@type\":\"SearchAction\",\"target\":{\"@type\":\"EntryPoint\",\"urlTemplate\":\"https:\\\/\\\/www.organisator.ch\\\/?s={search_term_string}\"},\"query-input\":{\"@type\":\"PropertyValueSpecification\",\"valueRequired\":true,\"valueName\":\"search_term_string\"}}],\"inLanguage\":\"de\"},{\"@type\":\"Organization\",\"@id\":\"https:\\\/\\\/www.organisator.ch\\\/#organization\",\"name\":\"Organisator\",\"url\":\"https:\\\/\\\/www.organisator.ch\\\/\",\"logo\":{\"@type\":\"ImageObject\",\"inLanguage\":\"de\",\"@id\":\"https:\\\/\\\/www.organisator.ch\\\/#\\\/schema\\\/logo\\\/image\\\/\",\"url\":\"https:\\\/\\\/www.organisator.ch\\\/wp-content\\\/uploads\\\/2022\\\/01\\\/Logo_Organisator_Website.png\",\"contentUrl\":\"https:\\\/\\\/www.organisator.ch\\\/wp-content\\\/uploads\\\/2022\\\/01\\\/Logo_Organisator_Website.png\",\"width\":800,\"height\":77,\"caption\":\"Organisator\"},\"image\":{\"@id\":\"https:\\\/\\\/www.organisator.ch\\\/#\\\/schema\\\/logo\\\/image\\\/\"},\"sameAs\":[\"https:\\\/\\\/www.facebook.com\\\/OrganisatorFachmagazin\",\"https:\\\/\\\/www.linkedin.com\\\/showcase\\\/organisator-das-magazin-fr-kmu\",\"https:\\\/\\\/www.xing.com\\\/news\\\/pages\\\/organisator-ch-695\",\"https:\\\/\\\/www.youtube.com\\\/channel\\\/UCGP2Sq0iWaZwT3BdIAQFYpw\"]}]}<\/script>\n<!-- \/ Yoast SEO plugin. -->","yoast_head_json":{"title":"Organisator Ausgabe 10\/1999 - Organisator","description":"Erhalte die deutschsprachige Fachzeitschrift \u00aborganisator\u00bb in der Ausgabe 10\/1999 als PDF-Download mit nachfolgendem Inhaltsverzeichnis:","robots":{"index":"index","follow":"follow","max-snippet":"max-snippet:-1","max-image-preview":"max-image-preview:large","max-video-preview":"max-video-preview:-1"},"canonical":"https:\/\/www.organisator.ch\/de\/produkt\/organisator-ausgabe-10-1999\/","og_locale":"de_DE","og_type":"article","og_title":"Organisator Ausgabe 10\/1999 - Organisator","og_description":"Erhalte die deutschsprachige Fachzeitschrift \u00aborganisator\u00bb in der Ausgabe 10\/1999 als PDF-Download mit nachfolgendem Inhaltsverzeichnis:","og_url":"https:\/\/www.organisator.ch\/de\/produkt\/organisator-ausgabe-10-1999\/","og_site_name":"Organisator","article_publisher":"https:\/\/www.facebook.com\/OrganisatorFachmagazin","article_modified_time":"2022-06-16T13:46:02+00:00","og_image":[{"width":654,"height":370,"url":"https:\/\/www.organisator.ch\/wp-content\/uploads\/2022\/06\/organisator_1999_10.png","type":"image\/png"}],"twitter_card":"summary_large_image","schema":{"@context":"https:\/\/schema.org","@graph":[{"@type":"WebPage","@id":"https:\/\/www.organisator.ch\/fr\/produit\/organisator-ausgabe-10-1999\/","url":"https:\/\/www.organisator.ch\/fr\/produit\/organisator-ausgabe-10-1999\/","name":"Organisator Ausgabe 10\/1999 - Organisator","isPartOf":{"@id":"https:\/\/www.organisator.ch\/#website"},"primaryImageOfPage":{"@id":"https:\/\/www.organisator.ch\/fr\/produit\/organisator-ausgabe-10-1999\/#primaryimage"},"image":{"@id":"https:\/\/www.organisator.ch\/fr\/produit\/organisator-ausgabe-10-1999\/#primaryimage"},"thumbnailUrl":"https:\/\/www.organisator.ch\/wp-content\/uploads\/2022\/06\/organisator_1999_10.png","datePublished":"2022-06-16T13:45:44+00:00","dateModified":"2022-06-16T13:46:02+00:00","description":"Erhalte die deutschsprachige Fachzeitschrift \u00aborganisator\u00bb in der Ausgabe 10\/1999 als PDF-Download mit nachfolgendem Inhaltsverzeichnis:","breadcrumb":{"@id":"https:\/\/www.organisator.ch\/fr\/produit\/organisator-ausgabe-10-1999\/#breadcrumb"},"inLanguage":"de","potentialAction":[{"@type":"ReadAction","target":["https:\/\/www.organisator.ch\/fr\/produit\/organisator-ausgabe-10-1999\/"]}]},{"@type":"ImageObject","inLanguage":"de","@id":"https:\/\/www.organisator.ch\/fr\/produit\/organisator-ausgabe-10-1999\/#primaryimage","url":"https:\/\/www.organisator.ch\/wp-content\/uploads\/2022\/06\/organisator_1999_10.png","contentUrl":"https:\/\/www.organisator.ch\/wp-content\/uploads\/2022\/06\/organisator_1999_10.png","width":654,"height":370},{"@type":"BreadcrumbList","@id":"https:\/\/www.organisator.ch\/fr\/produit\/organisator-ausgabe-10-1999\/#breadcrumb","itemListElement":[{"@type":"ListItem","position":1,"name":"Home","item":"https:\/\/www.organisator.ch\/"},{"@type":"ListItem","position":2,"name":"Shop","item":"https:\/\/www.organisator.ch\/fr\/shop\/"},{"@type":"ListItem","position":3,"name":"Organisator Ausgabe 10\/1999"}]},{"@type":"WebSite","@id":"https:\/\/www.organisator.ch\/#website","url":"https:\/\/www.organisator.ch\/","name":"Organisator","description":"Kompetent. Praxisnah. Der ORGANISATOR bereitet in 10 Ausgaben pro Jahr die wesentlichen Themen f\u00fcr F\u00fchrungskr\u00e4fte von KMU auf.","publisher":{"@id":"https:\/\/www.organisator.ch\/#organization"},"potentialAction":[{"@type":"SearchAction","target":{"@type":"EntryPoint","urlTemplate":"https:\/\/www.organisator.ch\/?s={search_term_string}"},"query-input":{"@type":"PropertyValueSpecification","valueRequired":true,"valueName":"search_term_string"}}],"inLanguage":"de"},{"@type":"Organization","@id":"https:\/\/www.organisator.ch\/#organization","name":"Organisator","url":"https:\/\/www.organisator.ch\/","logo":{"@type":"ImageObject","inLanguage":"de","@id":"https:\/\/www.organisator.ch\/#\/schema\/logo\/image\/","url":"https:\/\/www.organisator.ch\/wp-content\/uploads\/2022\/01\/Logo_Organisator_Website.png","contentUrl":"https:\/\/www.organisator.ch\/wp-content\/uploads\/2022\/01\/Logo_Organisator_Website.png","width":800,"height":77,"caption":"Organisator"},"image":{"@id":"https:\/\/www.organisator.ch\/#\/schema\/logo\/image\/"},"sameAs":["https:\/\/www.facebook.com\/OrganisatorFachmagazin","https:\/\/www.linkedin.com\/showcase\/organisator-das-magazin-fr-kmu","https:\/\/www.xing.com\/news\/pages\/organisator-ch-695","https:\/\/www.youtube.com\/channel\/UCGP2Sq0iWaZwT3BdIAQFYpw"]}]}},"_links":{"self":[{"href":"https:\/\/www.organisator.ch\/de\/wp-json\/wp\/v2\/product\/15080","targetHints":{"allow":["GET"]}}],"collection":[{"href":"https:\/\/www.organisator.ch\/de\/wp-json\/wp\/v2\/product"}],"about":[{"href":"https:\/\/www.organisator.ch\/de\/wp-json\/wp\/v2\/types\/product"}],"wp:featuredmedia":[{"embeddable":true,"href":"https:\/\/www.organisator.ch\/de\/wp-json\/wp\/v2\/media\/15082"}],"wp:attachment":[{"href":"https:\/\/www.organisator.ch\/de\/wp-json\/wp\/v2\/media?parent=15080"}],"wp:term":[{"taxonomy":"product_brand","embeddable":true,"href":"https:\/\/www.organisator.ch\/de\/wp-json\/wp\/v2\/product_brand?post=15080"},{"taxonomy":"product_cat","embeddable":true,"href":"https:\/\/www.organisator.ch\/de\/wp-json\/wp\/v2\/product_cat?post=15080"},{"taxonomy":"product_tag","embeddable":true,"href":"https:\/\/www.organisator.ch\/de\/wp-json\/wp\/v2\/product_tag?post=15080"}],"curies":[{"name":"wp","href":"https:\/\/api.w.org\/{rel}","templated":true}]}}