{"id":15352,"date":"2022-06-17T16:03:52","date_gmt":"2022-06-17T14:03:52","guid":{"rendered":"https:\/\/www.organisator.ch\/?post_type=product&#038;p=15352"},"modified":"2022-06-17T16:04:16","modified_gmt":"2022-06-17T14:04:16","slug":"organisator-ausgabe-9-2008","status":"publish","type":"product","link":"https:\/\/www.organisator.ch\/de\/produkt\/organisator-ausgabe-9-2008\/","title":{"rendered":"Organisator Ausgabe 9\/2008"},"content":{"rendered":"<p>MENSCH<\/p>\n<p>&nbsp;<\/p>\n<h3>Dr.Walter Engelhard ist klarer Befuworter des Produktionsstandortes Schweiz<\/h3>\n<p>Der Gesch\u00e4ftsf\u00fchrer von STIHL &amp; Co. \u00fcber das Staatswesen, die Vorteile und den Produktionsstandort Schweiz.<\/p>\n<p>&nbsp;<\/p>\n<h3>SCHWERPUNKT<\/h3>\n<p>&nbsp;<\/p>\n<h3>Unternehmenserfolm enseits einer\u00abgenialen Produkt-Idee\u00bb<\/h3>\n<p>\u00abWer innen stark ist, kann immer wachsen\u00bb &#8211; die MuGrow-Studie beschreibt die vier Wachstumspfade f\u00fcr den nachhaltigen Unternehmenserfolg.<\/p>\n<p>&nbsp;<\/p>\n<h3>LEADERSHIP<\/h3>\n<p>&nbsp;<\/p>\n<h3>Pr\u00fcfstand f\u00fcr F\u00fchrungskr\u00e4fte<\/h3>\n<p>Es ist wichtig, fachlich auf h\u00f6chstem Niveau mitreden zu k\u00f6nnen, doch umso h\u00f6her die Flierarchiestufe, umso wichtiger wird das eigene Wesen und umso bedeutender ist der Umgang mit anderen Menschen.<\/p>\n<p>&nbsp;<\/p>\n<h3>Leadership by Review<\/h3>\n<p>\u00abKritik \u00fcben\u00bb kennt vor allem die Richtung von oben nach unten. \u00abKritik\u00bb beinhaltetjedoch positives Potenzial und f\u00fcr die Weiterentwicklung von Unternehmen ist auch die umgekehrte Richtung, n\u00e4mlich von unten nach oben, enorm wichtig.<\/p>\n<p>&nbsp;<\/p>\n<h3>Flexibilit\u00e4t<\/h3>\n<p>Differenzierte Firmenbed\u00fcrfnisse erfordern unterschiedliche Modelle in der Geschaftsfliegerei.<\/p>\n<p>&nbsp;<\/p>\n<h2>INTERNATIONAL<\/h2>\n<p>&nbsp;<\/p>\n<h3>Auswandem neue Herausforderuneden Tag einen<\/h3>\n<p>Ronny Inninger ist einer von rund 2000 Schweizer Staatsb\u00fcrgern, welche 2007 in die USA emigrierten.<\/p>\n<p>&nbsp;<\/p>\n<h2>MARKETING<\/h2>\n<p>&nbsp;<\/p>\n<h3>Nur richtige Adressen sindtu<\/h3>\n<p>Durch zu allgemein gehaltene Adressen und den dadurch entstehenden Streuverlust gehen Marketingaufwendungen vielfach verloren. Jedes Unternehmen tut gut daran, seine Kunden zu kennen und mit diesen pers\u00f6nlich zu kommunizieren.<\/p>\n<p>&nbsp;<\/p>\n<h3>SICHERHEIT<\/h3>\n<p>&nbsp;<\/p>\n<h3>Online Shopping- Paradise- Eingabe der Kreditkarteninformationen stockt<\/h3>\n<p>Kreditkartenbetrug ist ein Riesengesch\u00e4ft und daher meldet sich bei der Eingabe der hoch vertraulichen Kreditkarteninformatio nen auf einer unbekannten Webseite meist ein flaues Gef\u00fchl im Ba\u00fcch.<\/p>\n<p>&nbsp;<\/p>\n<h3>ICT<\/h3>\n<p>Mit mobilen Kommunikationsmitteln ausgestattete Mitarbeiter sind Jederzeit erreichbar. Doch sich einfach drauflos mit den neuen mobilen Wunderdingern einzudecken, w\u00e4re vorschnell.<\/p>\n<p>&nbsp;<\/p>\n<h3>HRM<\/h3>\n<p>Immer noch Tabuthema &#8211; kommt aber h\u00e4ufiger vor als angenommen Sexuelle Bel\u00e4stigung am Arbeitsplatz schafft ein Klima der Verunsicherung und des Misstrauens. Mit geeigneten Pr\u00e4ventionsmassnahmen k\u00f6nnen sich Betriebe sch\u00fctzen.<\/p>\n<p>&nbsp;<\/p>\n<h3>Absenzmanagement &#8211; finanzieller und menschlicher Mehrwert f\u00fcr Unternehmen<\/h3>\n<p>Absenzen bedeuten immer St\u00f6rungen des normalen Arbeitsablaufes, Jedoch steckt hinter Jeder Absenz auch eine Person, der es nicht gut geht. Mit Absenzmanage ment werden Abwesenheiten zu einem beeinflussbaren Faktor.<\/p>\n<p>&nbsp;<\/p>\n<h3>FINANZEN<\/h3>\n<p>Grenzen der Steueroptimierun Ziel der Unternehmenssteuerreform II ist die Milderung der wirtschaftlichen Doppel<br \/>\nbelastung. F\u00fcr im Unternehmen mitarbei tende Anteilseigner stellt sich die Frage nach Steueroptimierung &#8211; allerdings nicht ohne vorher die Folgen auf die Pensionskasse abgekl\u00e4rt zu haben.<\/p>\n<p>&nbsp;<\/p>\n<h3>Herausforderung f\u00fcr KMU<\/h3>\n<p>\u00abLieber den Spatz in der Fland als die Taube auf dem Dach?\u00bb Eine zweckm\u00e4ssige Anlage f\u00fcr die freien Mittel im Unternehmen zu finden, stellt f\u00fcr manchen KMU-Finanzma- nager eine Flerausforderung dar.<\/p>\n<p>&nbsp;<\/p>\n<h3>Rubriken<\/h3>\n<ul>\n<li>Editorial<\/li>\n<li>Szene<\/li>\n<li>Markt<\/li>\n<li>Buchtipp<\/li>\n<li>Bezugsquellen<\/li>\n<li>Service<\/li>\n<li>Kolumne<\/li>\n<\/ul>\n","protected":false},"excerpt":{"rendered":"<p>Erhalte die deutschsprachige Fachzeitschrift \u00aborganisator\u00bb in der Ausgabe 9\/2008 als PDF-Download mit nachfolgendem Inhaltsverzeichnis:<\/p>\n","protected":false},"featured_media":15354,"template":"","meta":{"_acf_changed":false,"articlekey":""},"product_brand":[],"product_cat":[546],"product_tag":[2979],"class_list":{"0":"post-15352","1":"product","2":"type-product","3":"status-publish","4":"has-post-thumbnail","6":"product_cat-einzelausgaben","7":"product_tag-2979","9":"first","10":"instock","11":"downloadable","12":"virtual","13":"taxable","14":"purchasable","15":"product-type-simple"},"acf":[],"yoast_head":"<!-- This site is optimized with the Yoast SEO plugin v27.5 - https:\/\/yoast.com\/product\/yoast-seo-wordpress\/ -->\n<title>Organisator Ausgabe 9\/2008 - Organisator<\/title>\n<meta name=\"description\" content=\"Erhalte die deutschsprachige Fachzeitschrift \u00aborganisator\u00bb in der Ausgabe 9\/2008 als PDF-Download mit nachfolgendem Inhaltsverzeichnis:\" \/>\n<meta name=\"robots\" content=\"index, follow, max-snippet:-1, max-image-preview:large, max-video-preview:-1\" \/>\n<link rel=\"canonical\" href=\"https:\/\/www.organisator.ch\/de\/produkt\/organisator-ausgabe-9-2008\/\" \/>\n<meta property=\"og:locale\" content=\"de_DE\" \/>\n<meta property=\"og:type\" content=\"article\" \/>\n<meta property=\"og:title\" content=\"Organisator Ausgabe 9\/2008 - Organisator\" \/>\n<meta property=\"og:description\" content=\"Erhalte die deutschsprachige Fachzeitschrift \u00aborganisator\u00bb in der Ausgabe 9\/2008 als PDF-Download mit nachfolgendem Inhaltsverzeichnis:\" \/>\n<meta property=\"og:url\" content=\"https:\/\/www.organisator.ch\/de\/produkt\/organisator-ausgabe-9-2008\/\" \/>\n<meta property=\"og:site_name\" content=\"Organisator\" \/>\n<meta property=\"article:publisher\" content=\"https:\/\/www.facebook.com\/OrganisatorFachmagazin\" \/>\n<meta property=\"article:modified_time\" content=\"2022-06-17T14:04:16+00:00\" \/>\n<meta property=\"og:image\" content=\"https:\/\/www.organisator.ch\/wp-content\/uploads\/2022\/06\/organisator_2008_9.png\" \/>\n\t<meta property=\"og:image:width\" content=\"654\" \/>\n\t<meta property=\"og:image:height\" content=\"370\" \/>\n\t<meta property=\"og:image:type\" content=\"image\/png\" \/>\n<meta name=\"twitter:card\" content=\"summary_large_image\" \/>\n<script type=\"application\/ld+json\" class=\"yoast-schema-graph\">{\"@context\":\"https:\\\/\\\/schema.org\",\"@graph\":[{\"@type\":\"WebPage\",\"@id\":\"https:\\\/\\\/www.organisator.ch\\\/de\\\/produkt\\\/organisator-ausgabe-9-2008\\\/\",\"url\":\"https:\\\/\\\/www.organisator.ch\\\/de\\\/produkt\\\/organisator-ausgabe-9-2008\\\/\",\"name\":\"Organisator Ausgabe 9\\\/2008 - Organisator\",\"isPartOf\":{\"@id\":\"https:\\\/\\\/www.organisator.ch\\\/#website\"},\"primaryImageOfPage\":{\"@id\":\"https:\\\/\\\/www.organisator.ch\\\/de\\\/produkt\\\/organisator-ausgabe-9-2008\\\/#primaryimage\"},\"image\":{\"@id\":\"https:\\\/\\\/www.organisator.ch\\\/de\\\/produkt\\\/organisator-ausgabe-9-2008\\\/#primaryimage\"},\"thumbnailUrl\":\"https:\\\/\\\/www.organisator.ch\\\/wp-content\\\/uploads\\\/2022\\\/06\\\/organisator_2008_9.png\",\"datePublished\":\"2022-06-17T14:03:52+00:00\",\"dateModified\":\"2022-06-17T14:04:16+00:00\",\"description\":\"Erhalte die deutschsprachige Fachzeitschrift \u00aborganisator\u00bb in der Ausgabe 9\\\/2008 als PDF-Download mit nachfolgendem Inhaltsverzeichnis:\",\"breadcrumb\":{\"@id\":\"https:\\\/\\\/www.organisator.ch\\\/de\\\/produkt\\\/organisator-ausgabe-9-2008\\\/#breadcrumb\"},\"inLanguage\":\"de\",\"potentialAction\":[{\"@type\":\"ReadAction\",\"target\":[\"https:\\\/\\\/www.organisator.ch\\\/de\\\/produkt\\\/organisator-ausgabe-9-2008\\\/\"]}]},{\"@type\":\"ImageObject\",\"inLanguage\":\"de\",\"@id\":\"https:\\\/\\\/www.organisator.ch\\\/de\\\/produkt\\\/organisator-ausgabe-9-2008\\\/#primaryimage\",\"url\":\"https:\\\/\\\/www.organisator.ch\\\/wp-content\\\/uploads\\\/2022\\\/06\\\/organisator_2008_9.png\",\"contentUrl\":\"https:\\\/\\\/www.organisator.ch\\\/wp-content\\\/uploads\\\/2022\\\/06\\\/organisator_2008_9.png\",\"width\":654,\"height\":370},{\"@type\":\"BreadcrumbList\",\"@id\":\"https:\\\/\\\/www.organisator.ch\\\/de\\\/produkt\\\/organisator-ausgabe-9-2008\\\/#breadcrumb\",\"itemListElement\":[{\"@type\":\"ListItem\",\"position\":1,\"name\":\"Home\",\"item\":\"https:\\\/\\\/www.organisator.ch\\\/\"},{\"@type\":\"ListItem\",\"position\":2,\"name\":\"Shop\",\"item\":\"https:\\\/\\\/www.organisator.ch\\\/fr\\\/shop\\\/\"},{\"@type\":\"ListItem\",\"position\":3,\"name\":\"Organisator Ausgabe 9\\\/2008\"}]},{\"@type\":\"WebSite\",\"@id\":\"https:\\\/\\\/www.organisator.ch\\\/#website\",\"url\":\"https:\\\/\\\/www.organisator.ch\\\/\",\"name\":\"Organisator\",\"description\":\"Kompetent. Praxisnah. Der ORGANISATOR bereitet in 10 Ausgaben pro Jahr die wesentlichen Themen f\u00fcr F\u00fchrungskr\u00e4fte von KMU auf.\",\"publisher\":{\"@id\":\"https:\\\/\\\/www.organisator.ch\\\/#organization\"},\"potentialAction\":[{\"@type\":\"SearchAction\",\"target\":{\"@type\":\"EntryPoint\",\"urlTemplate\":\"https:\\\/\\\/www.organisator.ch\\\/?s={search_term_string}\"},\"query-input\":{\"@type\":\"PropertyValueSpecification\",\"valueRequired\":true,\"valueName\":\"search_term_string\"}}],\"inLanguage\":\"de\"},{\"@type\":\"Organization\",\"@id\":\"https:\\\/\\\/www.organisator.ch\\\/#organization\",\"name\":\"Organisator\",\"url\":\"https:\\\/\\\/www.organisator.ch\\\/\",\"logo\":{\"@type\":\"ImageObject\",\"inLanguage\":\"de\",\"@id\":\"https:\\\/\\\/www.organisator.ch\\\/#\\\/schema\\\/logo\\\/image\\\/\",\"url\":\"https:\\\/\\\/www.organisator.ch\\\/wp-content\\\/uploads\\\/2022\\\/01\\\/Logo_Organisator_Website.png\",\"contentUrl\":\"https:\\\/\\\/www.organisator.ch\\\/wp-content\\\/uploads\\\/2022\\\/01\\\/Logo_Organisator_Website.png\",\"width\":800,\"height\":77,\"caption\":\"Organisator\"},\"image\":{\"@id\":\"https:\\\/\\\/www.organisator.ch\\\/#\\\/schema\\\/logo\\\/image\\\/\"},\"sameAs\":[\"https:\\\/\\\/www.facebook.com\\\/OrganisatorFachmagazin\",\"https:\\\/\\\/www.linkedin.com\\\/showcase\\\/organisator-das-magazin-fr-kmu\",\"https:\\\/\\\/www.xing.com\\\/news\\\/pages\\\/organisator-ch-695\",\"https:\\\/\\\/www.youtube.com\\\/channel\\\/UCGP2Sq0iWaZwT3BdIAQFYpw\"]}]}<\/script>\n<!-- \/ Yoast SEO plugin. -->","yoast_head_json":{"title":"Organisator Ausgabe 9\/2008 - Organisator","description":"Erhalte die deutschsprachige Fachzeitschrift \u00aborganisator\u00bb in der Ausgabe 9\/2008 als PDF-Download mit nachfolgendem Inhaltsverzeichnis:","robots":{"index":"index","follow":"follow","max-snippet":"max-snippet:-1","max-image-preview":"max-image-preview:large","max-video-preview":"max-video-preview:-1"},"canonical":"https:\/\/www.organisator.ch\/de\/produkt\/organisator-ausgabe-9-2008\/","og_locale":"de_DE","og_type":"article","og_title":"Organisator Ausgabe 9\/2008 - Organisator","og_description":"Erhalte die deutschsprachige Fachzeitschrift \u00aborganisator\u00bb in der Ausgabe 9\/2008 als PDF-Download mit nachfolgendem Inhaltsverzeichnis:","og_url":"https:\/\/www.organisator.ch\/de\/produkt\/organisator-ausgabe-9-2008\/","og_site_name":"Organisator","article_publisher":"https:\/\/www.facebook.com\/OrganisatorFachmagazin","article_modified_time":"2022-06-17T14:04:16+00:00","og_image":[{"width":654,"height":370,"url":"https:\/\/www.organisator.ch\/wp-content\/uploads\/2022\/06\/organisator_2008_9.png","type":"image\/png"}],"twitter_card":"summary_large_image","schema":{"@context":"https:\/\/schema.org","@graph":[{"@type":"WebPage","@id":"https:\/\/www.organisator.ch\/de\/produkt\/organisator-ausgabe-9-2008\/","url":"https:\/\/www.organisator.ch\/de\/produkt\/organisator-ausgabe-9-2008\/","name":"Organisator Ausgabe 9\/2008 - Organisator","isPartOf":{"@id":"https:\/\/www.organisator.ch\/#website"},"primaryImageOfPage":{"@id":"https:\/\/www.organisator.ch\/de\/produkt\/organisator-ausgabe-9-2008\/#primaryimage"},"image":{"@id":"https:\/\/www.organisator.ch\/de\/produkt\/organisator-ausgabe-9-2008\/#primaryimage"},"thumbnailUrl":"https:\/\/www.organisator.ch\/wp-content\/uploads\/2022\/06\/organisator_2008_9.png","datePublished":"2022-06-17T14:03:52+00:00","dateModified":"2022-06-17T14:04:16+00:00","description":"Erhalte die deutschsprachige Fachzeitschrift \u00aborganisator\u00bb in der Ausgabe 9\/2008 als PDF-Download mit nachfolgendem Inhaltsverzeichnis:","breadcrumb":{"@id":"https:\/\/www.organisator.ch\/de\/produkt\/organisator-ausgabe-9-2008\/#breadcrumb"},"inLanguage":"de","potentialAction":[{"@type":"ReadAction","target":["https:\/\/www.organisator.ch\/de\/produkt\/organisator-ausgabe-9-2008\/"]}]},{"@type":"ImageObject","inLanguage":"de","@id":"https:\/\/www.organisator.ch\/de\/produkt\/organisator-ausgabe-9-2008\/#primaryimage","url":"https:\/\/www.organisator.ch\/wp-content\/uploads\/2022\/06\/organisator_2008_9.png","contentUrl":"https:\/\/www.organisator.ch\/wp-content\/uploads\/2022\/06\/organisator_2008_9.png","width":654,"height":370},{"@type":"BreadcrumbList","@id":"https:\/\/www.organisator.ch\/de\/produkt\/organisator-ausgabe-9-2008\/#breadcrumb","itemListElement":[{"@type":"ListItem","position":1,"name":"Home","item":"https:\/\/www.organisator.ch\/"},{"@type":"ListItem","position":2,"name":"Shop","item":"https:\/\/www.organisator.ch\/fr\/shop\/"},{"@type":"ListItem","position":3,"name":"Organisator Ausgabe 9\/2008"}]},{"@type":"WebSite","@id":"https:\/\/www.organisator.ch\/#website","url":"https:\/\/www.organisator.ch\/","name":"Organisator","description":"Kompetent. Praxisnah. Der ORGANISATOR bereitet in 10 Ausgaben pro Jahr die wesentlichen Themen f\u00fcr F\u00fchrungskr\u00e4fte von KMU auf.","publisher":{"@id":"https:\/\/www.organisator.ch\/#organization"},"potentialAction":[{"@type":"SearchAction","target":{"@type":"EntryPoint","urlTemplate":"https:\/\/www.organisator.ch\/?s={search_term_string}"},"query-input":{"@type":"PropertyValueSpecification","valueRequired":true,"valueName":"search_term_string"}}],"inLanguage":"de"},{"@type":"Organization","@id":"https:\/\/www.organisator.ch\/#organization","name":"Organisator","url":"https:\/\/www.organisator.ch\/","logo":{"@type":"ImageObject","inLanguage":"de","@id":"https:\/\/www.organisator.ch\/#\/schema\/logo\/image\/","url":"https:\/\/www.organisator.ch\/wp-content\/uploads\/2022\/01\/Logo_Organisator_Website.png","contentUrl":"https:\/\/www.organisator.ch\/wp-content\/uploads\/2022\/01\/Logo_Organisator_Website.png","width":800,"height":77,"caption":"Organisator"},"image":{"@id":"https:\/\/www.organisator.ch\/#\/schema\/logo\/image\/"},"sameAs":["https:\/\/www.facebook.com\/OrganisatorFachmagazin","https:\/\/www.linkedin.com\/showcase\/organisator-das-magazin-fr-kmu","https:\/\/www.xing.com\/news\/pages\/organisator-ch-695","https:\/\/www.youtube.com\/channel\/UCGP2Sq0iWaZwT3BdIAQFYpw"]}]}},"_links":{"self":[{"href":"https:\/\/www.organisator.ch\/de\/wp-json\/wp\/v2\/product\/15352","targetHints":{"allow":["GET"]}}],"collection":[{"href":"https:\/\/www.organisator.ch\/de\/wp-json\/wp\/v2\/product"}],"about":[{"href":"https:\/\/www.organisator.ch\/de\/wp-json\/wp\/v2\/types\/product"}],"wp:featuredmedia":[{"embeddable":true,"href":"https:\/\/www.organisator.ch\/de\/wp-json\/wp\/v2\/media\/15354"}],"wp:attachment":[{"href":"https:\/\/www.organisator.ch\/de\/wp-json\/wp\/v2\/media?parent=15352"}],"wp:term":[{"taxonomy":"product_brand","embeddable":true,"href":"https:\/\/www.organisator.ch\/de\/wp-json\/wp\/v2\/product_brand?post=15352"},{"taxonomy":"product_cat","embeddable":true,"href":"https:\/\/www.organisator.ch\/de\/wp-json\/wp\/v2\/product_cat?post=15352"},{"taxonomy":"product_tag","embeddable":true,"href":"https:\/\/www.organisator.ch\/de\/wp-json\/wp\/v2\/product_tag?post=15352"}],"curies":[{"name":"wp","href":"https:\/\/api.w.org\/{rel}","templated":true}]}}