{"id":6131,"date":"2021-07-21T10:36:10","date_gmt":"2021-07-21T08:36:10","guid":{"rendered":"https:\/\/www.organisator.ch\/?post_type=product&#038;p=6131"},"modified":"2021-11-09T18:44:59","modified_gmt":"2021-11-09T17:44:59","slug":"organisator-ausgabe-1-2-2009","status":"publish","type":"product","link":"https:\/\/www.organisator.ch\/de\/produkt\/organisator-ausgabe-1-2-2009\/","title":{"rendered":"Organisator Ausgabe 1-2\/2009"},"content":{"rendered":"<h2>MENSCH<\/h2>\n<p><strong>Peter G. Rebeiz verbindet erfolgreich Kunst und Gesch\u00e4ftssinn<\/strong><\/p>\n<ul>\n<li>Der CEO von Caviar House &amp; Prunier erobert mit Rauchlachs aus dem Toggenburg die Welt des luxuri\u00f6sen Geniessens.<\/li>\n<\/ul>\n<h2>SCHWERPUNKT<\/h2>\n<p><strong>Projektmanagement ist gelebtes Qualit\u00e4tsmanagement<\/strong><\/p>\n<ul>\n<li>Qualit\u00e4ts- und Projektmanagement basieren auf den gleichen Erfolgskriterien und erg\u00e4nzen sich gegenseitig.<\/li>\n<\/ul>\n<h2>NACHGEFRAGT<\/h2>\n<p><strong>Fachkr\u00e4fte aus dem Ausland: auch ein Thema f\u00fcr KMU?<\/strong><\/p>\n<ul>\n<li>Wie Schweizer Unternehmen Personal im Ausland suchen<\/li>\n<\/ul>\n<h2>LEADERSHIP<\/h2>\n<p><strong>Verborgene Potenziale in Projekten nutzen<\/strong><\/p>\n<ul>\n<li>Vieles, was unter dem Eisberg liegt, l\u00e4sst sich visualisieren.<\/li>\n<\/ul>\n<p><strong>F\u00fcr den Wiederaufschwung bereit sein<\/strong><\/p>\n<ul>\n<li>Die momentane Konjunkturschw\u00e4che kann gezielt f\u00fcr die Executive-Weiterbildung genutzt werden.<\/li>\n<\/ul>\n<h2>INTERNATIONAL<\/h2>\n<p><strong>Das Mehrwertsteuer-Paket der EU bringt Ver\u00e4nderungen<\/strong><\/p>\n<ul>\n<li>Ab 2010 treten \u0080nderungen bei der EU-weiten Umsatzbesteuerung in Kraft &#8211; mit Auswirkungen auf Schweizer Unternehmen.<\/li>\n<\/ul>\n<h2>MARKETING<\/h2>\n<p><strong>Das Internet ins Marketing integrieren<\/strong><\/p>\n<ul>\n<li>Mit der richtigen Gestaltung einer Website erschliessen sich neue Vertriebskan\u00e4le und Gesch\u00e4ftsmodelle<\/li>\n<\/ul>\n<h2>FOCUS<\/h2>\n<p><strong>Unternehmer sind zuweilen wie gehetzte Tiere<\/strong><\/p>\n<ul>\n<li>Vor lauter Terminen bleibt kaum mehr Zeit zum Leben. Mit ein paar Fragen an sich selbst kann das pers\u009anliche Zeitmanagement in neue Bahnen gelenkt werden.<\/li>\n<\/ul>\n<p><strong>Systeme zur Erfassung der Arbeitszeit m\u00fcssen immer flexibler werden<\/strong><\/p>\n<ul>\n<li>Die Firma Infotech AG pr\u00e4sentiert eine benutzerfreundliche L\u00f6sung<\/li>\n<\/ul>\n<h2>ICT<\/h2>\n<p><strong>Besser als echt? Megatrend Virtualisierung<\/strong><\/p>\n<ul>\n<li>Virtuelle Server-Umgebungen bringen Vorteile, aber auch neue Anforderungen an die Sicherheit.<\/li>\n<\/ul>\n<h2>SICHERHEIT<\/h2>\n<p><strong>Die sichere mobile Welt<\/strong><\/p>\n<ul>\n<li>Surfen und telefonieren von unterwegs verlangen nach besonderen Sicherheitsmassnahmen. Doch wie viel d\u00fcrfen diese kosten?<\/li>\n<\/ul>\n<h2>HRM<\/h2>\n<p><strong>F\u00f6rderung der Gleichstellung am Arbeitsplatz<\/strong><\/p>\n<ul>\n<li>Gleiche Chancen in der Arbeitswelt f\u00fcr Mann und Frau: Noch sind nicht alle Ziele erreicht. Der Bund unterst\u00fctzt KMU bei F\u00f6rderprogrammen.<\/li>\n<\/ul>\n<h2>FINANZEN<\/h2>\n<p><strong>Leasingraten wie Telefonrechnungen bezahlen<\/strong><\/p>\n<ul>\n<li>Ein flexibles und transparentes Leasingmodell f\u00fcr Gesch\u00e4ftskunden erleichtert die Verwaltung des Fuhrparks.<\/li>\n<\/ul>\n<p><strong>Energie sparen im B\u00fcro<\/strong><\/p>\n<ul>\n<li>B\u00fcroger\u00e4te verbrauchen Strom, auch wenn sie nicht laufen. Hier liegt ein grosses Sparpotenzial brach.<\/li>\n<\/ul>\n<h2>VERANSTALTUNGEN<\/h2>\n<p><strong>Abschluss auf Universit\u00e4tsniveau<\/strong><\/p>\n<ul>\n<li>Abschluss auf Universit\u00e4tsniveauAbschluss auf Universit\u00e4tsniveau<\/li>\n<\/ul>\n<p><strong>Coaching-Tag<\/strong><\/p>\n<ul>\n<li>Beratung zwischen Geld und Geist.<\/li>\n<\/ul>\n<p><strong>Tickets f\u00fcr die Zukunft<\/strong><\/p>\n<ul>\n<li>Das 3. Swiss Innovation Forum zeigte Innovationsmotoren von morgen.<\/li>\n<\/ul>\n<h2>Rubriken<\/h2>\n<ul>\n<li>Editorial<\/li>\n<li>Szene<\/li>\n<li>Kompakt<\/li>\n<li>Markt<\/li>\n<li>Bezugsquellen<\/li>\n<li>Buchtipp<\/li>\n<li>Service<\/li>\n<li>Kolumne<\/li>\n<\/ul>\n","protected":false},"excerpt":{"rendered":"<p>Erhalte die deutschsprachige Fachzeitschrift \u00aborganisator\u00bb in der Organisator Ausgabe 1-2\/2009 als PDF-Download mit nachfolgendem Inhaltsverzeichnis:<\/p>\n","protected":false},"featured_media":6161,"template":"","meta":{"_acf_changed":false,"articlekey":""},"product_brand":[],"product_cat":[546],"product_tag":[556],"class_list":{"0":"post-6131","1":"product","2":"type-product","3":"status-publish","4":"has-post-thumbnail","6":"product_cat-einzelausgaben","7":"product_tag-556","9":"first","10":"instock","11":"downloadable","12":"virtual","13":"taxable","14":"purchasable","15":"product-type-simple"},"acf":[],"yoast_head":"<!-- This site is optimized with the Yoast SEO plugin v27.4 - https:\/\/yoast.com\/product\/yoast-seo-wordpress\/ -->\n<title>Organisator Ausgabe 1-2\/2009 - Organisator<\/title>\n<meta name=\"description\" content=\"Erhalte die deutschsprachige Fachzeitschrift \u00aborganisator\u00bb in der Organisator Ausgabe 1-2\/2009 als PDF-Download mit nachfolgendem Inhaltsverzeichnis:\" \/>\n<meta name=\"robots\" content=\"index, follow, max-snippet:-1, max-image-preview:large, max-video-preview:-1\" \/>\n<link rel=\"canonical\" href=\"https:\/\/www.organisator.ch\/de\/produkt\/organisator-ausgabe-1-2-2009\/\" \/>\n<meta property=\"og:locale\" content=\"de_DE\" \/>\n<meta property=\"og:type\" content=\"article\" \/>\n<meta property=\"og:title\" content=\"Organisator Ausgabe 1-2\/2009 - Organisator\" \/>\n<meta property=\"og:description\" content=\"Erhalte die deutschsprachige Fachzeitschrift \u00aborganisator\u00bb in der Organisator Ausgabe 1-2\/2009 als PDF-Download mit nachfolgendem Inhaltsverzeichnis:\" \/>\n<meta property=\"og:url\" content=\"https:\/\/www.organisator.ch\/de\/produkt\/organisator-ausgabe-1-2-2009\/\" \/>\n<meta property=\"og:site_name\" content=\"Organisator\" \/>\n<meta property=\"article:publisher\" content=\"https:\/\/www.facebook.com\/OrganisatorFachmagazin\" \/>\n<meta property=\"article:modified_time\" content=\"2021-11-09T17:44:59+00:00\" \/>\n<meta property=\"og:image\" content=\"https:\/\/www.organisator.ch\/wp-content\/uploads\/2021\/07\/organisator_2009_1-2.png\" \/>\n\t<meta property=\"og:image:width\" content=\"654\" \/>\n\t<meta property=\"og:image:height\" content=\"370\" \/>\n\t<meta property=\"og:image:type\" content=\"image\/png\" \/>\n<meta name=\"twitter:card\" content=\"summary_large_image\" \/>\n<script type=\"application\/ld+json\" class=\"yoast-schema-graph\">{\"@context\":\"https:\\\/\\\/schema.org\",\"@graph\":[{\"@type\":\"WebPage\",\"@id\":\"https:\\\/\\\/www.organisator.ch\\\/it\\\/prodotto\\\/organisator-ausgabe-1-2-2009\\\/\",\"url\":\"https:\\\/\\\/www.organisator.ch\\\/it\\\/prodotto\\\/organisator-ausgabe-1-2-2009\\\/\",\"name\":\"Organisator Ausgabe 1-2\\\/2009 - Organisator\",\"isPartOf\":{\"@id\":\"https:\\\/\\\/www.organisator.ch\\\/#website\"},\"primaryImageOfPage\":{\"@id\":\"https:\\\/\\\/www.organisator.ch\\\/it\\\/prodotto\\\/organisator-ausgabe-1-2-2009\\\/#primaryimage\"},\"image\":{\"@id\":\"https:\\\/\\\/www.organisator.ch\\\/it\\\/prodotto\\\/organisator-ausgabe-1-2-2009\\\/#primaryimage\"},\"thumbnailUrl\":\"https:\\\/\\\/www.organisator.ch\\\/wp-content\\\/uploads\\\/2021\\\/07\\\/organisator_2009_1-2.png\",\"datePublished\":\"2021-07-21T08:36:10+00:00\",\"dateModified\":\"2021-11-09T17:44:59+00:00\",\"description\":\"Erhalte die deutschsprachige Fachzeitschrift \u00aborganisator\u00bb in der Organisator Ausgabe 1-2\\\/2009 als PDF-Download mit nachfolgendem Inhaltsverzeichnis:\",\"breadcrumb\":{\"@id\":\"https:\\\/\\\/www.organisator.ch\\\/it\\\/prodotto\\\/organisator-ausgabe-1-2-2009\\\/#breadcrumb\"},\"inLanguage\":\"de\",\"potentialAction\":[{\"@type\":\"ReadAction\",\"target\":[\"https:\\\/\\\/www.organisator.ch\\\/it\\\/prodotto\\\/organisator-ausgabe-1-2-2009\\\/\"]}]},{\"@type\":\"ImageObject\",\"inLanguage\":\"de\",\"@id\":\"https:\\\/\\\/www.organisator.ch\\\/it\\\/prodotto\\\/organisator-ausgabe-1-2-2009\\\/#primaryimage\",\"url\":\"https:\\\/\\\/www.organisator.ch\\\/wp-content\\\/uploads\\\/2021\\\/07\\\/organisator_2009_1-2.png\",\"contentUrl\":\"https:\\\/\\\/www.organisator.ch\\\/wp-content\\\/uploads\\\/2021\\\/07\\\/organisator_2009_1-2.png\",\"width\":654,\"height\":370},{\"@type\":\"BreadcrumbList\",\"@id\":\"https:\\\/\\\/www.organisator.ch\\\/it\\\/prodotto\\\/organisator-ausgabe-1-2-2009\\\/#breadcrumb\",\"itemListElement\":[{\"@type\":\"ListItem\",\"position\":1,\"name\":\"Home\",\"item\":\"https:\\\/\\\/www.organisator.ch\\\/\"},{\"@type\":\"ListItem\",\"position\":2,\"name\":\"Shop\",\"item\":\"https:\\\/\\\/www.organisator.ch\\\/fr\\\/shop\\\/\"},{\"@type\":\"ListItem\",\"position\":3,\"name\":\"Organisator Ausgabe 1-2\\\/2009\"}]},{\"@type\":\"WebSite\",\"@id\":\"https:\\\/\\\/www.organisator.ch\\\/#website\",\"url\":\"https:\\\/\\\/www.organisator.ch\\\/\",\"name\":\"Organisator\",\"description\":\"Kompetent. Praxisnah. Der ORGANISATOR bereitet in 10 Ausgaben pro Jahr die wesentlichen Themen f\u00fcr F\u00fchrungskr\u00e4fte von KMU auf.\",\"publisher\":{\"@id\":\"https:\\\/\\\/www.organisator.ch\\\/#organization\"},\"potentialAction\":[{\"@type\":\"SearchAction\",\"target\":{\"@type\":\"EntryPoint\",\"urlTemplate\":\"https:\\\/\\\/www.organisator.ch\\\/?s={search_term_string}\"},\"query-input\":{\"@type\":\"PropertyValueSpecification\",\"valueRequired\":true,\"valueName\":\"search_term_string\"}}],\"inLanguage\":\"de\"},{\"@type\":\"Organization\",\"@id\":\"https:\\\/\\\/www.organisator.ch\\\/#organization\",\"name\":\"Organisator\",\"url\":\"https:\\\/\\\/www.organisator.ch\\\/\",\"logo\":{\"@type\":\"ImageObject\",\"inLanguage\":\"de\",\"@id\":\"https:\\\/\\\/www.organisator.ch\\\/#\\\/schema\\\/logo\\\/image\\\/\",\"url\":\"https:\\\/\\\/www.organisator.ch\\\/wp-content\\\/uploads\\\/2022\\\/01\\\/Logo_Organisator_Website.png\",\"contentUrl\":\"https:\\\/\\\/www.organisator.ch\\\/wp-content\\\/uploads\\\/2022\\\/01\\\/Logo_Organisator_Website.png\",\"width\":800,\"height\":77,\"caption\":\"Organisator\"},\"image\":{\"@id\":\"https:\\\/\\\/www.organisator.ch\\\/#\\\/schema\\\/logo\\\/image\\\/\"},\"sameAs\":[\"https:\\\/\\\/www.facebook.com\\\/OrganisatorFachmagazin\",\"https:\\\/\\\/www.linkedin.com\\\/showcase\\\/organisator-das-magazin-fr-kmu\",\"https:\\\/\\\/www.xing.com\\\/news\\\/pages\\\/organisator-ch-695\",\"https:\\\/\\\/www.youtube.com\\\/channel\\\/UCGP2Sq0iWaZwT3BdIAQFYpw\"]}]}<\/script>\n<!-- \/ Yoast SEO plugin. -->","yoast_head_json":{"title":"Organisator Ausgabe 1-2\/2009 - Organisator","description":"Erhalte die deutschsprachige Fachzeitschrift \u00aborganisator\u00bb in der Organisator Ausgabe 1-2\/2009 als PDF-Download mit nachfolgendem Inhaltsverzeichnis:","robots":{"index":"index","follow":"follow","max-snippet":"max-snippet:-1","max-image-preview":"max-image-preview:large","max-video-preview":"max-video-preview:-1"},"canonical":"https:\/\/www.organisator.ch\/de\/produkt\/organisator-ausgabe-1-2-2009\/","og_locale":"de_DE","og_type":"article","og_title":"Organisator Ausgabe 1-2\/2009 - Organisator","og_description":"Erhalte die deutschsprachige Fachzeitschrift \u00aborganisator\u00bb in der Organisator Ausgabe 1-2\/2009 als PDF-Download mit nachfolgendem Inhaltsverzeichnis:","og_url":"https:\/\/www.organisator.ch\/de\/produkt\/organisator-ausgabe-1-2-2009\/","og_site_name":"Organisator","article_publisher":"https:\/\/www.facebook.com\/OrganisatorFachmagazin","article_modified_time":"2021-11-09T17:44:59+00:00","og_image":[{"width":654,"height":370,"url":"https:\/\/www.organisator.ch\/wp-content\/uploads\/2021\/07\/organisator_2009_1-2.png","type":"image\/png"}],"twitter_card":"summary_large_image","schema":{"@context":"https:\/\/schema.org","@graph":[{"@type":"WebPage","@id":"https:\/\/www.organisator.ch\/it\/prodotto\/organisator-ausgabe-1-2-2009\/","url":"https:\/\/www.organisator.ch\/it\/prodotto\/organisator-ausgabe-1-2-2009\/","name":"Organisator Ausgabe 1-2\/2009 - Organisator","isPartOf":{"@id":"https:\/\/www.organisator.ch\/#website"},"primaryImageOfPage":{"@id":"https:\/\/www.organisator.ch\/it\/prodotto\/organisator-ausgabe-1-2-2009\/#primaryimage"},"image":{"@id":"https:\/\/www.organisator.ch\/it\/prodotto\/organisator-ausgabe-1-2-2009\/#primaryimage"},"thumbnailUrl":"https:\/\/www.organisator.ch\/wp-content\/uploads\/2021\/07\/organisator_2009_1-2.png","datePublished":"2021-07-21T08:36:10+00:00","dateModified":"2021-11-09T17:44:59+00:00","description":"Erhalte die deutschsprachige Fachzeitschrift \u00aborganisator\u00bb in der Organisator Ausgabe 1-2\/2009 als PDF-Download mit nachfolgendem Inhaltsverzeichnis:","breadcrumb":{"@id":"https:\/\/www.organisator.ch\/it\/prodotto\/organisator-ausgabe-1-2-2009\/#breadcrumb"},"inLanguage":"de","potentialAction":[{"@type":"ReadAction","target":["https:\/\/www.organisator.ch\/it\/prodotto\/organisator-ausgabe-1-2-2009\/"]}]},{"@type":"ImageObject","inLanguage":"de","@id":"https:\/\/www.organisator.ch\/it\/prodotto\/organisator-ausgabe-1-2-2009\/#primaryimage","url":"https:\/\/www.organisator.ch\/wp-content\/uploads\/2021\/07\/organisator_2009_1-2.png","contentUrl":"https:\/\/www.organisator.ch\/wp-content\/uploads\/2021\/07\/organisator_2009_1-2.png","width":654,"height":370},{"@type":"BreadcrumbList","@id":"https:\/\/www.organisator.ch\/it\/prodotto\/organisator-ausgabe-1-2-2009\/#breadcrumb","itemListElement":[{"@type":"ListItem","position":1,"name":"Home","item":"https:\/\/www.organisator.ch\/"},{"@type":"ListItem","position":2,"name":"Shop","item":"https:\/\/www.organisator.ch\/fr\/shop\/"},{"@type":"ListItem","position":3,"name":"Organisator Ausgabe 1-2\/2009"}]},{"@type":"WebSite","@id":"https:\/\/www.organisator.ch\/#website","url":"https:\/\/www.organisator.ch\/","name":"Organisator","description":"Kompetent. Praxisnah. Der ORGANISATOR bereitet in 10 Ausgaben pro Jahr die wesentlichen Themen f\u00fcr F\u00fchrungskr\u00e4fte von KMU auf.","publisher":{"@id":"https:\/\/www.organisator.ch\/#organization"},"potentialAction":[{"@type":"SearchAction","target":{"@type":"EntryPoint","urlTemplate":"https:\/\/www.organisator.ch\/?s={search_term_string}"},"query-input":{"@type":"PropertyValueSpecification","valueRequired":true,"valueName":"search_term_string"}}],"inLanguage":"de"},{"@type":"Organization","@id":"https:\/\/www.organisator.ch\/#organization","name":"Organisator","url":"https:\/\/www.organisator.ch\/","logo":{"@type":"ImageObject","inLanguage":"de","@id":"https:\/\/www.organisator.ch\/#\/schema\/logo\/image\/","url":"https:\/\/www.organisator.ch\/wp-content\/uploads\/2022\/01\/Logo_Organisator_Website.png","contentUrl":"https:\/\/www.organisator.ch\/wp-content\/uploads\/2022\/01\/Logo_Organisator_Website.png","width":800,"height":77,"caption":"Organisator"},"image":{"@id":"https:\/\/www.organisator.ch\/#\/schema\/logo\/image\/"},"sameAs":["https:\/\/www.facebook.com\/OrganisatorFachmagazin","https:\/\/www.linkedin.com\/showcase\/organisator-das-magazin-fr-kmu","https:\/\/www.xing.com\/news\/pages\/organisator-ch-695","https:\/\/www.youtube.com\/channel\/UCGP2Sq0iWaZwT3BdIAQFYpw"]}]}},"_links":{"self":[{"href":"https:\/\/www.organisator.ch\/de\/wp-json\/wp\/v2\/product\/6131","targetHints":{"allow":["GET"]}}],"collection":[{"href":"https:\/\/www.organisator.ch\/de\/wp-json\/wp\/v2\/product"}],"about":[{"href":"https:\/\/www.organisator.ch\/de\/wp-json\/wp\/v2\/types\/product"}],"wp:featuredmedia":[{"embeddable":true,"href":"https:\/\/www.organisator.ch\/de\/wp-json\/wp\/v2\/media\/6161"}],"wp:attachment":[{"href":"https:\/\/www.organisator.ch\/de\/wp-json\/wp\/v2\/media?parent=6131"}],"wp:term":[{"taxonomy":"product_brand","embeddable":true,"href":"https:\/\/www.organisator.ch\/de\/wp-json\/wp\/v2\/product_brand?post=6131"},{"taxonomy":"product_cat","embeddable":true,"href":"https:\/\/www.organisator.ch\/de\/wp-json\/wp\/v2\/product_cat?post=6131"},{"taxonomy":"product_tag","embeddable":true,"href":"https:\/\/www.organisator.ch\/de\/wp-json\/wp\/v2\/product_tag?post=6131"}],"curies":[{"name":"wp","href":"https:\/\/api.w.org\/{rel}","templated":true}]}}