{"id":13841,"date":"2022-06-08T04:48:50","date_gmt":"2022-06-08T02:48:50","guid":{"rendered":"https:\/\/www.organisator.ch\/?post_type=product&#038;p=13841"},"modified":"2022-06-08T04:48:54","modified_gmt":"2022-06-08T02:48:54","slug":"organisator-ausgabe-1-1979","status":"publish","type":"product","link":"https:\/\/www.organisator.ch\/en\/produkt\/organisator-ausgabe-1-1979\/","title":{"rendered":"Organizer issue 1\/1979"},"content":{"rendered":"<h2>Permanent columns<\/h2>\n<ul>\n<li>Books for you<\/li>\n<li>Reader page<\/li>\n<li>The organizer says<\/li>\n<li>The economic month<\/li>\n<li>Legal cases<\/li>\n<li>ORGANISATOR Seminars<\/li>\n<li>For reflection<\/li>\n<li>GRGANISATGR offers<\/li>\n<li>Reading Concentrates<\/li>\n<li>Courses and meetings<\/li>\n<li>Products + Services<\/li>\n<li>Tarantula<\/li>\n<\/ul>\n<h2>Business Administration<\/h2>\n<ul>\n<li>GK \u2013 the new ORGANIZER (or open) classification and documentation system<\/li>\n<li>Fiduciary profession in disrepute (The Organizer says).<\/li>\n<li>Tarantula<\/li>\n<\/ul>\n<h2>Unternebmensf\u00fcbrung<\/h2>\n<ul>\n<li>Set priorities (business and family)<\/li>\n<li>Procurement in the retail trade with simple means<\/li>\n<li>Product testing in USA (LK)<\/li>\n<li>Products life cycle (LK)<\/li>\n<li>Advantages and risks of diversification (LK)<\/li>\n<li>Managers should take care of the computer (LK)<\/li>\n<li>Interface Management (LK)<\/li>\n<li>Manager in the monastery (LK)<\/li>\n<\/ul>\n<h2>Legal issues<\/h2>\n<ul>\n<li>How much processes cost<\/li>\n<li>When and for what is the commercial traveler liable?<\/li>\n<\/ul>\n<h2>Taxes<\/h2>\n<ul>\n<li>Life annuities for business sales<\/li>\n<li>Withholding tax refund<\/li>\n<li>Merger-like combinations<\/li>\n<li>High taxes on bad business?<\/li>\n<li>Seniority gifts<\/li>\n<li>Finance\/Accounting<\/li>\n<li>Currency probiem (reader's side)<\/li>\n<li>Cost accounting system (LK)<\/li>\n<li>Internal service accounting (LK)<\/li>\n<li>Customer-oriented profit control (LK)<\/li>\n<li>Cost accounting: starting point is the billing document (LK)<\/li>\n<li>Correct accounting for employee benefits (LK)<\/li>\n<\/ul>\n<h2>Organization\/Office Technology<\/h2>\n<ul>\n<li>\u00abWriting\u00bb \u2013 now and in the near future<\/li>\n<li>The office of the future<\/li>\n<li>Coresponding by copying<\/li>\n<li>Manage property, plant and equipment sensibly<\/li>\n<li>Rationalization creates new jobs(LK)<\/li>\n<li>Planning conveyor systems (LK)<\/li>\n<li>Matrix Organization (LK)<\/li>\n<li>Companies can learn from military organizational models (LK)<\/li>\n<li>Steel rolling order elements(LK)<\/li>\n<li>Pocket device: clock\/memory\/alarm clock (P + D)<\/li>\n<li>Plain paper copier with reduction capability (P + D)<\/li>\n<li>Wipeable magnetic board<\/li>\n<li>Market overview of standard paper copiers (P + D)<\/li>\n<li>Fireproof filing cabinet (P + D)<\/li>\n<\/ul>\n<h2>Data processing<\/h2>\n<ul>\n<li>Innovations in dialog c\u00f6m-puter IBM System\/34<\/li>\n<li>First non-stop TM version of the IBM 2780\/3780 RJE station (P + D)<\/li>\n<li>Store floppy disks<\/li>\n<li>Ready-to-install micro-Nova systems(P + D)<\/li>\n<li>Independent on\/off<\/li>\n<li>Gabe processors for Wang computers(P + D)<\/li>\n<li>With Contro! Data 635 megabyte disk double storage capacity for IBM users (P + D)<\/li>\n<li>Small computer Logabax LX 2010 (P + D)<\/li>\n<\/ul>\n<h2>Personnel management<\/h2>\n<ul>\n<li>Eutony: Balancing Interpersonal Tensions (Seminar)<\/li>\n<li>Dialectical rhetoric \u2013 Speaking without inhibition (seminar)<\/li>\n<li>The grave orator of himself (On reflection)<\/li>\n<li>The manager and his identity (LK)<\/li>\n<li>Help avoid stress (SC)<\/li>\n<li>Ambition (LK)<\/li>\n<li>Manager health<\/li>\n<li>On the workplace problem<\/li>\n<li>Courses and meetings<\/li>\n<\/ul>\n<h2>Sales\/Marketing\/Advertising<\/h2>\n<ul>\n<li>Direct advertising for small businesses<\/li>\n<li>Successful sellers and satisfied customers<\/li>\n<li>Do you know your market of tomorrow? (LK)<\/li>\n<li>Food\/Non-Food: Large-scale enterprises in German retailing (P + D)<\/li>\n<li>Marketing, retail and advertising in the USA<\/li>\n<\/ul>","protected":false},"excerpt":{"rendered":"<p>Receive the German-language trade journal \"organisator\" in issue 1\/1979 as a PDF download with the following table of contents:<\/p>","protected":false},"featured_media":13843,"template":"","meta":{"_acf_changed":false,"articlekey":""},"product_brand":[],"product_cat":[546],"product_tag":[2924],"class_list":{"0":"post-13841","1":"product","2":"type-product","3":"status-publish","4":"has-post-thumbnail","6":"product_cat-einzelausgaben","7":"product_tag-2924","9":"first","10":"instock","11":"downloadable","12":"virtual","13":"taxable","14":"purchasable","15":"product-type-simple"},"acf":[],"yoast_head":"<!-- This site is optimized with the Yoast SEO plugin v27.5 - https:\/\/yoast.com\/product\/yoast-seo-wordpress\/ -->\n<title>Organisator Ausgabe 1\/1979 - Organisator<\/title>\n<meta name=\"description\" content=\"Erhalte die deutschsprachige Fachzeitschrift \u00aborganisator\u00bb in der Ausgabe 1\/1979 als PDF-Download mit nachfolgendem Inhaltsverzeichnis:\" \/>\n<meta name=\"robots\" content=\"index, follow, max-snippet:-1, max-image-preview:large, max-video-preview:-1\" \/>\n<link rel=\"canonical\" href=\"https:\/\/www.organisator.ch\/en\/product-2\/organisator-ausgabe-1-1979\/\" \/>\n<meta property=\"og:locale\" content=\"en_US\" \/>\n<meta property=\"og:type\" content=\"article\" \/>\n<meta property=\"og:title\" content=\"Organisator Ausgabe 1\/1979 - Organisator\" \/>\n<meta property=\"og:description\" content=\"Erhalte die deutschsprachige Fachzeitschrift \u00aborganisator\u00bb in der Ausgabe 1\/1979 als PDF-Download mit nachfolgendem Inhaltsverzeichnis:\" \/>\n<meta property=\"og:url\" content=\"https:\/\/www.organisator.ch\/en\/product-2\/organisator-ausgabe-1-1979\/\" \/>\n<meta property=\"og:site_name\" content=\"Organisator\" \/>\n<meta property=\"article:publisher\" content=\"https:\/\/www.facebook.com\/OrganisatorFachmagazin\" \/>\n<meta property=\"article:modified_time\" content=\"2022-06-08T02:48:54+00:00\" \/>\n<meta property=\"og:image\" content=\"https:\/\/www.organisator.ch\/wp-content\/uploads\/2022\/06\/organisator_1979_1.png\" \/>\n\t<meta property=\"og:image:width\" content=\"654\" \/>\n\t<meta property=\"og:image:height\" content=\"370\" \/>\n\t<meta property=\"og:image:type\" content=\"image\/png\" \/>\n<meta name=\"twitter:card\" content=\"summary_large_image\" \/>\n<script type=\"application\/ld+json\" class=\"yoast-schema-graph\">{\"@context\":\"https:\\\/\\\/schema.org\",\"@graph\":[{\"@type\":\"WebPage\",\"@id\":\"https:\\\/\\\/www.organisator.ch\\\/de\\\/produkt\\\/organisator-ausgabe-1-1979\\\/\",\"url\":\"https:\\\/\\\/www.organisator.ch\\\/de\\\/produkt\\\/organisator-ausgabe-1-1979\\\/\",\"name\":\"Organisator Ausgabe 1\\\/1979 - Organisator\",\"isPartOf\":{\"@id\":\"https:\\\/\\\/www.organisator.ch\\\/#website\"},\"primaryImageOfPage\":{\"@id\":\"https:\\\/\\\/www.organisator.ch\\\/de\\\/produkt\\\/organisator-ausgabe-1-1979\\\/#primaryimage\"},\"image\":{\"@id\":\"https:\\\/\\\/www.organisator.ch\\\/de\\\/produkt\\\/organisator-ausgabe-1-1979\\\/#primaryimage\"},\"thumbnailUrl\":\"https:\\\/\\\/www.organisator.ch\\\/wp-content\\\/uploads\\\/2022\\\/06\\\/organisator_1979_1.png\",\"datePublished\":\"2022-06-08T02:48:50+00:00\",\"dateModified\":\"2022-06-08T02:48:54+00:00\",\"description\":\"Erhalte die deutschsprachige Fachzeitschrift \u00aborganisator\u00bb in der Ausgabe 1\\\/1979 als PDF-Download mit nachfolgendem Inhaltsverzeichnis:\",\"breadcrumb\":{\"@id\":\"https:\\\/\\\/www.organisator.ch\\\/de\\\/produkt\\\/organisator-ausgabe-1-1979\\\/#breadcrumb\"},\"inLanguage\":\"en-US\",\"potentialAction\":[{\"@type\":\"ReadAction\",\"target\":[\"https:\\\/\\\/www.organisator.ch\\\/de\\\/produkt\\\/organisator-ausgabe-1-1979\\\/\"]}]},{\"@type\":\"ImageObject\",\"inLanguage\":\"en-US\",\"@id\":\"https:\\\/\\\/www.organisator.ch\\\/de\\\/produkt\\\/organisator-ausgabe-1-1979\\\/#primaryimage\",\"url\":\"https:\\\/\\\/www.organisator.ch\\\/wp-content\\\/uploads\\\/2022\\\/06\\\/organisator_1979_1.png\",\"contentUrl\":\"https:\\\/\\\/www.organisator.ch\\\/wp-content\\\/uploads\\\/2022\\\/06\\\/organisator_1979_1.png\",\"width\":654,\"height\":370},{\"@type\":\"BreadcrumbList\",\"@id\":\"https:\\\/\\\/www.organisator.ch\\\/de\\\/produkt\\\/organisator-ausgabe-1-1979\\\/#breadcrumb\",\"itemListElement\":[{\"@type\":\"ListItem\",\"position\":1,\"name\":\"Home\",\"item\":\"https:\\\/\\\/www.organisator.ch\\\/\"},{\"@type\":\"ListItem\",\"position\":2,\"name\":\"Shop\",\"item\":\"https:\\\/\\\/www.organisator.ch\\\/fr\\\/shop\\\/\"},{\"@type\":\"ListItem\",\"position\":3,\"name\":\"Organisator Ausgabe 1\\\/1979\"}]},{\"@type\":\"WebSite\",\"@id\":\"https:\\\/\\\/www.organisator.ch\\\/#website\",\"url\":\"https:\\\/\\\/www.organisator.ch\\\/\",\"name\":\"Organisator\",\"description\":\"Kompetent. Praxisnah. Der ORGANISATOR bereitet in 10 Ausgaben pro Jahr die wesentlichen Themen f\u00fcr F\u00fchrungskr\u00e4fte von KMU auf.\",\"publisher\":{\"@id\":\"https:\\\/\\\/www.organisator.ch\\\/#organization\"},\"potentialAction\":[{\"@type\":\"SearchAction\",\"target\":{\"@type\":\"EntryPoint\",\"urlTemplate\":\"https:\\\/\\\/www.organisator.ch\\\/?s={search_term_string}\"},\"query-input\":{\"@type\":\"PropertyValueSpecification\",\"valueRequired\":true,\"valueName\":\"search_term_string\"}}],\"inLanguage\":\"en-US\"},{\"@type\":\"Organization\",\"@id\":\"https:\\\/\\\/www.organisator.ch\\\/#organization\",\"name\":\"Organisator\",\"url\":\"https:\\\/\\\/www.organisator.ch\\\/\",\"logo\":{\"@type\":\"ImageObject\",\"inLanguage\":\"en-US\",\"@id\":\"https:\\\/\\\/www.organisator.ch\\\/#\\\/schema\\\/logo\\\/image\\\/\",\"url\":\"https:\\\/\\\/www.organisator.ch\\\/wp-content\\\/uploads\\\/2022\\\/01\\\/Logo_Organisator_Website.png\",\"contentUrl\":\"https:\\\/\\\/www.organisator.ch\\\/wp-content\\\/uploads\\\/2022\\\/01\\\/Logo_Organisator_Website.png\",\"width\":800,\"height\":77,\"caption\":\"Organisator\"},\"image\":{\"@id\":\"https:\\\/\\\/www.organisator.ch\\\/#\\\/schema\\\/logo\\\/image\\\/\"},\"sameAs\":[\"https:\\\/\\\/www.facebook.com\\\/OrganisatorFachmagazin\",\"https:\\\/\\\/www.linkedin.com\\\/showcase\\\/organisator-das-magazin-fr-kmu\",\"https:\\\/\\\/www.xing.com\\\/news\\\/pages\\\/organisator-ch-695\",\"https:\\\/\\\/www.youtube.com\\\/channel\\\/UCGP2Sq0iWaZwT3BdIAQFYpw\"]}]}<\/script>\n<!-- \/ Yoast SEO plugin. -->","yoast_head_json":{"title":"Organizer issue 1\/1979 - Organizer","description":"Receive the German-language trade journal \"organisator\" in issue 1\/1979 as a PDF download with the following table of contents:","robots":{"index":"index","follow":"follow","max-snippet":"max-snippet:-1","max-image-preview":"max-image-preview:large","max-video-preview":"max-video-preview:-1"},"canonical":"https:\/\/www.organisator.ch\/en\/product-2\/organisator-ausgabe-1-1979\/","og_locale":"en_US","og_type":"article","og_title":"Organisator Ausgabe 1\/1979 - Organisator","og_description":"Erhalte die deutschsprachige Fachzeitschrift \u00aborganisator\u00bb in der Ausgabe 1\/1979 als PDF-Download mit nachfolgendem Inhaltsverzeichnis:","og_url":"https:\/\/www.organisator.ch\/en\/product-2\/organisator-ausgabe-1-1979\/","og_site_name":"Organisator","article_publisher":"https:\/\/www.facebook.com\/OrganisatorFachmagazin","article_modified_time":"2022-06-08T02:48:54+00:00","og_image":[{"width":654,"height":370,"url":"https:\/\/www.organisator.ch\/wp-content\/uploads\/2022\/06\/organisator_1979_1.png","type":"image\/png"}],"twitter_card":"summary_large_image","schema":{"@context":"https:\/\/schema.org","@graph":[{"@type":"WebPage","@id":"https:\/\/www.organisator.ch\/de\/produkt\/organisator-ausgabe-1-1979\/","url":"https:\/\/www.organisator.ch\/de\/produkt\/organisator-ausgabe-1-1979\/","name":"Organizer issue 1\/1979 - Organizer","isPartOf":{"@id":"https:\/\/www.organisator.ch\/#website"},"primaryImageOfPage":{"@id":"https:\/\/www.organisator.ch\/de\/produkt\/organisator-ausgabe-1-1979\/#primaryimage"},"image":{"@id":"https:\/\/www.organisator.ch\/de\/produkt\/organisator-ausgabe-1-1979\/#primaryimage"},"thumbnailUrl":"https:\/\/www.organisator.ch\/wp-content\/uploads\/2022\/06\/organisator_1979_1.png","datePublished":"2022-06-08T02:48:50+00:00","dateModified":"2022-06-08T02:48:54+00:00","description":"Receive the German-language trade journal \"organisator\" in issue 1\/1979 as a PDF download with the following table of contents:","breadcrumb":{"@id":"https:\/\/www.organisator.ch\/de\/produkt\/organisator-ausgabe-1-1979\/#breadcrumb"},"inLanguage":"en-US","potentialAction":[{"@type":"ReadAction","target":["https:\/\/www.organisator.ch\/de\/produkt\/organisator-ausgabe-1-1979\/"]}]},{"@type":"ImageObject","inLanguage":"en-US","@id":"https:\/\/www.organisator.ch\/de\/produkt\/organisator-ausgabe-1-1979\/#primaryimage","url":"https:\/\/www.organisator.ch\/wp-content\/uploads\/2022\/06\/organisator_1979_1.png","contentUrl":"https:\/\/www.organisator.ch\/wp-content\/uploads\/2022\/06\/organisator_1979_1.png","width":654,"height":370},{"@type":"BreadcrumbList","@id":"https:\/\/www.organisator.ch\/de\/produkt\/organisator-ausgabe-1-1979\/#breadcrumb","itemListElement":[{"@type":"ListItem","position":1,"name":"Home","item":"https:\/\/www.organisator.ch\/"},{"@type":"ListItem","position":2,"name":"Shop","item":"https:\/\/www.organisator.ch\/fr\/shop\/"},{"@type":"ListItem","position":3,"name":"Organisator Ausgabe 1\/1979"}]},{"@type":"WebSite","@id":"https:\/\/www.organisator.ch\/#website","url":"https:\/\/www.organisator.ch\/","name":"Organizer","description":"Competent. Practical. In 10 issues per year, ORGANISATOR presents the essential topics for managers of SMEs.","publisher":{"@id":"https:\/\/www.organisator.ch\/#organization"},"potentialAction":[{"@type":"SearchAction","target":{"@type":"EntryPoint","urlTemplate":"https:\/\/www.organisator.ch\/?s={search_term_string}"},"query-input":{"@type":"PropertyValueSpecification","valueRequired":true,"valueName":"search_term_string"}}],"inLanguage":"en-US"},{"@type":"Organization","@id":"https:\/\/www.organisator.ch\/#organization","name":"Organizer","url":"https:\/\/www.organisator.ch\/","logo":{"@type":"ImageObject","inLanguage":"en-US","@id":"https:\/\/www.organisator.ch\/#\/schema\/logo\/image\/","url":"https:\/\/www.organisator.ch\/wp-content\/uploads\/2022\/01\/Logo_Organisator_Website.png","contentUrl":"https:\/\/www.organisator.ch\/wp-content\/uploads\/2022\/01\/Logo_Organisator_Website.png","width":800,"height":77,"caption":"Organisator"},"image":{"@id":"https:\/\/www.organisator.ch\/#\/schema\/logo\/image\/"},"sameAs":["https:\/\/www.facebook.com\/OrganisatorFachmagazin","https:\/\/www.linkedin.com\/showcase\/organisator-das-magazin-fr-kmu","https:\/\/www.xing.com\/news\/pages\/organisator-ch-695","https:\/\/www.youtube.com\/channel\/UCGP2Sq0iWaZwT3BdIAQFYpw"]}]}},"_links":{"self":[{"href":"https:\/\/www.organisator.ch\/en\/wp-json\/wp\/v2\/product\/13841","targetHints":{"allow":["GET"]}}],"collection":[{"href":"https:\/\/www.organisator.ch\/en\/wp-json\/wp\/v2\/product"}],"about":[{"href":"https:\/\/www.organisator.ch\/en\/wp-json\/wp\/v2\/types\/product"}],"wp:featuredmedia":[{"embeddable":true,"href":"https:\/\/www.organisator.ch\/en\/wp-json\/wp\/v2\/media\/13843"}],"wp:attachment":[{"href":"https:\/\/www.organisator.ch\/en\/wp-json\/wp\/v2\/media?parent=13841"}],"wp:term":[{"taxonomy":"product_brand","embeddable":true,"href":"https:\/\/www.organisator.ch\/en\/wp-json\/wp\/v2\/product_brand?post=13841"},{"taxonomy":"product_cat","embeddable":true,"href":"https:\/\/www.organisator.ch\/en\/wp-json\/wp\/v2\/product_cat?post=13841"},{"taxonomy":"product_tag","embeddable":true,"href":"https:\/\/www.organisator.ch\/en\/wp-json\/wp\/v2\/product_tag?post=13841"}],"curies":[{"name":"wp","href":"https:\/\/api.w.org\/{rel}","templated":true}]}}