{"id":14773,"date":"2022-06-15T06:46:14","date_gmt":"2022-06-15T04:46:14","guid":{"rendered":"https:\/\/www.organisator.ch\/?post_type=product&#038;p=14773"},"modified":"2022-06-15T06:47:38","modified_gmt":"2022-06-15T04:47:38","slug":"organisator-ausgabe-9-1994","status":"publish","type":"product","link":"https:\/\/www.organisator.ch\/en\/produkt\/organisator-ausgabe-9-1994\/","title":{"rendered":"Organizer issue 9\/1994"},"content":{"rendered":"<h2>EDP in jurisprudence<\/h2>\n<p>&nbsp;<\/p>\n<ul>\n<li>The tasks facing the administration are often far more complex than in the private sector.<\/li>\n<li>That's why it took longer for the IT providers to tackle the big chunks.<\/li>\n<li>Our examples on the topic of More efficiency for Swiss courts.<\/li>\n<li>Justice in the Canton of Aargau:Nothing works anymore without IT<\/li>\n<li>Expert Hans Howald (Unisys): Public administration has some catching up to do<\/li>\n<li>Judiciary at the District Court of Vaduz: Progressive model solution<\/li>\n<li>Judge Pius Heeb (ORGANISATOR interview) expects the EDP to improve the quality of judicial work.<\/li>\n<\/ul>\n<p>&nbsp;<\/p>\n<h3>Management and organization<\/h3>\n<p>&nbsp;<\/p>\n<ul>\n<li>TQM and ISO 9000 are just the beginning; the whole thing is called:Total Quality Performance.<\/li>\n<li>A forward-looking event: Management symposium for women (... and men!)<\/li>\n<li>Economic development: The state should join in<\/li>\n<li>Modern mail management:The current market overview<\/li>\n<li>Personal identification:An interesting acquisition system.<\/li>\n<\/ul>\n<p>&nbsp;<\/p>\n<h3>Management Consulting<\/h3>\n<p>&nbsp;<\/p>\n<ul>\n<li>Change Management:Entrepreneurial Realignment.<\/li>\n<li>Unternehmensber. im ORGANISATOR:Der Berater-Vermittlungsdienst<\/li>\n<li>Business consultant addresses<\/li>\n<\/ul>\n<p>&nbsp;<\/p>\n<h3>Marketing<\/h3>\n<p>&nbsp;<\/p>\n<ul>\n<li>Business to Business: Advertising is not just advertising.<\/li>\n<\/ul>\n<p>&nbsp;<\/p>\n<h3>Novelties, news, announcements, compensation<\/h3>\n<p>&nbsp;<\/p>\n<ul>\n<li>Dear Reader<\/li>\n<li>For balance: Roswitha Hechler flirts with the golf ball<\/li>\n<\/ul>\n<p>&nbsp;<\/p>\n<h3>Computer Science<\/h3>\n<p>&nbsp;<\/p>\n<ul>\n<li>Standard Programs:Office Software In Multipack<\/li>\n<li>Networking: client-server as a panacea<\/li>\n<li>AS\/400 Advanced System: Open to the world!<\/li>\n<li>The computer science pages:New software on the market<\/li>\n<li>Accounting with addition and VAT:Accounting complete<\/li>\n<li>Sales Support:The soul of sales<\/li>\n<li>Business control:High quality in management<\/li>\n<\/ul>\n<p>&nbsp;<\/p>\n<h3>Events, Continuing Education,Technical Literature<\/h3>\n<p>&nbsp;<\/p>\n<ul>\n<li>Orbit 94:The Swiss leading trade fair for information technology, communication and organization<\/li>\n<li>Congress:Management symp. for women<\/li>\n<li>Seminars:High Quality in Administration<\/li>\n<li>How to organize an event<\/li>\n<li>New publications specialist books<\/li>\n<\/ul>\n<p>&nbsp;<\/p>\n<h3>Associations, clubs<\/h3>\n<p>&nbsp;<\/p>\n<ul>\n<li>Consultant Club \u2013 Events<\/li>\n<li>Efficiency Clubs \u2013 Events<\/li>\n<li>Idea-Suisse \u2013 Innovation Offensive<\/li>\n<li>Psilog \u2013 Psion word processing<\/li>\n<li>Ruf Club \u2013 How do I organize an event (seminar)?<\/li>\n<li>The page of the SGO<\/li>\n<\/ul>\n<p>&nbsp;<\/p>\n<h3>The last pages<\/h3>\n<p>&nbsp;<\/p>\n<ul>\n<li>The c\/o page:Preview of next issues;The club of clubs<\/li>\n<\/ul>\n<p>&nbsp;<\/p>","protected":false},"excerpt":{"rendered":"<p>Receive the German-language trade journal \"organisator\" in issue 9\/1994 as a PDF download with the following table of contents:<\/p>","protected":false},"featured_media":14775,"template":"","meta":{"_acf_changed":false,"articlekey":""},"product_brand":[],"product_cat":[546],"product_tag":[2957],"class_list":{"0":"post-14773","1":"product","2":"type-product","3":"status-publish","4":"has-post-thumbnail","6":"product_cat-einzelausgaben","7":"product_tag-2957","9":"first","10":"instock","11":"downloadable","12":"virtual","13":"taxable","14":"purchasable","15":"product-type-simple"},"acf":[],"yoast_head":"<!-- This site is optimized with the Yoast SEO plugin v27.5 - https:\/\/yoast.com\/product\/yoast-seo-wordpress\/ -->\n<title>Organisator Ausgabe 9\/1994 - Organisator<\/title>\n<meta name=\"description\" content=\"Erhalte die deutschsprachige Fachzeitschrift \u00aborganisator\u00bb in der Ausgabe 9\/1994 als PDF-Download mit nachfolgendem Inhaltsverzeichnis:\" \/>\n<meta name=\"robots\" content=\"index, follow, max-snippet:-1, max-image-preview:large, max-video-preview:-1\" \/>\n<link rel=\"canonical\" href=\"https:\/\/www.organisator.ch\/en\/product-2\/organisator-ausgabe-9-1994\/\" \/>\n<meta property=\"og:locale\" content=\"en_US\" \/>\n<meta property=\"og:type\" content=\"article\" \/>\n<meta property=\"og:title\" content=\"Organisator Ausgabe 9\/1994 - Organisator\" \/>\n<meta property=\"og:description\" content=\"Erhalte die deutschsprachige Fachzeitschrift \u00aborganisator\u00bb in der Ausgabe 9\/1994 als PDF-Download mit nachfolgendem Inhaltsverzeichnis:\" \/>\n<meta property=\"og:url\" content=\"https:\/\/www.organisator.ch\/en\/product-2\/organisator-ausgabe-9-1994\/\" \/>\n<meta property=\"og:site_name\" content=\"Organisator\" \/>\n<meta property=\"article:publisher\" content=\"https:\/\/www.facebook.com\/OrganisatorFachmagazin\" \/>\n<meta property=\"article:modified_time\" content=\"2022-06-15T04:47:38+00:00\" \/>\n<meta property=\"og:image\" content=\"https:\/\/www.organisator.ch\/wp-content\/uploads\/2022\/06\/organisator_1994_9.png\" \/>\n\t<meta property=\"og:image:width\" content=\"654\" \/>\n\t<meta property=\"og:image:height\" content=\"370\" \/>\n\t<meta property=\"og:image:type\" content=\"image\/png\" \/>\n<meta name=\"twitter:card\" content=\"summary_large_image\" \/>\n<script type=\"application\/ld+json\" class=\"yoast-schema-graph\">{\"@context\":\"https:\\\/\\\/schema.org\",\"@graph\":[{\"@type\":\"WebPage\",\"@id\":\"https:\\\/\\\/www.organisator.ch\\\/de\\\/produkt\\\/organisator-ausgabe-9-1994\\\/\",\"url\":\"https:\\\/\\\/www.organisator.ch\\\/de\\\/produkt\\\/organisator-ausgabe-9-1994\\\/\",\"name\":\"Organisator Ausgabe 9\\\/1994 - Organisator\",\"isPartOf\":{\"@id\":\"https:\\\/\\\/www.organisator.ch\\\/#website\"},\"primaryImageOfPage\":{\"@id\":\"https:\\\/\\\/www.organisator.ch\\\/de\\\/produkt\\\/organisator-ausgabe-9-1994\\\/#primaryimage\"},\"image\":{\"@id\":\"https:\\\/\\\/www.organisator.ch\\\/de\\\/produkt\\\/organisator-ausgabe-9-1994\\\/#primaryimage\"},\"thumbnailUrl\":\"https:\\\/\\\/www.organisator.ch\\\/wp-content\\\/uploads\\\/2022\\\/06\\\/organisator_1994_9.png\",\"datePublished\":\"2022-06-15T04:46:14+00:00\",\"dateModified\":\"2022-06-15T04:47:38+00:00\",\"description\":\"Erhalte die deutschsprachige Fachzeitschrift \u00aborganisator\u00bb in der Ausgabe 9\\\/1994 als PDF-Download mit nachfolgendem Inhaltsverzeichnis:\",\"breadcrumb\":{\"@id\":\"https:\\\/\\\/www.organisator.ch\\\/de\\\/produkt\\\/organisator-ausgabe-9-1994\\\/#breadcrumb\"},\"inLanguage\":\"en-US\",\"potentialAction\":[{\"@type\":\"ReadAction\",\"target\":[\"https:\\\/\\\/www.organisator.ch\\\/de\\\/produkt\\\/organisator-ausgabe-9-1994\\\/\"]}]},{\"@type\":\"ImageObject\",\"inLanguage\":\"en-US\",\"@id\":\"https:\\\/\\\/www.organisator.ch\\\/de\\\/produkt\\\/organisator-ausgabe-9-1994\\\/#primaryimage\",\"url\":\"https:\\\/\\\/www.organisator.ch\\\/wp-content\\\/uploads\\\/2022\\\/06\\\/organisator_1994_9.png\",\"contentUrl\":\"https:\\\/\\\/www.organisator.ch\\\/wp-content\\\/uploads\\\/2022\\\/06\\\/organisator_1994_9.png\",\"width\":654,\"height\":370},{\"@type\":\"BreadcrumbList\",\"@id\":\"https:\\\/\\\/www.organisator.ch\\\/de\\\/produkt\\\/organisator-ausgabe-9-1994\\\/#breadcrumb\",\"itemListElement\":[{\"@type\":\"ListItem\",\"position\":1,\"name\":\"Home\",\"item\":\"https:\\\/\\\/www.organisator.ch\\\/\"},{\"@type\":\"ListItem\",\"position\":2,\"name\":\"Shop\",\"item\":\"https:\\\/\\\/www.organisator.ch\\\/fr\\\/shop\\\/\"},{\"@type\":\"ListItem\",\"position\":3,\"name\":\"Organisator Ausgabe 9\\\/1994\"}]},{\"@type\":\"WebSite\",\"@id\":\"https:\\\/\\\/www.organisator.ch\\\/#website\",\"url\":\"https:\\\/\\\/www.organisator.ch\\\/\",\"name\":\"Organisator\",\"description\":\"Kompetent. Praxisnah. Der ORGANISATOR bereitet in 10 Ausgaben pro Jahr die wesentlichen Themen f\u00fcr F\u00fchrungskr\u00e4fte von KMU auf.\",\"publisher\":{\"@id\":\"https:\\\/\\\/www.organisator.ch\\\/#organization\"},\"potentialAction\":[{\"@type\":\"SearchAction\",\"target\":{\"@type\":\"EntryPoint\",\"urlTemplate\":\"https:\\\/\\\/www.organisator.ch\\\/?s={search_term_string}\"},\"query-input\":{\"@type\":\"PropertyValueSpecification\",\"valueRequired\":true,\"valueName\":\"search_term_string\"}}],\"inLanguage\":\"en-US\"},{\"@type\":\"Organization\",\"@id\":\"https:\\\/\\\/www.organisator.ch\\\/#organization\",\"name\":\"Organisator\",\"url\":\"https:\\\/\\\/www.organisator.ch\\\/\",\"logo\":{\"@type\":\"ImageObject\",\"inLanguage\":\"en-US\",\"@id\":\"https:\\\/\\\/www.organisator.ch\\\/#\\\/schema\\\/logo\\\/image\\\/\",\"url\":\"https:\\\/\\\/www.organisator.ch\\\/wp-content\\\/uploads\\\/2022\\\/01\\\/Logo_Organisator_Website.png\",\"contentUrl\":\"https:\\\/\\\/www.organisator.ch\\\/wp-content\\\/uploads\\\/2022\\\/01\\\/Logo_Organisator_Website.png\",\"width\":800,\"height\":77,\"caption\":\"Organisator\"},\"image\":{\"@id\":\"https:\\\/\\\/www.organisator.ch\\\/#\\\/schema\\\/logo\\\/image\\\/\"},\"sameAs\":[\"https:\\\/\\\/www.facebook.com\\\/OrganisatorFachmagazin\",\"https:\\\/\\\/www.linkedin.com\\\/showcase\\\/organisator-das-magazin-fr-kmu\",\"https:\\\/\\\/www.xing.com\\\/news\\\/pages\\\/organisator-ch-695\",\"https:\\\/\\\/www.youtube.com\\\/channel\\\/UCGP2Sq0iWaZwT3BdIAQFYpw\"]}]}<\/script>\n<!-- \/ Yoast SEO plugin. -->","yoast_head_json":{"title":"Organizer issue 9\/1994 - Organizer","description":"Receive the German-language trade journal \"organisator\" in issue 9\/1994 as a PDF download with the following table of contents:","robots":{"index":"index","follow":"follow","max-snippet":"max-snippet:-1","max-image-preview":"max-image-preview:large","max-video-preview":"max-video-preview:-1"},"canonical":"https:\/\/www.organisator.ch\/en\/product-2\/organisator-ausgabe-9-1994\/","og_locale":"en_US","og_type":"article","og_title":"Organisator Ausgabe 9\/1994 - Organisator","og_description":"Erhalte die deutschsprachige Fachzeitschrift \u00aborganisator\u00bb in der Ausgabe 9\/1994 als PDF-Download mit nachfolgendem Inhaltsverzeichnis:","og_url":"https:\/\/www.organisator.ch\/en\/product-2\/organisator-ausgabe-9-1994\/","og_site_name":"Organisator","article_publisher":"https:\/\/www.facebook.com\/OrganisatorFachmagazin","article_modified_time":"2022-06-15T04:47:38+00:00","og_image":[{"width":654,"height":370,"url":"https:\/\/www.organisator.ch\/wp-content\/uploads\/2022\/06\/organisator_1994_9.png","type":"image\/png"}],"twitter_card":"summary_large_image","schema":{"@context":"https:\/\/schema.org","@graph":[{"@type":"WebPage","@id":"https:\/\/www.organisator.ch\/de\/produkt\/organisator-ausgabe-9-1994\/","url":"https:\/\/www.organisator.ch\/de\/produkt\/organisator-ausgabe-9-1994\/","name":"Organizer issue 9\/1994 - Organizer","isPartOf":{"@id":"https:\/\/www.organisator.ch\/#website"},"primaryImageOfPage":{"@id":"https:\/\/www.organisator.ch\/de\/produkt\/organisator-ausgabe-9-1994\/#primaryimage"},"image":{"@id":"https:\/\/www.organisator.ch\/de\/produkt\/organisator-ausgabe-9-1994\/#primaryimage"},"thumbnailUrl":"https:\/\/www.organisator.ch\/wp-content\/uploads\/2022\/06\/organisator_1994_9.png","datePublished":"2022-06-15T04:46:14+00:00","dateModified":"2022-06-15T04:47:38+00:00","description":"Receive the German-language trade journal \"organisator\" in issue 9\/1994 as a PDF download with the following table of contents:","breadcrumb":{"@id":"https:\/\/www.organisator.ch\/de\/produkt\/organisator-ausgabe-9-1994\/#breadcrumb"},"inLanguage":"en-US","potentialAction":[{"@type":"ReadAction","target":["https:\/\/www.organisator.ch\/de\/produkt\/organisator-ausgabe-9-1994\/"]}]},{"@type":"ImageObject","inLanguage":"en-US","@id":"https:\/\/www.organisator.ch\/de\/produkt\/organisator-ausgabe-9-1994\/#primaryimage","url":"https:\/\/www.organisator.ch\/wp-content\/uploads\/2022\/06\/organisator_1994_9.png","contentUrl":"https:\/\/www.organisator.ch\/wp-content\/uploads\/2022\/06\/organisator_1994_9.png","width":654,"height":370},{"@type":"BreadcrumbList","@id":"https:\/\/www.organisator.ch\/de\/produkt\/organisator-ausgabe-9-1994\/#breadcrumb","itemListElement":[{"@type":"ListItem","position":1,"name":"Home","item":"https:\/\/www.organisator.ch\/"},{"@type":"ListItem","position":2,"name":"Shop","item":"https:\/\/www.organisator.ch\/fr\/shop\/"},{"@type":"ListItem","position":3,"name":"Organisator Ausgabe 9\/1994"}]},{"@type":"WebSite","@id":"https:\/\/www.organisator.ch\/#website","url":"https:\/\/www.organisator.ch\/","name":"Organizer","description":"Competent. Practical. In 10 issues per year, ORGANISATOR presents the essential topics for managers of SMEs.","publisher":{"@id":"https:\/\/www.organisator.ch\/#organization"},"potentialAction":[{"@type":"SearchAction","target":{"@type":"EntryPoint","urlTemplate":"https:\/\/www.organisator.ch\/?s={search_term_string}"},"query-input":{"@type":"PropertyValueSpecification","valueRequired":true,"valueName":"search_term_string"}}],"inLanguage":"en-US"},{"@type":"Organization","@id":"https:\/\/www.organisator.ch\/#organization","name":"Organizer","url":"https:\/\/www.organisator.ch\/","logo":{"@type":"ImageObject","inLanguage":"en-US","@id":"https:\/\/www.organisator.ch\/#\/schema\/logo\/image\/","url":"https:\/\/www.organisator.ch\/wp-content\/uploads\/2022\/01\/Logo_Organisator_Website.png","contentUrl":"https:\/\/www.organisator.ch\/wp-content\/uploads\/2022\/01\/Logo_Organisator_Website.png","width":800,"height":77,"caption":"Organisator"},"image":{"@id":"https:\/\/www.organisator.ch\/#\/schema\/logo\/image\/"},"sameAs":["https:\/\/www.facebook.com\/OrganisatorFachmagazin","https:\/\/www.linkedin.com\/showcase\/organisator-das-magazin-fr-kmu","https:\/\/www.xing.com\/news\/pages\/organisator-ch-695","https:\/\/www.youtube.com\/channel\/UCGP2Sq0iWaZwT3BdIAQFYpw"]}]}},"_links":{"self":[{"href":"https:\/\/www.organisator.ch\/en\/wp-json\/wp\/v2\/product\/14773","targetHints":{"allow":["GET"]}}],"collection":[{"href":"https:\/\/www.organisator.ch\/en\/wp-json\/wp\/v2\/product"}],"about":[{"href":"https:\/\/www.organisator.ch\/en\/wp-json\/wp\/v2\/types\/product"}],"wp:featuredmedia":[{"embeddable":true,"href":"https:\/\/www.organisator.ch\/en\/wp-json\/wp\/v2\/media\/14775"}],"wp:attachment":[{"href":"https:\/\/www.organisator.ch\/en\/wp-json\/wp\/v2\/media?parent=14773"}],"wp:term":[{"taxonomy":"product_brand","embeddable":true,"href":"https:\/\/www.organisator.ch\/en\/wp-json\/wp\/v2\/product_brand?post=14773"},{"taxonomy":"product_cat","embeddable":true,"href":"https:\/\/www.organisator.ch\/en\/wp-json\/wp\/v2\/product_cat?post=14773"},{"taxonomy":"product_tag","embeddable":true,"href":"https:\/\/www.organisator.ch\/en\/wp-json\/wp\/v2\/product_tag?post=14773"}],"curies":[{"name":"wp","href":"https:\/\/api.w.org\/{rel}","templated":true}]}}