{"id":14787,"date":"2022-06-15T07:23:03","date_gmt":"2022-06-15T05:23:03","guid":{"rendered":"https:\/\/www.organisator.ch\/?post_type=product&#038;p=14787"},"modified":"2022-06-15T07:23:33","modified_gmt":"2022-06-15T05:23:33","slug":"organisator-ausgabe-5-1994","status":"publish","type":"product","link":"https:\/\/www.organisator.ch\/en\/produkt\/organisator-ausgabe-5-1994\/","title":{"rendered":"Organizer issue 5\/1994"},"content":{"rendered":"<h2>Woman and management<\/h2>\n<p>The path to leadership positions for women is only seemingly open, because men and women play by different rules.<br \/>\nrules: rugby and ballet.<br \/>\nThe ORGANIZER interview with Monique R. Siegel gives women and men reason for hope\u2014but we have to reinvent everything.<\/p>\n<p>&nbsp;<\/p>\n<h3>Management and organization<\/h3>\n<p>&nbsp;<\/p>\n<ul>\n<li>A good team action leader goesfor an idea and his team<\/li>\n<li>Head through the wall!<\/li>\n<li>Quality circles in administration: \u00abSomething new again...\u00bb<\/li>\n<li>The \"paperless office\" of the 1980s is outdated as a vision. Messerli remains committed to \"paper<\/li>\n<li>Rationalization in the operating process:The computer on the key ring<\/li>\n<\/ul>\n<p>&nbsp;<\/p>\n<h3>Computer Science<\/h3>\n<p>&nbsp;<\/p>\n<ul>\n<li>Case study of EDP integration in a company merger (EIco):There is a lot happening<\/li>\n<li>A Changing Job Profile:The New Information Systems Specialist<\/li>\n<li>The computer science pages:New software on the market<\/li>\n<li>The Unix world goes mobile<\/li>\n<\/ul>\n<p>&nbsp;<\/p>\n<h3>Marketing<\/h3>\n<p>&nbsp;<\/p>\n<ul>\n<li>The ORGANISATOR series \"Advertising in upheaval\" is now followed by the continuation in the form of a marketing debate<\/li>\n<li>Outsourcing in direct marketing: Fulfillment \u2013 the real job 38<\/li>\n<\/ul>\n<p>&nbsp;<\/p>\n<h3>Human Resources Management<\/h3>\n<ul>\n<li>Human resources management requires honest and fair partnership, otherwise it becomes a bubble\u2014nothing more.<\/li>\n<\/ul>\n<p>&nbsp;<\/p>\n<h3>Personache performance<\/h3>\n<p>&nbsp;<\/p>\n<ul>\n<li>Our success is determined by how we think The positive attitude decides.<\/li>\n<\/ul>\n<p>&nbsp;<\/p>\n<h3>Novelties, news, announcements, compensation<\/h3>\n<p>&nbsp;<\/p>\n<ul>\n<li>Dear Reader:First echoes of the anniversary<\/li>\n<li>ABOUT: Interesting information about companies, people<\/li>\n<\/ul>\n<h3>Events, Continuing Education,Technical Literature<\/h3>\n<p>&nbsp;<\/p>\n<ul>\n<li>The trade exhibition on the subject of mail processing<\/li>\n<li>With two new exhibitions - \"Client\/Server 94\" and \"PC&amp;Mac Expo 95\" - the company will<\/li>\n<li>Zurich Computer Science City Again<\/li>\n<li>In-company training and further education;The company as a school<\/li>\n<li>ORGANISATOR Book Publishing:<\/li>\n<li>The GRGANISATQR market overviews<\/li>\n<li>The ORGANISATOR quintessences<\/li>\n<li>The ORGANISATOR workbooks.<\/li>\n<li>Reference books:On the subject of women and management<\/li>\n<li>On the subject of innovation<\/li>\n<li>On the subject of personnel management<\/li>\n<li>About Computer Science &gt; Course book<\/li>\n<\/ul>\n<p>&nbsp;<\/p>\n<h3>Associations, clubs<\/h3>\n<p>&nbsp;<\/p>\n<ul>\n<li>PSILOG: A reader survey with chances to win!<\/li>\n<li>The site of the SGO: The training and education for the organizer.<\/li>\n<li>Idee-Suisse:The GmbH as an alternative to the AG.<\/li>\n<li>Consultant Club:The next seminars<\/li>\n<\/ul>\n<p>&nbsp;<\/p>\n<h3>The last rarities<\/h3>\n<p>&nbsp;<\/p>\n<ul>\n<li>The c\/o page: Preview of next issues; The club of clubs<\/li>\n<li>The second last page:for your ideas and notes<\/li>\n<\/ul>\n<p>&nbsp;<\/p>\n<p>&nbsp;<\/p>","protected":false},"excerpt":{"rendered":"<p>Receive the German-language trade journal \"organisator\" in the 5\/1994 issue as a PDF download with the following table of contents:<\/p>","protected":false},"featured_media":14789,"template":"","meta":{"_acf_changed":false,"articlekey":""},"product_brand":[],"product_cat":[546],"product_tag":[2957],"class_list":{"0":"post-14787","1":"product","2":"type-product","3":"status-publish","4":"has-post-thumbnail","6":"product_cat-einzelausgaben","7":"product_tag-2957","9":"first","10":"instock","11":"downloadable","12":"virtual","13":"taxable","14":"purchasable","15":"product-type-simple"},"acf":[],"yoast_head":"<!-- This site is optimized with the Yoast SEO plugin v27.4 - https:\/\/yoast.com\/product\/yoast-seo-wordpress\/ -->\n<title>Organisator Ausgabe 5\/1994 - Organisator<\/title>\n<meta name=\"description\" content=\"Erhalte die deutschsprachige Fachzeitschrift \u00aborganisator\u00bb in der Ausgabe 5\/1994 als PDF-Download mit nachfolgendem Inhaltsverzeichnis:\" \/>\n<meta name=\"robots\" content=\"index, follow, max-snippet:-1, max-image-preview:large, max-video-preview:-1\" \/>\n<link rel=\"canonical\" href=\"https:\/\/www.organisator.ch\/en\/product-2\/organisator-ausgabe-5-1994\/\" \/>\n<meta property=\"og:locale\" content=\"en_US\" \/>\n<meta property=\"og:type\" content=\"article\" \/>\n<meta property=\"og:title\" content=\"Organisator Ausgabe 5\/1994 - Organisator\" \/>\n<meta property=\"og:description\" content=\"Erhalte die deutschsprachige Fachzeitschrift \u00aborganisator\u00bb in der Ausgabe 5\/1994 als PDF-Download mit nachfolgendem Inhaltsverzeichnis:\" \/>\n<meta property=\"og:url\" content=\"https:\/\/www.organisator.ch\/en\/product-2\/organisator-ausgabe-5-1994\/\" \/>\n<meta property=\"og:site_name\" content=\"Organisator\" \/>\n<meta property=\"article:publisher\" content=\"https:\/\/www.facebook.com\/OrganisatorFachmagazin\" \/>\n<meta property=\"article:modified_time\" content=\"2022-06-15T05:23:33+00:00\" \/>\n<meta property=\"og:image\" content=\"https:\/\/www.organisator.ch\/wp-content\/uploads\/2022\/06\/organisator_1994_5.png\" \/>\n\t<meta property=\"og:image:width\" content=\"654\" \/>\n\t<meta property=\"og:image:height\" content=\"370\" \/>\n\t<meta property=\"og:image:type\" content=\"image\/png\" \/>\n<meta name=\"twitter:card\" content=\"summary_large_image\" \/>\n<script type=\"application\/ld+json\" class=\"yoast-schema-graph\">{\"@context\":\"https:\\\/\\\/schema.org\",\"@graph\":[{\"@type\":\"WebPage\",\"@id\":\"https:\\\/\\\/www.organisator.ch\\\/it\\\/prodotto\\\/organisator-ausgabe-5-1994\\\/\",\"url\":\"https:\\\/\\\/www.organisator.ch\\\/it\\\/prodotto\\\/organisator-ausgabe-5-1994\\\/\",\"name\":\"Organisator Ausgabe 5\\\/1994 - Organisator\",\"isPartOf\":{\"@id\":\"https:\\\/\\\/www.organisator.ch\\\/#website\"},\"primaryImageOfPage\":{\"@id\":\"https:\\\/\\\/www.organisator.ch\\\/it\\\/prodotto\\\/organisator-ausgabe-5-1994\\\/#primaryimage\"},\"image\":{\"@id\":\"https:\\\/\\\/www.organisator.ch\\\/it\\\/prodotto\\\/organisator-ausgabe-5-1994\\\/#primaryimage\"},\"thumbnailUrl\":\"https:\\\/\\\/www.organisator.ch\\\/wp-content\\\/uploads\\\/2022\\\/06\\\/organisator_1994_5.png\",\"datePublished\":\"2022-06-15T05:23:03+00:00\",\"dateModified\":\"2022-06-15T05:23:33+00:00\",\"description\":\"Erhalte die deutschsprachige Fachzeitschrift \u00aborganisator\u00bb in der Ausgabe 5\\\/1994 als PDF-Download mit nachfolgendem Inhaltsverzeichnis:\",\"breadcrumb\":{\"@id\":\"https:\\\/\\\/www.organisator.ch\\\/it\\\/prodotto\\\/organisator-ausgabe-5-1994\\\/#breadcrumb\"},\"inLanguage\":\"en-US\",\"potentialAction\":[{\"@type\":\"ReadAction\",\"target\":[\"https:\\\/\\\/www.organisator.ch\\\/it\\\/prodotto\\\/organisator-ausgabe-5-1994\\\/\"]}]},{\"@type\":\"ImageObject\",\"inLanguage\":\"en-US\",\"@id\":\"https:\\\/\\\/www.organisator.ch\\\/it\\\/prodotto\\\/organisator-ausgabe-5-1994\\\/#primaryimage\",\"url\":\"https:\\\/\\\/www.organisator.ch\\\/wp-content\\\/uploads\\\/2022\\\/06\\\/organisator_1994_5.png\",\"contentUrl\":\"https:\\\/\\\/www.organisator.ch\\\/wp-content\\\/uploads\\\/2022\\\/06\\\/organisator_1994_5.png\",\"width\":654,\"height\":370},{\"@type\":\"BreadcrumbList\",\"@id\":\"https:\\\/\\\/www.organisator.ch\\\/it\\\/prodotto\\\/organisator-ausgabe-5-1994\\\/#breadcrumb\",\"itemListElement\":[{\"@type\":\"ListItem\",\"position\":1,\"name\":\"Home\",\"item\":\"https:\\\/\\\/www.organisator.ch\\\/\"},{\"@type\":\"ListItem\",\"position\":2,\"name\":\"Shop\",\"item\":\"https:\\\/\\\/www.organisator.ch\\\/fr\\\/shop\\\/\"},{\"@type\":\"ListItem\",\"position\":3,\"name\":\"Organisator Ausgabe 5\\\/1994\"}]},{\"@type\":\"WebSite\",\"@id\":\"https:\\\/\\\/www.organisator.ch\\\/#website\",\"url\":\"https:\\\/\\\/www.organisator.ch\\\/\",\"name\":\"Organisator\",\"description\":\"Kompetent. Praxisnah. Der ORGANISATOR bereitet in 10 Ausgaben pro Jahr die wesentlichen Themen f\u00fcr F\u00fchrungskr\u00e4fte von KMU auf.\",\"publisher\":{\"@id\":\"https:\\\/\\\/www.organisator.ch\\\/#organization\"},\"potentialAction\":[{\"@type\":\"SearchAction\",\"target\":{\"@type\":\"EntryPoint\",\"urlTemplate\":\"https:\\\/\\\/www.organisator.ch\\\/?s={search_term_string}\"},\"query-input\":{\"@type\":\"PropertyValueSpecification\",\"valueRequired\":true,\"valueName\":\"search_term_string\"}}],\"inLanguage\":\"en-US\"},{\"@type\":\"Organization\",\"@id\":\"https:\\\/\\\/www.organisator.ch\\\/#organization\",\"name\":\"Organisator\",\"url\":\"https:\\\/\\\/www.organisator.ch\\\/\",\"logo\":{\"@type\":\"ImageObject\",\"inLanguage\":\"en-US\",\"@id\":\"https:\\\/\\\/www.organisator.ch\\\/#\\\/schema\\\/logo\\\/image\\\/\",\"url\":\"https:\\\/\\\/www.organisator.ch\\\/wp-content\\\/uploads\\\/2022\\\/01\\\/Logo_Organisator_Website.png\",\"contentUrl\":\"https:\\\/\\\/www.organisator.ch\\\/wp-content\\\/uploads\\\/2022\\\/01\\\/Logo_Organisator_Website.png\",\"width\":800,\"height\":77,\"caption\":\"Organisator\"},\"image\":{\"@id\":\"https:\\\/\\\/www.organisator.ch\\\/#\\\/schema\\\/logo\\\/image\\\/\"},\"sameAs\":[\"https:\\\/\\\/www.facebook.com\\\/OrganisatorFachmagazin\",\"https:\\\/\\\/www.linkedin.com\\\/showcase\\\/organisator-das-magazin-fr-kmu\",\"https:\\\/\\\/www.xing.com\\\/news\\\/pages\\\/organisator-ch-695\",\"https:\\\/\\\/www.youtube.com\\\/channel\\\/UCGP2Sq0iWaZwT3BdIAQFYpw\"]}]}<\/script>\n<!-- \/ Yoast SEO plugin. -->","yoast_head_json":{"title":"Organizer issue 5\/1994 - Organizer","description":"Receive the German-language trade journal \"organisator\" in the 5\/1994 issue as a PDF download with the following table of contents:","robots":{"index":"index","follow":"follow","max-snippet":"max-snippet:-1","max-image-preview":"max-image-preview:large","max-video-preview":"max-video-preview:-1"},"canonical":"https:\/\/www.organisator.ch\/en\/product-2\/organisator-ausgabe-5-1994\/","og_locale":"en_US","og_type":"article","og_title":"Organisator Ausgabe 5\/1994 - Organisator","og_description":"Erhalte die deutschsprachige Fachzeitschrift \u00aborganisator\u00bb in der Ausgabe 5\/1994 als PDF-Download mit nachfolgendem Inhaltsverzeichnis:","og_url":"https:\/\/www.organisator.ch\/en\/product-2\/organisator-ausgabe-5-1994\/","og_site_name":"Organisator","article_publisher":"https:\/\/www.facebook.com\/OrganisatorFachmagazin","article_modified_time":"2022-06-15T05:23:33+00:00","og_image":[{"width":654,"height":370,"url":"https:\/\/www.organisator.ch\/wp-content\/uploads\/2022\/06\/organisator_1994_5.png","type":"image\/png"}],"twitter_card":"summary_large_image","schema":{"@context":"https:\/\/schema.org","@graph":[{"@type":"WebPage","@id":"https:\/\/www.organisator.ch\/it\/prodotto\/organisator-ausgabe-5-1994\/","url":"https:\/\/www.organisator.ch\/it\/prodotto\/organisator-ausgabe-5-1994\/","name":"Organizer issue 5\/1994 - Organizer","isPartOf":{"@id":"https:\/\/www.organisator.ch\/#website"},"primaryImageOfPage":{"@id":"https:\/\/www.organisator.ch\/it\/prodotto\/organisator-ausgabe-5-1994\/#primaryimage"},"image":{"@id":"https:\/\/www.organisator.ch\/it\/prodotto\/organisator-ausgabe-5-1994\/#primaryimage"},"thumbnailUrl":"https:\/\/www.organisator.ch\/wp-content\/uploads\/2022\/06\/organisator_1994_5.png","datePublished":"2022-06-15T05:23:03+00:00","dateModified":"2022-06-15T05:23:33+00:00","description":"Receive the German-language trade journal \"organisator\" in the 5\/1994 issue as a PDF download with the following table of contents:","breadcrumb":{"@id":"https:\/\/www.organisator.ch\/it\/prodotto\/organisator-ausgabe-5-1994\/#breadcrumb"},"inLanguage":"en-US","potentialAction":[{"@type":"ReadAction","target":["https:\/\/www.organisator.ch\/it\/prodotto\/organisator-ausgabe-5-1994\/"]}]},{"@type":"ImageObject","inLanguage":"en-US","@id":"https:\/\/www.organisator.ch\/it\/prodotto\/organisator-ausgabe-5-1994\/#primaryimage","url":"https:\/\/www.organisator.ch\/wp-content\/uploads\/2022\/06\/organisator_1994_5.png","contentUrl":"https:\/\/www.organisator.ch\/wp-content\/uploads\/2022\/06\/organisator_1994_5.png","width":654,"height":370},{"@type":"BreadcrumbList","@id":"https:\/\/www.organisator.ch\/it\/prodotto\/organisator-ausgabe-5-1994\/#breadcrumb","itemListElement":[{"@type":"ListItem","position":1,"name":"Home","item":"https:\/\/www.organisator.ch\/"},{"@type":"ListItem","position":2,"name":"Shop","item":"https:\/\/www.organisator.ch\/fr\/shop\/"},{"@type":"ListItem","position":3,"name":"Organisator Ausgabe 5\/1994"}]},{"@type":"WebSite","@id":"https:\/\/www.organisator.ch\/#website","url":"https:\/\/www.organisator.ch\/","name":"Organizer","description":"Competent. Practical. In 10 issues per year, ORGANISATOR presents the essential topics for managers of SMEs.","publisher":{"@id":"https:\/\/www.organisator.ch\/#organization"},"potentialAction":[{"@type":"SearchAction","target":{"@type":"EntryPoint","urlTemplate":"https:\/\/www.organisator.ch\/?s={search_term_string}"},"query-input":{"@type":"PropertyValueSpecification","valueRequired":true,"valueName":"search_term_string"}}],"inLanguage":"en-US"},{"@type":"Organization","@id":"https:\/\/www.organisator.ch\/#organization","name":"Organizer","url":"https:\/\/www.organisator.ch\/","logo":{"@type":"ImageObject","inLanguage":"en-US","@id":"https:\/\/www.organisator.ch\/#\/schema\/logo\/image\/","url":"https:\/\/www.organisator.ch\/wp-content\/uploads\/2022\/01\/Logo_Organisator_Website.png","contentUrl":"https:\/\/www.organisator.ch\/wp-content\/uploads\/2022\/01\/Logo_Organisator_Website.png","width":800,"height":77,"caption":"Organisator"},"image":{"@id":"https:\/\/www.organisator.ch\/#\/schema\/logo\/image\/"},"sameAs":["https:\/\/www.facebook.com\/OrganisatorFachmagazin","https:\/\/www.linkedin.com\/showcase\/organisator-das-magazin-fr-kmu","https:\/\/www.xing.com\/news\/pages\/organisator-ch-695","https:\/\/www.youtube.com\/channel\/UCGP2Sq0iWaZwT3BdIAQFYpw"]}]}},"_links":{"self":[{"href":"https:\/\/www.organisator.ch\/en\/wp-json\/wp\/v2\/product\/14787","targetHints":{"allow":["GET"]}}],"collection":[{"href":"https:\/\/www.organisator.ch\/en\/wp-json\/wp\/v2\/product"}],"about":[{"href":"https:\/\/www.organisator.ch\/en\/wp-json\/wp\/v2\/types\/product"}],"wp:featuredmedia":[{"embeddable":true,"href":"https:\/\/www.organisator.ch\/en\/wp-json\/wp\/v2\/media\/14789"}],"wp:attachment":[{"href":"https:\/\/www.organisator.ch\/en\/wp-json\/wp\/v2\/media?parent=14787"}],"wp:term":[{"taxonomy":"product_brand","embeddable":true,"href":"https:\/\/www.organisator.ch\/en\/wp-json\/wp\/v2\/product_brand?post=14787"},{"taxonomy":"product_cat","embeddable":true,"href":"https:\/\/www.organisator.ch\/en\/wp-json\/wp\/v2\/product_cat?post=14787"},{"taxonomy":"product_tag","embeddable":true,"href":"https:\/\/www.organisator.ch\/en\/wp-json\/wp\/v2\/product_tag?post=14787"}],"curies":[{"name":"wp","href":"https:\/\/api.w.org\/{rel}","templated":true}]}}