{"id":14909,"date":"2022-06-16T07:22:50","date_gmt":"2022-06-16T05:22:50","guid":{"rendered":"https:\/\/www.organisator.ch\/?post_type=product&#038;p=14909"},"modified":"2022-06-16T07:22:50","modified_gmt":"2022-06-16T05:22:50","slug":"organisator-ausgabe-11-1996","status":"publish","type":"product","link":"https:\/\/www.organisator.ch\/en\/produkt\/organisator-ausgabe-11-1996\/","title":{"rendered":"Organizer issue 11\/1996"},"content":{"rendered":"<h2>VISIONS, MISSION STATEMENTS<\/h2>\n<p>Before we start moving, we should know the goal.This is hardly ever followed consistently. The cover topic contains interesting lines of thought from six authors with different approaches. Philipp Schmid is a passionate mountain walker and draws comparisons: A company is like a mountain Wolf H\u00f6nig motivates to clear out existing visions: Do we actually know where we want to go?  If we do: The GRGANISATOR mission statement Daniel Marthaler and Elisabeth Stern on theory and practice: Environmental mission statements in everyday life Pirmin Schwander gets specific: Building a corporate mission statement Grazia Amati involves people: The way is the goal, and the goal is myself.<\/p>\n<h3>\nCORPORATE GOVERNANCE<\/h3>\n<ul>\n<li>Bernhard Haerri has transformed Dell Computer SA into a \"Virtual Office\": Virtual and highly present<\/li>\n<li>Frangois Loeb: Recovery needs a creative climate!<\/li>\n<\/ul>\n<h3>\nSELF-ORGANIZATION \u2013 TIME MANAGEMENT<\/h3>\n<ul>\n<li>Werner Roth, schedule expert: tips and tricks for time planning<\/li>\n<li>Franz X. Erni: Timing needs to be coordinated<\/li>\n<li>A useful overview: These companies have time for you<\/li>\n<\/ul>\n<h3>\nEMPLOYEE MANAGEMENT<\/h3>\n<ul>\n<li>Hans-Peter Zimmermann on the \"second complaint of the small businessman\": Dh, this staff!<\/li>\n<li>Franz Schnyder is specific: appraisal interviews and job references<\/li>\n<\/ul>\n<p>&nbsp;<\/p>\n<h3>HUMANITY<\/h3>\n<ul>\n<li>Arnold H. Lanz: Rediscovering the end of the working day  Gonsaiv K. Mainberger's column \u00abPhilosophy\u00bb (this time correct...):<\/li>\n<li>The bound Prometheus at the Street Parade3<\/li>\n<li>Christian Katz: Be creative like Walt Disney!<\/li>\n<\/ul>\n<p>&nbsp;<\/p>\n<h3>FINANCES FOR COMPANIES AND ENTREPRENEURS<\/h3>\n<p>Josef Berger presents a lucrative \u00abtriangular business\u00bb: the bank, the customer... and the third party in the alliance.<br \/>\nDaniel Hofmann, Lukas RIeder\u2014Expertise based on the example of \u00abSupport AG\u00bb: Sales and revenue planning in small businesses<br \/>\nStefan Heini extends controlling to the entire management team: Controlling in the individual divisions<\/p>\n<h3>\nPROFESSIONAL KNOWLEDGE<\/h3>\n<ul>\n<li>Cornel Veil conveys dynamic addresses: Management foundations for women<\/li>\n<li>Hans Rudolf Jost and Peter Baumgartner present the learning path for entrepreneurs<\/li>\n<li>Portraits and reference books for management<\/li>\n<\/ul>\n<h3>\nMARKETING<\/h3>\n<ul>\n<li>Giacomo Rusconi shows how to sell more:  Without telephone follow-up, advertising is wasted money<\/li>\n<li>Dieter Markwalder's series \"Press Relations\" (3): The Press Contact<\/li>\n<li>Rolf Gruber: Winning the competition as customers<\/li>\n<li>Andreas Poncini: From salesman to territory manager<\/li>\n<li>Thomas Greber: Good brochures open doors<\/li>\n<\/ul>\n<h3>\nORGANIZATION, INFORMATICS<\/h3>\n<ul>\n<li>Client\/Server 96: Database technology and intranets<\/li>\n<li>Martin Spaar, Mathias Sch\u00fcssler, Marco Sulser: Fresh from the market<\/li>\n<\/ul>\n<p>&nbsp;<\/p>\n<h3>INFO AND SERVICE SECTION, CATEGORIES<\/h3>\n<ul>\n<li>Dear reader, you have the word<\/li>\n<li>Consultant Club<\/li>\n<li>Efficiency clubs \/ Foka<\/li>\n<li>Idea-Suisse<\/li>\n<li>Psilog \u2013 Psion User Club of Switzerland<\/li>\n<li>VPA Association of Personnel and Training Professionals<\/li>\n<\/ul>\n<h3>\nContinuing education<\/h3>\n<ul>\n<li>Academy Organizer: \"Conversation Navigation\" Seminar<\/li>\n<li>The next events<\/li>\n<li>Courses, seminars, events<\/li>\n<\/ul>\n<p>&nbsp;<\/p>\n<h3>The last pages<\/h3>\n<ul>\n<li>It's that time again: The Christmas Boutique<\/li>\n<li>Recipes for success for companies; Imprint<\/li>\n<\/ul>\n<p>&nbsp;<\/p>","protected":false},"excerpt":{"rendered":"<p>Receive the German-language trade journal \"organisator\" in the 11\/1996 issue as a PDF download with the following table of contents:<\/p>","protected":false},"featured_media":14911,"template":"","meta":{"_acf_changed":false,"articlekey":""},"product_brand":[],"product_cat":[546],"product_tag":[2963],"class_list":{"0":"post-14909","1":"product","2":"type-product","3":"status-publish","4":"has-post-thumbnail","6":"product_cat-einzelausgaben","7":"product_tag-2963","9":"first","10":"instock","11":"downloadable","12":"virtual","13":"taxable","14":"purchasable","15":"product-type-simple"},"acf":[],"yoast_head":"<!-- This site is optimized with the Yoast SEO plugin v27.5 - https:\/\/yoast.com\/product\/yoast-seo-wordpress\/ -->\n<title>Organisator Ausgabe 11\/1996 - Organisator<\/title>\n<meta name=\"description\" content=\"Erhalte die deutschsprachige Fachzeitschrift \u00aborganisator\u00bb in der Ausgabe 11\/1996 als PDF-Download mit nachfolgendem Inhaltsverzeichnis:\" \/>\n<meta name=\"robots\" content=\"index, follow, max-snippet:-1, max-image-preview:large, max-video-preview:-1\" \/>\n<link rel=\"canonical\" href=\"https:\/\/www.organisator.ch\/en\/product-2\/organisator-ausgabe-11-1996\/\" \/>\n<meta property=\"og:locale\" content=\"en_US\" \/>\n<meta property=\"og:type\" content=\"article\" \/>\n<meta property=\"og:title\" content=\"Organisator Ausgabe 11\/1996 - Organisator\" \/>\n<meta property=\"og:description\" content=\"Erhalte die deutschsprachige Fachzeitschrift \u00aborganisator\u00bb in der Ausgabe 11\/1996 als PDF-Download mit nachfolgendem Inhaltsverzeichnis:\" \/>\n<meta property=\"og:url\" content=\"https:\/\/www.organisator.ch\/en\/product-2\/organisator-ausgabe-11-1996\/\" \/>\n<meta property=\"og:site_name\" content=\"Organisator\" \/>\n<meta property=\"article:publisher\" content=\"https:\/\/www.facebook.com\/OrganisatorFachmagazin\" \/>\n<meta property=\"og:image\" content=\"https:\/\/www.organisator.ch\/wp-content\/uploads\/2022\/06\/organisator_1996_11.png\" \/>\n\t<meta property=\"og:image:width\" content=\"654\" \/>\n\t<meta property=\"og:image:height\" content=\"370\" \/>\n\t<meta property=\"og:image:type\" content=\"image\/png\" \/>\n<meta name=\"twitter:card\" content=\"summary_large_image\" \/>\n<script type=\"application\/ld+json\" class=\"yoast-schema-graph\">{\"@context\":\"https:\\\/\\\/schema.org\",\"@graph\":[{\"@type\":\"WebPage\",\"@id\":\"https:\\\/\\\/www.organisator.ch\\\/de\\\/produkt\\\/organisator-ausgabe-11-1996\\\/\",\"url\":\"https:\\\/\\\/www.organisator.ch\\\/de\\\/produkt\\\/organisator-ausgabe-11-1996\\\/\",\"name\":\"Organisator Ausgabe 11\\\/1996 - Organisator\",\"isPartOf\":{\"@id\":\"https:\\\/\\\/www.organisator.ch\\\/#website\"},\"primaryImageOfPage\":{\"@id\":\"https:\\\/\\\/www.organisator.ch\\\/de\\\/produkt\\\/organisator-ausgabe-11-1996\\\/#primaryimage\"},\"image\":{\"@id\":\"https:\\\/\\\/www.organisator.ch\\\/de\\\/produkt\\\/organisator-ausgabe-11-1996\\\/#primaryimage\"},\"thumbnailUrl\":\"https:\\\/\\\/www.organisator.ch\\\/wp-content\\\/uploads\\\/2022\\\/06\\\/organisator_1996_11.png\",\"datePublished\":\"2022-06-16T05:22:50+00:00\",\"description\":\"Erhalte die deutschsprachige Fachzeitschrift \u00aborganisator\u00bb in der Ausgabe 11\\\/1996 als PDF-Download mit nachfolgendem Inhaltsverzeichnis:\",\"breadcrumb\":{\"@id\":\"https:\\\/\\\/www.organisator.ch\\\/de\\\/produkt\\\/organisator-ausgabe-11-1996\\\/#breadcrumb\"},\"inLanguage\":\"en-US\",\"potentialAction\":[{\"@type\":\"ReadAction\",\"target\":[\"https:\\\/\\\/www.organisator.ch\\\/de\\\/produkt\\\/organisator-ausgabe-11-1996\\\/\"]}]},{\"@type\":\"ImageObject\",\"inLanguage\":\"en-US\",\"@id\":\"https:\\\/\\\/www.organisator.ch\\\/de\\\/produkt\\\/organisator-ausgabe-11-1996\\\/#primaryimage\",\"url\":\"https:\\\/\\\/www.organisator.ch\\\/wp-content\\\/uploads\\\/2022\\\/06\\\/organisator_1996_11.png\",\"contentUrl\":\"https:\\\/\\\/www.organisator.ch\\\/wp-content\\\/uploads\\\/2022\\\/06\\\/organisator_1996_11.png\",\"width\":654,\"height\":370},{\"@type\":\"BreadcrumbList\",\"@id\":\"https:\\\/\\\/www.organisator.ch\\\/de\\\/produkt\\\/organisator-ausgabe-11-1996\\\/#breadcrumb\",\"itemListElement\":[{\"@type\":\"ListItem\",\"position\":1,\"name\":\"Home\",\"item\":\"https:\\\/\\\/www.organisator.ch\\\/\"},{\"@type\":\"ListItem\",\"position\":2,\"name\":\"Shop\",\"item\":\"https:\\\/\\\/www.organisator.ch\\\/fr\\\/shop\\\/\"},{\"@type\":\"ListItem\",\"position\":3,\"name\":\"Organisator Ausgabe 11\\\/1996\"}]},{\"@type\":\"WebSite\",\"@id\":\"https:\\\/\\\/www.organisator.ch\\\/#website\",\"url\":\"https:\\\/\\\/www.organisator.ch\\\/\",\"name\":\"Organisator\",\"description\":\"Kompetent. Praxisnah. Der ORGANISATOR bereitet in 10 Ausgaben pro Jahr die wesentlichen Themen f\u00fcr F\u00fchrungskr\u00e4fte von KMU auf.\",\"publisher\":{\"@id\":\"https:\\\/\\\/www.organisator.ch\\\/#organization\"},\"potentialAction\":[{\"@type\":\"SearchAction\",\"target\":{\"@type\":\"EntryPoint\",\"urlTemplate\":\"https:\\\/\\\/www.organisator.ch\\\/?s={search_term_string}\"},\"query-input\":{\"@type\":\"PropertyValueSpecification\",\"valueRequired\":true,\"valueName\":\"search_term_string\"}}],\"inLanguage\":\"en-US\"},{\"@type\":\"Organization\",\"@id\":\"https:\\\/\\\/www.organisator.ch\\\/#organization\",\"name\":\"Organisator\",\"url\":\"https:\\\/\\\/www.organisator.ch\\\/\",\"logo\":{\"@type\":\"ImageObject\",\"inLanguage\":\"en-US\",\"@id\":\"https:\\\/\\\/www.organisator.ch\\\/#\\\/schema\\\/logo\\\/image\\\/\",\"url\":\"https:\\\/\\\/www.organisator.ch\\\/wp-content\\\/uploads\\\/2022\\\/01\\\/Logo_Organisator_Website.png\",\"contentUrl\":\"https:\\\/\\\/www.organisator.ch\\\/wp-content\\\/uploads\\\/2022\\\/01\\\/Logo_Organisator_Website.png\",\"width\":800,\"height\":77,\"caption\":\"Organisator\"},\"image\":{\"@id\":\"https:\\\/\\\/www.organisator.ch\\\/#\\\/schema\\\/logo\\\/image\\\/\"},\"sameAs\":[\"https:\\\/\\\/www.facebook.com\\\/OrganisatorFachmagazin\",\"https:\\\/\\\/www.linkedin.com\\\/showcase\\\/organisator-das-magazin-fr-kmu\",\"https:\\\/\\\/www.xing.com\\\/news\\\/pages\\\/organisator-ch-695\",\"https:\\\/\\\/www.youtube.com\\\/channel\\\/UCGP2Sq0iWaZwT3BdIAQFYpw\"]}]}<\/script>\n<!-- \/ Yoast SEO plugin. -->","yoast_head_json":{"title":"Organizer issue 11\/1996 - Organizer","description":"Receive the German-language trade journal \"organisator\" in the 11\/1996 issue as a PDF download with the following table of contents:","robots":{"index":"index","follow":"follow","max-snippet":"max-snippet:-1","max-image-preview":"max-image-preview:large","max-video-preview":"max-video-preview:-1"},"canonical":"https:\/\/www.organisator.ch\/en\/product-2\/organisator-ausgabe-11-1996\/","og_locale":"en_US","og_type":"article","og_title":"Organisator Ausgabe 11\/1996 - Organisator","og_description":"Erhalte die deutschsprachige Fachzeitschrift \u00aborganisator\u00bb in der Ausgabe 11\/1996 als PDF-Download mit nachfolgendem Inhaltsverzeichnis:","og_url":"https:\/\/www.organisator.ch\/en\/product-2\/organisator-ausgabe-11-1996\/","og_site_name":"Organisator","article_publisher":"https:\/\/www.facebook.com\/OrganisatorFachmagazin","og_image":[{"width":654,"height":370,"url":"https:\/\/www.organisator.ch\/wp-content\/uploads\/2022\/06\/organisator_1996_11.png","type":"image\/png"}],"twitter_card":"summary_large_image","schema":{"@context":"https:\/\/schema.org","@graph":[{"@type":"WebPage","@id":"https:\/\/www.organisator.ch\/de\/produkt\/organisator-ausgabe-11-1996\/","url":"https:\/\/www.organisator.ch\/de\/produkt\/organisator-ausgabe-11-1996\/","name":"Organizer issue 11\/1996 - Organizer","isPartOf":{"@id":"https:\/\/www.organisator.ch\/#website"},"primaryImageOfPage":{"@id":"https:\/\/www.organisator.ch\/de\/produkt\/organisator-ausgabe-11-1996\/#primaryimage"},"image":{"@id":"https:\/\/www.organisator.ch\/de\/produkt\/organisator-ausgabe-11-1996\/#primaryimage"},"thumbnailUrl":"https:\/\/www.organisator.ch\/wp-content\/uploads\/2022\/06\/organisator_1996_11.png","datePublished":"2022-06-16T05:22:50+00:00","description":"Receive the German-language trade journal \"organisator\" in the 11\/1996 issue as a PDF download with the following table of contents:","breadcrumb":{"@id":"https:\/\/www.organisator.ch\/de\/produkt\/organisator-ausgabe-11-1996\/#breadcrumb"},"inLanguage":"en-US","potentialAction":[{"@type":"ReadAction","target":["https:\/\/www.organisator.ch\/de\/produkt\/organisator-ausgabe-11-1996\/"]}]},{"@type":"ImageObject","inLanguage":"en-US","@id":"https:\/\/www.organisator.ch\/de\/produkt\/organisator-ausgabe-11-1996\/#primaryimage","url":"https:\/\/www.organisator.ch\/wp-content\/uploads\/2022\/06\/organisator_1996_11.png","contentUrl":"https:\/\/www.organisator.ch\/wp-content\/uploads\/2022\/06\/organisator_1996_11.png","width":654,"height":370},{"@type":"BreadcrumbList","@id":"https:\/\/www.organisator.ch\/de\/produkt\/organisator-ausgabe-11-1996\/#breadcrumb","itemListElement":[{"@type":"ListItem","position":1,"name":"Home","item":"https:\/\/www.organisator.ch\/"},{"@type":"ListItem","position":2,"name":"Shop","item":"https:\/\/www.organisator.ch\/fr\/shop\/"},{"@type":"ListItem","position":3,"name":"Organisator Ausgabe 11\/1996"}]},{"@type":"WebSite","@id":"https:\/\/www.organisator.ch\/#website","url":"https:\/\/www.organisator.ch\/","name":"Organizer","description":"Competent. Practical. In 10 issues per year, ORGANISATOR presents the essential topics for managers of SMEs.","publisher":{"@id":"https:\/\/www.organisator.ch\/#organization"},"potentialAction":[{"@type":"SearchAction","target":{"@type":"EntryPoint","urlTemplate":"https:\/\/www.organisator.ch\/?s={search_term_string}"},"query-input":{"@type":"PropertyValueSpecification","valueRequired":true,"valueName":"search_term_string"}}],"inLanguage":"en-US"},{"@type":"Organization","@id":"https:\/\/www.organisator.ch\/#organization","name":"Organizer","url":"https:\/\/www.organisator.ch\/","logo":{"@type":"ImageObject","inLanguage":"en-US","@id":"https:\/\/www.organisator.ch\/#\/schema\/logo\/image\/","url":"https:\/\/www.organisator.ch\/wp-content\/uploads\/2022\/01\/Logo_Organisator_Website.png","contentUrl":"https:\/\/www.organisator.ch\/wp-content\/uploads\/2022\/01\/Logo_Organisator_Website.png","width":800,"height":77,"caption":"Organisator"},"image":{"@id":"https:\/\/www.organisator.ch\/#\/schema\/logo\/image\/"},"sameAs":["https:\/\/www.facebook.com\/OrganisatorFachmagazin","https:\/\/www.linkedin.com\/showcase\/organisator-das-magazin-fr-kmu","https:\/\/www.xing.com\/news\/pages\/organisator-ch-695","https:\/\/www.youtube.com\/channel\/UCGP2Sq0iWaZwT3BdIAQFYpw"]}]}},"_links":{"self":[{"href":"https:\/\/www.organisator.ch\/en\/wp-json\/wp\/v2\/product\/14909","targetHints":{"allow":["GET"]}}],"collection":[{"href":"https:\/\/www.organisator.ch\/en\/wp-json\/wp\/v2\/product"}],"about":[{"href":"https:\/\/www.organisator.ch\/en\/wp-json\/wp\/v2\/types\/product"}],"wp:featuredmedia":[{"embeddable":true,"href":"https:\/\/www.organisator.ch\/en\/wp-json\/wp\/v2\/media\/14911"}],"wp:attachment":[{"href":"https:\/\/www.organisator.ch\/en\/wp-json\/wp\/v2\/media?parent=14909"}],"wp:term":[{"taxonomy":"product_brand","embeddable":true,"href":"https:\/\/www.organisator.ch\/en\/wp-json\/wp\/v2\/product_brand?post=14909"},{"taxonomy":"product_cat","embeddable":true,"href":"https:\/\/www.organisator.ch\/en\/wp-json\/wp\/v2\/product_cat?post=14909"},{"taxonomy":"product_tag","embeddable":true,"href":"https:\/\/www.organisator.ch\/en\/wp-json\/wp\/v2\/product_tag?post=14909"}],"curies":[{"name":"wp","href":"https:\/\/api.w.org\/{rel}","templated":true}]}}