{"id":13805,"date":"2022-06-07T16:34:12","date_gmt":"2022-06-07T14:34:12","guid":{"rendered":"https:\/\/www.organisator.ch\/?post_type=product&#038;p=13805"},"modified":"2022-06-07T16:34:14","modified_gmt":"2022-06-07T14:34:14","slug":"organisator-ausgabe-9-1979","status":"publish","type":"product","link":"https:\/\/www.organisator.ch\/fr\/produkt\/organisator-ausgabe-9-1979\/","title":{"rendered":"Organisateur \u00c9dition 9\/1979"},"content":{"rendered":"<h2>Rubriques<\/h2>\n<ul>\n<li>Livres pour vous<\/li>\n<li>Page du lecteur<\/li>\n<li>Conseils fiscaux<\/li>\n<li>Pour la femme d'affaires<\/li>\n<li>Pour la r\u00e9flexion<\/li>\n<li>S\u00e9minaires pour organisateurs<\/li>\n<li>Mois de l'\u00e9conomie<\/li>\n<li>Contacts<\/li>\n<li>Concentr\u00e9s de lecture<\/li>\n<li>Produits-I-Services services<\/li>\n<li>Cours et r\u00e9unions<\/li>\n<li>Tarentule<\/li>\n<\/ul>\n<h2>Gestion d'entreprise<\/h2>\n<ul>\n<li>Classer et retrouver des rapports sp\u00e9cialis\u00e9s<\/li>\n<li>Planification fiscale<\/li>\n<li>Mise en place d'un syst\u00e8me d'information pour les managers<\/li>\n<li>Immeubles \u00e9conomiques<\/li>\n<li>Tout ce qu'il faut savoir sur la banque<\/li>\n<li>Carrousel des contr\u00f4leurs de plan<\/li>\n<\/ul>\n<h2>Gestion d'entreprise<\/h2>\n<ul>\n<li>(O\u00f9) une filiale doit-elle \u00eatre cr\u00e9\u00e9e ?<\/li>\n<li>Exemples de cr\u00e9ations d'entreprises r\u00e9ussies<\/li>\n<li>Nouveaux produits - nouveaux risques<\/li>\n<li>Une diversification risqu\u00e9e<\/li>\n<\/ul>\n<h2>Ressources humaines<\/h2>\n<ul>\n<li>Quand le travail est-il humain ?<\/li>\n<li>Doit-on faire la photo de groupe de<\/li>\n<li>Pourquoi le manager doit-il \u00eatre si p\u00e2le ?<\/li>\n<li>Les femmes au travail<\/li>\n<li>Organisation humaine<\/li>\n<li>Les cong\u00e9s maladie co\u00fbtent cher<\/li>\n<\/ul>\n<h2>Bureautique<\/h2>\n<ul>\n<li>10 \u00e9tapes vers la rationalisation des bureaux<\/li>\n<li>La machine \u00e0 \u00e9crire<\/li>\n<li>Le plus petit dictaphone de poche<\/li>\n<li>Appareil de dessin sans jeu<\/li>\n<li>Mobilier de bureau en vieil anglais<\/li>\n<li>R\u00e9pondeur t\u00e9l\u00e9phonique \u00e0 distance<\/li>\n<li>Votre propre interpr\u00e8te<\/li>\n<li>Assembleuse en syst\u00e8me modulaire<\/li>\n<li>S\u00e9minaire de dict\u00e9e au format carte<\/li>\n<li>Appareil de fondu encha\u00een\u00e9 pour regarder des images sonores<\/li>\n<li>Timer sp\u00e9cial pour les orateurs<\/li>\n<li>Calculatrice de bureau<\/li>\n<\/ul>\n<h2>Traitement des donn\u00e9es<\/h2>\n<ul>\n<li>La sauvegarde des donn\u00e9es est vitale<\/li>\n<li>Soci\u00e9t\u00e9 suisse des<\/li>\n<li>Entreprises de conseil en informatique et fabricants de logiciels<\/li>\n<li>Terminaux mobiles dans le commerce<\/li>\n<li>Terminal ; Harris 1600<\/li>\n<li>Repr\u00e9sentations graphiques \u00e0 l'\u00e9cran<\/li>\n<li>Syst\u00e8mes de fichiers \u00e9lectroniques<\/li>\n<\/ul>\n<h2>Comptabilit\u00e9\/finance<\/h2>\n<ul>\n<li>Sur la trace des pertes : les entreprises de service<\/li>\n<li>Limites de co\u00fbts des prestations de service<\/li>\n<li>Exigences en mati\u00e8re de comptabilit\u00e9<\/li>\n<li>Compte de r\u00e9sultat pr\u00e9visionnel<\/li>\n<li>Comptabilit\u00e9 hors domicile<\/li>\n<li>La comptabilit\u00e9 et l'humain<\/li>\n<li>Comment d\u00e9terminer la valeur de l'entreprise<\/li>\n<\/ul>\n<h2>Vente\/Hantiel<\/h2>\n<ul>\n<li>Quo vadis commerce de d\u00e9tail<\/li>\n<li>Charger les ventes suppl\u00e9mentaires en d\u00e9tail<\/li>\n<li>La bureautique au front<\/li>\n<li>Position et t\u00e2ches du d\u00e9partement marketing aujourd'hui<\/li>\n<li>V\u00e9rifier l'am\u00e9nagement des vitrines !<\/li>\n<li>6 Ennemis jur\u00e9s des nouvelles marques<\/li>\n<li>Politique de prix dans le domaine des affaires<\/li>\n<li>C\u00e9r\u00e9monie de remise des dipl\u00f4mes pour les sp\u00e9cialistes de l'exportation<\/li>\n<\/ul>\n<h2>Production\/achats<\/h2>\n<ul>\n<li>Pr\u00e9vention technique du bruit<\/li>\n<li>R\u00e9duction du bruit dans l'atelier<\/li>\n<li>Strat\u00e9gies de production \u00e0 l'\u00e9tranger<\/li>\n<li>Croisi\u00e8re vers des monuments culturels techniques<\/li>\n<\/ul>\n<h2>Gestion du mat\u00e9riel<\/h2>\n<ul>\n<li>Que faire si la qualit\u00e9 d'un fournisseur se d\u00e9grade ?<\/li>\n<li>Votre gestion du mat\u00e9riel est-elle bien organis\u00e9e ?<\/li>\n<li>V\u00e9hicules propres ou de tiers ?<\/li>\n<\/ul>","protected":false},"excerpt":{"rendered":"<p>Re\u00e7oit la revue sp\u00e9cialis\u00e9e en langue allemande \"organisator\" dans le num\u00e9ro 9\/1979 en t\u00e9l\u00e9chargement PDF avec la table des mati\u00e8res ci-dessous :<\/p>","protected":false},"featured_media":13807,"template":"","meta":{"_acf_changed":false,"articlekey":""},"product_brand":[],"product_cat":[546],"product_tag":[2924],"class_list":{"0":"post-13805","1":"product","2":"type-product","3":"status-publish","4":"has-post-thumbnail","6":"product_cat-einzelausgaben","7":"product_tag-2924","9":"first","10":"instock","11":"downloadable","12":"virtual","13":"taxable","14":"purchasable","15":"product-type-simple"},"acf":[],"yoast_head":"<!-- This site is optimized with the Yoast SEO plugin v27.5 - https:\/\/yoast.com\/product\/yoast-seo-wordpress\/ -->\n<title>Organisator Ausgabe 9\/1979 - Organisator<\/title>\n<meta name=\"description\" content=\"Erhalte die deutschsprachige Fachzeitschrift \u00aborganisator\u00bb in der Ausgabe 9\/1979 als PDF-Download mit nachfolgendem Inhaltsverzeichnis:\" \/>\n<meta name=\"robots\" content=\"index, follow, max-snippet:-1, max-image-preview:large, max-video-preview:-1\" \/>\n<link rel=\"canonical\" href=\"https:\/\/www.organisator.ch\/fr\/produit\/organisator-ausgabe-9-1979\/\" \/>\n<meta property=\"og:locale\" content=\"fr_FR\" \/>\n<meta property=\"og:type\" content=\"article\" \/>\n<meta property=\"og:title\" content=\"Organisator Ausgabe 9\/1979 - Organisator\" \/>\n<meta property=\"og:description\" content=\"Erhalte die deutschsprachige Fachzeitschrift \u00aborganisator\u00bb in der Ausgabe 9\/1979 als PDF-Download mit nachfolgendem Inhaltsverzeichnis:\" \/>\n<meta property=\"og:url\" content=\"https:\/\/www.organisator.ch\/fr\/produit\/organisator-ausgabe-9-1979\/\" \/>\n<meta property=\"og:site_name\" content=\"Organisator\" \/>\n<meta property=\"article:publisher\" content=\"https:\/\/www.facebook.com\/OrganisatorFachmagazin\" \/>\n<meta property=\"article:modified_time\" content=\"2022-06-07T14:34:14+00:00\" \/>\n<meta property=\"og:image\" content=\"https:\/\/www.organisator.ch\/wp-content\/uploads\/2022\/06\/organisator_1979_9.png\" \/>\n\t<meta property=\"og:image:width\" content=\"654\" \/>\n\t<meta property=\"og:image:height\" content=\"370\" \/>\n\t<meta property=\"og:image:type\" content=\"image\/png\" \/>\n<meta name=\"twitter:card\" content=\"summary_large_image\" \/>\n<script type=\"application\/ld+json\" class=\"yoast-schema-graph\">{\"@context\":\"https:\\\/\\\/schema.org\",\"@graph\":[{\"@type\":\"WebPage\",\"@id\":\"https:\\\/\\\/www.organisator.ch\\\/de\\\/produkt\\\/organisator-ausgabe-9-1979\\\/\",\"url\":\"https:\\\/\\\/www.organisator.ch\\\/de\\\/produkt\\\/organisator-ausgabe-9-1979\\\/\",\"name\":\"Organisator Ausgabe 9\\\/1979 - Organisator\",\"isPartOf\":{\"@id\":\"https:\\\/\\\/www.organisator.ch\\\/#website\"},\"primaryImageOfPage\":{\"@id\":\"https:\\\/\\\/www.organisator.ch\\\/de\\\/produkt\\\/organisator-ausgabe-9-1979\\\/#primaryimage\"},\"image\":{\"@id\":\"https:\\\/\\\/www.organisator.ch\\\/de\\\/produkt\\\/organisator-ausgabe-9-1979\\\/#primaryimage\"},\"thumbnailUrl\":\"https:\\\/\\\/www.organisator.ch\\\/wp-content\\\/uploads\\\/2022\\\/06\\\/organisator_1979_9.png\",\"datePublished\":\"2022-06-07T14:34:12+00:00\",\"dateModified\":\"2022-06-07T14:34:14+00:00\",\"description\":\"Erhalte die deutschsprachige Fachzeitschrift \u00aborganisator\u00bb in der Ausgabe 9\\\/1979 als PDF-Download mit nachfolgendem Inhaltsverzeichnis:\",\"breadcrumb\":{\"@id\":\"https:\\\/\\\/www.organisator.ch\\\/de\\\/produkt\\\/organisator-ausgabe-9-1979\\\/#breadcrumb\"},\"inLanguage\":\"fr-FR\",\"potentialAction\":[{\"@type\":\"ReadAction\",\"target\":[\"https:\\\/\\\/www.organisator.ch\\\/de\\\/produkt\\\/organisator-ausgabe-9-1979\\\/\"]}]},{\"@type\":\"ImageObject\",\"inLanguage\":\"fr-FR\",\"@id\":\"https:\\\/\\\/www.organisator.ch\\\/de\\\/produkt\\\/organisator-ausgabe-9-1979\\\/#primaryimage\",\"url\":\"https:\\\/\\\/www.organisator.ch\\\/wp-content\\\/uploads\\\/2022\\\/06\\\/organisator_1979_9.png\",\"contentUrl\":\"https:\\\/\\\/www.organisator.ch\\\/wp-content\\\/uploads\\\/2022\\\/06\\\/organisator_1979_9.png\",\"width\":654,\"height\":370},{\"@type\":\"BreadcrumbList\",\"@id\":\"https:\\\/\\\/www.organisator.ch\\\/de\\\/produkt\\\/organisator-ausgabe-9-1979\\\/#breadcrumb\",\"itemListElement\":[{\"@type\":\"ListItem\",\"position\":1,\"name\":\"Home\",\"item\":\"https:\\\/\\\/www.organisator.ch\\\/\"},{\"@type\":\"ListItem\",\"position\":2,\"name\":\"Shop\",\"item\":\"https:\\\/\\\/www.organisator.ch\\\/fr\\\/shop\\\/\"},{\"@type\":\"ListItem\",\"position\":3,\"name\":\"Organisator Ausgabe 9\\\/1979\"}]},{\"@type\":\"WebSite\",\"@id\":\"https:\\\/\\\/www.organisator.ch\\\/#website\",\"url\":\"https:\\\/\\\/www.organisator.ch\\\/\",\"name\":\"Organisator\",\"description\":\"Kompetent. Praxisnah. Der ORGANISATOR bereitet in 10 Ausgaben pro Jahr die wesentlichen Themen f\u00fcr F\u00fchrungskr\u00e4fte von KMU auf.\",\"publisher\":{\"@id\":\"https:\\\/\\\/www.organisator.ch\\\/#organization\"},\"potentialAction\":[{\"@type\":\"SearchAction\",\"target\":{\"@type\":\"EntryPoint\",\"urlTemplate\":\"https:\\\/\\\/www.organisator.ch\\\/?s={search_term_string}\"},\"query-input\":{\"@type\":\"PropertyValueSpecification\",\"valueRequired\":true,\"valueName\":\"search_term_string\"}}],\"inLanguage\":\"fr-FR\"},{\"@type\":\"Organization\",\"@id\":\"https:\\\/\\\/www.organisator.ch\\\/#organization\",\"name\":\"Organisator\",\"url\":\"https:\\\/\\\/www.organisator.ch\\\/\",\"logo\":{\"@type\":\"ImageObject\",\"inLanguage\":\"fr-FR\",\"@id\":\"https:\\\/\\\/www.organisator.ch\\\/#\\\/schema\\\/logo\\\/image\\\/\",\"url\":\"https:\\\/\\\/www.organisator.ch\\\/wp-content\\\/uploads\\\/2022\\\/01\\\/Logo_Organisator_Website.png\",\"contentUrl\":\"https:\\\/\\\/www.organisator.ch\\\/wp-content\\\/uploads\\\/2022\\\/01\\\/Logo_Organisator_Website.png\",\"width\":800,\"height\":77,\"caption\":\"Organisator\"},\"image\":{\"@id\":\"https:\\\/\\\/www.organisator.ch\\\/#\\\/schema\\\/logo\\\/image\\\/\"},\"sameAs\":[\"https:\\\/\\\/www.facebook.com\\\/OrganisatorFachmagazin\",\"https:\\\/\\\/www.linkedin.com\\\/showcase\\\/organisator-das-magazin-fr-kmu\",\"https:\\\/\\\/www.xing.com\\\/news\\\/pages\\\/organisator-ch-695\",\"https:\\\/\\\/www.youtube.com\\\/channel\\\/UCGP2Sq0iWaZwT3BdIAQFYpw\"]}]}<\/script>\n<!-- \/ Yoast SEO plugin. -->","yoast_head_json":{"title":"Organisator \u00c9dition 9\/1979 - Organisator","description":"Re\u00e7oit la revue sp\u00e9cialis\u00e9e en langue allemande \"organisator\" dans le num\u00e9ro 9\/1979 en t\u00e9l\u00e9chargement PDF avec la table des mati\u00e8res ci-dessous :","robots":{"index":"index","follow":"follow","max-snippet":"max-snippet:-1","max-image-preview":"max-image-preview:large","max-video-preview":"max-video-preview:-1"},"canonical":"https:\/\/www.organisator.ch\/fr\/produit\/organisator-ausgabe-9-1979\/","og_locale":"fr_FR","og_type":"article","og_title":"Organisator Ausgabe 9\/1979 - Organisator","og_description":"Erhalte die deutschsprachige Fachzeitschrift \u00aborganisator\u00bb in der Ausgabe 9\/1979 als PDF-Download mit nachfolgendem Inhaltsverzeichnis:","og_url":"https:\/\/www.organisator.ch\/fr\/produit\/organisator-ausgabe-9-1979\/","og_site_name":"Organisator","article_publisher":"https:\/\/www.facebook.com\/OrganisatorFachmagazin","article_modified_time":"2022-06-07T14:34:14+00:00","og_image":[{"width":654,"height":370,"url":"https:\/\/www.organisator.ch\/wp-content\/uploads\/2022\/06\/organisator_1979_9.png","type":"image\/png"}],"twitter_card":"summary_large_image","schema":{"@context":"https:\/\/schema.org","@graph":[{"@type":"WebPage","@id":"https:\/\/www.organisator.ch\/de\/produkt\/organisator-ausgabe-9-1979\/","url":"https:\/\/www.organisator.ch\/de\/produkt\/organisator-ausgabe-9-1979\/","name":"Organisator \u00c9dition 9\/1979 - Organisator","isPartOf":{"@id":"https:\/\/www.organisator.ch\/#website"},"primaryImageOfPage":{"@id":"https:\/\/www.organisator.ch\/de\/produkt\/organisator-ausgabe-9-1979\/#primaryimage"},"image":{"@id":"https:\/\/www.organisator.ch\/de\/produkt\/organisator-ausgabe-9-1979\/#primaryimage"},"thumbnailUrl":"https:\/\/www.organisator.ch\/wp-content\/uploads\/2022\/06\/organisator_1979_9.png","datePublished":"2022-06-07T14:34:12+00:00","dateModified":"2022-06-07T14:34:14+00:00","description":"Re\u00e7oit la revue sp\u00e9cialis\u00e9e en langue allemande \"organisator\" dans le num\u00e9ro 9\/1979 en t\u00e9l\u00e9chargement PDF avec la table des mati\u00e8res ci-dessous :","breadcrumb":{"@id":"https:\/\/www.organisator.ch\/de\/produkt\/organisator-ausgabe-9-1979\/#breadcrumb"},"inLanguage":"fr-FR","potentialAction":[{"@type":"ReadAction","target":["https:\/\/www.organisator.ch\/de\/produkt\/organisator-ausgabe-9-1979\/"]}]},{"@type":"ImageObject","inLanguage":"fr-FR","@id":"https:\/\/www.organisator.ch\/de\/produkt\/organisator-ausgabe-9-1979\/#primaryimage","url":"https:\/\/www.organisator.ch\/wp-content\/uploads\/2022\/06\/organisator_1979_9.png","contentUrl":"https:\/\/www.organisator.ch\/wp-content\/uploads\/2022\/06\/organisator_1979_9.png","width":654,"height":370},{"@type":"BreadcrumbList","@id":"https:\/\/www.organisator.ch\/de\/produkt\/organisator-ausgabe-9-1979\/#breadcrumb","itemListElement":[{"@type":"ListItem","position":1,"name":"Home","item":"https:\/\/www.organisator.ch\/"},{"@type":"ListItem","position":2,"name":"Shop","item":"https:\/\/www.organisator.ch\/fr\/shop\/"},{"@type":"ListItem","position":3,"name":"Organisator Ausgabe 9\/1979"}]},{"@type":"WebSite","@id":"https:\/\/www.organisator.ch\/#website","url":"https:\/\/www.organisator.ch\/","name":"Organisateur","description":"Comp\u00e9tence et comp\u00e9tence. Proches de la pratique. L'ORGANISATEUR pr\u00e9pare 10 num\u00e9ros par an sur les th\u00e8mes essentiels pour les dirigeants de PME.","publisher":{"@id":"https:\/\/www.organisator.ch\/#organization"},"potentialAction":[{"@type":"SearchAction","target":{"@type":"EntryPoint","urlTemplate":"https:\/\/www.organisator.ch\/?s={search_term_string}"},"query-input":{"@type":"PropertyValueSpecification","valueRequired":true,"valueName":"search_term_string"}}],"inLanguage":"fr-FR"},{"@type":"Organization","@id":"https:\/\/www.organisator.ch\/#organization","name":"Organisateur","url":"https:\/\/www.organisator.ch\/","logo":{"@type":"ImageObject","inLanguage":"fr-FR","@id":"https:\/\/www.organisator.ch\/#\/schema\/logo\/image\/","url":"https:\/\/www.organisator.ch\/wp-content\/uploads\/2022\/01\/Logo_Organisator_Website.png","contentUrl":"https:\/\/www.organisator.ch\/wp-content\/uploads\/2022\/01\/Logo_Organisator_Website.png","width":800,"height":77,"caption":"Organisator"},"image":{"@id":"https:\/\/www.organisator.ch\/#\/schema\/logo\/image\/"},"sameAs":["https:\/\/www.facebook.com\/OrganisatorFachmagazin","https:\/\/www.linkedin.com\/showcase\/organisator-das-magazin-fr-kmu","https:\/\/www.xing.com\/news\/pages\/organisator-ch-695","https:\/\/www.youtube.com\/channel\/UCGP2Sq0iWaZwT3BdIAQFYpw"]}]}},"_links":{"self":[{"href":"https:\/\/www.organisator.ch\/fr\/wp-json\/wp\/v2\/product\/13805","targetHints":{"allow":["GET"]}}],"collection":[{"href":"https:\/\/www.organisator.ch\/fr\/wp-json\/wp\/v2\/product"}],"about":[{"href":"https:\/\/www.organisator.ch\/fr\/wp-json\/wp\/v2\/types\/product"}],"wp:featuredmedia":[{"embeddable":true,"href":"https:\/\/www.organisator.ch\/fr\/wp-json\/wp\/v2\/media\/13807"}],"wp:attachment":[{"href":"https:\/\/www.organisator.ch\/fr\/wp-json\/wp\/v2\/media?parent=13805"}],"wp:term":[{"taxonomy":"product_brand","embeddable":true,"href":"https:\/\/www.organisator.ch\/fr\/wp-json\/wp\/v2\/product_brand?post=13805"},{"taxonomy":"product_cat","embeddable":true,"href":"https:\/\/www.organisator.ch\/fr\/wp-json\/wp\/v2\/product_cat?post=13805"},{"taxonomy":"product_tag","embeddable":true,"href":"https:\/\/www.organisator.ch\/fr\/wp-json\/wp\/v2\/product_tag?post=13805"}],"curies":[{"name":"wp","href":"https:\/\/api.w.org\/{rel}","templated":true}]}}