{"id":13868,"date":"2022-06-08T09:08:52","date_gmt":"2022-06-08T07:08:52","guid":{"rendered":"https:\/\/www.organisator.ch\/?post_type=product&#038;p=13868"},"modified":"2022-06-08T09:08:56","modified_gmt":"2022-06-08T07:08:56","slug":"organisator-ausgabe-7-1980","status":"publish","type":"product","link":"https:\/\/www.organisator.ch\/fr\/produkt\/organisator-ausgabe-7-1980\/","title":{"rendered":"Organisateur \u00e9dition 7\/1980"},"content":{"rendered":"<h2>Nos rubriques du mois<\/h2>\n<ul>\n<li>Livres pour vous<\/li>\n<li>Le mois \u00e9conomique<\/li>\n<li>Affaires et famille<\/li>\n<li>S\u00e9minaire ORGANISATEUR<\/li>\n<li>Pour la r\u00e9flexion<\/li>\n<li>Offres ORGANISATEUR<\/li>\n<li>Concentr\u00e9s de lecture<\/li>\n<li>Produits + services<\/li>\n<li>Cours + r\u00e9unions<\/li>\n<li>Tarentule<\/li>\n<\/ul>\n<h2>\u00c9conomie Gestion d'entreprise<\/h2>\n<ul>\n<li>Le mois \u00e9conomique - Qu'est-ce que cela signifie pour moi ?<\/li>\n<li>Syst\u00e8mes de s\u00e9curit\u00e9\/Responsabilit\u00e9 de la gestion\/Conseil en mati\u00e8re de s\u00e9curit\u00e9<\/li>\n<li>Affaires et famille :<\/li>\n<li>La vieille tradition ne suffit pas<\/li>\n<li>Pr\u00e9visions fiables en mati\u00e8re de logement<\/li>\n<li>L'avenir de l'industrie automobile<\/li>\n<li>\u00c9liminer les faiblesses du leadership<\/li>\n<li>R\u00e9duire le risque de faillite<\/li>\n<li>Rumeurs de vente infond\u00e9es autour de Datasaab<\/li>\n<li>Wang AG en Suisse<\/li>\n<li>La Lista \u00e0 Degersheim<\/li>\n<\/ul>\n<h2>L'homme et le travail Ressources humaines<\/h2>\n<ul>\n<li>Coop\u00e9ration<\/li>\n<li>Femme et affaires<\/li>\n<li>Institutions de pr\u00e9voyance en faveur du personnel<\/li>\n<li>D\u00e9butants en affaires aux \u00c9tats-Unis<\/li>\n<li>Dans la contradiction, la r\u00e8gle se brise<\/li>\n<li>Assurance dans l'enseignement<\/li>\n<li>Enregistrez vos donn\u00e9es personnelles<\/li>\n<\/ul>\n<h2>Organisation\/automatisation Bureautique et informatique<\/h2>\n<ul>\n<li>Syst\u00e8mes d'adressage<\/li>\n<li>L'administration en tant que service<\/li>\n<li>Traitement de texte<\/li>\n<li>Natel \u00e9galement avec m\u00e9moire d'appel<\/li>\n<li>Un proc\u00e9d\u00e9 de reproduction adapt\u00e9 \u00e0 chaque besoin<\/li>\n<li>Ibico 122 - la calculatrice de bureau compacte<\/li>\n<li>Imprimante matricielle \u00e0 180 caract\u00e8res par seconde<\/li>\n<li>Petit mais grand : le syst\u00e8me de dialogue Durango F-85<\/li>\n<li>Plus de m\u00e9moire - plus d'utilitaires<\/li>\n<li>Un chariot pour le stockage et le transport des supports de donn\u00e9es<\/li>\n<li>Papier \"Action\" pour une copie<\/li>\n<li>Radio \u00e0 l'\u00e9preuve des \u00e9coutes<\/li>\n<li>Dernier aper\u00e7u du march\u00e9 des automates \u00e0 texte 1980\".<\/li>\n<li>\u00c9quip\u00e9 pour le texte \u00e0 l'\u00e9cran<\/li>\n<li>Clart\u00e9 et vue d'ensemble Tableau magn\u00e9tique<\/li>\n<li>Copie sans papier carbone<\/li>\n<li>Dict\u00e9e \u00e0 l'ordinateur : Dictaphone 154<\/li>\n<li>Syst\u00e8me de dialogue orient\u00e9 \u00e9cran LX 3500<\/li>\n<li>Micro-ordinateur mobile<\/li>\n<\/ul>\n<h2>Gestion d'entreprise Comptabilit\u00e9<\/h2>\n<ul>\n<li>De la crise \u00e0 la croissance stable - un cas pratique<\/li>\n<li>Politique d'investissement - art ou science ?<\/li>\n<li>Poser les bonnes questions<\/li>\n<li>Le profil professionnel du con troll<\/li>\n<li>Information aux actionnaires<\/li>\n<li>Comptabilit\u00e9 bancaire<\/li>\n<li>Une calculatrice financi\u00e8re LCD pour<\/li>\n<li>Gestion et planification financi\u00e8re<\/li>\n<\/ul>\n<h2>Ventes\/distribution\/commerceMarketing\/publicit\u00e9<\/h2>\n<ul>\n<li>Formation \u00e0 la vente en interne avec la technique du tableau d'affichage<\/li>\n<li>L'importance des nouveaux produits pour le commerce<\/li>\n<li>Commerce de bureau avec de nouveaux programmes<\/li>\n<\/ul>\n<h2>Gestion du mat\u00e9riel Production\/transport<\/h2>\n<ul>\n<li>La construction, de l'esquisse de l'id\u00e9e \u00e0 la fabrication<\/li>\n<li>Gestion des mat\u00e9riaux pour la maintenance<\/li>\n<li>L'audit, un outil de gestion<\/li>\n<li>Voiture de fonction<\/li>\n<li>L'emballage, un probl\u00e8me de qualit\u00e9<\/li>\n<li>\u00c9viter les goulots d'\u00e9tranglement de capacit\u00e9, mieux utiliser les capacit\u00e9s libres<\/li>\n<\/ul>","protected":false},"excerpt":{"rendered":"<p>Re\u00e7oit la revue sp\u00e9cialis\u00e9e en langue allemande \"organisator\" dans le num\u00e9ro 7\/1980 en t\u00e9l\u00e9chargement PDF avec la table des mati\u00e8res ci-dessous :<\/p>","protected":false},"featured_media":13871,"template":"","meta":{"_acf_changed":false,"articlekey":""},"product_brand":[],"product_cat":[546],"product_tag":[2925],"class_list":{"0":"post-13868","1":"product","2":"type-product","3":"status-publish","4":"has-post-thumbnail","6":"product_cat-einzelausgaben","7":"product_tag-2925","9":"first","10":"instock","11":"downloadable","12":"virtual","13":"taxable","14":"purchasable","15":"product-type-simple"},"acf":[],"yoast_head":"<!-- This site is optimized with the Yoast SEO plugin v27.5 - https:\/\/yoast.com\/product\/yoast-seo-wordpress\/ -->\n<title>Organisator Ausgabe 7\/1980 - Organisator<\/title>\n<meta name=\"description\" content=\"Erhalte die deutschsprachige Fachzeitschrift \u00aborganisator\u00bb in der Ausgabe 7\/1980 als PDF-Download mit nachfolgendem Inhaltsverzeichnis:\" \/>\n<meta name=\"robots\" content=\"index, follow, max-snippet:-1, max-image-preview:large, max-video-preview:-1\" \/>\n<link rel=\"canonical\" href=\"https:\/\/www.organisator.ch\/fr\/produit\/organisator-ausgabe-7-1980\/\" \/>\n<meta property=\"og:locale\" content=\"fr_FR\" \/>\n<meta property=\"og:type\" content=\"article\" \/>\n<meta property=\"og:title\" content=\"Organisator Ausgabe 7\/1980 - Organisator\" \/>\n<meta property=\"og:description\" content=\"Erhalte die deutschsprachige Fachzeitschrift \u00aborganisator\u00bb in der Ausgabe 7\/1980 als PDF-Download mit nachfolgendem Inhaltsverzeichnis:\" \/>\n<meta property=\"og:url\" content=\"https:\/\/www.organisator.ch\/fr\/produit\/organisator-ausgabe-7-1980\/\" \/>\n<meta property=\"og:site_name\" content=\"Organisator\" \/>\n<meta property=\"article:publisher\" content=\"https:\/\/www.facebook.com\/OrganisatorFachmagazin\" \/>\n<meta property=\"article:modified_time\" content=\"2022-06-08T07:08:56+00:00\" \/>\n<meta property=\"og:image\" content=\"https:\/\/www.organisator.ch\/wp-content\/uploads\/2022\/06\/organisator_1980_7.png\" \/>\n\t<meta property=\"og:image:width\" content=\"654\" \/>\n\t<meta property=\"og:image:height\" content=\"370\" \/>\n\t<meta property=\"og:image:type\" content=\"image\/png\" \/>\n<meta name=\"twitter:card\" content=\"summary_large_image\" \/>\n<script type=\"application\/ld+json\" class=\"yoast-schema-graph\">{\"@context\":\"https:\\\/\\\/schema.org\",\"@graph\":[{\"@type\":\"WebPage\",\"@id\":\"https:\\\/\\\/www.organisator.ch\\\/it\\\/prodotto\\\/organisator-ausgabe-7-1980\\\/\",\"url\":\"https:\\\/\\\/www.organisator.ch\\\/it\\\/prodotto\\\/organisator-ausgabe-7-1980\\\/\",\"name\":\"Organisator Ausgabe 7\\\/1980 - Organisator\",\"isPartOf\":{\"@id\":\"https:\\\/\\\/www.organisator.ch\\\/#website\"},\"primaryImageOfPage\":{\"@id\":\"https:\\\/\\\/www.organisator.ch\\\/it\\\/prodotto\\\/organisator-ausgabe-7-1980\\\/#primaryimage\"},\"image\":{\"@id\":\"https:\\\/\\\/www.organisator.ch\\\/it\\\/prodotto\\\/organisator-ausgabe-7-1980\\\/#primaryimage\"},\"thumbnailUrl\":\"https:\\\/\\\/www.organisator.ch\\\/wp-content\\\/uploads\\\/2022\\\/06\\\/organisator_1980_7.png\",\"datePublished\":\"2022-06-08T07:08:52+00:00\",\"dateModified\":\"2022-06-08T07:08:56+00:00\",\"description\":\"Erhalte die deutschsprachige Fachzeitschrift \u00aborganisator\u00bb in der Ausgabe 7\\\/1980 als PDF-Download mit nachfolgendem Inhaltsverzeichnis:\",\"breadcrumb\":{\"@id\":\"https:\\\/\\\/www.organisator.ch\\\/it\\\/prodotto\\\/organisator-ausgabe-7-1980\\\/#breadcrumb\"},\"inLanguage\":\"fr-FR\",\"potentialAction\":[{\"@type\":\"ReadAction\",\"target\":[\"https:\\\/\\\/www.organisator.ch\\\/it\\\/prodotto\\\/organisator-ausgabe-7-1980\\\/\"]}]},{\"@type\":\"ImageObject\",\"inLanguage\":\"fr-FR\",\"@id\":\"https:\\\/\\\/www.organisator.ch\\\/it\\\/prodotto\\\/organisator-ausgabe-7-1980\\\/#primaryimage\",\"url\":\"https:\\\/\\\/www.organisator.ch\\\/wp-content\\\/uploads\\\/2022\\\/06\\\/organisator_1980_7.png\",\"contentUrl\":\"https:\\\/\\\/www.organisator.ch\\\/wp-content\\\/uploads\\\/2022\\\/06\\\/organisator_1980_7.png\",\"width\":654,\"height\":370},{\"@type\":\"BreadcrumbList\",\"@id\":\"https:\\\/\\\/www.organisator.ch\\\/it\\\/prodotto\\\/organisator-ausgabe-7-1980\\\/#breadcrumb\",\"itemListElement\":[{\"@type\":\"ListItem\",\"position\":1,\"name\":\"Home\",\"item\":\"https:\\\/\\\/www.organisator.ch\\\/\"},{\"@type\":\"ListItem\",\"position\":2,\"name\":\"Shop\",\"item\":\"https:\\\/\\\/www.organisator.ch\\\/fr\\\/shop\\\/\"},{\"@type\":\"ListItem\",\"position\":3,\"name\":\"Organisator Ausgabe 7\\\/1980\"}]},{\"@type\":\"WebSite\",\"@id\":\"https:\\\/\\\/www.organisator.ch\\\/#website\",\"url\":\"https:\\\/\\\/www.organisator.ch\\\/\",\"name\":\"Organisator\",\"description\":\"Kompetent. Praxisnah. Der ORGANISATOR bereitet in 10 Ausgaben pro Jahr die wesentlichen Themen f\u00fcr F\u00fchrungskr\u00e4fte von KMU auf.\",\"publisher\":{\"@id\":\"https:\\\/\\\/www.organisator.ch\\\/#organization\"},\"potentialAction\":[{\"@type\":\"SearchAction\",\"target\":{\"@type\":\"EntryPoint\",\"urlTemplate\":\"https:\\\/\\\/www.organisator.ch\\\/?s={search_term_string}\"},\"query-input\":{\"@type\":\"PropertyValueSpecification\",\"valueRequired\":true,\"valueName\":\"search_term_string\"}}],\"inLanguage\":\"fr-FR\"},{\"@type\":\"Organization\",\"@id\":\"https:\\\/\\\/www.organisator.ch\\\/#organization\",\"name\":\"Organisator\",\"url\":\"https:\\\/\\\/www.organisator.ch\\\/\",\"logo\":{\"@type\":\"ImageObject\",\"inLanguage\":\"fr-FR\",\"@id\":\"https:\\\/\\\/www.organisator.ch\\\/#\\\/schema\\\/logo\\\/image\\\/\",\"url\":\"https:\\\/\\\/www.organisator.ch\\\/wp-content\\\/uploads\\\/2022\\\/01\\\/Logo_Organisator_Website.png\",\"contentUrl\":\"https:\\\/\\\/www.organisator.ch\\\/wp-content\\\/uploads\\\/2022\\\/01\\\/Logo_Organisator_Website.png\",\"width\":800,\"height\":77,\"caption\":\"Organisator\"},\"image\":{\"@id\":\"https:\\\/\\\/www.organisator.ch\\\/#\\\/schema\\\/logo\\\/image\\\/\"},\"sameAs\":[\"https:\\\/\\\/www.facebook.com\\\/OrganisatorFachmagazin\",\"https:\\\/\\\/www.linkedin.com\\\/showcase\\\/organisator-das-magazin-fr-kmu\",\"https:\\\/\\\/www.xing.com\\\/news\\\/pages\\\/organisator-ch-695\",\"https:\\\/\\\/www.youtube.com\\\/channel\\\/UCGP2Sq0iWaZwT3BdIAQFYpw\"]}]}<\/script>\n<!-- \/ Yoast SEO plugin. -->","yoast_head_json":{"title":"Organisator \u00e9dition 7\/1980 - Organisator","description":"Re\u00e7oit la revue sp\u00e9cialis\u00e9e en langue allemande \"organisator\" dans le num\u00e9ro 7\/1980 en t\u00e9l\u00e9chargement PDF avec la table des mati\u00e8res ci-dessous :","robots":{"index":"index","follow":"follow","max-snippet":"max-snippet:-1","max-image-preview":"max-image-preview:large","max-video-preview":"max-video-preview:-1"},"canonical":"https:\/\/www.organisator.ch\/fr\/produit\/organisator-ausgabe-7-1980\/","og_locale":"fr_FR","og_type":"article","og_title":"Organisator Ausgabe 7\/1980 - Organisator","og_description":"Erhalte die deutschsprachige Fachzeitschrift \u00aborganisator\u00bb in der Ausgabe 7\/1980 als PDF-Download mit nachfolgendem Inhaltsverzeichnis:","og_url":"https:\/\/www.organisator.ch\/fr\/produit\/organisator-ausgabe-7-1980\/","og_site_name":"Organisator","article_publisher":"https:\/\/www.facebook.com\/OrganisatorFachmagazin","article_modified_time":"2022-06-08T07:08:56+00:00","og_image":[{"width":654,"height":370,"url":"https:\/\/www.organisator.ch\/wp-content\/uploads\/2022\/06\/organisator_1980_7.png","type":"image\/png"}],"twitter_card":"summary_large_image","schema":{"@context":"https:\/\/schema.org","@graph":[{"@type":"WebPage","@id":"https:\/\/www.organisator.ch\/it\/prodotto\/organisator-ausgabe-7-1980\/","url":"https:\/\/www.organisator.ch\/it\/prodotto\/organisator-ausgabe-7-1980\/","name":"Organisator \u00e9dition 7\/1980 - Organisator","isPartOf":{"@id":"https:\/\/www.organisator.ch\/#website"},"primaryImageOfPage":{"@id":"https:\/\/www.organisator.ch\/it\/prodotto\/organisator-ausgabe-7-1980\/#primaryimage"},"image":{"@id":"https:\/\/www.organisator.ch\/it\/prodotto\/organisator-ausgabe-7-1980\/#primaryimage"},"thumbnailUrl":"https:\/\/www.organisator.ch\/wp-content\/uploads\/2022\/06\/organisator_1980_7.png","datePublished":"2022-06-08T07:08:52+00:00","dateModified":"2022-06-08T07:08:56+00:00","description":"Re\u00e7oit la revue sp\u00e9cialis\u00e9e en langue allemande \"organisator\" dans le num\u00e9ro 7\/1980 en t\u00e9l\u00e9chargement PDF avec la table des mati\u00e8res ci-dessous :","breadcrumb":{"@id":"https:\/\/www.organisator.ch\/it\/prodotto\/organisator-ausgabe-7-1980\/#breadcrumb"},"inLanguage":"fr-FR","potentialAction":[{"@type":"ReadAction","target":["https:\/\/www.organisator.ch\/it\/prodotto\/organisator-ausgabe-7-1980\/"]}]},{"@type":"ImageObject","inLanguage":"fr-FR","@id":"https:\/\/www.organisator.ch\/it\/prodotto\/organisator-ausgabe-7-1980\/#primaryimage","url":"https:\/\/www.organisator.ch\/wp-content\/uploads\/2022\/06\/organisator_1980_7.png","contentUrl":"https:\/\/www.organisator.ch\/wp-content\/uploads\/2022\/06\/organisator_1980_7.png","width":654,"height":370},{"@type":"BreadcrumbList","@id":"https:\/\/www.organisator.ch\/it\/prodotto\/organisator-ausgabe-7-1980\/#breadcrumb","itemListElement":[{"@type":"ListItem","position":1,"name":"Home","item":"https:\/\/www.organisator.ch\/"},{"@type":"ListItem","position":2,"name":"Shop","item":"https:\/\/www.organisator.ch\/fr\/shop\/"},{"@type":"ListItem","position":3,"name":"Organisator Ausgabe 7\/1980"}]},{"@type":"WebSite","@id":"https:\/\/www.organisator.ch\/#website","url":"https:\/\/www.organisator.ch\/","name":"Organisateur","description":"Comp\u00e9tence et comp\u00e9tence. Proches de la pratique. L'ORGANISATEUR pr\u00e9pare 10 num\u00e9ros par an sur les th\u00e8mes essentiels pour les dirigeants de PME.","publisher":{"@id":"https:\/\/www.organisator.ch\/#organization"},"potentialAction":[{"@type":"SearchAction","target":{"@type":"EntryPoint","urlTemplate":"https:\/\/www.organisator.ch\/?s={search_term_string}"},"query-input":{"@type":"PropertyValueSpecification","valueRequired":true,"valueName":"search_term_string"}}],"inLanguage":"fr-FR"},{"@type":"Organization","@id":"https:\/\/www.organisator.ch\/#organization","name":"Organisateur","url":"https:\/\/www.organisator.ch\/","logo":{"@type":"ImageObject","inLanguage":"fr-FR","@id":"https:\/\/www.organisator.ch\/#\/schema\/logo\/image\/","url":"https:\/\/www.organisator.ch\/wp-content\/uploads\/2022\/01\/Logo_Organisator_Website.png","contentUrl":"https:\/\/www.organisator.ch\/wp-content\/uploads\/2022\/01\/Logo_Organisator_Website.png","width":800,"height":77,"caption":"Organisator"},"image":{"@id":"https:\/\/www.organisator.ch\/#\/schema\/logo\/image\/"},"sameAs":["https:\/\/www.facebook.com\/OrganisatorFachmagazin","https:\/\/www.linkedin.com\/showcase\/organisator-das-magazin-fr-kmu","https:\/\/www.xing.com\/news\/pages\/organisator-ch-695","https:\/\/www.youtube.com\/channel\/UCGP2Sq0iWaZwT3BdIAQFYpw"]}]}},"_links":{"self":[{"href":"https:\/\/www.organisator.ch\/fr\/wp-json\/wp\/v2\/product\/13868","targetHints":{"allow":["GET"]}}],"collection":[{"href":"https:\/\/www.organisator.ch\/fr\/wp-json\/wp\/v2\/product"}],"about":[{"href":"https:\/\/www.organisator.ch\/fr\/wp-json\/wp\/v2\/types\/product"}],"wp:featuredmedia":[{"embeddable":true,"href":"https:\/\/www.organisator.ch\/fr\/wp-json\/wp\/v2\/media\/13871"}],"wp:attachment":[{"href":"https:\/\/www.organisator.ch\/fr\/wp-json\/wp\/v2\/media?parent=13868"}],"wp:term":[{"taxonomy":"product_brand","embeddable":true,"href":"https:\/\/www.organisator.ch\/fr\/wp-json\/wp\/v2\/product_brand?post=13868"},{"taxonomy":"product_cat","embeddable":true,"href":"https:\/\/www.organisator.ch\/fr\/wp-json\/wp\/v2\/product_cat?post=13868"},{"taxonomy":"product_tag","embeddable":true,"href":"https:\/\/www.organisator.ch\/fr\/wp-json\/wp\/v2\/product_tag?post=13868"}],"curies":[{"name":"wp","href":"https:\/\/api.w.org\/{rel}","templated":true}]}}