{"id":13897,"date":"2022-06-08T10:48:33","date_gmt":"2022-06-08T08:48:33","guid":{"rendered":"https:\/\/www.organisator.ch\/?post_type=product&#038;p=13897"},"modified":"2022-06-08T10:48:35","modified_gmt":"2022-06-08T08:48:35","slug":"organisator-ausgabe-2-1980","status":"publish","type":"product","link":"https:\/\/www.organisator.ch\/fr\/produkt\/organisator-ausgabe-2-1980\/","title":{"rendered":"Organisateur num\u00e9ro 2\/1980"},"content":{"rendered":"<h2>Nos rubriques du mois<\/h2>\n<ul>\n<li>Livres pour vous<\/li>\n<li>Le mois \u00e9conomique<\/li>\n<li>S\u00e9minaire ORGANISATEUR<\/li>\n<li>Conseils fiscaux<\/li>\n<li>Pour la r\u00e9flexion<\/li>\n<li>Offres ORGANISATEUR<\/li>\n<li>Affaires et famille<\/li>\n<li>Les femmes au travail<\/li>\n<li>Concentr\u00e9s de lecture<\/li>\n<li>Produits + services<\/li>\n<li>Cours et r\u00e9unions<\/li>\n<li>Tarentule<\/li>\n<\/ul>\n<h2>\u00c9conomie Gestion d'entreprise<\/h2>\n<ul>\n<li>Le mois \u00e9conomique<\/li>\n<li>Opportunit\u00e9s pour les PME<\/li>\n<li>Pens\u00e9e et action lat\u00e9rales (s\u00e9minaire d'org.)<\/li>\n<li>Le sens de la direction (r\u00e9flexion)<\/li>\n<li>Le syst\u00e8me \u00e9nerg\u00e9tique du futur<\/li>\n<li>Croissance avec vente de savoir-faire<\/li>\n<li>Des tuteurs pour les jeunes entrepreneurs<\/li>\n<li>Budgets de recherche<\/li>\n<li>Bureau de direction Swiss-Top-2<\/li>\n<\/ul>\n<h2>L'homme et le travail Ressources humaines<\/h2>\n<ul>\n<li>Conf\u00e9rences des chefs<\/li>\n<li>Absent\u00e9isme - Causes et mesures en cas d'absence au travail<\/li>\n<li>Mieux rationaliser son travail<\/li>\n<li>Pour la r\u00e9flexion<\/li>\n<li>Qui envoie des collaborateurs \u00e0 l'\u00e9tranger<\/li>\n<li>Affaires et famille<\/li>\n<li>Les femmes au travail<\/li>\n<li>Adieu au patriarcat<\/li>\n<li>Perte de temps lors des r\u00e9unions<\/li>\n<li>Formation continue des cadres techniques<\/li>\n<li>Entretien de contact avec des dipl\u00f4m\u00e9s de l'enseignement sup\u00e9rieur \u00e0 Lucerne<\/li>\n<li>A chacun son professeur particulier<\/li>\n<li>Guide linguistique parlant \u00e9lectronique<\/li>\n<\/ul>\n<h2>Organisation bureautique et informatique<\/h2>\n<ul>\n<li>Si le chef corrige et change toujours comme lui<\/li>\n<li>Pr\u00e9parer les collaborateurs \u00e0 la bureautique<\/li>\n<li>La qualit\u00e9 (pour les machines \u00e0 \u00e9crire) est-elle \u00e9galement supportable ?<\/li>\n<li>La pens\u00e9e syst\u00e9mique<\/li>\n<li>Syst\u00e8me d'information comportementale<\/li>\n<li>Planification dans les petites et moyennes entreprises<\/li>\n<li>Am\u00e9nagement judicieux des postes de travail informatis\u00e9s<\/li>\n<li>Les microprocesseurs garantissent la s\u00e9curit\u00e9<\/li>\n<li>Brochure sur les papiers d'\u00e9criture<\/li>\n<li>Le film instantan\u00e9 le plus rapide<\/li>\n<li>La qualit\u00e9 noir sur blanc - un \u00abcopieur de bo\u00eete aux lettres\u00bb<\/li>\n<li>Calculateur d'\u00e9lectrons avec<\/li>\n<li>Touche de comparaison Nouveaux syst\u00e8mes informatiques de Burroughs<\/li>\n<li>Imprimante rapide 1500 LMP<\/li>\n<li>Appel urbain : pr\u00eat \u00e0 intervenir 24 heures sur 24<\/li>\n<li>Famille de syst\u00e8mes Kienzle 9066<\/li>\n<li>ClearLine nettoyant pour \u00e9cran<\/li>\n<li>Destructeur de documents universel<\/li>\n<li>Nova 4 de Data General<\/li>\n<li>Ranger les sacs d'organisation<\/li>\n<li>Un appareil photo de reproduction pratique<\/li>\n<li>Bo\u00eetes \u00e0 clic pour la petite station de donn\u00e9es<\/li>\n<li>Calculatrice miniature avec impression et affichage<\/li>\n<li>Nouveau syst\u00e8me de petits ordinateurs en provenance du Japon<\/li>\n<li>Inspecteur de bande magn\u00e9tique Inspector IV MPC<\/li>\n<li>Interphone sans fil<\/li>\n<li>Lequel est l'original ?<\/li>\n<li>Test RO pour v\u00e9rifier l'authenticit\u00e9 des documents<\/li>\n<li>Imprimante\/traceur Pussygraph 650<\/li>\n<li>Traitement rationnel des impressions informatiques<\/li>\n<li>Syst\u00e8me de rangement pour supports de donn\u00e9es<\/li>\n<\/ul>\n<h2>Gestion d'entreprise Comptabilit\u00e9<\/h2>\n<ul>\n<li>L'occasion fait le larron<\/li>\n<li>Les imp\u00f4ts comme poste budg\u00e9taire<\/li>\n<li>Taxation s\u00e9par\u00e9e de l'homme et de la femme<\/li>\n<li>Droit d'habitation zug. Troisi\u00e8me<\/li>\n<li>Comment r\u00e9duire encore vos co\u00fbts ?<\/li>\n<li>Les pertes comme ph\u00e9nom\u00e8ne<\/li>\n<li>Manuel de r\u00e9vision<\/li>\n<li>Le syst\u00e8me internat. Informations financi\u00e8res sur les visioconf\u00e9rences<\/li>\n<li>Minitester d\u00e9masque la fausse monnaie<\/li>\n<li>Ordinateurs Ruf pour tous les secteurs<\/li>\n<\/ul>\n<h2>Vente\/commerce Marketing\/publicit\u00e9<\/h2>\n<ul>\n<li>Vendre, mais ne pas distribuer (Quiz III)<\/li>\n<li>Six mythes du marketing<\/li>\n<li>Zones pi\u00e9tonnes<\/li>\n<li>Services - Strat\u00e9gie de survie dans le commerce<\/li>\n<li>Marketing direct-<\/li>\n<li>Branche\u201980<\/li>\n<\/ul>\n<h2>Gestion du mat\u00e9riel Production\/transport<\/h2>\n<ul>\n<li>Formation continue des cadres techniques<\/li>\n<li>Gestion de portefeuille pour les produits<\/li>\n<li>Centre de stockage avec 3 zones de temp\u00e9rature<\/li>\n<li>Topaz pour une tension de r\u00e9seau constante<\/li>\n<\/ul>","protected":false},"excerpt":{"rendered":"<p>Re\u00e7oit la revue sp\u00e9cialis\u00e9e en langue allemande \"organisator\" dans le num\u00e9ro 2\/1980 en t\u00e9l\u00e9chargement PDF avec la table des mati\u00e8res ci-dessous :<\/p>","protected":false},"featured_media":13899,"template":"","meta":{"_acf_changed":false,"articlekey":""},"product_brand":[],"product_cat":[546],"product_tag":[2925],"class_list":{"0":"post-13897","1":"product","2":"type-product","3":"status-publish","4":"has-post-thumbnail","6":"product_cat-einzelausgaben","7":"product_tag-2925","9":"first","10":"instock","11":"downloadable","12":"virtual","13":"taxable","14":"product-type-simple"},"acf":[],"yoast_head":"<!-- This site is optimized with the Yoast SEO plugin v27.4 - https:\/\/yoast.com\/product\/yoast-seo-wordpress\/ -->\n<title>Organisator Ausgabe 2\/1980 - Organisator<\/title>\n<meta name=\"description\" content=\"Erhalte die deutschsprachige Fachzeitschrift \u00aborganisator\u00bb in der Ausgabe 2\/1980 als PDF-Download mit nachfolgendem Inhaltsverzeichnis:\" \/>\n<meta name=\"robots\" content=\"index, follow, max-snippet:-1, max-image-preview:large, max-video-preview:-1\" \/>\n<link rel=\"canonical\" href=\"https:\/\/www.organisator.ch\/fr\/produit\/organisator-ausgabe-2-1980\/\" \/>\n<meta property=\"og:locale\" content=\"fr_FR\" \/>\n<meta property=\"og:type\" content=\"article\" \/>\n<meta property=\"og:title\" content=\"Organisator Ausgabe 2\/1980 - Organisator\" \/>\n<meta property=\"og:description\" content=\"Erhalte die deutschsprachige Fachzeitschrift \u00aborganisator\u00bb in der Ausgabe 2\/1980 als PDF-Download mit nachfolgendem Inhaltsverzeichnis:\" \/>\n<meta property=\"og:url\" content=\"https:\/\/www.organisator.ch\/fr\/produit\/organisator-ausgabe-2-1980\/\" \/>\n<meta property=\"og:site_name\" content=\"Organisator\" \/>\n<meta property=\"article:publisher\" content=\"https:\/\/www.facebook.com\/OrganisatorFachmagazin\" \/>\n<meta property=\"article:modified_time\" content=\"2022-06-08T08:48:35+00:00\" \/>\n<meta property=\"og:image\" content=\"https:\/\/www.organisator.ch\/wp-content\/uploads\/2022\/06\/organisator_1980_2.png\" \/>\n\t<meta property=\"og:image:width\" content=\"654\" \/>\n\t<meta property=\"og:image:height\" content=\"370\" \/>\n\t<meta property=\"og:image:type\" content=\"image\/png\" \/>\n<meta name=\"twitter:card\" content=\"summary_large_image\" \/>\n<script type=\"application\/ld+json\" class=\"yoast-schema-graph\">{\"@context\":\"https:\\\/\\\/schema.org\",\"@graph\":[{\"@type\":\"WebPage\",\"@id\":\"https:\\\/\\\/www.organisator.ch\\\/de\\\/produkt\\\/organisator-ausgabe-2-1980\\\/\",\"url\":\"https:\\\/\\\/www.organisator.ch\\\/de\\\/produkt\\\/organisator-ausgabe-2-1980\\\/\",\"name\":\"Organisator Ausgabe 2\\\/1980 - Organisator\",\"isPartOf\":{\"@id\":\"https:\\\/\\\/www.organisator.ch\\\/#website\"},\"primaryImageOfPage\":{\"@id\":\"https:\\\/\\\/www.organisator.ch\\\/de\\\/produkt\\\/organisator-ausgabe-2-1980\\\/#primaryimage\"},\"image\":{\"@id\":\"https:\\\/\\\/www.organisator.ch\\\/de\\\/produkt\\\/organisator-ausgabe-2-1980\\\/#primaryimage\"},\"thumbnailUrl\":\"https:\\\/\\\/www.organisator.ch\\\/wp-content\\\/uploads\\\/2022\\\/06\\\/organisator_1980_2.png\",\"datePublished\":\"2022-06-08T08:48:33+00:00\",\"dateModified\":\"2022-06-08T08:48:35+00:00\",\"description\":\"Erhalte die deutschsprachige Fachzeitschrift \u00aborganisator\u00bb in der Ausgabe 2\\\/1980 als PDF-Download mit nachfolgendem Inhaltsverzeichnis:\",\"breadcrumb\":{\"@id\":\"https:\\\/\\\/www.organisator.ch\\\/de\\\/produkt\\\/organisator-ausgabe-2-1980\\\/#breadcrumb\"},\"inLanguage\":\"fr-FR\",\"potentialAction\":[{\"@type\":\"ReadAction\",\"target\":[\"https:\\\/\\\/www.organisator.ch\\\/de\\\/produkt\\\/organisator-ausgabe-2-1980\\\/\"]}]},{\"@type\":\"ImageObject\",\"inLanguage\":\"fr-FR\",\"@id\":\"https:\\\/\\\/www.organisator.ch\\\/de\\\/produkt\\\/organisator-ausgabe-2-1980\\\/#primaryimage\",\"url\":\"https:\\\/\\\/www.organisator.ch\\\/wp-content\\\/uploads\\\/2022\\\/06\\\/organisator_1980_2.png\",\"contentUrl\":\"https:\\\/\\\/www.organisator.ch\\\/wp-content\\\/uploads\\\/2022\\\/06\\\/organisator_1980_2.png\",\"width\":654,\"height\":370},{\"@type\":\"BreadcrumbList\",\"@id\":\"https:\\\/\\\/www.organisator.ch\\\/de\\\/produkt\\\/organisator-ausgabe-2-1980\\\/#breadcrumb\",\"itemListElement\":[{\"@type\":\"ListItem\",\"position\":1,\"name\":\"Home\",\"item\":\"https:\\\/\\\/www.organisator.ch\\\/\"},{\"@type\":\"ListItem\",\"position\":2,\"name\":\"Shop\",\"item\":\"https:\\\/\\\/www.organisator.ch\\\/fr\\\/shop\\\/\"},{\"@type\":\"ListItem\",\"position\":3,\"name\":\"Organisator Ausgabe 2\\\/1980\"}]},{\"@type\":\"WebSite\",\"@id\":\"https:\\\/\\\/www.organisator.ch\\\/#website\",\"url\":\"https:\\\/\\\/www.organisator.ch\\\/\",\"name\":\"Organisator\",\"description\":\"Kompetent. Praxisnah. Der ORGANISATOR bereitet in 10 Ausgaben pro Jahr die wesentlichen Themen f\u00fcr F\u00fchrungskr\u00e4fte von KMU auf.\",\"publisher\":{\"@id\":\"https:\\\/\\\/www.organisator.ch\\\/#organization\"},\"potentialAction\":[{\"@type\":\"SearchAction\",\"target\":{\"@type\":\"EntryPoint\",\"urlTemplate\":\"https:\\\/\\\/www.organisator.ch\\\/?s={search_term_string}\"},\"query-input\":{\"@type\":\"PropertyValueSpecification\",\"valueRequired\":true,\"valueName\":\"search_term_string\"}}],\"inLanguage\":\"fr-FR\"},{\"@type\":\"Organization\",\"@id\":\"https:\\\/\\\/www.organisator.ch\\\/#organization\",\"name\":\"Organisator\",\"url\":\"https:\\\/\\\/www.organisator.ch\\\/\",\"logo\":{\"@type\":\"ImageObject\",\"inLanguage\":\"fr-FR\",\"@id\":\"https:\\\/\\\/www.organisator.ch\\\/#\\\/schema\\\/logo\\\/image\\\/\",\"url\":\"https:\\\/\\\/www.organisator.ch\\\/wp-content\\\/uploads\\\/2022\\\/01\\\/Logo_Organisator_Website.png\",\"contentUrl\":\"https:\\\/\\\/www.organisator.ch\\\/wp-content\\\/uploads\\\/2022\\\/01\\\/Logo_Organisator_Website.png\",\"width\":800,\"height\":77,\"caption\":\"Organisator\"},\"image\":{\"@id\":\"https:\\\/\\\/www.organisator.ch\\\/#\\\/schema\\\/logo\\\/image\\\/\"},\"sameAs\":[\"https:\\\/\\\/www.facebook.com\\\/OrganisatorFachmagazin\",\"https:\\\/\\\/www.linkedin.com\\\/showcase\\\/organisator-das-magazin-fr-kmu\",\"https:\\\/\\\/www.xing.com\\\/news\\\/pages\\\/organisator-ch-695\",\"https:\\\/\\\/www.youtube.com\\\/channel\\\/UCGP2Sq0iWaZwT3BdIAQFYpw\"]}]}<\/script>\n<!-- \/ Yoast SEO plugin. -->","yoast_head_json":{"title":"Organisateur num\u00e9ro 2\/1980 - Organisateur","description":"Re\u00e7oit la revue sp\u00e9cialis\u00e9e en langue allemande \"organisator\" dans le num\u00e9ro 2\/1980 en t\u00e9l\u00e9chargement PDF avec la table des mati\u00e8res ci-dessous :","robots":{"index":"index","follow":"follow","max-snippet":"max-snippet:-1","max-image-preview":"max-image-preview:large","max-video-preview":"max-video-preview:-1"},"canonical":"https:\/\/www.organisator.ch\/fr\/produit\/organisator-ausgabe-2-1980\/","og_locale":"fr_FR","og_type":"article","og_title":"Organisator Ausgabe 2\/1980 - Organisator","og_description":"Erhalte die deutschsprachige Fachzeitschrift \u00aborganisator\u00bb in der Ausgabe 2\/1980 als PDF-Download mit nachfolgendem Inhaltsverzeichnis:","og_url":"https:\/\/www.organisator.ch\/fr\/produit\/organisator-ausgabe-2-1980\/","og_site_name":"Organisator","article_publisher":"https:\/\/www.facebook.com\/OrganisatorFachmagazin","article_modified_time":"2022-06-08T08:48:35+00:00","og_image":[{"width":654,"height":370,"url":"https:\/\/www.organisator.ch\/wp-content\/uploads\/2022\/06\/organisator_1980_2.png","type":"image\/png"}],"twitter_card":"summary_large_image","schema":{"@context":"https:\/\/schema.org","@graph":[{"@type":"WebPage","@id":"https:\/\/www.organisator.ch\/de\/produkt\/organisator-ausgabe-2-1980\/","url":"https:\/\/www.organisator.ch\/de\/produkt\/organisator-ausgabe-2-1980\/","name":"Organisateur num\u00e9ro 2\/1980 - Organisateur","isPartOf":{"@id":"https:\/\/www.organisator.ch\/#website"},"primaryImageOfPage":{"@id":"https:\/\/www.organisator.ch\/de\/produkt\/organisator-ausgabe-2-1980\/#primaryimage"},"image":{"@id":"https:\/\/www.organisator.ch\/de\/produkt\/organisator-ausgabe-2-1980\/#primaryimage"},"thumbnailUrl":"https:\/\/www.organisator.ch\/wp-content\/uploads\/2022\/06\/organisator_1980_2.png","datePublished":"2022-06-08T08:48:33+00:00","dateModified":"2022-06-08T08:48:35+00:00","description":"Re\u00e7oit la revue sp\u00e9cialis\u00e9e en langue allemande \"organisator\" dans le num\u00e9ro 2\/1980 en t\u00e9l\u00e9chargement PDF avec la table des mati\u00e8res ci-dessous :","breadcrumb":{"@id":"https:\/\/www.organisator.ch\/de\/produkt\/organisator-ausgabe-2-1980\/#breadcrumb"},"inLanguage":"fr-FR","potentialAction":[{"@type":"ReadAction","target":["https:\/\/www.organisator.ch\/de\/produkt\/organisator-ausgabe-2-1980\/"]}]},{"@type":"ImageObject","inLanguage":"fr-FR","@id":"https:\/\/www.organisator.ch\/de\/produkt\/organisator-ausgabe-2-1980\/#primaryimage","url":"https:\/\/www.organisator.ch\/wp-content\/uploads\/2022\/06\/organisator_1980_2.png","contentUrl":"https:\/\/www.organisator.ch\/wp-content\/uploads\/2022\/06\/organisator_1980_2.png","width":654,"height":370},{"@type":"BreadcrumbList","@id":"https:\/\/www.organisator.ch\/de\/produkt\/organisator-ausgabe-2-1980\/#breadcrumb","itemListElement":[{"@type":"ListItem","position":1,"name":"Home","item":"https:\/\/www.organisator.ch\/"},{"@type":"ListItem","position":2,"name":"Shop","item":"https:\/\/www.organisator.ch\/fr\/shop\/"},{"@type":"ListItem","position":3,"name":"Organisator Ausgabe 2\/1980"}]},{"@type":"WebSite","@id":"https:\/\/www.organisator.ch\/#website","url":"https:\/\/www.organisator.ch\/","name":"Organisateur","description":"Comp\u00e9tence et comp\u00e9tence. Proches de la pratique. L'ORGANISATEUR pr\u00e9pare 10 num\u00e9ros par an sur les th\u00e8mes essentiels pour les dirigeants de PME.","publisher":{"@id":"https:\/\/www.organisator.ch\/#organization"},"potentialAction":[{"@type":"SearchAction","target":{"@type":"EntryPoint","urlTemplate":"https:\/\/www.organisator.ch\/?s={search_term_string}"},"query-input":{"@type":"PropertyValueSpecification","valueRequired":true,"valueName":"search_term_string"}}],"inLanguage":"fr-FR"},{"@type":"Organization","@id":"https:\/\/www.organisator.ch\/#organization","name":"Organisateur","url":"https:\/\/www.organisator.ch\/","logo":{"@type":"ImageObject","inLanguage":"fr-FR","@id":"https:\/\/www.organisator.ch\/#\/schema\/logo\/image\/","url":"https:\/\/www.organisator.ch\/wp-content\/uploads\/2022\/01\/Logo_Organisator_Website.png","contentUrl":"https:\/\/www.organisator.ch\/wp-content\/uploads\/2022\/01\/Logo_Organisator_Website.png","width":800,"height":77,"caption":"Organisator"},"image":{"@id":"https:\/\/www.organisator.ch\/#\/schema\/logo\/image\/"},"sameAs":["https:\/\/www.facebook.com\/OrganisatorFachmagazin","https:\/\/www.linkedin.com\/showcase\/organisator-das-magazin-fr-kmu","https:\/\/www.xing.com\/news\/pages\/organisator-ch-695","https:\/\/www.youtube.com\/channel\/UCGP2Sq0iWaZwT3BdIAQFYpw"]}]}},"_links":{"self":[{"href":"https:\/\/www.organisator.ch\/fr\/wp-json\/wp\/v2\/product\/13897","targetHints":{"allow":["GET"]}}],"collection":[{"href":"https:\/\/www.organisator.ch\/fr\/wp-json\/wp\/v2\/product"}],"about":[{"href":"https:\/\/www.organisator.ch\/fr\/wp-json\/wp\/v2\/types\/product"}],"wp:featuredmedia":[{"embeddable":true,"href":"https:\/\/www.organisator.ch\/fr\/wp-json\/wp\/v2\/media\/13899"}],"wp:attachment":[{"href":"https:\/\/www.organisator.ch\/fr\/wp-json\/wp\/v2\/media?parent=13897"}],"wp:term":[{"taxonomy":"product_brand","embeddable":true,"href":"https:\/\/www.organisator.ch\/fr\/wp-json\/wp\/v2\/product_brand?post=13897"},{"taxonomy":"product_cat","embeddable":true,"href":"https:\/\/www.organisator.ch\/fr\/wp-json\/wp\/v2\/product_cat?post=13897"},{"taxonomy":"product_tag","embeddable":true,"href":"https:\/\/www.organisator.ch\/fr\/wp-json\/wp\/v2\/product_tag?post=13897"}],"curies":[{"name":"wp","href":"https:\/\/api.w.org\/{rel}","templated":true}]}}