{"id":42,"date":"2021-05-06T15:32:49","date_gmt":"2021-05-06T13:32:49","guid":{"rendered":"https:\/\/www.organisator.ch\/?page_id=42"},"modified":"2021-11-09T09:55:35","modified_gmt":"2021-11-09T08:55:35","slug":"domande-frequenti","status":"publish","type":"page","link":"https:\/\/www.organisator.ch\/it\/haeufige-fragen\/","title":{"rendered":"Domande frequenti"},"content":{"rendered":"<h1>Conto utente<\/h1>\n<h3>Come faccio a creare un account utente?<\/h3>\n<p>Un account utente personale sar\u00e0 creato dopo il successo <a href=\"\/registrieren\/\">Registrazione<\/a> creato.<\/p>\n<h3>Ho dimenticato la mia password<\/h3>\n<p>Alla voce Password dimenticata \u00e8 possibile <a href=\"\/passwort-reset\/\">richiedere una nuova password<\/a>.<\/p>\n<h3>Ho dimenticato il mio indirizzo e-mail per la registrazione e non posso pi\u00f9 accedere.<\/h3>\n<p>Il tuo indirizzo email \u00e8 richiesto per la registrazione. Se avete dimenticato l'indirizzo e-mail con cui vi siete registrati, contattate il nostro <a href=\"\/kontakt\/\">Servizio lettori<\/a>.<\/p>\n<h3>Posso cambiare il mio indirizzo e-mail?<\/h3>\n<p>Puoi cambiare il tuo indirizzo email nel tuo account utente. In alternativa, puoi anche inviare la modifica al nostro <a href=\"\/kontakt\/\">Servizio lettori<\/a> condividere.<\/p>\n<h3>Come posso cancellare il mio account utente?<\/h3>\n<p>Per ragioni di sicurezza, puoi cancellare il tuo account utente solo via e-mail. Per farlo, contattate il nostro <a href=\"\/kontakt\/\">Servizio lettori<\/a>.<\/p>\n<p>&nbsp;<\/p>\n<h1>Abbonamenti<\/h1>\n<h3>Quali abbonamenti sono disponibili?<\/h3>\n<p>Puoi scegliere tra tre diversi abbonamenti: <strong>Digitale; <\/strong>Con l'abbonamento digitale si ha accesso illimitato a tutti i contenuti del sito di notizie. Puoi trovare maggiori informazioni sugli abbonamenti digitali <a href=\"\/produkt-kategorie\/online-abos\/\">qui<\/a>. <strong>Stampa; <\/strong>Con l'abbonamento cartaceo, il periodico viene consegnato nella vostra cassetta delle lettere in forma stampata. Puoi trovare maggiori informazioni sugli abbonamenti alla stampa <a href=\"\/produkt-kategorie\/print-abos\/\">qui<\/a>. <strong>Combi (stampa e digitale); <\/strong>Con l'abbonamento combinato si ottiene l'accesso a tutti gli articoli della pagina delle notizie. Inoltre, la rivista periodica viene consegnata nella vostra cassetta delle lettere in forma stampata. Potete trovare maggiori informazioni sull'abbonamento combinato <a href=\"\/produkt-kategorie\/kombi-abos\/\">qui<\/a>.<\/p>\n<h3>Posso passare da un abbonamento alla rivista stampata a un abbonamento digitale?<\/h3>\n<p>Puoi passare dal tuo abbonamento cartaceo a un abbonamento digitale in qualsiasi momento. Se hai gi\u00e0 pagato l'abbonamento alla stampa, il credito rimanente sar\u00e0 aggiunto al tuo nuovo abbonamento. Per fare la conversione, contattate il nostro <a href=\"\/kontakt\/\">Servizio lettori<\/a>.<\/p>\n<h3>Posso passare da un abbonamento digitale a un abbonamento all'edizione stampata?<\/h3>\n<p>S\u00ec, puoi convertire il tuo abbonamento in qualsiasi momento. Se hai gi\u00e0 pagato l'abbonamento digitale, il credito rimanente sar\u00e0 aggiunto al tuo nuovo abbonamento. Per fare la conversione, contattate il nostro <a href=\"\/kontakt\/\">Servizio lettori<\/a>.<\/p>\n<h3>Quali abbonamenti regalo vengono offerti?<\/h3>\n<p>Regala un abbonamento per un compleanno o per Natale, per esempio. Seleziona il prodotto desiderato e scrivi sotto \"Osservazioni\" che si tratta di un \"abbonamento regalo\" e dacci l'indirizzo del destinatario. Quando fai un abbonamento regalo, la corrispondenza sar\u00e0 esclusivamente con te, in modo che rimanga una sorpresa per il destinatario.<\/p>\n<h3>Come posso cancellare il mio abbonamento?<\/h3>\n<p>Puoi cancellare il tuo abbonamento in qualsiasi momento alla fine del periodo pagato. Affinch\u00e9 possiamo elaborare la sua cancellazione in tempo utile, deve essere ricevuta presso il nostro ufficio almeno 5 giorni prima della fine del termine. <a href=\"\/kontakt\/\">Servizio lettori<\/a> arrivare. Se non desiderate pi\u00f9 ricevere la rivista o il sito di notizie d'ora in poi, potete inviarlo a una persona di vostra scelta fino alla scadenza dell'abbonamento. La cancellazione anticipata dell'abbonamento o il ritiro del saldo residuo non \u00e8 possibile.<\/p>\n<h3>Come posso leggere un campione della rivista?<\/h3>\n<p>Scegliete semplicemente l'abbonamento di prova non vincolante di vostra scelta:<\/p>\n<ul>\n<li><a href=\"\/produkt\/3-monats-abonnement-online\/\">Abbonamento digitale - 3 mesi per 18 franchi<\/a><\/li>\n<li><a href=\"\/produkt\/probe-abonnement-print\/\">Abbonamento alla stampa - 3 mesi per CHF 20<\/a><\/li>\n<\/ul>\n<p>&nbsp;<\/p>\n<h1>Fattura e pagamento<\/h1>\n<h3>Quali opzioni di pagamento ho?<\/h3>\n<p>Puoi pagare comodamente il tuo abbonamento con carta di credito (American Express, Visa e Mastercard).<\/p>\n<h3>Pagamento con carta di credito<\/h3>\n<p>Puoi pagare il tuo conto comodamente con la tua carta di credito. Il tuo abbonamento sar\u00e0 addebitato con questo metodo di pagamento <strong>non<\/strong> rinnovato automaticamente. L'avviso di addebito le viene inviato prima dell'addebito esclusivamente per e-mail.<\/p>\n<p>&nbsp;<\/p>\n<h1>Newsletter<\/h1>\n<h3>C'\u00e8 un bollettino periodico dell'\"ORGANIZZATORE\"?<\/h3>\n<p>S\u00ec. Una newsletter settimanale con argomenti rilevanti viene inviata agli iscritti alla newsletter. Per il <a href=\"\/newsletter\/\">Iscrizione alla newsletter<\/a> per favore clicca <a href=\"\/newsletter\/\">qui<\/a>.<\/p>","protected":false},"excerpt":{"rendered":"<p>Benutzerkonto Wie erstelle ich ein Benutzerkonto? Ein pers\u00f6nliches Benutzerkonto wird nach erfolgreicher Registration erstellt. Ich habe mein Passwort vergessen Unter Passwort vergessen k\u00f6nnen Sie ein neues Passwort anfordern. Ich habe meine E-Mail-Adresse f\u00fcr die Anmeldung vergessen und kann mich nicht mehr anmelden. Ihre E-Mail-Adresse wird f\u00fcr die Anmeldung ben\u00f6tigt. Haben Sie Ihre E-Mail-Adresse vergessen mit [&hellip;]<\/p>\n","protected":false},"author":1,"featured_media":0,"parent":0,"menu_order":0,"comment_status":"closed","ping_status":"closed","template":"","meta":{"_acf_changed":false,"articlekey":"","footnotes":""},"class_list":["post-42","page","type-page","status-publish","hentry"],"acf":[],"yoast_head":"<!-- This site is optimized with the Yoast SEO plugin v27.4 - https:\/\/yoast.com\/product\/yoast-seo-wordpress\/ -->\n<title>H\u00e4ufige Fragen - Organisator<\/title>\n<meta name=\"robots\" content=\"index, follow, max-snippet:-1, max-image-preview:large, max-video-preview:-1\" \/>\n<link rel=\"canonical\" href=\"https:\/\/www.organisator.ch\/it\/domande-frequenti\/\" \/>\n<meta property=\"og:locale\" content=\"it_IT\" \/>\n<meta property=\"og:type\" content=\"article\" \/>\n<meta property=\"og:title\" content=\"H\u00e4ufige Fragen - Organisator\" \/>\n<meta property=\"og:description\" content=\"Benutzerkonto Wie erstelle ich ein Benutzerkonto? Ein pers\u00f6nliches Benutzerkonto wird nach erfolgreicher Registration erstellt. Ich habe mein Passwort vergessen Unter Passwort vergessen k\u00f6nnen Sie ein neues Passwort anfordern. Ich habe meine E-Mail-Adresse f\u00fcr die Anmeldung vergessen und kann mich nicht mehr anmelden. Ihre E-Mail-Adresse wird f\u00fcr die Anmeldung ben\u00f6tigt. Haben Sie Ihre E-Mail-Adresse vergessen mit [&hellip;]\" \/>\n<meta property=\"og:url\" content=\"https:\/\/www.organisator.ch\/it\/domande-frequenti\/\" \/>\n<meta property=\"og:site_name\" content=\"Organisator\" \/>\n<meta property=\"article:publisher\" content=\"https:\/\/www.facebook.com\/OrganisatorFachmagazin\" \/>\n<meta property=\"article:modified_time\" content=\"2021-11-09T08:55:35+00:00\" \/>\n<meta name=\"twitter:card\" content=\"summary_large_image\" \/>\n<script type=\"application\/ld+json\" class=\"yoast-schema-graph\">{\"@context\":\"https:\\\/\\\/schema.org\",\"@graph\":[{\"@type\":\"WebPage\",\"@id\":\"https:\\\/\\\/www.organisator.ch\\\/it\\\/domande-frequenti\\\/\",\"url\":\"https:\\\/\\\/www.organisator.ch\\\/it\\\/domande-frequenti\\\/\",\"name\":\"H\u00e4ufige Fragen - Organisator\",\"isPartOf\":{\"@id\":\"https:\\\/\\\/www.organisator.ch\\\/#website\"},\"datePublished\":\"2021-05-06T13:32:49+00:00\",\"dateModified\":\"2021-11-09T08:55:35+00:00\",\"breadcrumb\":{\"@id\":\"https:\\\/\\\/www.organisator.ch\\\/it\\\/domande-frequenti\\\/#breadcrumb\"},\"inLanguage\":\"it-IT\",\"potentialAction\":[{\"@type\":\"ReadAction\",\"target\":[\"https:\\\/\\\/www.organisator.ch\\\/it\\\/domande-frequenti\\\/\"]}]},{\"@type\":\"BreadcrumbList\",\"@id\":\"https:\\\/\\\/www.organisator.ch\\\/it\\\/domande-frequenti\\\/#breadcrumb\",\"itemListElement\":[{\"@type\":\"ListItem\",\"position\":1,\"name\":\"Home\",\"item\":\"https:\\\/\\\/www.organisator.ch\\\/\"},{\"@type\":\"ListItem\",\"position\":2,\"name\":\"H\u00e4ufige Fragen\"}]},{\"@type\":\"WebSite\",\"@id\":\"https:\\\/\\\/www.organisator.ch\\\/#website\",\"url\":\"https:\\\/\\\/www.organisator.ch\\\/\",\"name\":\"Organisator\",\"description\":\"Kompetent. Praxisnah. Der ORGANISATOR bereitet in 10 Ausgaben pro Jahr die wesentlichen Themen f\u00fcr F\u00fchrungskr\u00e4fte von KMU auf.\",\"publisher\":{\"@id\":\"https:\\\/\\\/www.organisator.ch\\\/#organization\"},\"potentialAction\":[{\"@type\":\"SearchAction\",\"target\":{\"@type\":\"EntryPoint\",\"urlTemplate\":\"https:\\\/\\\/www.organisator.ch\\\/?s={search_term_string}\"},\"query-input\":{\"@type\":\"PropertyValueSpecification\",\"valueRequired\":true,\"valueName\":\"search_term_string\"}}],\"inLanguage\":\"it-IT\"},{\"@type\":\"Organization\",\"@id\":\"https:\\\/\\\/www.organisator.ch\\\/#organization\",\"name\":\"Organisator\",\"url\":\"https:\\\/\\\/www.organisator.ch\\\/\",\"logo\":{\"@type\":\"ImageObject\",\"inLanguage\":\"it-IT\",\"@id\":\"https:\\\/\\\/www.organisator.ch\\\/#\\\/schema\\\/logo\\\/image\\\/\",\"url\":\"https:\\\/\\\/www.organisator.ch\\\/wp-content\\\/uploads\\\/2022\\\/01\\\/Logo_Organisator_Website.png\",\"contentUrl\":\"https:\\\/\\\/www.organisator.ch\\\/wp-content\\\/uploads\\\/2022\\\/01\\\/Logo_Organisator_Website.png\",\"width\":800,\"height\":77,\"caption\":\"Organisator\"},\"image\":{\"@id\":\"https:\\\/\\\/www.organisator.ch\\\/#\\\/schema\\\/logo\\\/image\\\/\"},\"sameAs\":[\"https:\\\/\\\/www.facebook.com\\\/OrganisatorFachmagazin\",\"https:\\\/\\\/www.linkedin.com\\\/showcase\\\/organisator-das-magazin-fr-kmu\",\"https:\\\/\\\/www.xing.com\\\/news\\\/pages\\\/organisator-ch-695\",\"https:\\\/\\\/www.youtube.com\\\/channel\\\/UCGP2Sq0iWaZwT3BdIAQFYpw\"]}]}<\/script>\n<!-- \/ Yoast SEO plugin. -->","yoast_head_json":{"title":"Domande frequenti - Organizzatore","robots":{"index":"index","follow":"follow","max-snippet":"max-snippet:-1","max-image-preview":"max-image-preview:large","max-video-preview":"max-video-preview:-1"},"canonical":"https:\/\/www.organisator.ch\/it\/domande-frequenti\/","og_locale":"it_IT","og_type":"article","og_title":"H\u00e4ufige Fragen - Organisator","og_description":"Benutzerkonto Wie erstelle ich ein Benutzerkonto? Ein pers\u00f6nliches Benutzerkonto wird nach erfolgreicher Registration erstellt. Ich habe mein Passwort vergessen Unter Passwort vergessen k\u00f6nnen Sie ein neues Passwort anfordern. Ich habe meine E-Mail-Adresse f\u00fcr die Anmeldung vergessen und kann mich nicht mehr anmelden. Ihre E-Mail-Adresse wird f\u00fcr die Anmeldung ben\u00f6tigt. Haben Sie Ihre E-Mail-Adresse vergessen mit [&hellip;]","og_url":"https:\/\/www.organisator.ch\/it\/domande-frequenti\/","og_site_name":"Organisator","article_publisher":"https:\/\/www.facebook.com\/OrganisatorFachmagazin","article_modified_time":"2021-11-09T08:55:35+00:00","twitter_card":"summary_large_image","schema":{"@context":"https:\/\/schema.org","@graph":[{"@type":"WebPage","@id":"https:\/\/www.organisator.ch\/it\/domande-frequenti\/","url":"https:\/\/www.organisator.ch\/it\/domande-frequenti\/","name":"Domande frequenti - Organizzatore","isPartOf":{"@id":"https:\/\/www.organisator.ch\/#website"},"datePublished":"2021-05-06T13:32:49+00:00","dateModified":"2021-11-09T08:55:35+00:00","breadcrumb":{"@id":"https:\/\/www.organisator.ch\/it\/domande-frequenti\/#breadcrumb"},"inLanguage":"it-IT","potentialAction":[{"@type":"ReadAction","target":["https:\/\/www.organisator.ch\/it\/domande-frequenti\/"]}]},{"@type":"BreadcrumbList","@id":"https:\/\/www.organisator.ch\/it\/domande-frequenti\/#breadcrumb","itemListElement":[{"@type":"ListItem","position":1,"name":"Home","item":"https:\/\/www.organisator.ch\/"},{"@type":"ListItem","position":2,"name":"H\u00e4ufige Fragen"}]},{"@type":"WebSite","@id":"https:\/\/www.organisator.ch\/#website","url":"https:\/\/www.organisator.ch\/","name":"Organizzatore","description":"Competente. Pratico. In 10 numeri all'anno, ORGANISATOR presenta i temi essenziali per i manager delle PMI.","publisher":{"@id":"https:\/\/www.organisator.ch\/#organization"},"potentialAction":[{"@type":"SearchAction","target":{"@type":"EntryPoint","urlTemplate":"https:\/\/www.organisator.ch\/?s={search_term_string}"},"query-input":{"@type":"PropertyValueSpecification","valueRequired":true,"valueName":"search_term_string"}}],"inLanguage":"it-IT"},{"@type":"Organization","@id":"https:\/\/www.organisator.ch\/#organization","name":"Organizzatore","url":"https:\/\/www.organisator.ch\/","logo":{"@type":"ImageObject","inLanguage":"it-IT","@id":"https:\/\/www.organisator.ch\/#\/schema\/logo\/image\/","url":"https:\/\/www.organisator.ch\/wp-content\/uploads\/2022\/01\/Logo_Organisator_Website.png","contentUrl":"https:\/\/www.organisator.ch\/wp-content\/uploads\/2022\/01\/Logo_Organisator_Website.png","width":800,"height":77,"caption":"Organisator"},"image":{"@id":"https:\/\/www.organisator.ch\/#\/schema\/logo\/image\/"},"sameAs":["https:\/\/www.facebook.com\/OrganisatorFachmagazin","https:\/\/www.linkedin.com\/showcase\/organisator-das-magazin-fr-kmu","https:\/\/www.xing.com\/news\/pages\/organisator-ch-695","https:\/\/www.youtube.com\/channel\/UCGP2Sq0iWaZwT3BdIAQFYpw"]}]}},"_links":{"self":[{"href":"https:\/\/www.organisator.ch\/it\/wp-json\/wp\/v2\/pages\/42","targetHints":{"allow":["GET"]}}],"collection":[{"href":"https:\/\/www.organisator.ch\/it\/wp-json\/wp\/v2\/pages"}],"about":[{"href":"https:\/\/www.organisator.ch\/it\/wp-json\/wp\/v2\/types\/page"}],"author":[{"embeddable":true,"href":"https:\/\/www.organisator.ch\/it\/wp-json\/wp\/v2\/users\/1"}],"replies":[{"embeddable":true,"href":"https:\/\/www.organisator.ch\/it\/wp-json\/wp\/v2\/comments?post=42"}],"version-history":[{"count":4,"href":"https:\/\/www.organisator.ch\/it\/wp-json\/wp\/v2\/pages\/42\/revisions"}],"predecessor-version":[{"id":9205,"href":"https:\/\/www.organisator.ch\/it\/wp-json\/wp\/v2\/pages\/42\/revisions\/9205"}],"wp:attachment":[{"href":"https:\/\/www.organisator.ch\/it\/wp-json\/wp\/v2\/media?parent=42"}],"curies":[{"name":"wp","href":"https:\/\/api.w.org\/{rel}","templated":true}]}}