{"id":50,"date":"2021-05-06T15:33:39","date_gmt":"2021-05-06T13:33:39","guid":{"rendered":"https:\/\/www.organisator.ch\/?page_id=50"},"modified":"2023-10-23T14:55:29","modified_gmt":"2023-10-23T12:55:29","slug":"su-di-noi","status":"publish","type":"page","link":"https:\/\/www.organisator.ch\/it\/ueber-uns\/","title":{"rendered":"Chi siamo"},"content":{"rendered":"<h1>Ritratto<\/h1>\n<p>&nbsp;<\/p>\n<p><strong>Breve descrizione<br \/>\n<\/strong>Competente. Orientato alla pratica e vicino alla scena. In sei numeri all'anno, ORGANISATOR presenta i temi essenziali per gli amministratori e i dirigenti delle PMI. Il team editoriale si concentra ugualmente sull'ampiezza e la profondit\u00e0 e presenta contenuti orientati alla pratica nelle aree di management, marketing, risorse umane, eccellenza operativa e sostenibilit\u00e0. La storia di copertina si concentra sulle persone nelle PMI e d\u00e0 uno sguardo dietro le quinte di aziende interessanti.<\/p>\n<p><strong>Qualit\u00e0 editoriale<br \/>\n<\/strong>Grazie alla sua redazione competente, ORGANISATOR gode di un alto livello di accettazione e credibilit\u00e0 tra i lettori. Attraverso la fornitura interdisciplinare di informazioni ad alto livello, ORGANISATOR si \u00e8 chiaramente posizionato al top del mercato.<\/p>\n<h1><strong>Consulenza per i media<\/strong><\/h1>\n<p><strong>ORGANIZZATORE \/ organiser.ch<br \/>\n<\/strong><\/p>\n<p>Ornella Assalve, <a href=\"mailto:ornella.assalve@fachmedien.ch\">ornella.assalve@fachmedien.ch<\/a>, T +41 58 344 97 69<\/p>\n<h1><strong>Editoriale<\/strong><\/h1>\n<p><strong>Caporedattore<\/strong><br \/>\nThomas Berner, <a href=\"mailto:thomas.berner@galledia.ch\">thomas.berner@galledia.ch<\/a>, T +41 58 344 97 37<\/p>\n<p><strong>Responsabile della pubblicazione<br \/>\n<\/strong>Stefan Zimmermann, <a href=\"mailto:stefan.zimmermann@galledia.ch\">stefan.zimmermann@galledia.ch<\/a>, T +41 58 344 96 22<\/p>\n<p><!--StartFragment --><\/p>\n<h1><strong>Servizio lettori<\/strong><\/h1>\n<p><a href=\"mailto:abo.organisator@galledia.ch\"> abo.organisator@galledia.ch<\/a>, T +41 58 344 95 64<\/p>\n<p>Galledia Fachmedien AG<br \/>\nOrganizzatore di servizi per lettori<br \/>\nBurgauerstrasse 50<br \/>\n9230 Flawil<\/p>\n<h1><span class=\"s1\"><b><strong>Indirizzo di contatto:<\/strong><\/b><\/span><\/h1>\n<p><span class=\"s1\">Galledia Fachmedien AG<br \/>\n<\/span><span class=\"s1\">Organizzatore<br \/>\n<\/span><span class=\"s1\">Baslerstrasse 60<br \/>\n8048 Zurigo<br \/>\n<\/span><span class=\"s1\">Svizzera<\/span><\/p>\n<h1><strong>Protezione dei dati:<\/strong><\/h1>\n<p>E-mail: <a href=\"mailto:datenschutz@galledia.ch\">datenschutz@galledia.ch<\/a><br \/>\nTelefono: +41 58 344 98 98<br \/>\nPersona autorizzata a rappresentare la societ\u00e0: Stefan Zimmermann<\/p>\n<p>&nbsp;<\/p>\n<p><strong>Iscrizione nel registro commerciale:<br \/>\n<\/strong>Nome della societ\u00e0 registrata: Galledia Fachmedien AG<br \/>\nNumero di identificazione dell'azienda (UID): CHE-106.831.075<br \/>\nUfficio del registro commerciale: San Gallo<br \/>\nNumero di partita IVA<br \/>\nCHE-106.831.075 IVA<\/p>","protected":false},"excerpt":{"rendered":"<p>Portrait &nbsp; Kurzcharakteristik Kompetent. Praxisorientiert und szenennah. Der ORGANISATOR bereitet in sechs Ausgaben pro Jahr die wesentlichen Themen f\u00fcr Gesch\u00e4ftsf\u00fchrer und F\u00fchrungskr\u00e4fte von KMU auf. Die Redaktion setzt gleichermassen auf Breite und Tiefe und pr\u00e4sentiert praxis orientierten Inhalt in den Bereichen Management, Marketing, Human Resources, Operational Excellence und Sustainability. Die Titelgeschichte befasst sich mit Menschen [&hellip;]<\/p>\n","protected":false},"author":1,"featured_media":0,"parent":0,"menu_order":0,"comment_status":"closed","ping_status":"closed","template":"","meta":{"_acf_changed":false,"articlekey":"","footnotes":""},"class_list":["post-50","page","type-page","status-publish","hentry"],"acf":[],"yoast_head":"<!-- This site is optimized with the Yoast SEO plugin v27.4 - https:\/\/yoast.com\/product\/yoast-seo-wordpress\/ -->\n<title>\u00dcber uns - Organisator<\/title>\n<meta name=\"robots\" content=\"index, follow, max-snippet:-1, max-image-preview:large, max-video-preview:-1\" \/>\n<link rel=\"canonical\" href=\"https:\/\/www.organisator.ch\/it\/su-di-noi\/\" \/>\n<meta property=\"og:locale\" content=\"it_IT\" \/>\n<meta property=\"og:type\" content=\"article\" \/>\n<meta property=\"og:title\" content=\"\u00dcber uns - Organisator\" \/>\n<meta property=\"og:description\" content=\"Portrait &nbsp; Kurzcharakteristik Kompetent. Praxisorientiert und szenennah. Der ORGANISATOR bereitet in sechs Ausgaben pro Jahr die wesentlichen Themen f\u00fcr Gesch\u00e4ftsf\u00fchrer und F\u00fchrungskr\u00e4fte von KMU auf. Die Redaktion setzt gleichermassen auf Breite und Tiefe und pr\u00e4sentiert praxis orientierten Inhalt in den Bereichen Management, Marketing, Human Resources, Operational Excellence und Sustainability. Die Titelgeschichte befasst sich mit Menschen [&hellip;]\" \/>\n<meta property=\"og:url\" content=\"https:\/\/www.organisator.ch\/it\/su-di-noi\/\" \/>\n<meta property=\"og:site_name\" content=\"Organisator\" \/>\n<meta property=\"article:publisher\" content=\"https:\/\/www.facebook.com\/OrganisatorFachmagazin\" \/>\n<meta property=\"article:modified_time\" content=\"2023-10-23T12:55:29+00:00\" \/>\n<meta name=\"twitter:card\" content=\"summary_large_image\" \/>\n<script type=\"application\/ld+json\" class=\"yoast-schema-graph\">{\"@context\":\"https:\\\/\\\/schema.org\",\"@graph\":[{\"@type\":\"WebPage\",\"@id\":\"https:\\\/\\\/www.organisator.ch\\\/ueber-uns\\\/\",\"url\":\"https:\\\/\\\/www.organisator.ch\\\/ueber-uns\\\/\",\"name\":\"\u00dcber uns - Organisator\",\"isPartOf\":{\"@id\":\"https:\\\/\\\/www.organisator.ch\\\/#website\"},\"datePublished\":\"2021-05-06T13:33:39+00:00\",\"dateModified\":\"2023-10-23T12:55:29+00:00\",\"breadcrumb\":{\"@id\":\"https:\\\/\\\/www.organisator.ch\\\/ueber-uns\\\/#breadcrumb\"},\"inLanguage\":\"it-IT\",\"potentialAction\":[{\"@type\":\"ReadAction\",\"target\":[\"https:\\\/\\\/www.organisator.ch\\\/ueber-uns\\\/\"]}]},{\"@type\":\"BreadcrumbList\",\"@id\":\"https:\\\/\\\/www.organisator.ch\\\/ueber-uns\\\/#breadcrumb\",\"itemListElement\":[{\"@type\":\"ListItem\",\"position\":1,\"name\":\"Home\",\"item\":\"https:\\\/\\\/www.organisator.ch\\\/\"},{\"@type\":\"ListItem\",\"position\":2,\"name\":\"\u00dcber uns\"}]},{\"@type\":\"WebSite\",\"@id\":\"https:\\\/\\\/www.organisator.ch\\\/#website\",\"url\":\"https:\\\/\\\/www.organisator.ch\\\/\",\"name\":\"Organisator\",\"description\":\"Kompetent. Praxisnah. Der ORGANISATOR bereitet in 10 Ausgaben pro Jahr die wesentlichen Themen f\u00fcr F\u00fchrungskr\u00e4fte von KMU auf.\",\"publisher\":{\"@id\":\"https:\\\/\\\/www.organisator.ch\\\/#organization\"},\"potentialAction\":[{\"@type\":\"SearchAction\",\"target\":{\"@type\":\"EntryPoint\",\"urlTemplate\":\"https:\\\/\\\/www.organisator.ch\\\/?s={search_term_string}\"},\"query-input\":{\"@type\":\"PropertyValueSpecification\",\"valueRequired\":true,\"valueName\":\"search_term_string\"}}],\"inLanguage\":\"it-IT\"},{\"@type\":\"Organization\",\"@id\":\"https:\\\/\\\/www.organisator.ch\\\/#organization\",\"name\":\"Organisator\",\"url\":\"https:\\\/\\\/www.organisator.ch\\\/\",\"logo\":{\"@type\":\"ImageObject\",\"inLanguage\":\"it-IT\",\"@id\":\"https:\\\/\\\/www.organisator.ch\\\/#\\\/schema\\\/logo\\\/image\\\/\",\"url\":\"https:\\\/\\\/www.organisator.ch\\\/wp-content\\\/uploads\\\/2022\\\/01\\\/Logo_Organisator_Website.png\",\"contentUrl\":\"https:\\\/\\\/www.organisator.ch\\\/wp-content\\\/uploads\\\/2022\\\/01\\\/Logo_Organisator_Website.png\",\"width\":800,\"height\":77,\"caption\":\"Organisator\"},\"image\":{\"@id\":\"https:\\\/\\\/www.organisator.ch\\\/#\\\/schema\\\/logo\\\/image\\\/\"},\"sameAs\":[\"https:\\\/\\\/www.facebook.com\\\/OrganisatorFachmagazin\",\"https:\\\/\\\/www.linkedin.com\\\/showcase\\\/organisator-das-magazin-fr-kmu\",\"https:\\\/\\\/www.xing.com\\\/news\\\/pages\\\/organisator-ch-695\",\"https:\\\/\\\/www.youtube.com\\\/channel\\\/UCGP2Sq0iWaZwT3BdIAQFYpw\"]}]}<\/script>\n<!-- \/ Yoast SEO plugin. -->","yoast_head_json":{"title":"Chi siamo - Organizzatore","robots":{"index":"index","follow":"follow","max-snippet":"max-snippet:-1","max-image-preview":"max-image-preview:large","max-video-preview":"max-video-preview:-1"},"canonical":"https:\/\/www.organisator.ch\/it\/su-di-noi\/","og_locale":"it_IT","og_type":"article","og_title":"\u00dcber uns - Organisator","og_description":"Portrait &nbsp; Kurzcharakteristik Kompetent. Praxisorientiert und szenennah. Der ORGANISATOR bereitet in sechs Ausgaben pro Jahr die wesentlichen Themen f\u00fcr Gesch\u00e4ftsf\u00fchrer und F\u00fchrungskr\u00e4fte von KMU auf. Die Redaktion setzt gleichermassen auf Breite und Tiefe und pr\u00e4sentiert praxis orientierten Inhalt in den Bereichen Management, Marketing, Human Resources, Operational Excellence und Sustainability. Die Titelgeschichte befasst sich mit Menschen [&hellip;]","og_url":"https:\/\/www.organisator.ch\/it\/su-di-noi\/","og_site_name":"Organisator","article_publisher":"https:\/\/www.facebook.com\/OrganisatorFachmagazin","article_modified_time":"2023-10-23T12:55:29+00:00","twitter_card":"summary_large_image","schema":{"@context":"https:\/\/schema.org","@graph":[{"@type":"WebPage","@id":"https:\/\/www.organisator.ch\/ueber-uns\/","url":"https:\/\/www.organisator.ch\/ueber-uns\/","name":"Chi siamo - Organizzatore","isPartOf":{"@id":"https:\/\/www.organisator.ch\/#website"},"datePublished":"2021-05-06T13:33:39+00:00","dateModified":"2023-10-23T12:55:29+00:00","breadcrumb":{"@id":"https:\/\/www.organisator.ch\/ueber-uns\/#breadcrumb"},"inLanguage":"it-IT","potentialAction":[{"@type":"ReadAction","target":["https:\/\/www.organisator.ch\/ueber-uns\/"]}]},{"@type":"BreadcrumbList","@id":"https:\/\/www.organisator.ch\/ueber-uns\/#breadcrumb","itemListElement":[{"@type":"ListItem","position":1,"name":"Home","item":"https:\/\/www.organisator.ch\/"},{"@type":"ListItem","position":2,"name":"\u00dcber uns"}]},{"@type":"WebSite","@id":"https:\/\/www.organisator.ch\/#website","url":"https:\/\/www.organisator.ch\/","name":"Organizzatore","description":"Competente. Pratico. In 10 numeri all'anno, ORGANISATOR presenta i temi essenziali per i manager delle PMI.","publisher":{"@id":"https:\/\/www.organisator.ch\/#organization"},"potentialAction":[{"@type":"SearchAction","target":{"@type":"EntryPoint","urlTemplate":"https:\/\/www.organisator.ch\/?s={search_term_string}"},"query-input":{"@type":"PropertyValueSpecification","valueRequired":true,"valueName":"search_term_string"}}],"inLanguage":"it-IT"},{"@type":"Organization","@id":"https:\/\/www.organisator.ch\/#organization","name":"Organizzatore","url":"https:\/\/www.organisator.ch\/","logo":{"@type":"ImageObject","inLanguage":"it-IT","@id":"https:\/\/www.organisator.ch\/#\/schema\/logo\/image\/","url":"https:\/\/www.organisator.ch\/wp-content\/uploads\/2022\/01\/Logo_Organisator_Website.png","contentUrl":"https:\/\/www.organisator.ch\/wp-content\/uploads\/2022\/01\/Logo_Organisator_Website.png","width":800,"height":77,"caption":"Organisator"},"image":{"@id":"https:\/\/www.organisator.ch\/#\/schema\/logo\/image\/"},"sameAs":["https:\/\/www.facebook.com\/OrganisatorFachmagazin","https:\/\/www.linkedin.com\/showcase\/organisator-das-magazin-fr-kmu","https:\/\/www.xing.com\/news\/pages\/organisator-ch-695","https:\/\/www.youtube.com\/channel\/UCGP2Sq0iWaZwT3BdIAQFYpw"]}]}},"_links":{"self":[{"href":"https:\/\/www.organisator.ch\/it\/wp-json\/wp\/v2\/pages\/50","targetHints":{"allow":["GET"]}}],"collection":[{"href":"https:\/\/www.organisator.ch\/it\/wp-json\/wp\/v2\/pages"}],"about":[{"href":"https:\/\/www.organisator.ch\/it\/wp-json\/wp\/v2\/types\/page"}],"author":[{"embeddable":true,"href":"https:\/\/www.organisator.ch\/it\/wp-json\/wp\/v2\/users\/1"}],"replies":[{"embeddable":true,"href":"https:\/\/www.organisator.ch\/it\/wp-json\/wp\/v2\/comments?post=50"}],"version-history":[{"count":7,"href":"https:\/\/www.organisator.ch\/it\/wp-json\/wp\/v2\/pages\/50\/revisions"}],"predecessor-version":[{"id":22601,"href":"https:\/\/www.organisator.ch\/it\/wp-json\/wp\/v2\/pages\/50\/revisions\/22601"}],"wp:attachment":[{"href":"https:\/\/www.organisator.ch\/it\/wp-json\/wp\/v2\/media?parent=50"}],"curies":[{"name":"wp","href":"https:\/\/api.w.org\/{rel}","templated":true}]}}