{"id":13799,"date":"2022-06-07T16:22:54","date_gmt":"2022-06-07T14:22:54","guid":{"rendered":"https:\/\/www.organisator.ch\/?post_type=product&#038;p=13799"},"modified":"2022-06-07T16:22:58","modified_gmt":"2022-06-07T14:22:58","slug":"organisator-ausgabe-10-1979","status":"publish","type":"product","link":"https:\/\/www.organisator.ch\/it\/produkt\/organisator-ausgabe-10-1979\/","title":{"rendered":"Organizzatore Numero 10\/1979"},"content":{"rendered":"<h2>Rubriche<\/h2>\n<ul>\n<li>Libri per voi<\/li>\n<li>Pagina del lettore<\/li>\n<li>Casi legali<\/li>\n<li>Mese economico<\/li>\n<li>Per riflettere<\/li>\n<li>Seminari organizzatori<\/li>\n<li>L'ORGANIZZATORE offre<\/li>\n<li>L'organizzatore dice<\/li>\n<li>La lettura si concentra<\/li>\n<li>Prodotti + Servizi<\/li>\n<li>Corsi e conferenze<\/li>\n<li>Tarantola<\/li>\n<\/ul>\n<h2>Economia in generale<\/h2>\n<ul>\n<li>Protezione della personalit\u00e0<\/li>\n<li>Il mese economico<\/li>\n<li>Concetto energetico di Schaffhausen<\/li>\n<li>Perch\u00e9 gli olmulti guidano la FR a secco<\/li>\n<li>Un coraggioso esperimento di tutela ambientale<\/li>\n<li>Perch\u00e9 le banche sono improvvisamente interessate al Messico?<\/li>\n<\/ul>\n<h2>Governo d'impresa<\/h2>\n<ul>\n<li>Che cosa significa in realt\u00e0 responsabilit\u00e0?<\/li>\n<li>SO Nuovi prodotti per le medie e grandi imprese<\/li>\n<li>La carta d'identit\u00e0 nel be-<\/li>\n<li>Operat. Concetto di sicurezza<\/li>\n<li>Quando gli avvoltoi girano intorno<\/li>\n<li>Previsioni per la pianificazione<\/li>\n<li>Economia dell'informazione<\/li>\n<li>III Colorare le carte d'identit\u00e0<\/li>\n<\/ul>\n<h2>Risorse umane<\/h2>\n<ul>\n<li>Un capo deve volersi liberare<\/li>\n<li>Specialista in PR certificato a livello federale<\/li>\n<li>La foto di gruppo dei manager deve essere cos\u00ec pallida?<\/li>\n<li>Superman in ufficio<\/li>\n<li>L'arte di rivelare se stessi<\/li>\n<li>Boom di capi donna<\/li>\n<li>La professione di manager<\/li>\n<li>Gestione dello stress<\/li>\n<li>Determinare i tempi previsti<\/li>\n<li>Dirigenti over 55<\/li>\n<\/ul>\n<h2>Organizzazione<\/h2>\n<ul>\n<li>Quando gli avvoltoi girano intorno<\/li>\n<li>Il taccheggio<\/li>\n<li>Determinare i tempi previsti<\/li>\n<li>Controllore elettronico del clima<\/li>\n<li>Interruttore della luce controllato a distanza<\/li>\n<li>Aria fresca come dopo un temporale<\/li>\n<\/ul>\n<h2>Tecnologia per l'ufficio<\/h2>\n<ul>\n<li>Pi\u00f9 ufficio?<\/li>\n<li>Biglietti di auguri significativi per il nuovo anno?<\/li>\n<li>Il deficit applicativo del settore ufficio<\/li>\n<li>Calcoli di efficienza economica per la stampa offset da ufficio<\/li>\n<li>Combinatore telefonico<\/li>\n<li>Copiatrice standard<\/li>\n<li>Programma di mobili in acciaio per ufficio<\/li>\n<li>Supporto per la calcolatrice<\/li>\n<li>Poggia mano per registratori automatici<\/li>\n<li>Sistema di cassetti su misura 100<\/li>\n<li>Macchina da scrivere a memoria<\/li>\n<li>Fotocopiatrici da tavolo per piccole imprese<\/li>\n<li>Carte d'identit\u00e0 da colorare<\/li>\n<li>Programma di arredamento per uffici direzionali<\/li>\n<li>Pulire i tipi di macchina da scrivere<\/li>\n<li>Cartelle ordinatamente etichettate<\/li>\n<\/ul>\n<h2>Elaborazione dei dati<\/h2>\n<ul>\n<li>Computer Philips estesi<\/li>\n<li>Cervello elettronico del manager<\/li>\n<li>Panoramica del mercato IT in Svizzera<\/li>\n<li>Imparare l'inglese con un microprocessore<\/li>\n<li>Stampante ad alta velocit\u00e0 con microprocessore<\/li>\n<li>Memoria magnetica ad accesso diretto<\/li>\n<\/ul>\n<h2>Contabilit\u00e0\/Finanza<\/h2>\n<ul>\n<li>Diritto contabile europeo<\/li>\n<li>Quali fattori determinano il calcolo<\/li>\n<li>Un ospedale lotta contro l'inflazione dei costi<\/li>\n<\/ul>\n<h2>Vendite e pubblicit\u00e0<\/h2>\n<ul>\n<li>Specialista in PR certificato a livello federale<\/li>\n<li>Il taccheggio<\/li>\n<li>Perch\u00e9 Olmultis Drive Dry PR<\/li>\n<li>Organizzare le vendite come centro di profitto<\/li>\n<\/ul>\n<h2>Gestione dei materiali<\/h2>\n<ul>\n<li>Criteri per l'acquisto di un'auto<\/li>\n<li>Il campo non \u00e8 un labirinto<\/li>\n<li>Obiettivi, compiti e funzioni della gestione dei materiali<\/li>\n<li>L'analisi del fornitore totale<\/li>\n<li>Costi di trasporto tramite guardie<\/li>\n<li>Computer di bordo dell'auto<\/li>\n<\/ul>","protected":false},"excerpt":{"rendered":"<p>Ricevete la rivista specializzata in lingua tedesca \"organisator\" nel numero 10\/1979 come download in formato PDF con il seguente indice:<\/p>","protected":false},"featured_media":13802,"template":"","meta":{"_acf_changed":false,"articlekey":""},"product_brand":[],"product_cat":[546],"product_tag":[2924],"class_list":{"0":"post-13799","1":"product","2":"type-product","3":"status-publish","4":"has-post-thumbnail","6":"product_cat-einzelausgaben","7":"product_tag-2924","9":"first","10":"instock","11":"downloadable","12":"virtual","13":"taxable","14":"purchasable","15":"product-type-simple"},"acf":[],"yoast_head":"<!-- This site is optimized with the Yoast SEO plugin v27.5 - https:\/\/yoast.com\/product\/yoast-seo-wordpress\/ -->\n<title>Organisator Ausgabe 10\/1979 - Organisator<\/title>\n<meta name=\"description\" content=\"Erhalte die deutschsprachige Fachzeitschrift \u00aborganisator\u00bb in der Ausgabe 10\/1979 als PDF-Download mit nachfolgendem Inhaltsverzeichnis:\" \/>\n<meta name=\"robots\" content=\"index, follow, max-snippet:-1, max-image-preview:large, max-video-preview:-1\" \/>\n<link rel=\"canonical\" href=\"https:\/\/www.organisator.ch\/it\/prodotto\/organisator-ausgabe-10-1979\/\" \/>\n<meta property=\"og:locale\" content=\"it_IT\" \/>\n<meta property=\"og:type\" content=\"article\" \/>\n<meta property=\"og:title\" content=\"Organisator Ausgabe 10\/1979 - Organisator\" \/>\n<meta property=\"og:description\" content=\"Erhalte die deutschsprachige Fachzeitschrift \u00aborganisator\u00bb in der Ausgabe 10\/1979 als PDF-Download mit nachfolgendem Inhaltsverzeichnis:\" \/>\n<meta property=\"og:url\" content=\"https:\/\/www.organisator.ch\/it\/prodotto\/organisator-ausgabe-10-1979\/\" \/>\n<meta property=\"og:site_name\" content=\"Organisator\" \/>\n<meta property=\"article:publisher\" content=\"https:\/\/www.facebook.com\/OrganisatorFachmagazin\" \/>\n<meta property=\"article:modified_time\" content=\"2022-06-07T14:22:58+00:00\" \/>\n<meta property=\"og:image\" content=\"https:\/\/www.organisator.ch\/wp-content\/uploads\/2022\/06\/organisator_1979_10.png\" \/>\n\t<meta property=\"og:image:width\" content=\"654\" \/>\n\t<meta property=\"og:image:height\" content=\"370\" \/>\n\t<meta property=\"og:image:type\" content=\"image\/png\" \/>\n<meta name=\"twitter:card\" content=\"summary_large_image\" \/>\n<script type=\"application\/ld+json\" class=\"yoast-schema-graph\">{\"@context\":\"https:\\\/\\\/schema.org\",\"@graph\":[{\"@type\":\"WebPage\",\"@id\":\"https:\\\/\\\/www.organisator.ch\\\/it\\\/prodotto\\\/organisator-ausgabe-10-1979\\\/\",\"url\":\"https:\\\/\\\/www.organisator.ch\\\/it\\\/prodotto\\\/organisator-ausgabe-10-1979\\\/\",\"name\":\"Organisator Ausgabe 10\\\/1979 - Organisator\",\"isPartOf\":{\"@id\":\"https:\\\/\\\/www.organisator.ch\\\/#website\"},\"primaryImageOfPage\":{\"@id\":\"https:\\\/\\\/www.organisator.ch\\\/it\\\/prodotto\\\/organisator-ausgabe-10-1979\\\/#primaryimage\"},\"image\":{\"@id\":\"https:\\\/\\\/www.organisator.ch\\\/it\\\/prodotto\\\/organisator-ausgabe-10-1979\\\/#primaryimage\"},\"thumbnailUrl\":\"https:\\\/\\\/www.organisator.ch\\\/wp-content\\\/uploads\\\/2022\\\/06\\\/organisator_1979_10.png\",\"datePublished\":\"2022-06-07T14:22:54+00:00\",\"dateModified\":\"2022-06-07T14:22:58+00:00\",\"description\":\"Erhalte die deutschsprachige Fachzeitschrift \u00aborganisator\u00bb in der Ausgabe 10\\\/1979 als PDF-Download mit nachfolgendem Inhaltsverzeichnis:\",\"breadcrumb\":{\"@id\":\"https:\\\/\\\/www.organisator.ch\\\/it\\\/prodotto\\\/organisator-ausgabe-10-1979\\\/#breadcrumb\"},\"inLanguage\":\"it-IT\",\"potentialAction\":[{\"@type\":\"ReadAction\",\"target\":[\"https:\\\/\\\/www.organisator.ch\\\/it\\\/prodotto\\\/organisator-ausgabe-10-1979\\\/\"]}]},{\"@type\":\"ImageObject\",\"inLanguage\":\"it-IT\",\"@id\":\"https:\\\/\\\/www.organisator.ch\\\/it\\\/prodotto\\\/organisator-ausgabe-10-1979\\\/#primaryimage\",\"url\":\"https:\\\/\\\/www.organisator.ch\\\/wp-content\\\/uploads\\\/2022\\\/06\\\/organisator_1979_10.png\",\"contentUrl\":\"https:\\\/\\\/www.organisator.ch\\\/wp-content\\\/uploads\\\/2022\\\/06\\\/organisator_1979_10.png\",\"width\":654,\"height\":370},{\"@type\":\"BreadcrumbList\",\"@id\":\"https:\\\/\\\/www.organisator.ch\\\/it\\\/prodotto\\\/organisator-ausgabe-10-1979\\\/#breadcrumb\",\"itemListElement\":[{\"@type\":\"ListItem\",\"position\":1,\"name\":\"Home\",\"item\":\"https:\\\/\\\/www.organisator.ch\\\/\"},{\"@type\":\"ListItem\",\"position\":2,\"name\":\"Shop\",\"item\":\"https:\\\/\\\/www.organisator.ch\\\/fr\\\/shop\\\/\"},{\"@type\":\"ListItem\",\"position\":3,\"name\":\"Organisator Ausgabe 10\\\/1979\"}]},{\"@type\":\"WebSite\",\"@id\":\"https:\\\/\\\/www.organisator.ch\\\/#website\",\"url\":\"https:\\\/\\\/www.organisator.ch\\\/\",\"name\":\"Organisator\",\"description\":\"Kompetent. Praxisnah. Der ORGANISATOR bereitet in 10 Ausgaben pro Jahr die wesentlichen Themen f\u00fcr F\u00fchrungskr\u00e4fte von KMU auf.\",\"publisher\":{\"@id\":\"https:\\\/\\\/www.organisator.ch\\\/#organization\"},\"potentialAction\":[{\"@type\":\"SearchAction\",\"target\":{\"@type\":\"EntryPoint\",\"urlTemplate\":\"https:\\\/\\\/www.organisator.ch\\\/?s={search_term_string}\"},\"query-input\":{\"@type\":\"PropertyValueSpecification\",\"valueRequired\":true,\"valueName\":\"search_term_string\"}}],\"inLanguage\":\"it-IT\"},{\"@type\":\"Organization\",\"@id\":\"https:\\\/\\\/www.organisator.ch\\\/#organization\",\"name\":\"Organisator\",\"url\":\"https:\\\/\\\/www.organisator.ch\\\/\",\"logo\":{\"@type\":\"ImageObject\",\"inLanguage\":\"it-IT\",\"@id\":\"https:\\\/\\\/www.organisator.ch\\\/#\\\/schema\\\/logo\\\/image\\\/\",\"url\":\"https:\\\/\\\/www.organisator.ch\\\/wp-content\\\/uploads\\\/2022\\\/01\\\/Logo_Organisator_Website.png\",\"contentUrl\":\"https:\\\/\\\/www.organisator.ch\\\/wp-content\\\/uploads\\\/2022\\\/01\\\/Logo_Organisator_Website.png\",\"width\":800,\"height\":77,\"caption\":\"Organisator\"},\"image\":{\"@id\":\"https:\\\/\\\/www.organisator.ch\\\/#\\\/schema\\\/logo\\\/image\\\/\"},\"sameAs\":[\"https:\\\/\\\/www.facebook.com\\\/OrganisatorFachmagazin\",\"https:\\\/\\\/www.linkedin.com\\\/showcase\\\/organisator-das-magazin-fr-kmu\",\"https:\\\/\\\/www.xing.com\\\/news\\\/pages\\\/organisator-ch-695\",\"https:\\\/\\\/www.youtube.com\\\/channel\\\/UCGP2Sq0iWaZwT3BdIAQFYpw\"]}]}<\/script>\n<!-- \/ Yoast SEO plugin. -->","yoast_head_json":{"title":"Organizzatore Numero 10\/1979 - Organizzatore","description":"Ricevete la rivista specializzata in lingua tedesca \"organisator\" nel numero 10\/1979 come download in formato PDF con il seguente indice:","robots":{"index":"index","follow":"follow","max-snippet":"max-snippet:-1","max-image-preview":"max-image-preview:large","max-video-preview":"max-video-preview:-1"},"canonical":"https:\/\/www.organisator.ch\/it\/prodotto\/organisator-ausgabe-10-1979\/","og_locale":"it_IT","og_type":"article","og_title":"Organisator Ausgabe 10\/1979 - Organisator","og_description":"Erhalte die deutschsprachige Fachzeitschrift \u00aborganisator\u00bb in der Ausgabe 10\/1979 als PDF-Download mit nachfolgendem Inhaltsverzeichnis:","og_url":"https:\/\/www.organisator.ch\/it\/prodotto\/organisator-ausgabe-10-1979\/","og_site_name":"Organisator","article_publisher":"https:\/\/www.facebook.com\/OrganisatorFachmagazin","article_modified_time":"2022-06-07T14:22:58+00:00","og_image":[{"width":654,"height":370,"url":"https:\/\/www.organisator.ch\/wp-content\/uploads\/2022\/06\/organisator_1979_10.png","type":"image\/png"}],"twitter_card":"summary_large_image","schema":{"@context":"https:\/\/schema.org","@graph":[{"@type":"WebPage","@id":"https:\/\/www.organisator.ch\/it\/prodotto\/organisator-ausgabe-10-1979\/","url":"https:\/\/www.organisator.ch\/it\/prodotto\/organisator-ausgabe-10-1979\/","name":"Organizzatore Numero 10\/1979 - Organizzatore","isPartOf":{"@id":"https:\/\/www.organisator.ch\/#website"},"primaryImageOfPage":{"@id":"https:\/\/www.organisator.ch\/it\/prodotto\/organisator-ausgabe-10-1979\/#primaryimage"},"image":{"@id":"https:\/\/www.organisator.ch\/it\/prodotto\/organisator-ausgabe-10-1979\/#primaryimage"},"thumbnailUrl":"https:\/\/www.organisator.ch\/wp-content\/uploads\/2022\/06\/organisator_1979_10.png","datePublished":"2022-06-07T14:22:54+00:00","dateModified":"2022-06-07T14:22:58+00:00","description":"Ricevete la rivista specializzata in lingua tedesca \"organisator\" nel numero 10\/1979 come download in formato PDF con il seguente indice:","breadcrumb":{"@id":"https:\/\/www.organisator.ch\/it\/prodotto\/organisator-ausgabe-10-1979\/#breadcrumb"},"inLanguage":"it-IT","potentialAction":[{"@type":"ReadAction","target":["https:\/\/www.organisator.ch\/it\/prodotto\/organisator-ausgabe-10-1979\/"]}]},{"@type":"ImageObject","inLanguage":"it-IT","@id":"https:\/\/www.organisator.ch\/it\/prodotto\/organisator-ausgabe-10-1979\/#primaryimage","url":"https:\/\/www.organisator.ch\/wp-content\/uploads\/2022\/06\/organisator_1979_10.png","contentUrl":"https:\/\/www.organisator.ch\/wp-content\/uploads\/2022\/06\/organisator_1979_10.png","width":654,"height":370},{"@type":"BreadcrumbList","@id":"https:\/\/www.organisator.ch\/it\/prodotto\/organisator-ausgabe-10-1979\/#breadcrumb","itemListElement":[{"@type":"ListItem","position":1,"name":"Home","item":"https:\/\/www.organisator.ch\/"},{"@type":"ListItem","position":2,"name":"Shop","item":"https:\/\/www.organisator.ch\/fr\/shop\/"},{"@type":"ListItem","position":3,"name":"Organisator Ausgabe 10\/1979"}]},{"@type":"WebSite","@id":"https:\/\/www.organisator.ch\/#website","url":"https:\/\/www.organisator.ch\/","name":"Organizzatore","description":"Competente. Pratico. In 10 numeri all'anno, ORGANISATOR presenta i temi essenziali per i manager delle PMI.","publisher":{"@id":"https:\/\/www.organisator.ch\/#organization"},"potentialAction":[{"@type":"SearchAction","target":{"@type":"EntryPoint","urlTemplate":"https:\/\/www.organisator.ch\/?s={search_term_string}"},"query-input":{"@type":"PropertyValueSpecification","valueRequired":true,"valueName":"search_term_string"}}],"inLanguage":"it-IT"},{"@type":"Organization","@id":"https:\/\/www.organisator.ch\/#organization","name":"Organizzatore","url":"https:\/\/www.organisator.ch\/","logo":{"@type":"ImageObject","inLanguage":"it-IT","@id":"https:\/\/www.organisator.ch\/#\/schema\/logo\/image\/","url":"https:\/\/www.organisator.ch\/wp-content\/uploads\/2022\/01\/Logo_Organisator_Website.png","contentUrl":"https:\/\/www.organisator.ch\/wp-content\/uploads\/2022\/01\/Logo_Organisator_Website.png","width":800,"height":77,"caption":"Organisator"},"image":{"@id":"https:\/\/www.organisator.ch\/#\/schema\/logo\/image\/"},"sameAs":["https:\/\/www.facebook.com\/OrganisatorFachmagazin","https:\/\/www.linkedin.com\/showcase\/organisator-das-magazin-fr-kmu","https:\/\/www.xing.com\/news\/pages\/organisator-ch-695","https:\/\/www.youtube.com\/channel\/UCGP2Sq0iWaZwT3BdIAQFYpw"]}]}},"_links":{"self":[{"href":"https:\/\/www.organisator.ch\/it\/wp-json\/wp\/v2\/product\/13799","targetHints":{"allow":["GET"]}}],"collection":[{"href":"https:\/\/www.organisator.ch\/it\/wp-json\/wp\/v2\/product"}],"about":[{"href":"https:\/\/www.organisator.ch\/it\/wp-json\/wp\/v2\/types\/product"}],"wp:featuredmedia":[{"embeddable":true,"href":"https:\/\/www.organisator.ch\/it\/wp-json\/wp\/v2\/media\/13802"}],"wp:attachment":[{"href":"https:\/\/www.organisator.ch\/it\/wp-json\/wp\/v2\/media?parent=13799"}],"wp:term":[{"taxonomy":"product_brand","embeddable":true,"href":"https:\/\/www.organisator.ch\/it\/wp-json\/wp\/v2\/product_brand?post=13799"},{"taxonomy":"product_cat","embeddable":true,"href":"https:\/\/www.organisator.ch\/it\/wp-json\/wp\/v2\/product_cat?post=13799"},{"taxonomy":"product_tag","embeddable":true,"href":"https:\/\/www.organisator.ch\/it\/wp-json\/wp\/v2\/product_tag?post=13799"}],"curies":[{"name":"wp","href":"https:\/\/api.w.org\/{rel}","templated":true}]}}