{"id":13814,"date":"2022-06-07T16:50:25","date_gmt":"2022-06-07T14:50:25","guid":{"rendered":"https:\/\/www.organisator.ch\/?post_type=product&#038;p=13814"},"modified":"2022-06-07T16:50:28","modified_gmt":"2022-06-07T14:50:28","slug":"organisator-ausgabe-7-1979","status":"publish","type":"product","link":"https:\/\/www.organisator.ch\/it\/produkt\/organisator-ausgabe-7-1979\/","title":{"rendered":"Organizzatore Numero 7\/1979"},"content":{"rendered":"<h2>Rubriche<\/h2>\n<ul>\n<li>Libri per voi<\/li>\n<li>Pagina del lettore<\/li>\n<li>Pubblicit\u00e0 per le piccole imprese<\/li>\n<li>Suggerimenti per la contabilit\u00e0<\/li>\n<li>Affari e famiglia<\/li>\n<li>Salute e ricreazione<\/li>\n<li>Casi legali<\/li>\n<li>Il mese economico<\/li>\n<li>Per riflettere<\/li>\n<li>Seminari organizzatori<\/li>\n<li>L'ORGANISMO offre<\/li>\n<li>La lettura si concentra<\/li>\n<li>Prodotti e servizi<\/li>\n<li>Ritratto dell'azienda: 100 anni di M\u00fchlebachpapier<\/li>\n<li>Corsi e conferenze<\/li>\n<li>Tarantola<\/li>\n<\/ul>\n<h2>Economia in generale<\/h2>\n<ul>\n<li>Giovani ed economia<\/li>\n<li>Il sovvenzionamento danneggia (L'ORGANIZZATORE dice)<\/li>\n<li>Il mese economico<\/li>\n<li>Previsioni degli obiettivi<\/li>\n<li>La stretta porta della Cina verso l'Occidente<\/li>\n<li>Le entrate dei Cantoni da fonti federali<\/li>\n<\/ul>\n<h2>La governance aziendale<\/h2>\n<ul>\n<li>Protezione dei consumatori (cause legali)<\/li>\n<li>Pratica della leadership (Sem.)<\/li>\n<li>Argomenti a favore e contro i consulenti<\/li>\n<li>Gestione attraverso la sensazione del polpastrello<\/li>\n<li>Lavoro temporaneo oggi<\/li>\n<li>Cifre chiave per i negozi di tessuti<\/li>\n<\/ul>\n<h2>Risorse umane<\/h2>\n<ul>\n<li>Giovani ed economia<\/li>\n<li>Descrizione del lavoro per redattore del giornale interno<\/li>\n<li>Il lavoro non ha pi\u00f9 senso (Riflessione)<\/li>\n<li>Analisi Transazionale (Sem)<\/li>\n<li>Pratica della leadership (Sem.)<\/li>\n<li>Introdurre cambiamenti \u2013 10 consigli<\/li>\n<li>Nel viaggio psicologico<\/li>\n<li>Formazione dei lavoratori presso Hoechst<\/li>\n<li>Pi\u00f9 tempo per vivere<\/li>\n<li>Orario di lavoro flessibile<\/li>\n<\/ul>\n<h2>Organizzazione<\/h2>\n<ul>\n<li>Lavoro razionale del capo (Sem)<\/li>\n<li>Centro di consulenza per la sicurezza<\/li>\n<li>Leasing auto con nuove possibilit\u00e0<\/li>\n<li>Lavagna di organizzazione per foglietti formato A7<\/li>\n<\/ul>\n<h2>Tecnologia per l'ufficio<\/h2>\n<ul>\n<li>Innovazioni e sviluppi nel settore degli uffici<\/li>\n<li>Stampante a matrice (vedere anche pagine 88 e 97)<\/li>\n<li>Piegatrice per l'ufficio<\/li>\n<li>Mani libere quando si telefona<\/li>\n<li>Supporto per manoscritti con braccio articolato<\/li>\n<li>Lettore per microfiches<\/li>\n<li>Nuova fotocopiatrice telefonica<\/li>\n<li>Raccoglitore ad anelli con cornice trasparente<\/li>\n<li>Pratico sistema di dettatura a scorrimento<\/li>\n<li>Sistema di affrancatura dinamico<\/li>\n<\/ul>\n<h2>Elaborazione dei dati<\/h2>\n<ul>\n<li>La benedizione e la maledizione dell'informatizzazione<\/li>\n<li>EDP dalla A alla Z<\/li>\n<li>Gomma per nastro magnetico<\/li>\n<li>Piccolo sistema informatico<\/li>\n<li>Gamma di minicomputer per le piccole e medie imprese<\/li>\n<li>Minicomputer di ICL<\/li>\n<li>Calcolatrice per stampante Dataproducts con<\/li>\n<li>Prestazioni del computer<\/li>\n<\/ul>\n<h2>Contabilit\u00e0\/Finanza<\/h2>\n<ul>\n<li>L'inventario dei beni (suggerimenti contabili)<\/li>\n<li>Aumento dei profitti grazie alla rapida rotazione delle scorte<\/li>\n<li>Condivisione dei costi in progetti congiunti<\/li>\n<li>Audit interno e revisione contabile<\/li>\n<li>Riserve nascoste<\/li>\n<li>Analisi del rischio per le decisioni di investimento<\/li>\n<\/ul>\n<h2>Vendite e pubblicit\u00e0<\/h2>\n<ul>\n<li>Come si fa a fare una pubblicit\u00e0 pi\u00f9 completa?<\/li>\n<li>Descrizione del lavoro per il direttore di un giornale locale<\/li>\n<li>Analisi Transazionale (Sem.)<\/li>\n<li>Prezzo minimo a breve termine<\/li>\n<li>La pubblicit\u00e0 da sola non genera vendite<\/li>\n<\/ul>\n<h2>Produzione\/Acquisti<\/h2>\n<ul>\n<li>Centralizzare gli acquisti?<\/li>\n<li>Garanzia di qualit\u00e0<\/li>\n<li>Aumentare il successo della ricerca<\/li>\n<li>Manutenzione dell'impianto<\/li>\n<\/ul>\n<h2>Magazzino\/Trasporto<\/h2>\n<ul>\n<li>Aumento dei profitti grazie a un maggiore turnover delle scorte<\/li>\n<li>Pianificazione economica del magazzino<\/li>\n<li>Ispezione merci razionale<\/li>\n<li>Quanto costa la movimentazione delle merci?<\/li>\n<li>Nuove buste<\/li>\n<\/ul>","protected":false},"excerpt":{"rendered":"<p>Ricevete la rivista specializzata in lingua tedesca \"organisator\" nel numero 7\/1979 come download in formato PDF con il seguente indice:<\/p>","protected":false},"featured_media":13816,"template":"","meta":{"_acf_changed":false,"articlekey":""},"product_brand":[],"product_cat":[546],"product_tag":[2924],"class_list":{"0":"post-13814","1":"product","2":"type-product","3":"status-publish","4":"has-post-thumbnail","6":"product_cat-einzelausgaben","7":"product_tag-2924","9":"first","10":"instock","11":"downloadable","12":"virtual","13":"taxable","14":"purchasable","15":"product-type-simple"},"acf":[],"yoast_head":"<!-- This site is optimized with the Yoast SEO plugin v27.5 - https:\/\/yoast.com\/product\/yoast-seo-wordpress\/ -->\n<title>Organisator Ausgabe 7\/1979 - Organisator<\/title>\n<meta name=\"description\" content=\"Erhalte die deutschsprachige Fachzeitschrift \u00aborganisator\u00bb in der Ausgabe 7\/1979 als PDF-Download mit nachfolgendem Inhaltsverzeichnis:\" \/>\n<meta name=\"robots\" content=\"index, follow, max-snippet:-1, max-image-preview:large, max-video-preview:-1\" \/>\n<link rel=\"canonical\" href=\"https:\/\/www.organisator.ch\/it\/prodotto\/organisator-ausgabe-7-1979\/\" \/>\n<meta property=\"og:locale\" content=\"it_IT\" \/>\n<meta property=\"og:type\" content=\"article\" \/>\n<meta property=\"og:title\" content=\"Organisator Ausgabe 7\/1979 - Organisator\" \/>\n<meta property=\"og:description\" content=\"Erhalte die deutschsprachige Fachzeitschrift \u00aborganisator\u00bb in der Ausgabe 7\/1979 als PDF-Download mit nachfolgendem Inhaltsverzeichnis:\" \/>\n<meta property=\"og:url\" content=\"https:\/\/www.organisator.ch\/it\/prodotto\/organisator-ausgabe-7-1979\/\" \/>\n<meta property=\"og:site_name\" content=\"Organisator\" \/>\n<meta property=\"article:publisher\" content=\"https:\/\/www.facebook.com\/OrganisatorFachmagazin\" \/>\n<meta property=\"article:modified_time\" content=\"2022-06-07T14:50:28+00:00\" \/>\n<meta property=\"og:image\" content=\"https:\/\/www.organisator.ch\/wp-content\/uploads\/2022\/06\/organisator_1979_7.png\" \/>\n\t<meta property=\"og:image:width\" content=\"654\" \/>\n\t<meta property=\"og:image:height\" content=\"370\" \/>\n\t<meta property=\"og:image:type\" content=\"image\/png\" \/>\n<meta name=\"twitter:card\" content=\"summary_large_image\" \/>\n<script type=\"application\/ld+json\" class=\"yoast-schema-graph\">{\"@context\":\"https:\\\/\\\/schema.org\",\"@graph\":[{\"@type\":\"WebPage\",\"@id\":\"https:\\\/\\\/www.organisator.ch\\\/de\\\/produkt\\\/organisator-ausgabe-7-1979\\\/\",\"url\":\"https:\\\/\\\/www.organisator.ch\\\/de\\\/produkt\\\/organisator-ausgabe-7-1979\\\/\",\"name\":\"Organisator Ausgabe 7\\\/1979 - Organisator\",\"isPartOf\":{\"@id\":\"https:\\\/\\\/www.organisator.ch\\\/#website\"},\"primaryImageOfPage\":{\"@id\":\"https:\\\/\\\/www.organisator.ch\\\/de\\\/produkt\\\/organisator-ausgabe-7-1979\\\/#primaryimage\"},\"image\":{\"@id\":\"https:\\\/\\\/www.organisator.ch\\\/de\\\/produkt\\\/organisator-ausgabe-7-1979\\\/#primaryimage\"},\"thumbnailUrl\":\"https:\\\/\\\/www.organisator.ch\\\/wp-content\\\/uploads\\\/2022\\\/06\\\/organisator_1979_7.png\",\"datePublished\":\"2022-06-07T14:50:25+00:00\",\"dateModified\":\"2022-06-07T14:50:28+00:00\",\"description\":\"Erhalte die deutschsprachige Fachzeitschrift \u00aborganisator\u00bb in der Ausgabe 7\\\/1979 als PDF-Download mit nachfolgendem Inhaltsverzeichnis:\",\"breadcrumb\":{\"@id\":\"https:\\\/\\\/www.organisator.ch\\\/de\\\/produkt\\\/organisator-ausgabe-7-1979\\\/#breadcrumb\"},\"inLanguage\":\"it-IT\",\"potentialAction\":[{\"@type\":\"ReadAction\",\"target\":[\"https:\\\/\\\/www.organisator.ch\\\/de\\\/produkt\\\/organisator-ausgabe-7-1979\\\/\"]}]},{\"@type\":\"ImageObject\",\"inLanguage\":\"it-IT\",\"@id\":\"https:\\\/\\\/www.organisator.ch\\\/de\\\/produkt\\\/organisator-ausgabe-7-1979\\\/#primaryimage\",\"url\":\"https:\\\/\\\/www.organisator.ch\\\/wp-content\\\/uploads\\\/2022\\\/06\\\/organisator_1979_7.png\",\"contentUrl\":\"https:\\\/\\\/www.organisator.ch\\\/wp-content\\\/uploads\\\/2022\\\/06\\\/organisator_1979_7.png\",\"width\":654,\"height\":370},{\"@type\":\"BreadcrumbList\",\"@id\":\"https:\\\/\\\/www.organisator.ch\\\/de\\\/produkt\\\/organisator-ausgabe-7-1979\\\/#breadcrumb\",\"itemListElement\":[{\"@type\":\"ListItem\",\"position\":1,\"name\":\"Home\",\"item\":\"https:\\\/\\\/www.organisator.ch\\\/\"},{\"@type\":\"ListItem\",\"position\":2,\"name\":\"Shop\",\"item\":\"https:\\\/\\\/www.organisator.ch\\\/fr\\\/shop\\\/\"},{\"@type\":\"ListItem\",\"position\":3,\"name\":\"Organisator Ausgabe 7\\\/1979\"}]},{\"@type\":\"WebSite\",\"@id\":\"https:\\\/\\\/www.organisator.ch\\\/#website\",\"url\":\"https:\\\/\\\/www.organisator.ch\\\/\",\"name\":\"Organisator\",\"description\":\"Kompetent. Praxisnah. Der ORGANISATOR bereitet in 10 Ausgaben pro Jahr die wesentlichen Themen f\u00fcr F\u00fchrungskr\u00e4fte von KMU auf.\",\"publisher\":{\"@id\":\"https:\\\/\\\/www.organisator.ch\\\/#organization\"},\"potentialAction\":[{\"@type\":\"SearchAction\",\"target\":{\"@type\":\"EntryPoint\",\"urlTemplate\":\"https:\\\/\\\/www.organisator.ch\\\/?s={search_term_string}\"},\"query-input\":{\"@type\":\"PropertyValueSpecification\",\"valueRequired\":true,\"valueName\":\"search_term_string\"}}],\"inLanguage\":\"it-IT\"},{\"@type\":\"Organization\",\"@id\":\"https:\\\/\\\/www.organisator.ch\\\/#organization\",\"name\":\"Organisator\",\"url\":\"https:\\\/\\\/www.organisator.ch\\\/\",\"logo\":{\"@type\":\"ImageObject\",\"inLanguage\":\"it-IT\",\"@id\":\"https:\\\/\\\/www.organisator.ch\\\/#\\\/schema\\\/logo\\\/image\\\/\",\"url\":\"https:\\\/\\\/www.organisator.ch\\\/wp-content\\\/uploads\\\/2022\\\/01\\\/Logo_Organisator_Website.png\",\"contentUrl\":\"https:\\\/\\\/www.organisator.ch\\\/wp-content\\\/uploads\\\/2022\\\/01\\\/Logo_Organisator_Website.png\",\"width\":800,\"height\":77,\"caption\":\"Organisator\"},\"image\":{\"@id\":\"https:\\\/\\\/www.organisator.ch\\\/#\\\/schema\\\/logo\\\/image\\\/\"},\"sameAs\":[\"https:\\\/\\\/www.facebook.com\\\/OrganisatorFachmagazin\",\"https:\\\/\\\/www.linkedin.com\\\/showcase\\\/organisator-das-magazin-fr-kmu\",\"https:\\\/\\\/www.xing.com\\\/news\\\/pages\\\/organisator-ch-695\",\"https:\\\/\\\/www.youtube.com\\\/channel\\\/UCGP2Sq0iWaZwT3BdIAQFYpw\"]}]}<\/script>\n<!-- \/ Yoast SEO plugin. -->","yoast_head_json":{"title":"Organizzatore Numero 7\/1979 - Organizzatore","description":"Ricevete la rivista specializzata in lingua tedesca \"organisator\" nel numero 7\/1979 come download in formato PDF con il seguente indice:","robots":{"index":"index","follow":"follow","max-snippet":"max-snippet:-1","max-image-preview":"max-image-preview:large","max-video-preview":"max-video-preview:-1"},"canonical":"https:\/\/www.organisator.ch\/it\/prodotto\/organisator-ausgabe-7-1979\/","og_locale":"it_IT","og_type":"article","og_title":"Organisator Ausgabe 7\/1979 - Organisator","og_description":"Erhalte die deutschsprachige Fachzeitschrift \u00aborganisator\u00bb in der Ausgabe 7\/1979 als PDF-Download mit nachfolgendem Inhaltsverzeichnis:","og_url":"https:\/\/www.organisator.ch\/it\/prodotto\/organisator-ausgabe-7-1979\/","og_site_name":"Organisator","article_publisher":"https:\/\/www.facebook.com\/OrganisatorFachmagazin","article_modified_time":"2022-06-07T14:50:28+00:00","og_image":[{"width":654,"height":370,"url":"https:\/\/www.organisator.ch\/wp-content\/uploads\/2022\/06\/organisator_1979_7.png","type":"image\/png"}],"twitter_card":"summary_large_image","schema":{"@context":"https:\/\/schema.org","@graph":[{"@type":"WebPage","@id":"https:\/\/www.organisator.ch\/de\/produkt\/organisator-ausgabe-7-1979\/","url":"https:\/\/www.organisator.ch\/de\/produkt\/organisator-ausgabe-7-1979\/","name":"Organizzatore Numero 7\/1979 - Organizzatore","isPartOf":{"@id":"https:\/\/www.organisator.ch\/#website"},"primaryImageOfPage":{"@id":"https:\/\/www.organisator.ch\/de\/produkt\/organisator-ausgabe-7-1979\/#primaryimage"},"image":{"@id":"https:\/\/www.organisator.ch\/de\/produkt\/organisator-ausgabe-7-1979\/#primaryimage"},"thumbnailUrl":"https:\/\/www.organisator.ch\/wp-content\/uploads\/2022\/06\/organisator_1979_7.png","datePublished":"2022-06-07T14:50:25+00:00","dateModified":"2022-06-07T14:50:28+00:00","description":"Ricevete la rivista specializzata in lingua tedesca \"organisator\" nel numero 7\/1979 come download in formato PDF con il seguente indice:","breadcrumb":{"@id":"https:\/\/www.organisator.ch\/de\/produkt\/organisator-ausgabe-7-1979\/#breadcrumb"},"inLanguage":"it-IT","potentialAction":[{"@type":"ReadAction","target":["https:\/\/www.organisator.ch\/de\/produkt\/organisator-ausgabe-7-1979\/"]}]},{"@type":"ImageObject","inLanguage":"it-IT","@id":"https:\/\/www.organisator.ch\/de\/produkt\/organisator-ausgabe-7-1979\/#primaryimage","url":"https:\/\/www.organisator.ch\/wp-content\/uploads\/2022\/06\/organisator_1979_7.png","contentUrl":"https:\/\/www.organisator.ch\/wp-content\/uploads\/2022\/06\/organisator_1979_7.png","width":654,"height":370},{"@type":"BreadcrumbList","@id":"https:\/\/www.organisator.ch\/de\/produkt\/organisator-ausgabe-7-1979\/#breadcrumb","itemListElement":[{"@type":"ListItem","position":1,"name":"Home","item":"https:\/\/www.organisator.ch\/"},{"@type":"ListItem","position":2,"name":"Shop","item":"https:\/\/www.organisator.ch\/fr\/shop\/"},{"@type":"ListItem","position":3,"name":"Organisator Ausgabe 7\/1979"}]},{"@type":"WebSite","@id":"https:\/\/www.organisator.ch\/#website","url":"https:\/\/www.organisator.ch\/","name":"Organizzatore","description":"Competente. Pratico. In 10 numeri all'anno, ORGANISATOR presenta i temi essenziali per i manager delle PMI.","publisher":{"@id":"https:\/\/www.organisator.ch\/#organization"},"potentialAction":[{"@type":"SearchAction","target":{"@type":"EntryPoint","urlTemplate":"https:\/\/www.organisator.ch\/?s={search_term_string}"},"query-input":{"@type":"PropertyValueSpecification","valueRequired":true,"valueName":"search_term_string"}}],"inLanguage":"it-IT"},{"@type":"Organization","@id":"https:\/\/www.organisator.ch\/#organization","name":"Organizzatore","url":"https:\/\/www.organisator.ch\/","logo":{"@type":"ImageObject","inLanguage":"it-IT","@id":"https:\/\/www.organisator.ch\/#\/schema\/logo\/image\/","url":"https:\/\/www.organisator.ch\/wp-content\/uploads\/2022\/01\/Logo_Organisator_Website.png","contentUrl":"https:\/\/www.organisator.ch\/wp-content\/uploads\/2022\/01\/Logo_Organisator_Website.png","width":800,"height":77,"caption":"Organisator"},"image":{"@id":"https:\/\/www.organisator.ch\/#\/schema\/logo\/image\/"},"sameAs":["https:\/\/www.facebook.com\/OrganisatorFachmagazin","https:\/\/www.linkedin.com\/showcase\/organisator-das-magazin-fr-kmu","https:\/\/www.xing.com\/news\/pages\/organisator-ch-695","https:\/\/www.youtube.com\/channel\/UCGP2Sq0iWaZwT3BdIAQFYpw"]}]}},"_links":{"self":[{"href":"https:\/\/www.organisator.ch\/it\/wp-json\/wp\/v2\/product\/13814","targetHints":{"allow":["GET"]}}],"collection":[{"href":"https:\/\/www.organisator.ch\/it\/wp-json\/wp\/v2\/product"}],"about":[{"href":"https:\/\/www.organisator.ch\/it\/wp-json\/wp\/v2\/types\/product"}],"wp:featuredmedia":[{"embeddable":true,"href":"https:\/\/www.organisator.ch\/it\/wp-json\/wp\/v2\/media\/13816"}],"wp:attachment":[{"href":"https:\/\/www.organisator.ch\/it\/wp-json\/wp\/v2\/media?parent=13814"}],"wp:term":[{"taxonomy":"product_brand","embeddable":true,"href":"https:\/\/www.organisator.ch\/it\/wp-json\/wp\/v2\/product_brand?post=13814"},{"taxonomy":"product_cat","embeddable":true,"href":"https:\/\/www.organisator.ch\/it\/wp-json\/wp\/v2\/product_cat?post=13814"},{"taxonomy":"product_tag","embeddable":true,"href":"https:\/\/www.organisator.ch\/it\/wp-json\/wp\/v2\/product_tag?post=13814"}],"curies":[{"name":"wp","href":"https:\/\/api.w.org\/{rel}","templated":true}]}}