{"id":13857,"date":"2022-06-08T05:46:51","date_gmt":"2022-06-08T03:46:51","guid":{"rendered":"https:\/\/www.organisator.ch\/?post_type=product&#038;p=13857"},"modified":"2022-06-08T05:47:11","modified_gmt":"2022-06-08T03:47:11","slug":"organisator-ausgabe-10-1980","status":"publish","type":"product","link":"https:\/\/www.organisator.ch\/it\/produkt\/organisator-ausgabe-10-1980\/","title":{"rendered":"Organizzatore Numero 10\/1980"},"content":{"rendered":"<h2>Le nostre rubriche del mese<\/h2>\n<ul>\n<li>Libri per voi<\/li>\n<li>Il mese economico<\/li>\n<li>Cosa significa per me?<\/li>\n<li>Seminari organizzatori<\/li>\n<li>62 Per riflettere<\/li>\n<li>L'ORGANIZZATORE offre<\/li>\n<li>Intorno al telefono<\/li>\n<li>La lettura si concentra<\/li>\n<li>Prodotti e servizi<\/li>\n<li>Congressi\/Seminari<\/li>\n<li>Tarantola<\/li>\n<\/ul>\n<h2>Economia Governo d'impresa<\/h2>\n<ul>\n<li>Generazione di giovani imprenditori con metodologia<\/li>\n<li>Fine anno<\/li>\n<li>Dal reparto acquisti al centro di profitto<\/li>\n<li>Inflazione e impresa<\/li>\n<li>Spese e utili pubblicitari<\/li>\n<li>Portafoglio prodotti<\/li>\n<li>Il disimpegno della societ\u00e0 indu striale<\/li>\n<li>Il profitto \u00e8 indecente?<\/li>\n<li>Medie imprese operanti all'estero<\/li>\n<\/ul>\n<h2>Persone e lavoro Risorse umane<\/h2>\n<ul>\n<li>Negoziare con successo<\/li>\n<li>Quando crolla il tetto<\/li>\n<li>Modi per rovinare<\/li>\n<li>Un sistema di bonus per il personale di vendita<\/li>\n<li>Non solo adatto alla scrivania dei dirigenti<\/li>\n<li>Posto di lavoro01ivettiKD1700<\/li>\n<li>Supporto Manus Dentax D109<\/li>\n<li>Il blu di Pelikan<\/li>\n<\/ul>\n<h2>Organizzazione\/automazione Tecnologia degli uffici e dei dati<\/h2>\n<ul>\n<li>Macchine da scrivere \"intelligenti\" per esercitarsi<\/li>\n<li>IBM amplia la gamma di applicazioni per non vedenti<\/li>\n<li>Chiamata diretta: o fili freddi<\/li>\n<li>Piccoli computer commerciali<\/li>\n<li>La produttivit\u00e0 aumenta grazie alle persone, non al denaro<\/li>\n<li>La macchina del testo come assistente di branding<\/li>\n<li>Revisione \u2013 internazionale<\/li>\n<li>Nuovo computer a basso prezzo<\/li>\n<li>L'ordine deve essere<\/li>\n<li>Sistema di sorter Itek 6000<\/li>\n<li>Non solo per la scrivania dei dirigenti<\/li>\n<li>Dispositivi a nastro perforato Rodata<\/li>\n<li>Lettore di schede OCR Exon<\/li>\n<li>Progettazione assistita da computer<\/li>\n<li>Il Bigla-Boy, uno strumento organizzativo universale<\/li>\n<li>Novit\u00e0 Elbatex: programma di refrigerazione Alutronic<\/li>\n<li>Nuovo sistema di estensione della composizione digitale<\/li>\n<li>Nuova telecamera continua per microfilm da 16 mm<\/li>\n<li>Prestophon 60 di Zettler<\/li>\n<li>Quelli blu di Pelikan danno vita allo schermo<\/li>\n<li>INDICE Numero di telefono<\/li>\n<li>Striscia-Manera<\/li>\n<li>Nuove applicazioni per l'ABC-20<\/li>\n<\/ul>\n<h2>Amministrazione aziendale Contabilit\u00e0<\/h2>\n<ul>\n<li>Generazione di giovani imprenditori con metodologia<\/li>\n<li>Fine anno<\/li>\n<li>Cifre chiave utili<\/li>\n<li>Costo del capitale<\/li>\n<li>Modello di pianificazione finanziaria<\/li>\n<li>Problema degli interessi passivi<\/li>\n<\/ul>\n<h2>Vendite\/Vendite\/TradingMarketing\/Pubblicit\u00e0<\/h2>\n<ul>\n<li>Vendere efficacemente sul mercato di oggi (seminario)<\/li>\n<li>Lavorare con successo con i key account (seminario)<\/li>\n<li>Un sistema di bonus per il personale di vendita<\/li>\n<li>Garanzia del rischio di esportazione<\/li>\n<li>Spese e utili pubblicitari<\/li>\n<li>Il mercato invisibile degli over 49<\/li>\n<li>Cosa caratterizza un buon<\/li>\n<li>Il venditore \u00e8 fuori?<\/li>\n<li>Medie imprese operanti all'estero<\/li>\n<li>Conseguenze del mancato rispetto dei termini di consegna<\/li>\n<\/ul>\n<h2>Gestione dei materiali Produzione\/Trasporto<\/h2>\n<ul>\n<li>Dal reparto acquisti al centro di profitto<\/li>\n<li>Quando gli acquirenti tradiscono<\/li>\n<li>Portafoglio prodotti<\/li>\n<li>Novit\u00e0 Elbatex: la gamma di dissipatori di calore Alutronic<\/li>\n<li>Striscia-Manera<\/li>\n<\/ul>\n<p>&nbsp;<\/p>","protected":false},"excerpt":{"rendered":"<p>Ricevete la rivista specializzata in lingua tedesca \"organisator\" nel numero 10\/1980 come download in formato PDF con il seguente indice:<\/p>","protected":false},"featured_media":13859,"template":"","meta":{"_acf_changed":false,"articlekey":""},"product_brand":[],"product_cat":[546],"product_tag":[2925],"class_list":{"0":"post-13857","1":"product","2":"type-product","3":"status-publish","4":"has-post-thumbnail","6":"product_cat-einzelausgaben","7":"product_tag-2925","9":"first","10":"instock","11":"downloadable","12":"virtual","13":"taxable","14":"purchasable","15":"product-type-simple"},"acf":[],"yoast_head":"<!-- This site is optimized with the Yoast SEO plugin v27.4 - https:\/\/yoast.com\/product\/yoast-seo-wordpress\/ -->\n<title>Organisator Ausgabe 10\/1980 - Organisator<\/title>\n<meta name=\"description\" content=\"Erhalte die deutschsprachige Fachzeitschrift \u00aborganisator\u00bb in der Ausgabe 10\/1980 als PDF-Download mit nachfolgendem Inhaltsverzeichnis:\" \/>\n<meta name=\"robots\" content=\"index, follow, max-snippet:-1, max-image-preview:large, max-video-preview:-1\" \/>\n<link rel=\"canonical\" href=\"https:\/\/www.organisator.ch\/it\/prodotto\/organisator-ausgabe-10-1980\/\" \/>\n<meta property=\"og:locale\" content=\"it_IT\" \/>\n<meta property=\"og:type\" content=\"article\" \/>\n<meta property=\"og:title\" content=\"Organisator Ausgabe 10\/1980 - Organisator\" \/>\n<meta property=\"og:description\" content=\"Erhalte die deutschsprachige Fachzeitschrift \u00aborganisator\u00bb in der Ausgabe 10\/1980 als PDF-Download mit nachfolgendem Inhaltsverzeichnis:\" \/>\n<meta property=\"og:url\" content=\"https:\/\/www.organisator.ch\/it\/prodotto\/organisator-ausgabe-10-1980\/\" \/>\n<meta property=\"og:site_name\" content=\"Organisator\" \/>\n<meta property=\"article:publisher\" content=\"https:\/\/www.facebook.com\/OrganisatorFachmagazin\" \/>\n<meta property=\"article:modified_time\" content=\"2022-06-08T03:47:11+00:00\" \/>\n<meta property=\"og:image\" content=\"https:\/\/www.organisator.ch\/wp-content\/uploads\/2022\/06\/organisator_1980_10.png\" \/>\n\t<meta property=\"og:image:width\" content=\"654\" \/>\n\t<meta property=\"og:image:height\" content=\"370\" \/>\n\t<meta property=\"og:image:type\" content=\"image\/png\" \/>\n<meta name=\"twitter:card\" content=\"summary_large_image\" \/>\n<script type=\"application\/ld+json\" class=\"yoast-schema-graph\">{\"@context\":\"https:\\\/\\\/schema.org\",\"@graph\":[{\"@type\":\"WebPage\",\"@id\":\"https:\\\/\\\/www.organisator.ch\\\/de\\\/produkt\\\/organisator-ausgabe-10-1980\\\/\",\"url\":\"https:\\\/\\\/www.organisator.ch\\\/de\\\/produkt\\\/organisator-ausgabe-10-1980\\\/\",\"name\":\"Organisator Ausgabe 10\\\/1980 - Organisator\",\"isPartOf\":{\"@id\":\"https:\\\/\\\/www.organisator.ch\\\/#website\"},\"primaryImageOfPage\":{\"@id\":\"https:\\\/\\\/www.organisator.ch\\\/de\\\/produkt\\\/organisator-ausgabe-10-1980\\\/#primaryimage\"},\"image\":{\"@id\":\"https:\\\/\\\/www.organisator.ch\\\/de\\\/produkt\\\/organisator-ausgabe-10-1980\\\/#primaryimage\"},\"thumbnailUrl\":\"https:\\\/\\\/www.organisator.ch\\\/wp-content\\\/uploads\\\/2022\\\/06\\\/organisator_1980_10.png\",\"datePublished\":\"2022-06-08T03:46:51+00:00\",\"dateModified\":\"2022-06-08T03:47:11+00:00\",\"description\":\"Erhalte die deutschsprachige Fachzeitschrift \u00aborganisator\u00bb in der Ausgabe 10\\\/1980 als PDF-Download mit nachfolgendem Inhaltsverzeichnis:\",\"breadcrumb\":{\"@id\":\"https:\\\/\\\/www.organisator.ch\\\/de\\\/produkt\\\/organisator-ausgabe-10-1980\\\/#breadcrumb\"},\"inLanguage\":\"it-IT\",\"potentialAction\":[{\"@type\":\"ReadAction\",\"target\":[\"https:\\\/\\\/www.organisator.ch\\\/de\\\/produkt\\\/organisator-ausgabe-10-1980\\\/\"]}]},{\"@type\":\"ImageObject\",\"inLanguage\":\"it-IT\",\"@id\":\"https:\\\/\\\/www.organisator.ch\\\/de\\\/produkt\\\/organisator-ausgabe-10-1980\\\/#primaryimage\",\"url\":\"https:\\\/\\\/www.organisator.ch\\\/wp-content\\\/uploads\\\/2022\\\/06\\\/organisator_1980_10.png\",\"contentUrl\":\"https:\\\/\\\/www.organisator.ch\\\/wp-content\\\/uploads\\\/2022\\\/06\\\/organisator_1980_10.png\",\"width\":654,\"height\":370},{\"@type\":\"BreadcrumbList\",\"@id\":\"https:\\\/\\\/www.organisator.ch\\\/de\\\/produkt\\\/organisator-ausgabe-10-1980\\\/#breadcrumb\",\"itemListElement\":[{\"@type\":\"ListItem\",\"position\":1,\"name\":\"Home\",\"item\":\"https:\\\/\\\/www.organisator.ch\\\/\"},{\"@type\":\"ListItem\",\"position\":2,\"name\":\"Shop\",\"item\":\"https:\\\/\\\/www.organisator.ch\\\/fr\\\/shop\\\/\"},{\"@type\":\"ListItem\",\"position\":3,\"name\":\"Organisator Ausgabe 10\\\/1980\"}]},{\"@type\":\"WebSite\",\"@id\":\"https:\\\/\\\/www.organisator.ch\\\/#website\",\"url\":\"https:\\\/\\\/www.organisator.ch\\\/\",\"name\":\"Organisator\",\"description\":\"Kompetent. Praxisnah. Der ORGANISATOR bereitet in 10 Ausgaben pro Jahr die wesentlichen Themen f\u00fcr F\u00fchrungskr\u00e4fte von KMU auf.\",\"publisher\":{\"@id\":\"https:\\\/\\\/www.organisator.ch\\\/#organization\"},\"potentialAction\":[{\"@type\":\"SearchAction\",\"target\":{\"@type\":\"EntryPoint\",\"urlTemplate\":\"https:\\\/\\\/www.organisator.ch\\\/?s={search_term_string}\"},\"query-input\":{\"@type\":\"PropertyValueSpecification\",\"valueRequired\":true,\"valueName\":\"search_term_string\"}}],\"inLanguage\":\"it-IT\"},{\"@type\":\"Organization\",\"@id\":\"https:\\\/\\\/www.organisator.ch\\\/#organization\",\"name\":\"Organisator\",\"url\":\"https:\\\/\\\/www.organisator.ch\\\/\",\"logo\":{\"@type\":\"ImageObject\",\"inLanguage\":\"it-IT\",\"@id\":\"https:\\\/\\\/www.organisator.ch\\\/#\\\/schema\\\/logo\\\/image\\\/\",\"url\":\"https:\\\/\\\/www.organisator.ch\\\/wp-content\\\/uploads\\\/2022\\\/01\\\/Logo_Organisator_Website.png\",\"contentUrl\":\"https:\\\/\\\/www.organisator.ch\\\/wp-content\\\/uploads\\\/2022\\\/01\\\/Logo_Organisator_Website.png\",\"width\":800,\"height\":77,\"caption\":\"Organisator\"},\"image\":{\"@id\":\"https:\\\/\\\/www.organisator.ch\\\/#\\\/schema\\\/logo\\\/image\\\/\"},\"sameAs\":[\"https:\\\/\\\/www.facebook.com\\\/OrganisatorFachmagazin\",\"https:\\\/\\\/www.linkedin.com\\\/showcase\\\/organisator-das-magazin-fr-kmu\",\"https:\\\/\\\/www.xing.com\\\/news\\\/pages\\\/organisator-ch-695\",\"https:\\\/\\\/www.youtube.com\\\/channel\\\/UCGP2Sq0iWaZwT3BdIAQFYpw\"]}]}<\/script>\n<!-- \/ Yoast SEO plugin. -->","yoast_head_json":{"title":"Organizzatore Numero 10\/1980 - Organizzatore","description":"Ricevete la rivista specializzata in lingua tedesca \"organisator\" nel numero 10\/1980 come download in formato PDF con il seguente indice:","robots":{"index":"index","follow":"follow","max-snippet":"max-snippet:-1","max-image-preview":"max-image-preview:large","max-video-preview":"max-video-preview:-1"},"canonical":"https:\/\/www.organisator.ch\/it\/prodotto\/organisator-ausgabe-10-1980\/","og_locale":"it_IT","og_type":"article","og_title":"Organisator Ausgabe 10\/1980 - Organisator","og_description":"Erhalte die deutschsprachige Fachzeitschrift \u00aborganisator\u00bb in der Ausgabe 10\/1980 als PDF-Download mit nachfolgendem Inhaltsverzeichnis:","og_url":"https:\/\/www.organisator.ch\/it\/prodotto\/organisator-ausgabe-10-1980\/","og_site_name":"Organisator","article_publisher":"https:\/\/www.facebook.com\/OrganisatorFachmagazin","article_modified_time":"2022-06-08T03:47:11+00:00","og_image":[{"width":654,"height":370,"url":"https:\/\/www.organisator.ch\/wp-content\/uploads\/2022\/06\/organisator_1980_10.png","type":"image\/png"}],"twitter_card":"summary_large_image","schema":{"@context":"https:\/\/schema.org","@graph":[{"@type":"WebPage","@id":"https:\/\/www.organisator.ch\/de\/produkt\/organisator-ausgabe-10-1980\/","url":"https:\/\/www.organisator.ch\/de\/produkt\/organisator-ausgabe-10-1980\/","name":"Organizzatore Numero 10\/1980 - Organizzatore","isPartOf":{"@id":"https:\/\/www.organisator.ch\/#website"},"primaryImageOfPage":{"@id":"https:\/\/www.organisator.ch\/de\/produkt\/organisator-ausgabe-10-1980\/#primaryimage"},"image":{"@id":"https:\/\/www.organisator.ch\/de\/produkt\/organisator-ausgabe-10-1980\/#primaryimage"},"thumbnailUrl":"https:\/\/www.organisator.ch\/wp-content\/uploads\/2022\/06\/organisator_1980_10.png","datePublished":"2022-06-08T03:46:51+00:00","dateModified":"2022-06-08T03:47:11+00:00","description":"Ricevete la rivista specializzata in lingua tedesca \"organisator\" nel numero 10\/1980 come download in formato PDF con il seguente indice:","breadcrumb":{"@id":"https:\/\/www.organisator.ch\/de\/produkt\/organisator-ausgabe-10-1980\/#breadcrumb"},"inLanguage":"it-IT","potentialAction":[{"@type":"ReadAction","target":["https:\/\/www.organisator.ch\/de\/produkt\/organisator-ausgabe-10-1980\/"]}]},{"@type":"ImageObject","inLanguage":"it-IT","@id":"https:\/\/www.organisator.ch\/de\/produkt\/organisator-ausgabe-10-1980\/#primaryimage","url":"https:\/\/www.organisator.ch\/wp-content\/uploads\/2022\/06\/organisator_1980_10.png","contentUrl":"https:\/\/www.organisator.ch\/wp-content\/uploads\/2022\/06\/organisator_1980_10.png","width":654,"height":370},{"@type":"BreadcrumbList","@id":"https:\/\/www.organisator.ch\/de\/produkt\/organisator-ausgabe-10-1980\/#breadcrumb","itemListElement":[{"@type":"ListItem","position":1,"name":"Home","item":"https:\/\/www.organisator.ch\/"},{"@type":"ListItem","position":2,"name":"Shop","item":"https:\/\/www.organisator.ch\/fr\/shop\/"},{"@type":"ListItem","position":3,"name":"Organisator Ausgabe 10\/1980"}]},{"@type":"WebSite","@id":"https:\/\/www.organisator.ch\/#website","url":"https:\/\/www.organisator.ch\/","name":"Organizzatore","description":"Competente. Pratico. In 10 numeri all'anno, ORGANISATOR presenta i temi essenziali per i manager delle PMI.","publisher":{"@id":"https:\/\/www.organisator.ch\/#organization"},"potentialAction":[{"@type":"SearchAction","target":{"@type":"EntryPoint","urlTemplate":"https:\/\/www.organisator.ch\/?s={search_term_string}"},"query-input":{"@type":"PropertyValueSpecification","valueRequired":true,"valueName":"search_term_string"}}],"inLanguage":"it-IT"},{"@type":"Organization","@id":"https:\/\/www.organisator.ch\/#organization","name":"Organizzatore","url":"https:\/\/www.organisator.ch\/","logo":{"@type":"ImageObject","inLanguage":"it-IT","@id":"https:\/\/www.organisator.ch\/#\/schema\/logo\/image\/","url":"https:\/\/www.organisator.ch\/wp-content\/uploads\/2022\/01\/Logo_Organisator_Website.png","contentUrl":"https:\/\/www.organisator.ch\/wp-content\/uploads\/2022\/01\/Logo_Organisator_Website.png","width":800,"height":77,"caption":"Organisator"},"image":{"@id":"https:\/\/www.organisator.ch\/#\/schema\/logo\/image\/"},"sameAs":["https:\/\/www.facebook.com\/OrganisatorFachmagazin","https:\/\/www.linkedin.com\/showcase\/organisator-das-magazin-fr-kmu","https:\/\/www.xing.com\/news\/pages\/organisator-ch-695","https:\/\/www.youtube.com\/channel\/UCGP2Sq0iWaZwT3BdIAQFYpw"]}]}},"_links":{"self":[{"href":"https:\/\/www.organisator.ch\/it\/wp-json\/wp\/v2\/product\/13857","targetHints":{"allow":["GET"]}}],"collection":[{"href":"https:\/\/www.organisator.ch\/it\/wp-json\/wp\/v2\/product"}],"about":[{"href":"https:\/\/www.organisator.ch\/it\/wp-json\/wp\/v2\/types\/product"}],"wp:featuredmedia":[{"embeddable":true,"href":"https:\/\/www.organisator.ch\/it\/wp-json\/wp\/v2\/media\/13859"}],"wp:attachment":[{"href":"https:\/\/www.organisator.ch\/it\/wp-json\/wp\/v2\/media?parent=13857"}],"wp:term":[{"taxonomy":"product_brand","embeddable":true,"href":"https:\/\/www.organisator.ch\/it\/wp-json\/wp\/v2\/product_brand?post=13857"},{"taxonomy":"product_cat","embeddable":true,"href":"https:\/\/www.organisator.ch\/it\/wp-json\/wp\/v2\/product_cat?post=13857"},{"taxonomy":"product_tag","embeddable":true,"href":"https:\/\/www.organisator.ch\/it\/wp-json\/wp\/v2\/product_tag?post=13857"}],"curies":[{"name":"wp","href":"https:\/\/api.w.org\/{rel}","templated":true}]}}