{"id":13882,"date":"2022-06-08T10:04:37","date_gmt":"2022-06-08T08:04:37","guid":{"rendered":"https:\/\/www.organisator.ch\/?post_type=product&#038;p=13882"},"modified":"2022-06-08T10:04:39","modified_gmt":"2022-06-08T08:04:39","slug":"organisator-ausgabe-4-1980","status":"publish","type":"product","link":"https:\/\/www.organisator.ch\/it\/produkt\/organisator-ausgabe-4-1980\/","title":{"rendered":"Organizzatore Numero 4\/1980"},"content":{"rendered":"<h2>Le nostre rubriche mese<\/h2>\n<ul>\n<li>Libri per voi<\/li>\n<li>Pagina del lettore<\/li>\n<li>Il mese economico<\/li>\n<li>L'ORGANIZZATORE dice<\/li>\n<li>Casi legali<\/li>\n<li>Seminario organizzatore<\/li>\n<li>Per riflettere<\/li>\n<li>Donne al lavoro<\/li>\n<li>Affari e famiglia<\/li>\n<li>La lettura si concentra<\/li>\n<li>Prodotti e servizi<\/li>\n<li>Corsi e conferenze<\/li>\n<li>Tarantola<\/li>\n<\/ul>\n<h2>Economia Governo d'impresa<\/h2>\n<ul>\n<li>Il mese economico<\/li>\n<li>Nel 2150 andr\u00e0 tutto bene<br \/>\nSociet\u00e0 di persone o societ\u00e0 per azioni?<\/li>\n<li>L'automazione negli anni Ottanta<\/li>\n<li>L'autodeterminazione nella societ\u00e0 indipendente<\/li>\n<li>Servizi di consulenza delle compagnie di assicurazione<\/li>\n<li>Il legno \u00e8 in crescita<\/li>\n<\/ul>\n<h2>Persone e lavoro Risorse umane<\/h2>\n<ul>\n<li>Responsabilit\u00e0 personale 3\u00b0 pilastro<\/li>\n<li>Assicurazione bagaglio (cause legali)<\/li>\n<li>Ostilit\u00e0 mascherata alla vita (Per riflettere)<\/li>\n<li>L'ottundimento attraverso il denaro<\/li>\n<li>La responsabilit\u00e0 \u00e8 solo della famiglia?<\/li>\n<li>Sopravvivere alla pensione<\/li>\n<li>La violenza nella vita quotidiana<\/li>\n<li>Criteri di selezione per i manager<\/li>\n<li>Tristi fatti sul top management pratico<\/li>\n<li>Reinserimento lavorativo delle persone disabili<\/li>\n<li>Stabilire le priorit\u00e0 o cedere alla pressione?<\/li>\n<li>Diminuzione degli attacchi cardiaci negli Stati Uniti<\/li>\n<li>Identificazione immediata della valigia<\/li>\n<\/ul>\n<h2>Organizzazione Ufficio e tecnologia dei dati<\/h2>\n<ul>\n<li>Sistema proprio o elaborazione nel centro dati?<\/li>\n<li>Al posto della carta, chip di silicio in ufficio?<\/li>\n<li>Sviluppo di un concetto di protezione personale<\/li>\n<li>Uso della stampante laser nella pubblicit\u00e0 diretta<\/li>\n<li>Ancora troppo lavoro manuale con la posta in arrivo<\/li>\n<li>Ecco come l'ufficio del futuro<\/li>\n<li>EDP sulla strada del sistema sociale<\/li>\n<li>L'organizzazione a matrice pu\u00f2 prevenire i conflitti<\/li>\n<li>Velocit\u00e0 fulminea dalla pila<\/li>\n<li>Firma originale della macchina<\/li>\n<li>Possibilit\u00e0 di utilizzo ottimale con le postazioni di lavoro a schermo colorato<\/li>\n<li>Gamma completa di mobili per sedute<\/li>\n<li>Visiplan con nuovo effetto di serraggio<\/li>\n<li>Stampante a matrice da 200 cps con un interessante rapporto prezzo\/prestazioni<\/li>\n<li>DS-2000 cerca anche in modo discreto<\/li>\n<li>Registrazione della presenza e del tempo di produzione in combinazione<\/li>\n<li>Macchine a indirizzi ad alte prestazioni<\/li>\n<li>Amministrazione aziendale Contabilit\u00e0<\/li>\n<li>Il metafloor pi\u00f9 essenziale per la risoluzione dei problemi<\/li>\n<li>Controllo degli acquisti<\/li>\n<li>Figure chiave nelle piccole e medie imprese<\/li>\n<li>Ricevuta delle spese telefoniche<\/li>\n<\/ul>\n<h2>Vendite\/Commercio Marketing\/Pubblicit\u00e0<\/h2>\n<ul>\n<li>Le 35 migliori idee per vendere con successo negli anni '80 (OS)<\/li>\n<li>Informazioni per i consumatori vicino alla barriera del suono<\/li>\n<li>Perch\u00e9 per il sistema Mabn utilizzate solo il file clienti di Ibre?<\/li>\n<li>La busta nel direct mail<\/li>\n<li>Marketing turistico dei comuni<\/li>\n<li>Antitaccheggio contro i taccheggiatori<\/li>\n<li>I vostri documenti presentano meglio<\/li>\n<\/ul>\n<h2>Gestione dei materiali Produzione\/Trasporto<\/h2>\n<ul>\n<li>Controllo degli acquisti<\/li>\n<li>Sistema integrato di informazione e contabilit\u00e0 per le aziende di spedizione merci<\/li>\n<\/ul>\n<p>&nbsp;<\/p>","protected":false},"excerpt":{"rendered":"<p>Ricevete la rivista specializzata in lingua tedesca \"organisator\" nel numero 4\/1980 come download in formato PDF con il seguente indice:<\/p>","protected":false},"featured_media":13885,"template":"","meta":{"_acf_changed":false,"articlekey":""},"product_brand":[],"product_cat":[546],"product_tag":[2925],"class_list":{"0":"post-13882","1":"product","2":"type-product","3":"status-publish","4":"has-post-thumbnail","6":"product_cat-einzelausgaben","7":"product_tag-2925","9":"first","10":"instock","11":"downloadable","12":"virtual","13":"taxable","14":"purchasable","15":"product-type-simple"},"acf":[],"yoast_head":"<!-- This site is optimized with the Yoast SEO plugin v27.4 - https:\/\/yoast.com\/product\/yoast-seo-wordpress\/ -->\n<title>Organisator Ausgabe 4\/1980 - Organisator<\/title>\n<meta name=\"robots\" content=\"index, follow, max-snippet:-1, max-image-preview:large, max-video-preview:-1\" \/>\n<link rel=\"canonical\" href=\"https:\/\/www.organisator.ch\/it\/product\/organisator-ausgabe-4-1980\/\" \/>\n<meta property=\"og:locale\" content=\"it_IT\" \/>\n<meta property=\"og:type\" content=\"article\" \/>\n<meta property=\"og:title\" content=\"Organisator Ausgabe 4\/1980 - Organisator\" \/>\n<meta property=\"og:description\" content=\"Erhalte die deutschsprachige Fachzeitschrift \u00aborganisator\u00bb in der Ausgabe 4\/1980 als PDF-Download mit nachfolgendem Inhaltsverzeichnis:\" \/>\n<meta property=\"og:url\" content=\"https:\/\/www.organisator.ch\/it\/product\/organisator-ausgabe-4-1980\/\" \/>\n<meta property=\"og:site_name\" content=\"Organisator\" \/>\n<meta property=\"article:publisher\" content=\"https:\/\/www.facebook.com\/OrganisatorFachmagazin\" \/>\n<meta property=\"article:modified_time\" content=\"2022-06-08T08:04:39+00:00\" \/>\n<meta property=\"og:image\" content=\"https:\/\/www.organisator.ch\/wp-content\/uploads\/2022\/06\/organisator_1980_4.png\" \/>\n\t<meta property=\"og:image:width\" content=\"654\" \/>\n\t<meta property=\"og:image:height\" content=\"370\" \/>\n\t<meta property=\"og:image:type\" content=\"image\/png\" \/>\n<meta name=\"twitter:card\" content=\"summary_large_image\" \/>\n<script type=\"application\/ld+json\" class=\"yoast-schema-graph\">{\"@context\":\"https:\\\/\\\/schema.org\",\"@graph\":[{\"@type\":\"WebPage\",\"@id\":\"https:\\\/\\\/www.organisator.ch\\\/en\\\/product\\\/organisator-ausgabe-4-1980\\\/\",\"url\":\"https:\\\/\\\/www.organisator.ch\\\/en\\\/product\\\/organisator-ausgabe-4-1980\\\/\",\"name\":\"Organisator Ausgabe 4\\\/1980 - Organisator\",\"isPartOf\":{\"@id\":\"https:\\\/\\\/www.organisator.ch\\\/#website\"},\"primaryImageOfPage\":{\"@id\":\"https:\\\/\\\/www.organisator.ch\\\/en\\\/product\\\/organisator-ausgabe-4-1980\\\/#primaryimage\"},\"image\":{\"@id\":\"https:\\\/\\\/www.organisator.ch\\\/en\\\/product\\\/organisator-ausgabe-4-1980\\\/#primaryimage\"},\"thumbnailUrl\":\"https:\\\/\\\/www.organisator.ch\\\/wp-content\\\/uploads\\\/2022\\\/06\\\/organisator_1980_4.png\",\"datePublished\":\"2022-06-08T08:04:37+00:00\",\"dateModified\":\"2022-06-08T08:04:39+00:00\",\"breadcrumb\":{\"@id\":\"https:\\\/\\\/www.organisator.ch\\\/en\\\/product\\\/organisator-ausgabe-4-1980\\\/#breadcrumb\"},\"inLanguage\":\"it-IT\",\"potentialAction\":[{\"@type\":\"ReadAction\",\"target\":[\"https:\\\/\\\/www.organisator.ch\\\/en\\\/product\\\/organisator-ausgabe-4-1980\\\/\"]}]},{\"@type\":\"ImageObject\",\"inLanguage\":\"it-IT\",\"@id\":\"https:\\\/\\\/www.organisator.ch\\\/en\\\/product\\\/organisator-ausgabe-4-1980\\\/#primaryimage\",\"url\":\"https:\\\/\\\/www.organisator.ch\\\/wp-content\\\/uploads\\\/2022\\\/06\\\/organisator_1980_4.png\",\"contentUrl\":\"https:\\\/\\\/www.organisator.ch\\\/wp-content\\\/uploads\\\/2022\\\/06\\\/organisator_1980_4.png\",\"width\":654,\"height\":370},{\"@type\":\"BreadcrumbList\",\"@id\":\"https:\\\/\\\/www.organisator.ch\\\/en\\\/product\\\/organisator-ausgabe-4-1980\\\/#breadcrumb\",\"itemListElement\":[{\"@type\":\"ListItem\",\"position\":1,\"name\":\"Home\",\"item\":\"https:\\\/\\\/www.organisator.ch\\\/\"},{\"@type\":\"ListItem\",\"position\":2,\"name\":\"Shop\",\"item\":\"https:\\\/\\\/www.organisator.ch\\\/fr\\\/shop\\\/\"},{\"@type\":\"ListItem\",\"position\":3,\"name\":\"Organisator Ausgabe 4\\\/1980\"}]},{\"@type\":\"WebSite\",\"@id\":\"https:\\\/\\\/www.organisator.ch\\\/#website\",\"url\":\"https:\\\/\\\/www.organisator.ch\\\/\",\"name\":\"Organisator\",\"description\":\"Kompetent. Praxisnah. Der ORGANISATOR bereitet in 10 Ausgaben pro Jahr die wesentlichen Themen f\u00fcr F\u00fchrungskr\u00e4fte von KMU auf.\",\"publisher\":{\"@id\":\"https:\\\/\\\/www.organisator.ch\\\/#organization\"},\"potentialAction\":[{\"@type\":\"SearchAction\",\"target\":{\"@type\":\"EntryPoint\",\"urlTemplate\":\"https:\\\/\\\/www.organisator.ch\\\/?s={search_term_string}\"},\"query-input\":{\"@type\":\"PropertyValueSpecification\",\"valueRequired\":true,\"valueName\":\"search_term_string\"}}],\"inLanguage\":\"it-IT\"},{\"@type\":\"Organization\",\"@id\":\"https:\\\/\\\/www.organisator.ch\\\/#organization\",\"name\":\"Organisator\",\"url\":\"https:\\\/\\\/www.organisator.ch\\\/\",\"logo\":{\"@type\":\"ImageObject\",\"inLanguage\":\"it-IT\",\"@id\":\"https:\\\/\\\/www.organisator.ch\\\/#\\\/schema\\\/logo\\\/image\\\/\",\"url\":\"https:\\\/\\\/www.organisator.ch\\\/wp-content\\\/uploads\\\/2022\\\/01\\\/Logo_Organisator_Website.png\",\"contentUrl\":\"https:\\\/\\\/www.organisator.ch\\\/wp-content\\\/uploads\\\/2022\\\/01\\\/Logo_Organisator_Website.png\",\"width\":800,\"height\":77,\"caption\":\"Organisator\"},\"image\":{\"@id\":\"https:\\\/\\\/www.organisator.ch\\\/#\\\/schema\\\/logo\\\/image\\\/\"},\"sameAs\":[\"https:\\\/\\\/www.facebook.com\\\/OrganisatorFachmagazin\",\"https:\\\/\\\/www.linkedin.com\\\/showcase\\\/organisator-das-magazin-fr-kmu\",\"https:\\\/\\\/www.xing.com\\\/news\\\/pages\\\/organisator-ch-695\",\"https:\\\/\\\/www.youtube.com\\\/channel\\\/UCGP2Sq0iWaZwT3BdIAQFYpw\"]}]}<\/script>\n<!-- \/ Yoast SEO plugin. -->","yoast_head_json":{"title":"Organizzatore Numero 4\/1980 - Organizzatore","robots":{"index":"index","follow":"follow","max-snippet":"max-snippet:-1","max-image-preview":"max-image-preview:large","max-video-preview":"max-video-preview:-1"},"canonical":"https:\/\/www.organisator.ch\/it\/product\/organisator-ausgabe-4-1980\/","og_locale":"it_IT","og_type":"article","og_title":"Organisator Ausgabe 4\/1980 - Organisator","og_description":"Erhalte die deutschsprachige Fachzeitschrift \u00aborganisator\u00bb in der Ausgabe 4\/1980 als PDF-Download mit nachfolgendem Inhaltsverzeichnis:","og_url":"https:\/\/www.organisator.ch\/it\/product\/organisator-ausgabe-4-1980\/","og_site_name":"Organisator","article_publisher":"https:\/\/www.facebook.com\/OrganisatorFachmagazin","article_modified_time":"2022-06-08T08:04:39+00:00","og_image":[{"width":654,"height":370,"url":"https:\/\/www.organisator.ch\/wp-content\/uploads\/2022\/06\/organisator_1980_4.png","type":"image\/png"}],"twitter_card":"summary_large_image","schema":{"@context":"https:\/\/schema.org","@graph":[{"@type":"WebPage","@id":"https:\/\/www.organisator.ch\/en\/product\/organisator-ausgabe-4-1980\/","url":"https:\/\/www.organisator.ch\/en\/product\/organisator-ausgabe-4-1980\/","name":"Organizzatore Numero 4\/1980 - Organizzatore","isPartOf":{"@id":"https:\/\/www.organisator.ch\/#website"},"primaryImageOfPage":{"@id":"https:\/\/www.organisator.ch\/en\/product\/organisator-ausgabe-4-1980\/#primaryimage"},"image":{"@id":"https:\/\/www.organisator.ch\/en\/product\/organisator-ausgabe-4-1980\/#primaryimage"},"thumbnailUrl":"https:\/\/www.organisator.ch\/wp-content\/uploads\/2022\/06\/organisator_1980_4.png","datePublished":"2022-06-08T08:04:37+00:00","dateModified":"2022-06-08T08:04:39+00:00","breadcrumb":{"@id":"https:\/\/www.organisator.ch\/en\/product\/organisator-ausgabe-4-1980\/#breadcrumb"},"inLanguage":"it-IT","potentialAction":[{"@type":"ReadAction","target":["https:\/\/www.organisator.ch\/en\/product\/organisator-ausgabe-4-1980\/"]}]},{"@type":"ImageObject","inLanguage":"it-IT","@id":"https:\/\/www.organisator.ch\/en\/product\/organisator-ausgabe-4-1980\/#primaryimage","url":"https:\/\/www.organisator.ch\/wp-content\/uploads\/2022\/06\/organisator_1980_4.png","contentUrl":"https:\/\/www.organisator.ch\/wp-content\/uploads\/2022\/06\/organisator_1980_4.png","width":654,"height":370},{"@type":"BreadcrumbList","@id":"https:\/\/www.organisator.ch\/en\/product\/organisator-ausgabe-4-1980\/#breadcrumb","itemListElement":[{"@type":"ListItem","position":1,"name":"Home","item":"https:\/\/www.organisator.ch\/"},{"@type":"ListItem","position":2,"name":"Shop","item":"https:\/\/www.organisator.ch\/fr\/shop\/"},{"@type":"ListItem","position":3,"name":"Organisator Ausgabe 4\/1980"}]},{"@type":"WebSite","@id":"https:\/\/www.organisator.ch\/#website","url":"https:\/\/www.organisator.ch\/","name":"Organizzatore","description":"Competente. Pratico. In 10 numeri all'anno, ORGANISATOR presenta i temi essenziali per i manager delle PMI.","publisher":{"@id":"https:\/\/www.organisator.ch\/#organization"},"potentialAction":[{"@type":"SearchAction","target":{"@type":"EntryPoint","urlTemplate":"https:\/\/www.organisator.ch\/?s={search_term_string}"},"query-input":{"@type":"PropertyValueSpecification","valueRequired":true,"valueName":"search_term_string"}}],"inLanguage":"it-IT"},{"@type":"Organization","@id":"https:\/\/www.organisator.ch\/#organization","name":"Organizzatore","url":"https:\/\/www.organisator.ch\/","logo":{"@type":"ImageObject","inLanguage":"it-IT","@id":"https:\/\/www.organisator.ch\/#\/schema\/logo\/image\/","url":"https:\/\/www.organisator.ch\/wp-content\/uploads\/2022\/01\/Logo_Organisator_Website.png","contentUrl":"https:\/\/www.organisator.ch\/wp-content\/uploads\/2022\/01\/Logo_Organisator_Website.png","width":800,"height":77,"caption":"Organisator"},"image":{"@id":"https:\/\/www.organisator.ch\/#\/schema\/logo\/image\/"},"sameAs":["https:\/\/www.facebook.com\/OrganisatorFachmagazin","https:\/\/www.linkedin.com\/showcase\/organisator-das-magazin-fr-kmu","https:\/\/www.xing.com\/news\/pages\/organisator-ch-695","https:\/\/www.youtube.com\/channel\/UCGP2Sq0iWaZwT3BdIAQFYpw"]}]}},"_links":{"self":[{"href":"https:\/\/www.organisator.ch\/it\/wp-json\/wp\/v2\/product\/13882","targetHints":{"allow":["GET"]}}],"collection":[{"href":"https:\/\/www.organisator.ch\/it\/wp-json\/wp\/v2\/product"}],"about":[{"href":"https:\/\/www.organisator.ch\/it\/wp-json\/wp\/v2\/types\/product"}],"wp:featuredmedia":[{"embeddable":true,"href":"https:\/\/www.organisator.ch\/it\/wp-json\/wp\/v2\/media\/13885"}],"wp:attachment":[{"href":"https:\/\/www.organisator.ch\/it\/wp-json\/wp\/v2\/media?parent=13882"}],"wp:term":[{"taxonomy":"product_brand","embeddable":true,"href":"https:\/\/www.organisator.ch\/it\/wp-json\/wp\/v2\/product_brand?post=13882"},{"taxonomy":"product_cat","embeddable":true,"href":"https:\/\/www.organisator.ch\/it\/wp-json\/wp\/v2\/product_cat?post=13882"},{"taxonomy":"product_tag","embeddable":true,"href":"https:\/\/www.organisator.ch\/it\/wp-json\/wp\/v2\/product_tag?post=13882"}],"curies":[{"name":"wp","href":"https:\/\/api.w.org\/{rel}","templated":true}]}}