{"id":13897,"date":"2022-06-08T10:48:33","date_gmt":"2022-06-08T08:48:33","guid":{"rendered":"https:\/\/www.organisator.ch\/?post_type=product&#038;p=13897"},"modified":"2022-06-08T10:48:35","modified_gmt":"2022-06-08T08:48:35","slug":"organisator-ausgabe-2-1980","status":"publish","type":"product","link":"https:\/\/www.organisator.ch\/it\/produkt\/organisator-ausgabe-2-1980\/","title":{"rendered":"Organizzatore Numero 2\/1980"},"content":{"rendered":"<h2>Le nostre rubriche del mese<\/h2>\n<ul>\n<li>Libri per voi<\/li>\n<li>Il mese economico<\/li>\n<li>Seminario organizzatore<\/li>\n<li>Consigli fiscali<\/li>\n<li>Per riflettere<\/li>\n<li>L'ORGANIZZATORE offre<\/li>\n<li>Affari e famiglia<\/li>\n<li>Donne al lavoro<\/li>\n<li>La lettura si concentra<\/li>\n<li>Prodotti e servizi<\/li>\n<li>Corsi e conferenze<\/li>\n<li>Tarantola<\/li>\n<\/ul>\n<h2>Economia Governo d'impresa<\/h2>\n<ul>\n<li>Il mese economico<\/li>\n<li>Opportunit\u00e0 per le piccole e medie imprese<\/li>\n<li>Pensiero e azione laterale (Seminario Org.)<\/li>\n<li>Il significato della leadership (per la riflessione)<\/li>\n<li>Il sistema energetico del futuro<\/li>\n<li>Crescita con le vendite di know-how<\/li>\n<li>Tutor per giovani imprenditori<\/li>\n<li>Bilanci di ricerca<\/li>\n<li>Camera executive Swiss-Top-2<\/li>\n<\/ul>\n<h2>Persone e lavoro Risorse umane<\/h2>\n<ul>\n<li>Conferenze dei capi<\/li>\n<li>Assenteismo: cause e misure da adottare in caso di assenze dal posto di lavoro<\/li>\n<li>Razionalizzare meglio il proprio lavoro<\/li>\n<li>Per riflettere<\/li>\n<li>Chi invia dipendenti all'estero<\/li>\n<li>Affari e famiglia<\/li>\n<li>Donne al lavoro<\/li>\n<li>Addio al patriarcato<\/li>\n<li>Perdere tempo alle riunioni<\/li>\n<li>Formazione continua per i responsabili tecnici<\/li>\n<li>Incontro di contatto con i laureati a Lucerna<\/li>\n<li>A ciascuno il suo insegnante privato<\/li>\n<li>Frasario elettronico parlante<\/li>\n<\/ul>\n<h2>Organizzazione Ufficio e tecnologia dei dati<\/h2>\n<ul>\n<li>Se il capo corregge e cambia sempre in questo modo<\/li>\n<li>Preparare i dipendenti alla tecnologia d'ufficio<\/li>\n<li>La qualit\u00e0 (per le macchine da scrivere) \u00e8 anche portatile?<\/li>\n<li>Pensiero sistemico<\/li>\n<li>Sistema informativo comportamentale<\/li>\n<li>Pianificazione nelle piccole e medie imprese<\/li>\n<li>Progettazione intelligente di postazioni di lavoro VDU<\/li>\n<li>I microprocessori garantiscono la sicurezza<\/li>\n<li>Opuscolo sulla scrittura di documenti<\/li>\n<li>La pellicola istantanea pi\u00f9 veloce<\/li>\n<li>Qualit\u00e0 nero su bianco: una \u00abcopiatrice di lettere\u00bb<\/li>\n<li>Computer elettronico con<\/li>\n<li>Chiave di confronto Nuovi sistemi EDP di Burroughs<\/li>\n<li>1500 Stampante ad alta velocit\u00e0 LMP<\/li>\n<li>Chiamata in citt\u00e0: pronti all'azione 24 ore su 24<\/li>\n<li>Famiglia di sistemi Kienzle 9066<\/li>\n<li>Pulitore per schermi ClearLine<\/li>\n<li>Trituratore universale<\/li>\n<li>Nova 4 di Data General<\/li>\n<li>Borse organizer per negozi<\/li>\n<li>Una pratica fotocamera repro<\/li>\n<li>Caselle di clic per la stazione dati piccola<\/li>\n<li>Piccola calcolatrice con stampa e display<\/li>\n<li>Un nuovo piccolo sistema informatico dal Giappone<\/li>\n<li>Ispettore tester per nastri magnetici IV MPC<\/li>\n<li>Citofono senza fili<\/li>\n<li>Qual \u00e8 l'originale?<\/li>\n<li>Test RO per la verifica dell'autenticit\u00e0 dei documenti<\/li>\n<li>Stampante\/Plotter Pussygraph 650<\/li>\n<li>Elaborazione razionale di stampe al computer<\/li>\n<li>Sistema di archiviazione per supporti dati<\/li>\n<\/ul>\n<h2>Amministrazione aziendale Contabilit\u00e0<\/h2>\n<ul>\n<li>L'opportunit\u00e0 fa i ladri<\/li>\n<li>Le tasse come voce di bilancio<\/li>\n<li>Valutazione separata di marito e moglie<\/li>\n<li>Accesso al diritto di abitazione. Terzo<\/li>\n<li>Dove \u00e8 ancora possibile ridurre i costi<\/li>\n<li>Le perdite come fenomeno<\/li>\n<li>Manuale di revisione<\/li>\n<li>Internazionale. Informazioni finanziarie sui dispositivi di visualizzazione dei dati<\/li>\n<li>Minitester smaschera il denaro falso<\/li>\n<li>Computer di chiamata per tutti i settori<\/li>\n<\/ul>\n<h2>Vendite\/Commercio Marketing\/Pubblicit\u00e0<\/h2>\n<ul>\n<li>Vendere, ma non distribuire (Quiz III)<\/li>\n<li>Sei miti del marketing<\/li>\n<li>Zone pedonali<\/li>\n<li>Servizi: strategia di sopravvivenza nel commercio<\/li>\n<li>Marketing diretto<\/li>\n<li>Settore \u201980<\/li>\n<\/ul>\n<h2>Gestione dei materiali Produzione\/Trasporto<\/h2>\n<ul>\n<li>Formazione continua per i responsabili tecnici<\/li>\n<li>Gestione del portafoglio prodotti<\/li>\n<li>Centro di stoccaggio con 3 zone di temperatura<\/li>\n<li>Topaz per tensione di rete costante<\/li>\n<\/ul>","protected":false},"excerpt":{"rendered":"<p>Ricevete la rivista specializzata in lingua tedesca \"organisator\" nel numero 2\/1980 come download in formato PDF con il seguente indice:<\/p>","protected":false},"featured_media":13899,"template":"","meta":{"_acf_changed":false,"articlekey":""},"product_brand":[],"product_cat":[546],"product_tag":[2925],"class_list":{"0":"post-13897","1":"product","2":"type-product","3":"status-publish","4":"has-post-thumbnail","6":"product_cat-einzelausgaben","7":"product_tag-2925","9":"first","10":"instock","11":"downloadable","12":"virtual","13":"taxable","14":"product-type-simple"},"acf":[],"yoast_head":"<!-- This site is optimized with the Yoast SEO plugin v27.4 - https:\/\/yoast.com\/product\/yoast-seo-wordpress\/ -->\n<title>Organisator Ausgabe 2\/1980 - Organisator<\/title>\n<meta name=\"description\" content=\"Erhalte die deutschsprachige Fachzeitschrift \u00aborganisator\u00bb in der Ausgabe 2\/1980 als PDF-Download mit nachfolgendem Inhaltsverzeichnis:\" \/>\n<meta name=\"robots\" content=\"index, follow, max-snippet:-1, max-image-preview:large, max-video-preview:-1\" \/>\n<link rel=\"canonical\" href=\"https:\/\/www.organisator.ch\/it\/prodotto\/organisator-ausgabe-2-1980\/\" \/>\n<meta property=\"og:locale\" content=\"it_IT\" \/>\n<meta property=\"og:type\" content=\"article\" \/>\n<meta property=\"og:title\" content=\"Organisator Ausgabe 2\/1980 - Organisator\" \/>\n<meta property=\"og:description\" content=\"Erhalte die deutschsprachige Fachzeitschrift \u00aborganisator\u00bb in der Ausgabe 2\/1980 als PDF-Download mit nachfolgendem Inhaltsverzeichnis:\" \/>\n<meta property=\"og:url\" content=\"https:\/\/www.organisator.ch\/it\/prodotto\/organisator-ausgabe-2-1980\/\" \/>\n<meta property=\"og:site_name\" content=\"Organisator\" \/>\n<meta property=\"article:publisher\" content=\"https:\/\/www.facebook.com\/OrganisatorFachmagazin\" \/>\n<meta property=\"article:modified_time\" content=\"2022-06-08T08:48:35+00:00\" \/>\n<meta property=\"og:image\" content=\"https:\/\/www.organisator.ch\/wp-content\/uploads\/2022\/06\/organisator_1980_2.png\" \/>\n\t<meta property=\"og:image:width\" content=\"654\" \/>\n\t<meta property=\"og:image:height\" content=\"370\" \/>\n\t<meta property=\"og:image:type\" content=\"image\/png\" \/>\n<meta name=\"twitter:card\" content=\"summary_large_image\" \/>\n<script type=\"application\/ld+json\" class=\"yoast-schema-graph\">{\"@context\":\"https:\\\/\\\/schema.org\",\"@graph\":[{\"@type\":\"WebPage\",\"@id\":\"https:\\\/\\\/www.organisator.ch\\\/de\\\/produkt\\\/organisator-ausgabe-2-1980\\\/\",\"url\":\"https:\\\/\\\/www.organisator.ch\\\/de\\\/produkt\\\/organisator-ausgabe-2-1980\\\/\",\"name\":\"Organisator Ausgabe 2\\\/1980 - Organisator\",\"isPartOf\":{\"@id\":\"https:\\\/\\\/www.organisator.ch\\\/#website\"},\"primaryImageOfPage\":{\"@id\":\"https:\\\/\\\/www.organisator.ch\\\/de\\\/produkt\\\/organisator-ausgabe-2-1980\\\/#primaryimage\"},\"image\":{\"@id\":\"https:\\\/\\\/www.organisator.ch\\\/de\\\/produkt\\\/organisator-ausgabe-2-1980\\\/#primaryimage\"},\"thumbnailUrl\":\"https:\\\/\\\/www.organisator.ch\\\/wp-content\\\/uploads\\\/2022\\\/06\\\/organisator_1980_2.png\",\"datePublished\":\"2022-06-08T08:48:33+00:00\",\"dateModified\":\"2022-06-08T08:48:35+00:00\",\"description\":\"Erhalte die deutschsprachige Fachzeitschrift \u00aborganisator\u00bb in der Ausgabe 2\\\/1980 als PDF-Download mit nachfolgendem Inhaltsverzeichnis:\",\"breadcrumb\":{\"@id\":\"https:\\\/\\\/www.organisator.ch\\\/de\\\/produkt\\\/organisator-ausgabe-2-1980\\\/#breadcrumb\"},\"inLanguage\":\"it-IT\",\"potentialAction\":[{\"@type\":\"ReadAction\",\"target\":[\"https:\\\/\\\/www.organisator.ch\\\/de\\\/produkt\\\/organisator-ausgabe-2-1980\\\/\"]}]},{\"@type\":\"ImageObject\",\"inLanguage\":\"it-IT\",\"@id\":\"https:\\\/\\\/www.organisator.ch\\\/de\\\/produkt\\\/organisator-ausgabe-2-1980\\\/#primaryimage\",\"url\":\"https:\\\/\\\/www.organisator.ch\\\/wp-content\\\/uploads\\\/2022\\\/06\\\/organisator_1980_2.png\",\"contentUrl\":\"https:\\\/\\\/www.organisator.ch\\\/wp-content\\\/uploads\\\/2022\\\/06\\\/organisator_1980_2.png\",\"width\":654,\"height\":370},{\"@type\":\"BreadcrumbList\",\"@id\":\"https:\\\/\\\/www.organisator.ch\\\/de\\\/produkt\\\/organisator-ausgabe-2-1980\\\/#breadcrumb\",\"itemListElement\":[{\"@type\":\"ListItem\",\"position\":1,\"name\":\"Home\",\"item\":\"https:\\\/\\\/www.organisator.ch\\\/\"},{\"@type\":\"ListItem\",\"position\":2,\"name\":\"Shop\",\"item\":\"https:\\\/\\\/www.organisator.ch\\\/fr\\\/shop\\\/\"},{\"@type\":\"ListItem\",\"position\":3,\"name\":\"Organisator Ausgabe 2\\\/1980\"}]},{\"@type\":\"WebSite\",\"@id\":\"https:\\\/\\\/www.organisator.ch\\\/#website\",\"url\":\"https:\\\/\\\/www.organisator.ch\\\/\",\"name\":\"Organisator\",\"description\":\"Kompetent. Praxisnah. Der ORGANISATOR bereitet in 10 Ausgaben pro Jahr die wesentlichen Themen f\u00fcr F\u00fchrungskr\u00e4fte von KMU auf.\",\"publisher\":{\"@id\":\"https:\\\/\\\/www.organisator.ch\\\/#organization\"},\"potentialAction\":[{\"@type\":\"SearchAction\",\"target\":{\"@type\":\"EntryPoint\",\"urlTemplate\":\"https:\\\/\\\/www.organisator.ch\\\/?s={search_term_string}\"},\"query-input\":{\"@type\":\"PropertyValueSpecification\",\"valueRequired\":true,\"valueName\":\"search_term_string\"}}],\"inLanguage\":\"it-IT\"},{\"@type\":\"Organization\",\"@id\":\"https:\\\/\\\/www.organisator.ch\\\/#organization\",\"name\":\"Organisator\",\"url\":\"https:\\\/\\\/www.organisator.ch\\\/\",\"logo\":{\"@type\":\"ImageObject\",\"inLanguage\":\"it-IT\",\"@id\":\"https:\\\/\\\/www.organisator.ch\\\/#\\\/schema\\\/logo\\\/image\\\/\",\"url\":\"https:\\\/\\\/www.organisator.ch\\\/wp-content\\\/uploads\\\/2022\\\/01\\\/Logo_Organisator_Website.png\",\"contentUrl\":\"https:\\\/\\\/www.organisator.ch\\\/wp-content\\\/uploads\\\/2022\\\/01\\\/Logo_Organisator_Website.png\",\"width\":800,\"height\":77,\"caption\":\"Organisator\"},\"image\":{\"@id\":\"https:\\\/\\\/www.organisator.ch\\\/#\\\/schema\\\/logo\\\/image\\\/\"},\"sameAs\":[\"https:\\\/\\\/www.facebook.com\\\/OrganisatorFachmagazin\",\"https:\\\/\\\/www.linkedin.com\\\/showcase\\\/organisator-das-magazin-fr-kmu\",\"https:\\\/\\\/www.xing.com\\\/news\\\/pages\\\/organisator-ch-695\",\"https:\\\/\\\/www.youtube.com\\\/channel\\\/UCGP2Sq0iWaZwT3BdIAQFYpw\"]}]}<\/script>\n<!-- \/ Yoast SEO plugin. -->","yoast_head_json":{"title":"Organizzatore Numero 2\/1980 - Organizzatore","description":"Ricevete la rivista specializzata in lingua tedesca \"organisator\" nel numero 2\/1980 come download in formato PDF con il seguente indice:","robots":{"index":"index","follow":"follow","max-snippet":"max-snippet:-1","max-image-preview":"max-image-preview:large","max-video-preview":"max-video-preview:-1"},"canonical":"https:\/\/www.organisator.ch\/it\/prodotto\/organisator-ausgabe-2-1980\/","og_locale":"it_IT","og_type":"article","og_title":"Organisator Ausgabe 2\/1980 - Organisator","og_description":"Erhalte die deutschsprachige Fachzeitschrift \u00aborganisator\u00bb in der Ausgabe 2\/1980 als PDF-Download mit nachfolgendem Inhaltsverzeichnis:","og_url":"https:\/\/www.organisator.ch\/it\/prodotto\/organisator-ausgabe-2-1980\/","og_site_name":"Organisator","article_publisher":"https:\/\/www.facebook.com\/OrganisatorFachmagazin","article_modified_time":"2022-06-08T08:48:35+00:00","og_image":[{"width":654,"height":370,"url":"https:\/\/www.organisator.ch\/wp-content\/uploads\/2022\/06\/organisator_1980_2.png","type":"image\/png"}],"twitter_card":"summary_large_image","schema":{"@context":"https:\/\/schema.org","@graph":[{"@type":"WebPage","@id":"https:\/\/www.organisator.ch\/de\/produkt\/organisator-ausgabe-2-1980\/","url":"https:\/\/www.organisator.ch\/de\/produkt\/organisator-ausgabe-2-1980\/","name":"Organizzatore Numero 2\/1980 - Organizzatore","isPartOf":{"@id":"https:\/\/www.organisator.ch\/#website"},"primaryImageOfPage":{"@id":"https:\/\/www.organisator.ch\/de\/produkt\/organisator-ausgabe-2-1980\/#primaryimage"},"image":{"@id":"https:\/\/www.organisator.ch\/de\/produkt\/organisator-ausgabe-2-1980\/#primaryimage"},"thumbnailUrl":"https:\/\/www.organisator.ch\/wp-content\/uploads\/2022\/06\/organisator_1980_2.png","datePublished":"2022-06-08T08:48:33+00:00","dateModified":"2022-06-08T08:48:35+00:00","description":"Ricevete la rivista specializzata in lingua tedesca \"organisator\" nel numero 2\/1980 come download in formato PDF con il seguente indice:","breadcrumb":{"@id":"https:\/\/www.organisator.ch\/de\/produkt\/organisator-ausgabe-2-1980\/#breadcrumb"},"inLanguage":"it-IT","potentialAction":[{"@type":"ReadAction","target":["https:\/\/www.organisator.ch\/de\/produkt\/organisator-ausgabe-2-1980\/"]}]},{"@type":"ImageObject","inLanguage":"it-IT","@id":"https:\/\/www.organisator.ch\/de\/produkt\/organisator-ausgabe-2-1980\/#primaryimage","url":"https:\/\/www.organisator.ch\/wp-content\/uploads\/2022\/06\/organisator_1980_2.png","contentUrl":"https:\/\/www.organisator.ch\/wp-content\/uploads\/2022\/06\/organisator_1980_2.png","width":654,"height":370},{"@type":"BreadcrumbList","@id":"https:\/\/www.organisator.ch\/de\/produkt\/organisator-ausgabe-2-1980\/#breadcrumb","itemListElement":[{"@type":"ListItem","position":1,"name":"Home","item":"https:\/\/www.organisator.ch\/"},{"@type":"ListItem","position":2,"name":"Shop","item":"https:\/\/www.organisator.ch\/fr\/shop\/"},{"@type":"ListItem","position":3,"name":"Organisator Ausgabe 2\/1980"}]},{"@type":"WebSite","@id":"https:\/\/www.organisator.ch\/#website","url":"https:\/\/www.organisator.ch\/","name":"Organizzatore","description":"Competente. Pratico. In 10 numeri all'anno, ORGANISATOR presenta i temi essenziali per i manager delle PMI.","publisher":{"@id":"https:\/\/www.organisator.ch\/#organization"},"potentialAction":[{"@type":"SearchAction","target":{"@type":"EntryPoint","urlTemplate":"https:\/\/www.organisator.ch\/?s={search_term_string}"},"query-input":{"@type":"PropertyValueSpecification","valueRequired":true,"valueName":"search_term_string"}}],"inLanguage":"it-IT"},{"@type":"Organization","@id":"https:\/\/www.organisator.ch\/#organization","name":"Organizzatore","url":"https:\/\/www.organisator.ch\/","logo":{"@type":"ImageObject","inLanguage":"it-IT","@id":"https:\/\/www.organisator.ch\/#\/schema\/logo\/image\/","url":"https:\/\/www.organisator.ch\/wp-content\/uploads\/2022\/01\/Logo_Organisator_Website.png","contentUrl":"https:\/\/www.organisator.ch\/wp-content\/uploads\/2022\/01\/Logo_Organisator_Website.png","width":800,"height":77,"caption":"Organisator"},"image":{"@id":"https:\/\/www.organisator.ch\/#\/schema\/logo\/image\/"},"sameAs":["https:\/\/www.facebook.com\/OrganisatorFachmagazin","https:\/\/www.linkedin.com\/showcase\/organisator-das-magazin-fr-kmu","https:\/\/www.xing.com\/news\/pages\/organisator-ch-695","https:\/\/www.youtube.com\/channel\/UCGP2Sq0iWaZwT3BdIAQFYpw"]}]}},"_links":{"self":[{"href":"https:\/\/www.organisator.ch\/it\/wp-json\/wp\/v2\/product\/13897","targetHints":{"allow":["GET"]}}],"collection":[{"href":"https:\/\/www.organisator.ch\/it\/wp-json\/wp\/v2\/product"}],"about":[{"href":"https:\/\/www.organisator.ch\/it\/wp-json\/wp\/v2\/types\/product"}],"wp:featuredmedia":[{"embeddable":true,"href":"https:\/\/www.organisator.ch\/it\/wp-json\/wp\/v2\/media\/13899"}],"wp:attachment":[{"href":"https:\/\/www.organisator.ch\/it\/wp-json\/wp\/v2\/media?parent=13897"}],"wp:term":[{"taxonomy":"product_brand","embeddable":true,"href":"https:\/\/www.organisator.ch\/it\/wp-json\/wp\/v2\/product_brand?post=13897"},{"taxonomy":"product_cat","embeddable":true,"href":"https:\/\/www.organisator.ch\/it\/wp-json\/wp\/v2\/product_cat?post=13897"},{"taxonomy":"product_tag","embeddable":true,"href":"https:\/\/www.organisator.ch\/it\/wp-json\/wp\/v2\/product_tag?post=13897"}],"curies":[{"name":"wp","href":"https:\/\/api.w.org\/{rel}","templated":true}]}}