{"id":14909,"date":"2022-06-16T07:22:50","date_gmt":"2022-06-16T05:22:50","guid":{"rendered":"https:\/\/www.organisator.ch\/?post_type=product&#038;p=14909"},"modified":"2022-06-16T07:22:50","modified_gmt":"2022-06-16T05:22:50","slug":"organisator-ausgabe-11-1996","status":"publish","type":"product","link":"https:\/\/www.organisator.ch\/it\/produkt\/organisator-ausgabe-11-1996\/","title":{"rendered":"Organizzatore Numero 11\/1996"},"content":{"rendered":"<h2>VISIONI, PRINCIPI GUIDA<\/h2>\n<p>Prima di iniziare a muoverci, dovremmo conoscere l'obiettivo, che non viene quasi mai seguito con coerenza. L'argomento di copertina contiene interessanti linee di pensiero di sei autori con approcci diversi. Philipp Schmid \u00e8 un appassionato camminatore di montagna e fa paragoni: Un'azienda \u00e8 come una montagna che Wolf H\u00f6nig motiva a cancellare le visioni esistenti: Sappiamo davvero dove stiamo andando?  Se lo facciamo: la dichiarazione di missione del GRGANISATORE Daniel Marthaler ed Elisabeth Stern tra teoria e pratica: le dichiarazioni di missione ambientale nella vita quotidiana Pirmin Schwander entra nello specifico: costruire una dichiarazione di missione aziendale Grazia Amati coinvolge le persone: Il percorso \u00e8 la meta, e la meta \u00e8 me stesso.<\/p>\n<h3>\nGOVERNANCE AZIENDALE<\/h3>\n<ul>\n<li>Bernhard Haerri ha trasformato Dell Computer SA in un \"Ufficio virtuale\": Virtuale e molto presente<\/li>\n<li>Frangois Loeb: la ripresa ha bisogno di un clima creativo!<\/li>\n<\/ul>\n<h3>\nAUTORGANIZZAZIONE \u2013 PIANIFICAZIONE DEL TEMPO<\/h3>\n<ul>\n<li>Werner Roth, esperto di orari: suggerimenti e trucchi per la programmazione degli orari<\/li>\n<li>Franz X. Erni: il tempo deve essere coordinato<\/li>\n<li>Una panoramica utile: queste aziende hanno tempo per voi<\/li>\n<\/ul>\n<h3>\nGESTIONE DEI DIPENDENTI<\/h3>\n<ul>\n<li>Hans-Peter Zimmermann sulla \"seconda lamentela del piccolo imprenditore\": cio\u00e8 questo personale!<\/li>\n<li>Franz Schnyder \u00e8 specifico: colloqui di valutazione e referenze di lavoro<\/li>\n<\/ul>\n<p>&nbsp;<\/p>\n<h3>UMANIT\u00c0<\/h3>\n<ul>\n<li>Arnold H. Lanz: La riscoperta del dopolavoro  Gonsaiv K. Mainberger, rubrica \u00abFilosofia\u00bb (questa volta corretta\u2026):<\/li>\n<li>Il Prometeo legato alla Street Parade3<\/li>\n<li>Christian Katz: Siate creativi come Walt Disney!<\/li>\n<\/ul>\n<p>&nbsp;<\/p>\n<h3>FINANZIAMENTI PER AZIENDE E IMPRENDITORI<\/h3>\n<p>Josef Berger presenta un proficuo \u00abaffare a tre\u00bb: la banca, il cliente... e il terzo incomodo.<br \/>\nDaniel Hofmann, Lukas RIeder - Know-how sull'esempio della \u00abSupport AG\u00bb: pianificazione delle vendite e del fatturato nelle piccole imprese<br \/>\nStefan Heini estende il controlling all'intera dirigenza: Controlling nei singoli settori aziendali<\/p>\n<h3>\nCONOSCENZA<\/h3>\n<ul>\n<li>Cornel Veil trasmette indirizzi dinamici: Fondamenti di management per le donne<\/li>\n<li>Hans Rudolf Jost e Peter Baumgartner presentano il Percorso di apprendimento per imprenditori<\/li>\n<li>Ritratti e libri di riferimento per il management<\/li>\n<\/ul>\n<h3>\nMARKETING<\/h3>\n<ul>\n<li>Giacomo Rusconi mostra come vendere di pi\u00f9:  Senza un follow-up telefonico, la pubblicit\u00e0 \u00e8 denaro sprecato<\/li>\n<li>La serie \"Relazioni con la stampa\" di Dieter Markwalder (3): Il contatto con la stampa<\/li>\n<li>Rolf Gruber: Vincere la concorrenza come clienti<\/li>\n<li>Andreas Poncini: da venditore a manager di territorio<\/li>\n<li>Thomas Greber: I buoni opuscoli aprono le porte<\/li>\n<\/ul>\n<h3>\nORGANIZZAZIONE, INFORMATICA<\/h3>\n<ul>\n<li>Client\/Server 96: Tecnologia di database e intranet<\/li>\n<li>Martin Spaar, Mathias Sch\u00fcssler, Marco Sulser: Freschi dal mercato<\/li>\n<\/ul>\n<p>&nbsp;<\/p>\n<h3>SEZIONE INFORMAZIONI E SERVIZI, RUBRICHE<\/h3>\n<ul>\n<li>Caro lettore, a te la parola<\/li>\n<li>Club dei consulenti<\/li>\n<li>Club di efficienza \/ Foka<\/li>\n<li>Idee-Suisse<\/li>\n<li>Psilog \u2013 Club degli utenti Psion della Svizzera<\/li>\n<li>VPA Associazione dei professionisti del personale e della formazione<\/li>\n<\/ul>\n<h3>\nEducazione continua<\/h3>\n<ul>\n<li>Organizzatore dell'Accademia: Seminario \"Navigazione di conversazione<\/li>\n<li>I prossimi eventi<\/li>\n<li>Corsi, seminari, eventi<\/li>\n<\/ul>\n<p>&nbsp;<\/p>\n<h3>Le ultime pagine<\/h3>\n<ul>\n<li>\u00c8 di nuovo il momento della Boutique di Natale.<\/li>\n<li>Ricette di successo per le aziende; Imprint<\/li>\n<\/ul>\n<p>&nbsp;<\/p>","protected":false},"excerpt":{"rendered":"<p>Ricevete la rivista specializzata in lingua tedesca \"organisator\" nel numero 11\/1996 come download in formato PDF con il seguente indice:<\/p>","protected":false},"featured_media":14911,"template":"","meta":{"_acf_changed":false,"articlekey":""},"product_brand":[],"product_cat":[546],"product_tag":[2963],"class_list":{"0":"post-14909","1":"product","2":"type-product","3":"status-publish","4":"has-post-thumbnail","6":"product_cat-einzelausgaben","7":"product_tag-2963","9":"first","10":"instock","11":"downloadable","12":"virtual","13":"taxable","14":"purchasable","15":"product-type-simple"},"acf":[],"yoast_head":"<!-- This site is optimized with the Yoast SEO plugin v27.5 - https:\/\/yoast.com\/product\/yoast-seo-wordpress\/ -->\n<title>Organisator Ausgabe 11\/1996 - Organisator<\/title>\n<meta name=\"description\" content=\"Erhalte die deutschsprachige Fachzeitschrift \u00aborganisator\u00bb in der Ausgabe 11\/1996 als PDF-Download mit nachfolgendem Inhaltsverzeichnis:\" \/>\n<meta name=\"robots\" content=\"index, follow, max-snippet:-1, max-image-preview:large, max-video-preview:-1\" \/>\n<link rel=\"canonical\" href=\"https:\/\/www.organisator.ch\/it\/prodotto\/organisator-ausgabe-11-1996\/\" \/>\n<meta property=\"og:locale\" content=\"it_IT\" \/>\n<meta property=\"og:type\" content=\"article\" \/>\n<meta property=\"og:title\" content=\"Organisator Ausgabe 11\/1996 - Organisator\" \/>\n<meta property=\"og:description\" content=\"Erhalte die deutschsprachige Fachzeitschrift \u00aborganisator\u00bb in der Ausgabe 11\/1996 als PDF-Download mit nachfolgendem Inhaltsverzeichnis:\" \/>\n<meta property=\"og:url\" content=\"https:\/\/www.organisator.ch\/it\/prodotto\/organisator-ausgabe-11-1996\/\" \/>\n<meta property=\"og:site_name\" content=\"Organisator\" \/>\n<meta property=\"article:publisher\" content=\"https:\/\/www.facebook.com\/OrganisatorFachmagazin\" \/>\n<meta property=\"og:image\" content=\"https:\/\/www.organisator.ch\/wp-content\/uploads\/2022\/06\/organisator_1996_11.png\" \/>\n\t<meta property=\"og:image:width\" content=\"654\" \/>\n\t<meta property=\"og:image:height\" content=\"370\" \/>\n\t<meta property=\"og:image:type\" content=\"image\/png\" \/>\n<meta name=\"twitter:card\" content=\"summary_large_image\" \/>\n<script type=\"application\/ld+json\" class=\"yoast-schema-graph\">{\"@context\":\"https:\\\/\\\/schema.org\",\"@graph\":[{\"@type\":\"WebPage\",\"@id\":\"https:\\\/\\\/www.organisator.ch\\\/de\\\/produkt\\\/organisator-ausgabe-11-1996\\\/\",\"url\":\"https:\\\/\\\/www.organisator.ch\\\/de\\\/produkt\\\/organisator-ausgabe-11-1996\\\/\",\"name\":\"Organisator Ausgabe 11\\\/1996 - Organisator\",\"isPartOf\":{\"@id\":\"https:\\\/\\\/www.organisator.ch\\\/#website\"},\"primaryImageOfPage\":{\"@id\":\"https:\\\/\\\/www.organisator.ch\\\/de\\\/produkt\\\/organisator-ausgabe-11-1996\\\/#primaryimage\"},\"image\":{\"@id\":\"https:\\\/\\\/www.organisator.ch\\\/de\\\/produkt\\\/organisator-ausgabe-11-1996\\\/#primaryimage\"},\"thumbnailUrl\":\"https:\\\/\\\/www.organisator.ch\\\/wp-content\\\/uploads\\\/2022\\\/06\\\/organisator_1996_11.png\",\"datePublished\":\"2022-06-16T05:22:50+00:00\",\"description\":\"Erhalte die deutschsprachige Fachzeitschrift \u00aborganisator\u00bb in der Ausgabe 11\\\/1996 als PDF-Download mit nachfolgendem Inhaltsverzeichnis:\",\"breadcrumb\":{\"@id\":\"https:\\\/\\\/www.organisator.ch\\\/de\\\/produkt\\\/organisator-ausgabe-11-1996\\\/#breadcrumb\"},\"inLanguage\":\"it-IT\",\"potentialAction\":[{\"@type\":\"ReadAction\",\"target\":[\"https:\\\/\\\/www.organisator.ch\\\/de\\\/produkt\\\/organisator-ausgabe-11-1996\\\/\"]}]},{\"@type\":\"ImageObject\",\"inLanguage\":\"it-IT\",\"@id\":\"https:\\\/\\\/www.organisator.ch\\\/de\\\/produkt\\\/organisator-ausgabe-11-1996\\\/#primaryimage\",\"url\":\"https:\\\/\\\/www.organisator.ch\\\/wp-content\\\/uploads\\\/2022\\\/06\\\/organisator_1996_11.png\",\"contentUrl\":\"https:\\\/\\\/www.organisator.ch\\\/wp-content\\\/uploads\\\/2022\\\/06\\\/organisator_1996_11.png\",\"width\":654,\"height\":370},{\"@type\":\"BreadcrumbList\",\"@id\":\"https:\\\/\\\/www.organisator.ch\\\/de\\\/produkt\\\/organisator-ausgabe-11-1996\\\/#breadcrumb\",\"itemListElement\":[{\"@type\":\"ListItem\",\"position\":1,\"name\":\"Home\",\"item\":\"https:\\\/\\\/www.organisator.ch\\\/\"},{\"@type\":\"ListItem\",\"position\":2,\"name\":\"Shop\",\"item\":\"https:\\\/\\\/www.organisator.ch\\\/fr\\\/shop\\\/\"},{\"@type\":\"ListItem\",\"position\":3,\"name\":\"Organisator Ausgabe 11\\\/1996\"}]},{\"@type\":\"WebSite\",\"@id\":\"https:\\\/\\\/www.organisator.ch\\\/#website\",\"url\":\"https:\\\/\\\/www.organisator.ch\\\/\",\"name\":\"Organisator\",\"description\":\"Kompetent. Praxisnah. Der ORGANISATOR bereitet in 10 Ausgaben pro Jahr die wesentlichen Themen f\u00fcr F\u00fchrungskr\u00e4fte von KMU auf.\",\"publisher\":{\"@id\":\"https:\\\/\\\/www.organisator.ch\\\/#organization\"},\"potentialAction\":[{\"@type\":\"SearchAction\",\"target\":{\"@type\":\"EntryPoint\",\"urlTemplate\":\"https:\\\/\\\/www.organisator.ch\\\/?s={search_term_string}\"},\"query-input\":{\"@type\":\"PropertyValueSpecification\",\"valueRequired\":true,\"valueName\":\"search_term_string\"}}],\"inLanguage\":\"it-IT\"},{\"@type\":\"Organization\",\"@id\":\"https:\\\/\\\/www.organisator.ch\\\/#organization\",\"name\":\"Organisator\",\"url\":\"https:\\\/\\\/www.organisator.ch\\\/\",\"logo\":{\"@type\":\"ImageObject\",\"inLanguage\":\"it-IT\",\"@id\":\"https:\\\/\\\/www.organisator.ch\\\/#\\\/schema\\\/logo\\\/image\\\/\",\"url\":\"https:\\\/\\\/www.organisator.ch\\\/wp-content\\\/uploads\\\/2022\\\/01\\\/Logo_Organisator_Website.png\",\"contentUrl\":\"https:\\\/\\\/www.organisator.ch\\\/wp-content\\\/uploads\\\/2022\\\/01\\\/Logo_Organisator_Website.png\",\"width\":800,\"height\":77,\"caption\":\"Organisator\"},\"image\":{\"@id\":\"https:\\\/\\\/www.organisator.ch\\\/#\\\/schema\\\/logo\\\/image\\\/\"},\"sameAs\":[\"https:\\\/\\\/www.facebook.com\\\/OrganisatorFachmagazin\",\"https:\\\/\\\/www.linkedin.com\\\/showcase\\\/organisator-das-magazin-fr-kmu\",\"https:\\\/\\\/www.xing.com\\\/news\\\/pages\\\/organisator-ch-695\",\"https:\\\/\\\/www.youtube.com\\\/channel\\\/UCGP2Sq0iWaZwT3BdIAQFYpw\"]}]}<\/script>\n<!-- \/ Yoast SEO plugin. -->","yoast_head_json":{"title":"Organizzatore Numero 11\/1996 - Organizzatore","description":"Ricevete la rivista specializzata in lingua tedesca \"organisator\" nel numero 11\/1996 come download in formato PDF con il seguente indice:","robots":{"index":"index","follow":"follow","max-snippet":"max-snippet:-1","max-image-preview":"max-image-preview:large","max-video-preview":"max-video-preview:-1"},"canonical":"https:\/\/www.organisator.ch\/it\/prodotto\/organisator-ausgabe-11-1996\/","og_locale":"it_IT","og_type":"article","og_title":"Organisator Ausgabe 11\/1996 - Organisator","og_description":"Erhalte die deutschsprachige Fachzeitschrift \u00aborganisator\u00bb in der Ausgabe 11\/1996 als PDF-Download mit nachfolgendem Inhaltsverzeichnis:","og_url":"https:\/\/www.organisator.ch\/it\/prodotto\/organisator-ausgabe-11-1996\/","og_site_name":"Organisator","article_publisher":"https:\/\/www.facebook.com\/OrganisatorFachmagazin","og_image":[{"width":654,"height":370,"url":"https:\/\/www.organisator.ch\/wp-content\/uploads\/2022\/06\/organisator_1996_11.png","type":"image\/png"}],"twitter_card":"summary_large_image","schema":{"@context":"https:\/\/schema.org","@graph":[{"@type":"WebPage","@id":"https:\/\/www.organisator.ch\/de\/produkt\/organisator-ausgabe-11-1996\/","url":"https:\/\/www.organisator.ch\/de\/produkt\/organisator-ausgabe-11-1996\/","name":"Organizzatore Numero 11\/1996 - Organizzatore","isPartOf":{"@id":"https:\/\/www.organisator.ch\/#website"},"primaryImageOfPage":{"@id":"https:\/\/www.organisator.ch\/de\/produkt\/organisator-ausgabe-11-1996\/#primaryimage"},"image":{"@id":"https:\/\/www.organisator.ch\/de\/produkt\/organisator-ausgabe-11-1996\/#primaryimage"},"thumbnailUrl":"https:\/\/www.organisator.ch\/wp-content\/uploads\/2022\/06\/organisator_1996_11.png","datePublished":"2022-06-16T05:22:50+00:00","description":"Ricevete la rivista specializzata in lingua tedesca \"organisator\" nel numero 11\/1996 come download in formato PDF con il seguente indice:","breadcrumb":{"@id":"https:\/\/www.organisator.ch\/de\/produkt\/organisator-ausgabe-11-1996\/#breadcrumb"},"inLanguage":"it-IT","potentialAction":[{"@type":"ReadAction","target":["https:\/\/www.organisator.ch\/de\/produkt\/organisator-ausgabe-11-1996\/"]}]},{"@type":"ImageObject","inLanguage":"it-IT","@id":"https:\/\/www.organisator.ch\/de\/produkt\/organisator-ausgabe-11-1996\/#primaryimage","url":"https:\/\/www.organisator.ch\/wp-content\/uploads\/2022\/06\/organisator_1996_11.png","contentUrl":"https:\/\/www.organisator.ch\/wp-content\/uploads\/2022\/06\/organisator_1996_11.png","width":654,"height":370},{"@type":"BreadcrumbList","@id":"https:\/\/www.organisator.ch\/de\/produkt\/organisator-ausgabe-11-1996\/#breadcrumb","itemListElement":[{"@type":"ListItem","position":1,"name":"Home","item":"https:\/\/www.organisator.ch\/"},{"@type":"ListItem","position":2,"name":"Shop","item":"https:\/\/www.organisator.ch\/fr\/shop\/"},{"@type":"ListItem","position":3,"name":"Organisator Ausgabe 11\/1996"}]},{"@type":"WebSite","@id":"https:\/\/www.organisator.ch\/#website","url":"https:\/\/www.organisator.ch\/","name":"Organizzatore","description":"Competente. Pratico. In 10 numeri all'anno, ORGANISATOR presenta i temi essenziali per i manager delle PMI.","publisher":{"@id":"https:\/\/www.organisator.ch\/#organization"},"potentialAction":[{"@type":"SearchAction","target":{"@type":"EntryPoint","urlTemplate":"https:\/\/www.organisator.ch\/?s={search_term_string}"},"query-input":{"@type":"PropertyValueSpecification","valueRequired":true,"valueName":"search_term_string"}}],"inLanguage":"it-IT"},{"@type":"Organization","@id":"https:\/\/www.organisator.ch\/#organization","name":"Organizzatore","url":"https:\/\/www.organisator.ch\/","logo":{"@type":"ImageObject","inLanguage":"it-IT","@id":"https:\/\/www.organisator.ch\/#\/schema\/logo\/image\/","url":"https:\/\/www.organisator.ch\/wp-content\/uploads\/2022\/01\/Logo_Organisator_Website.png","contentUrl":"https:\/\/www.organisator.ch\/wp-content\/uploads\/2022\/01\/Logo_Organisator_Website.png","width":800,"height":77,"caption":"Organisator"},"image":{"@id":"https:\/\/www.organisator.ch\/#\/schema\/logo\/image\/"},"sameAs":["https:\/\/www.facebook.com\/OrganisatorFachmagazin","https:\/\/www.linkedin.com\/showcase\/organisator-das-magazin-fr-kmu","https:\/\/www.xing.com\/news\/pages\/organisator-ch-695","https:\/\/www.youtube.com\/channel\/UCGP2Sq0iWaZwT3BdIAQFYpw"]}]}},"_links":{"self":[{"href":"https:\/\/www.organisator.ch\/it\/wp-json\/wp\/v2\/product\/14909","targetHints":{"allow":["GET"]}}],"collection":[{"href":"https:\/\/www.organisator.ch\/it\/wp-json\/wp\/v2\/product"}],"about":[{"href":"https:\/\/www.organisator.ch\/it\/wp-json\/wp\/v2\/types\/product"}],"wp:featuredmedia":[{"embeddable":true,"href":"https:\/\/www.organisator.ch\/it\/wp-json\/wp\/v2\/media\/14911"}],"wp:attachment":[{"href":"https:\/\/www.organisator.ch\/it\/wp-json\/wp\/v2\/media?parent=14909"}],"wp:term":[{"taxonomy":"product_brand","embeddable":true,"href":"https:\/\/www.organisator.ch\/it\/wp-json\/wp\/v2\/product_brand?post=14909"},{"taxonomy":"product_cat","embeddable":true,"href":"https:\/\/www.organisator.ch\/it\/wp-json\/wp\/v2\/product_cat?post=14909"},{"taxonomy":"product_tag","embeddable":true,"href":"https:\/\/www.organisator.ch\/it\/wp-json\/wp\/v2\/product_tag?post=14909"}],"curies":[{"name":"wp","href":"https:\/\/api.w.org\/{rel}","templated":true}]}}