{"id":15009,"date":"2022-06-16T11:56:20","date_gmt":"2022-06-16T09:56:20","guid":{"rendered":"https:\/\/www.organisator.ch\/?post_type=product&#038;p=15009"},"modified":"2022-06-16T13:47:12","modified_gmt":"2022-06-16T11:47:12","slug":"organisator-ausgabe-5-1997","status":"publish","type":"product","link":"https:\/\/www.organisator.ch\/it\/produkt\/organisator-ausgabe-5-1997\/","title":{"rendered":"Organizzatore Numero 5\/1997"},"content":{"rendered":"<h2>CI SONO DELLE IDEE<\/h2>\n<p>&nbsp;<\/p>\n<p>La Svizzera ha bisogno di nuove idee, voi avete bisogno di nuove idee, tutti hanno bisogno di idee! Roland Winkler, Peter Sager e Beat W\u00e4lti indicano alla Svizzera la strada da seguire per assumere un ruolo di leadership tra i paesi industrializzati nel campo delle innovazioni orientate all'ambiente.<br \/>\nPu\u00f2 assumere: I vantaggi della Svizzera come sede Hans-Peter Zimmermann e Wendelin Niederberger: Come trovare nuove idee Per il vostro laboratorio di innovazione, a cura di Franz Schnyder: Turbotoois per le vostre idee.<\/p>\n<p>&nbsp;<\/p>\n<h3>GOVERNANCE AZIENDALE<\/h3>\n<p>J\u00fcrgen Fuchs l'ha visto, l'extraterrestre che ha scosso la testa per i nostri metodi di gestione: Una visita da una stella aliena Arnold H. Lanz risponde alla domanda cruciale: posso guadagnare soldi come imprenditore? Otto Haunreiter mette in guardia dai Sette Peccati Capitali nella leadership WOV\/amministrativa Christian Katz nella sua rubrica \"Coach Yourself\": Costruite sui vostri punti di forza!<\/p>\n<p>&nbsp;<\/p>\n<h3>ESSERE UMANI, PERFORMANCE PERSONALE<\/h3>\n<ul>\n<li>Franz Schnyder presenta un libro che vi dar\u00e0 grinta: Allegria!<\/li>\n<li>Presentazione 97: Niente si vende da solo. Ma non si vende pi\u00f9 nulla!<\/li>\n<li>Lo spunto di riflessione di Rolf Gruber questa volta riguarda Il fornaio che non leggeva i giornali.<\/li>\n<\/ul>\n<p>&nbsp;<\/p>\n<h3>GESTIONE DEI DIPENDENTI<\/h3>\n<p>Andre V\u00f6gtlin e Sandro Foiada presentano un concetto interessante: la valutazione dei collaboratori presso la B\u00e4ioise.<br \/>\nUn seminario di formazione con Ursula Metzler: La segretaria pu\u00f2 fare di pi\u00f9 ed \u00e8 molto di pi\u00f9! Un seminario sull'Enneagramma con Elisabeth Auspurg:<br \/>\nCreare team forti Pianificazione dell'impiego del personale \u2013 Presentazione dei prodotti.<\/p>\n<p>&nbsp;<\/p>\n<h3>ORGANIZZAZIONE, INFORMATICA<\/h3>\n<ul>\n<li>Felix Niederberger \u2013 Serie \u00abGestione dei progetti (2): Progettazione; prima le cose pi\u00f9 importanti<\/li>\n<li>On Time In 97: Il tempo non \u00e8 mai stato cos\u00ec prezioso! (Programma della conferenza)<\/li>\n<li>Il timbro del cartellino ha smesso di funzionare \u2013 Di Ivo Muri<\/li>\n<li>Le ultime tendenze nella registrazione dei dati e dei tempi<\/li>\n<li>Innovazioni nel mercato delle tecnologie dell'informazione<\/li>\n<li>Il test di ORGANISATOR: la telecamera per agenti segreti e autori web<\/li>\n<\/ul>\n<p>&nbsp;<\/p>\n<h3>ORGALINE \u2013 SPECIALE SULLE TELECOMUNICAZIONI<\/h3>\n<ul>\n<li>Quattro giorni all'universit\u00e0 tecnica \u2013 Zur TeleNetCom<\/li>\n<li>Martin Spaar d\u00e0 interessanti consigli su Internet: Servitevi!<\/li>\n<li>Data warehouse: che diavolo \u00e8? - Di Franz Hediger:.<\/li>\n<li>Hannspeter Voltz: I cittadini anziani prendano nota! Su Internet c'\u00e8 una grande rete che fa al caso vostro.<\/li>\n<li>Centrale telefonica o centrale di comunicazione? \u2013 Di Daniel Waldis \u2026.<\/li>\n<li>Il telefono ISDN per esigenze elevate \u2013 Presentazione del prodotto<\/li>\n<li>Hold the Line \u2013 Nuovi strumenti e soluzioni<\/li>\n<\/ul>\n<p>&nbsp;<\/p>\n<h3>SEZIONE INFO E SERVIZI, CATEGORIE, CLUB<\/h3>\n<ul>\n<li>I consulenti sono di casa qui<\/li>\n<li>Organizzatore dell'Accademia: i prossimi eventi ... 11, 27, 34, 35, 44, 53, 76, 77<\/li>\n<li>Psilog \u2013 Club degli utenti Psion della Svizzera<\/li>\n<li>VPA Associazione dei professionisti del personale e della formazione<\/li>\n<\/ul>\n<h3>Educazione continua<\/h3>\n<p>Corsi, seminari, eventi 39, 48, 54, 60, 72-76<\/p>\n<h3>Le ultime pagine<\/h3>\n<ul>\n<li>Novit\u00e0 e curiosit\u00e0 dai nostri inserzionisti.<\/li>\n<li>Gli imprenditori sono di casa qui; Impronta.<\/li>\n<\/ul>","protected":false},"excerpt":{"rendered":"<p>Ricevete la rivista specializzata in lingua tedesca \"organisator\" nel numero 5\/1997 come download in formato PDF con il seguente indice:<\/p>","protected":false},"featured_media":15011,"template":"","meta":{"_acf_changed":false,"articlekey":""},"product_brand":[],"product_cat":[546],"product_tag":[2965],"class_list":{"0":"post-15009","1":"product","2":"type-product","3":"status-publish","4":"has-post-thumbnail","6":"product_cat-einzelausgaben","7":"product_tag-2965","9":"first","10":"instock","11":"downloadable","12":"virtual","13":"taxable","14":"purchasable","15":"product-type-simple"},"acf":[],"yoast_head":"<!-- This site is optimized with the Yoast SEO plugin v27.4 - https:\/\/yoast.com\/product\/yoast-seo-wordpress\/ -->\n<title>Organisator Ausgabe 5\/1997 - Organisator<\/title>\n<meta name=\"description\" content=\"Erhalte die deutschsprachige Fachzeitschrift \u00aborganisator\u00bb in der Ausgabe 5\/1997 als PDF-Download mit nachfolgendem Inhaltsverzeichnis:\" \/>\n<meta name=\"robots\" content=\"index, follow, max-snippet:-1, max-image-preview:large, max-video-preview:-1\" \/>\n<link rel=\"canonical\" href=\"https:\/\/www.organisator.ch\/it\/product\/organisator-ausgabe-5-1997\/\" \/>\n<meta property=\"og:locale\" content=\"it_IT\" \/>\n<meta property=\"og:type\" content=\"article\" \/>\n<meta property=\"og:title\" content=\"Organisator Ausgabe 5\/1997 - Organisator\" \/>\n<meta property=\"og:description\" content=\"Erhalte die deutschsprachige Fachzeitschrift \u00aborganisator\u00bb in der Ausgabe 5\/1997 als PDF-Download mit nachfolgendem Inhaltsverzeichnis:\" \/>\n<meta property=\"og:url\" content=\"https:\/\/www.organisator.ch\/it\/product\/organisator-ausgabe-5-1997\/\" \/>\n<meta property=\"og:site_name\" content=\"Organisator\" \/>\n<meta property=\"article:publisher\" content=\"https:\/\/www.facebook.com\/OrganisatorFachmagazin\" \/>\n<meta property=\"article:modified_time\" content=\"2022-06-16T11:47:12+00:00\" \/>\n<meta property=\"og:image\" content=\"https:\/\/www.organisator.ch\/wp-content\/uploads\/2022\/06\/organisator_1997_5.png\" \/>\n\t<meta property=\"og:image:width\" content=\"654\" \/>\n\t<meta property=\"og:image:height\" content=\"370\" \/>\n\t<meta property=\"og:image:type\" content=\"image\/png\" \/>\n<meta name=\"twitter:card\" content=\"summary_large_image\" \/>\n<script type=\"application\/ld+json\" class=\"yoast-schema-graph\">{\"@context\":\"https:\\\/\\\/schema.org\",\"@graph\":[{\"@type\":\"WebPage\",\"@id\":\"https:\\\/\\\/www.organisator.ch\\\/en\\\/product\\\/organisator-ausgabe-5-1997\\\/\",\"url\":\"https:\\\/\\\/www.organisator.ch\\\/en\\\/product\\\/organisator-ausgabe-5-1997\\\/\",\"name\":\"Organisator Ausgabe 5\\\/1997 - Organisator\",\"isPartOf\":{\"@id\":\"https:\\\/\\\/www.organisator.ch\\\/#website\"},\"primaryImageOfPage\":{\"@id\":\"https:\\\/\\\/www.organisator.ch\\\/en\\\/product\\\/organisator-ausgabe-5-1997\\\/#primaryimage\"},\"image\":{\"@id\":\"https:\\\/\\\/www.organisator.ch\\\/en\\\/product\\\/organisator-ausgabe-5-1997\\\/#primaryimage\"},\"thumbnailUrl\":\"https:\\\/\\\/www.organisator.ch\\\/wp-content\\\/uploads\\\/2022\\\/06\\\/organisator_1997_5.png\",\"datePublished\":\"2022-06-16T09:56:20+00:00\",\"dateModified\":\"2022-06-16T11:47:12+00:00\",\"description\":\"Erhalte die deutschsprachige Fachzeitschrift \u00aborganisator\u00bb in der Ausgabe 5\\\/1997 als PDF-Download mit nachfolgendem Inhaltsverzeichnis:\",\"breadcrumb\":{\"@id\":\"https:\\\/\\\/www.organisator.ch\\\/en\\\/product\\\/organisator-ausgabe-5-1997\\\/#breadcrumb\"},\"inLanguage\":\"it-IT\",\"potentialAction\":[{\"@type\":\"ReadAction\",\"target\":[\"https:\\\/\\\/www.organisator.ch\\\/en\\\/product\\\/organisator-ausgabe-5-1997\\\/\"]}]},{\"@type\":\"ImageObject\",\"inLanguage\":\"it-IT\",\"@id\":\"https:\\\/\\\/www.organisator.ch\\\/en\\\/product\\\/organisator-ausgabe-5-1997\\\/#primaryimage\",\"url\":\"https:\\\/\\\/www.organisator.ch\\\/wp-content\\\/uploads\\\/2022\\\/06\\\/organisator_1997_5.png\",\"contentUrl\":\"https:\\\/\\\/www.organisator.ch\\\/wp-content\\\/uploads\\\/2022\\\/06\\\/organisator_1997_5.png\",\"width\":654,\"height\":370},{\"@type\":\"BreadcrumbList\",\"@id\":\"https:\\\/\\\/www.organisator.ch\\\/en\\\/product\\\/organisator-ausgabe-5-1997\\\/#breadcrumb\",\"itemListElement\":[{\"@type\":\"ListItem\",\"position\":1,\"name\":\"Home\",\"item\":\"https:\\\/\\\/www.organisator.ch\\\/\"},{\"@type\":\"ListItem\",\"position\":2,\"name\":\"Shop\",\"item\":\"https:\\\/\\\/www.organisator.ch\\\/fr\\\/shop\\\/\"},{\"@type\":\"ListItem\",\"position\":3,\"name\":\"Organisator Ausgabe 5\\\/1997\"}]},{\"@type\":\"WebSite\",\"@id\":\"https:\\\/\\\/www.organisator.ch\\\/#website\",\"url\":\"https:\\\/\\\/www.organisator.ch\\\/\",\"name\":\"Organisator\",\"description\":\"Kompetent. Praxisnah. Der ORGANISATOR bereitet in 10 Ausgaben pro Jahr die wesentlichen Themen f\u00fcr F\u00fchrungskr\u00e4fte von KMU auf.\",\"publisher\":{\"@id\":\"https:\\\/\\\/www.organisator.ch\\\/#organization\"},\"potentialAction\":[{\"@type\":\"SearchAction\",\"target\":{\"@type\":\"EntryPoint\",\"urlTemplate\":\"https:\\\/\\\/www.organisator.ch\\\/?s={search_term_string}\"},\"query-input\":{\"@type\":\"PropertyValueSpecification\",\"valueRequired\":true,\"valueName\":\"search_term_string\"}}],\"inLanguage\":\"it-IT\"},{\"@type\":\"Organization\",\"@id\":\"https:\\\/\\\/www.organisator.ch\\\/#organization\",\"name\":\"Organisator\",\"url\":\"https:\\\/\\\/www.organisator.ch\\\/\",\"logo\":{\"@type\":\"ImageObject\",\"inLanguage\":\"it-IT\",\"@id\":\"https:\\\/\\\/www.organisator.ch\\\/#\\\/schema\\\/logo\\\/image\\\/\",\"url\":\"https:\\\/\\\/www.organisator.ch\\\/wp-content\\\/uploads\\\/2022\\\/01\\\/Logo_Organisator_Website.png\",\"contentUrl\":\"https:\\\/\\\/www.organisator.ch\\\/wp-content\\\/uploads\\\/2022\\\/01\\\/Logo_Organisator_Website.png\",\"width\":800,\"height\":77,\"caption\":\"Organisator\"},\"image\":{\"@id\":\"https:\\\/\\\/www.organisator.ch\\\/#\\\/schema\\\/logo\\\/image\\\/\"},\"sameAs\":[\"https:\\\/\\\/www.facebook.com\\\/OrganisatorFachmagazin\",\"https:\\\/\\\/www.linkedin.com\\\/showcase\\\/organisator-das-magazin-fr-kmu\",\"https:\\\/\\\/www.xing.com\\\/news\\\/pages\\\/organisator-ch-695\",\"https:\\\/\\\/www.youtube.com\\\/channel\\\/UCGP2Sq0iWaZwT3BdIAQFYpw\"]}]}<\/script>\n<!-- \/ Yoast SEO plugin. -->","yoast_head_json":{"title":"Organizzatore Numero 5\/1997 - Organizzatore","description":"Ricevete la rivista specializzata in lingua tedesca \"organisator\" nel numero 5\/1997 come download in formato PDF con il seguente indice:","robots":{"index":"index","follow":"follow","max-snippet":"max-snippet:-1","max-image-preview":"max-image-preview:large","max-video-preview":"max-video-preview:-1"},"canonical":"https:\/\/www.organisator.ch\/it\/product\/organisator-ausgabe-5-1997\/","og_locale":"it_IT","og_type":"article","og_title":"Organisator Ausgabe 5\/1997 - Organisator","og_description":"Erhalte die deutschsprachige Fachzeitschrift \u00aborganisator\u00bb in der Ausgabe 5\/1997 als PDF-Download mit nachfolgendem Inhaltsverzeichnis:","og_url":"https:\/\/www.organisator.ch\/it\/product\/organisator-ausgabe-5-1997\/","og_site_name":"Organisator","article_publisher":"https:\/\/www.facebook.com\/OrganisatorFachmagazin","article_modified_time":"2022-06-16T11:47:12+00:00","og_image":[{"width":654,"height":370,"url":"https:\/\/www.organisator.ch\/wp-content\/uploads\/2022\/06\/organisator_1997_5.png","type":"image\/png"}],"twitter_card":"summary_large_image","schema":{"@context":"https:\/\/schema.org","@graph":[{"@type":"WebPage","@id":"https:\/\/www.organisator.ch\/en\/product\/organisator-ausgabe-5-1997\/","url":"https:\/\/www.organisator.ch\/en\/product\/organisator-ausgabe-5-1997\/","name":"Organizzatore Numero 5\/1997 - Organizzatore","isPartOf":{"@id":"https:\/\/www.organisator.ch\/#website"},"primaryImageOfPage":{"@id":"https:\/\/www.organisator.ch\/en\/product\/organisator-ausgabe-5-1997\/#primaryimage"},"image":{"@id":"https:\/\/www.organisator.ch\/en\/product\/organisator-ausgabe-5-1997\/#primaryimage"},"thumbnailUrl":"https:\/\/www.organisator.ch\/wp-content\/uploads\/2022\/06\/organisator_1997_5.png","datePublished":"2022-06-16T09:56:20+00:00","dateModified":"2022-06-16T11:47:12+00:00","description":"Ricevete la rivista specializzata in lingua tedesca \"organisator\" nel numero 5\/1997 come download in formato PDF con il seguente indice:","breadcrumb":{"@id":"https:\/\/www.organisator.ch\/en\/product\/organisator-ausgabe-5-1997\/#breadcrumb"},"inLanguage":"it-IT","potentialAction":[{"@type":"ReadAction","target":["https:\/\/www.organisator.ch\/en\/product\/organisator-ausgabe-5-1997\/"]}]},{"@type":"ImageObject","inLanguage":"it-IT","@id":"https:\/\/www.organisator.ch\/en\/product\/organisator-ausgabe-5-1997\/#primaryimage","url":"https:\/\/www.organisator.ch\/wp-content\/uploads\/2022\/06\/organisator_1997_5.png","contentUrl":"https:\/\/www.organisator.ch\/wp-content\/uploads\/2022\/06\/organisator_1997_5.png","width":654,"height":370},{"@type":"BreadcrumbList","@id":"https:\/\/www.organisator.ch\/en\/product\/organisator-ausgabe-5-1997\/#breadcrumb","itemListElement":[{"@type":"ListItem","position":1,"name":"Home","item":"https:\/\/www.organisator.ch\/"},{"@type":"ListItem","position":2,"name":"Shop","item":"https:\/\/www.organisator.ch\/fr\/shop\/"},{"@type":"ListItem","position":3,"name":"Organisator Ausgabe 5\/1997"}]},{"@type":"WebSite","@id":"https:\/\/www.organisator.ch\/#website","url":"https:\/\/www.organisator.ch\/","name":"Organizzatore","description":"Competente. Pratico. In 10 numeri all'anno, ORGANISATOR presenta i temi essenziali per i manager delle PMI.","publisher":{"@id":"https:\/\/www.organisator.ch\/#organization"},"potentialAction":[{"@type":"SearchAction","target":{"@type":"EntryPoint","urlTemplate":"https:\/\/www.organisator.ch\/?s={search_term_string}"},"query-input":{"@type":"PropertyValueSpecification","valueRequired":true,"valueName":"search_term_string"}}],"inLanguage":"it-IT"},{"@type":"Organization","@id":"https:\/\/www.organisator.ch\/#organization","name":"Organizzatore","url":"https:\/\/www.organisator.ch\/","logo":{"@type":"ImageObject","inLanguage":"it-IT","@id":"https:\/\/www.organisator.ch\/#\/schema\/logo\/image\/","url":"https:\/\/www.organisator.ch\/wp-content\/uploads\/2022\/01\/Logo_Organisator_Website.png","contentUrl":"https:\/\/www.organisator.ch\/wp-content\/uploads\/2022\/01\/Logo_Organisator_Website.png","width":800,"height":77,"caption":"Organisator"},"image":{"@id":"https:\/\/www.organisator.ch\/#\/schema\/logo\/image\/"},"sameAs":["https:\/\/www.facebook.com\/OrganisatorFachmagazin","https:\/\/www.linkedin.com\/showcase\/organisator-das-magazin-fr-kmu","https:\/\/www.xing.com\/news\/pages\/organisator-ch-695","https:\/\/www.youtube.com\/channel\/UCGP2Sq0iWaZwT3BdIAQFYpw"]}]}},"_links":{"self":[{"href":"https:\/\/www.organisator.ch\/it\/wp-json\/wp\/v2\/product\/15009","targetHints":{"allow":["GET"]}}],"collection":[{"href":"https:\/\/www.organisator.ch\/it\/wp-json\/wp\/v2\/product"}],"about":[{"href":"https:\/\/www.organisator.ch\/it\/wp-json\/wp\/v2\/types\/product"}],"wp:featuredmedia":[{"embeddable":true,"href":"https:\/\/www.organisator.ch\/it\/wp-json\/wp\/v2\/media\/15011"}],"wp:attachment":[{"href":"https:\/\/www.organisator.ch\/it\/wp-json\/wp\/v2\/media?parent=15009"}],"wp:term":[{"taxonomy":"product_brand","embeddable":true,"href":"https:\/\/www.organisator.ch\/it\/wp-json\/wp\/v2\/product_brand?post=15009"},{"taxonomy":"product_cat","embeddable":true,"href":"https:\/\/www.organisator.ch\/it\/wp-json\/wp\/v2\/product_cat?post=15009"},{"taxonomy":"product_tag","embeddable":true,"href":"https:\/\/www.organisator.ch\/it\/wp-json\/wp\/v2\/product_tag?post=15009"}],"curies":[{"name":"wp","href":"https:\/\/api.w.org\/{rel}","templated":true}]}}