{"id":15080,"date":"2022-06-16T15:45:44","date_gmt":"2022-06-16T13:45:44","guid":{"rendered":"https:\/\/www.organisator.ch\/?post_type=product&#038;p=15080"},"modified":"2022-06-16T15:46:02","modified_gmt":"2022-06-16T13:46:02","slug":"organisator-ausgabe-10-1999","status":"publish","type":"product","link":"https:\/\/www.organisator.ch\/it\/produkt\/organisator-ausgabe-10-1999\/","title":{"rendered":"Organizzatore Numero 10\/1999"},"content":{"rendered":"<h2>Governo d'impresa<\/h2>\n<p>Franz Schnyder in conversazione con Filippo Leutenegger: Dall'arena al palco Daniel Erni \u2013 I primi cinque anni: Tutto \u00e8 iniziato a Hong Kong<br \/>\nFranz Schnyder \u2013 Sviluppo aziendale\/fusioni: esiste anche un'alternativa (esempio Simultan Croup)<\/p>\n<p>&nbsp;<\/p>\n<h3>Comunicazione<\/h3>\n<ul>\n<li>Patrick Raess \u2013 Strategia di marca: il potere dell'aura<\/li>\n<li>Aurel Gergey \u2013 Scrivere per dirigenti (6): nomi che creano contatti<\/li>\n<li>Rolf Gruber \u2013 Sponsorizzazione: comprendere e utilizzare l'arte<\/li>\n<li>Peter Meierhofer \u2013 Outsourcing\/Franchising: il responsabile marketing non \u00e8 sul libro paga<\/li>\n<li>Erhard R\u00fcttimann \u2013 E-commerce: potete commettere errori!<\/li>\n<li>Jens Borgwardt \u2013 E-commerce: il negozio online \u00e8 arrivato<\/li>\n<li>Bruno Simioni \u2013 Logistica: il fiore timido nella riorganizzazione aziendale<\/li>\n<li>Walter Schmuki \u2013 Serie di norme ISO 9000: riportare un po' di slancio nel negozio...!<\/li>\n<li>Thomas Flungerb\u00fchler- Sistemi IT integrati: sistema nervoso a rischio di tempesta<\/li>\n<\/ul>\n<p>&nbsp;<\/p>\n<h3>Per una finanza sana<\/h3>\n<ul>\n<li>Helmut Muthers \u2013 Istituti finanziari: le banche verificano il loro orientamento al cliente<\/li>\n<li>Achim H. Poliert \u2013 Parametri di valutazione: rendimento del fatturato fantasma 38<\/li>\n<li>Roger Thouvenin \u2013 Premi assicurativi: volete risparmiare dal 25 al 35% sui premi?<\/li>\n<li>Moritz Ottiker: Finfos \u2013 Tendenze nel settore fiscale<\/li>\n<\/ul>\n<p>&nbsp;<\/p>\n<h3>Come faccio a guidare le persone?<\/h3>\n<ul>\n<li>J\u00fcrgen Fuchs \u2013 Gestione della conoscenza: dalla conoscenza alla saggezza<\/li>\n<li>Hermann Engl \u2013 Motivazione dei collaboratori: la carriera non si ferma alla fine della giornata lavorativa<\/li>\n<li>Karin Fuchs-H\u00e4seli \u2013 Collaboratori celesti Guida (3): La verit\u00e0 del momento<\/li>\n<li>Il sito dell'AVP: Nuove forme di istruzione e formazione<\/li>\n<li>Matthyas Arter \u2013 Intelligenza emotiva: licenziate i prepotenti!<\/li>\n<\/ul>\n<p>&nbsp;<\/p>\n<h3>Come mi comporto? \u2013 Dossier speciale \u201ePr\u00e4senfaNon 99\u201c<\/h3>\n<ul>\n<li>Klaus J. St\u00f6hlker \u2013 Editoriale ospite: Oratrici, svegliatevi!<\/li>\n<li>Klaus J. St\u00f6hlker \u2013 Arte oratoria: basta con le presentazioni poco accattivanti 54<\/li>\n<li>Isabella Cuidi \u2013 Preparazione: una buona presentazione inizia prima della presentazione 56<\/li>\n<li>Peter Capek \u2013 Preparazione: il modello CAPEK 58<\/li>\n<li>Wendelin Niederberger \u2013 Presentazione aziendale: la vostra immagine aziendale con effetto WOW!<\/li>\n<li>Esther Knaus \u2013 Personal Selling Propositions: conoscete le vostre qualit\u00e0 PSP?<\/li>\n<li>Harry Holzheu \u2013 Retorica: conquistare invece che vincere<\/li>\n<li>Regina Keller \u2013 Linguaggio del corpo\/PNL: Attenzione: il vostro corpo parla!<\/li>\n<li>Marianne Rupf \u2013 Tecniche di presentazione:<\/li>\n<li>Presentazione al computer: una maledizione o una benedizione?<\/li>\n<li>Marco Nese, Erich R\u00fctsche \u2013 Rapporto sulle tendenze:<\/li>\n<li>Videoconferenze: per il momento solo per uso domestico<\/li>\n<\/ul>\n<p>&nbsp;<\/p>\n<h3>Essere umani<\/h3>\n<p>Paul Dominik Hasler \u2013 Conversazioni con Dio: Dio e Uwe (musicista rock, 31 anni)<\/p>\n<p>&nbsp;<\/p>\n<h3>Servizi di informazione e lettura<\/h3>\n<ul>\n<li>Matthias Graf \u2013 Letteratura specialistica per manager delle risorse umane: formare un team con uccelli del paradiso e nevrotici<\/li>\n<li>Calendario degli eventi<\/li>\n<li>Fonti di approvvigionamento: Notizie dal mercato<\/li>\n<li>Consulenza manageriale: qui i consulenti sono di casa<\/li>\n<li>Organizzatore di club \/ Organizzatore di accademia \/ Impronta<\/li>\n<\/ul>\n<p>&nbsp;<\/p>\n<p>&nbsp;<\/p>","protected":false},"excerpt":{"rendered":"<p>Ricevete la rivista specializzata in lingua tedesca \"organisator\" nel numero 10\/1999 come download in formato PDF con il seguente indice:<\/p>","protected":false},"featured_media":15082,"template":"","meta":{"_acf_changed":false,"articlekey":""},"product_brand":[],"product_cat":[546],"product_tag":[2967],"class_list":{"0":"post-15080","1":"product","2":"type-product","3":"status-publish","4":"has-post-thumbnail","6":"product_cat-einzelausgaben","7":"product_tag-2967","9":"first","10":"instock","11":"downloadable","12":"virtual","13":"taxable","14":"purchasable","15":"product-type-simple"},"acf":[],"yoast_head":"<!-- This site is optimized with the Yoast SEO plugin v27.4 - https:\/\/yoast.com\/product\/yoast-seo-wordpress\/ -->\n<title>Organisator Ausgabe 10\/1999 - Organisator<\/title>\n<meta name=\"description\" content=\"Erhalte die deutschsprachige Fachzeitschrift \u00aborganisator\u00bb in der Ausgabe 10\/1999 als PDF-Download mit nachfolgendem Inhaltsverzeichnis:\" \/>\n<meta name=\"robots\" content=\"index, follow, max-snippet:-1, max-image-preview:large, max-video-preview:-1\" \/>\n<link rel=\"canonical\" href=\"https:\/\/www.organisator.ch\/it\/prodotto\/organisator-ausgabe-10-1999\/\" \/>\n<meta property=\"og:locale\" content=\"it_IT\" \/>\n<meta property=\"og:type\" content=\"article\" \/>\n<meta property=\"og:title\" content=\"Organisator Ausgabe 10\/1999 - Organisator\" \/>\n<meta property=\"og:description\" content=\"Erhalte die deutschsprachige Fachzeitschrift \u00aborganisator\u00bb in der Ausgabe 10\/1999 als PDF-Download mit nachfolgendem Inhaltsverzeichnis:\" \/>\n<meta property=\"og:url\" content=\"https:\/\/www.organisator.ch\/it\/prodotto\/organisator-ausgabe-10-1999\/\" \/>\n<meta property=\"og:site_name\" content=\"Organisator\" \/>\n<meta property=\"article:publisher\" content=\"https:\/\/www.facebook.com\/OrganisatorFachmagazin\" \/>\n<meta property=\"article:modified_time\" content=\"2022-06-16T13:46:02+00:00\" \/>\n<meta property=\"og:image\" content=\"https:\/\/www.organisator.ch\/wp-content\/uploads\/2022\/06\/organisator_1999_10.png\" \/>\n\t<meta property=\"og:image:width\" content=\"654\" \/>\n\t<meta property=\"og:image:height\" content=\"370\" \/>\n\t<meta property=\"og:image:type\" content=\"image\/png\" \/>\n<meta name=\"twitter:card\" content=\"summary_large_image\" \/>\n<script type=\"application\/ld+json\" class=\"yoast-schema-graph\">{\"@context\":\"https:\\\/\\\/schema.org\",\"@graph\":[{\"@type\":\"WebPage\",\"@id\":\"https:\\\/\\\/www.organisator.ch\\\/fr\\\/produit\\\/organisator-ausgabe-10-1999\\\/\",\"url\":\"https:\\\/\\\/www.organisator.ch\\\/fr\\\/produit\\\/organisator-ausgabe-10-1999\\\/\",\"name\":\"Organisator Ausgabe 10\\\/1999 - Organisator\",\"isPartOf\":{\"@id\":\"https:\\\/\\\/www.organisator.ch\\\/#website\"},\"primaryImageOfPage\":{\"@id\":\"https:\\\/\\\/www.organisator.ch\\\/fr\\\/produit\\\/organisator-ausgabe-10-1999\\\/#primaryimage\"},\"image\":{\"@id\":\"https:\\\/\\\/www.organisator.ch\\\/fr\\\/produit\\\/organisator-ausgabe-10-1999\\\/#primaryimage\"},\"thumbnailUrl\":\"https:\\\/\\\/www.organisator.ch\\\/wp-content\\\/uploads\\\/2022\\\/06\\\/organisator_1999_10.png\",\"datePublished\":\"2022-06-16T13:45:44+00:00\",\"dateModified\":\"2022-06-16T13:46:02+00:00\",\"description\":\"Erhalte die deutschsprachige Fachzeitschrift \u00aborganisator\u00bb in der Ausgabe 10\\\/1999 als PDF-Download mit nachfolgendem Inhaltsverzeichnis:\",\"breadcrumb\":{\"@id\":\"https:\\\/\\\/www.organisator.ch\\\/fr\\\/produit\\\/organisator-ausgabe-10-1999\\\/#breadcrumb\"},\"inLanguage\":\"it-IT\",\"potentialAction\":[{\"@type\":\"ReadAction\",\"target\":[\"https:\\\/\\\/www.organisator.ch\\\/fr\\\/produit\\\/organisator-ausgabe-10-1999\\\/\"]}]},{\"@type\":\"ImageObject\",\"inLanguage\":\"it-IT\",\"@id\":\"https:\\\/\\\/www.organisator.ch\\\/fr\\\/produit\\\/organisator-ausgabe-10-1999\\\/#primaryimage\",\"url\":\"https:\\\/\\\/www.organisator.ch\\\/wp-content\\\/uploads\\\/2022\\\/06\\\/organisator_1999_10.png\",\"contentUrl\":\"https:\\\/\\\/www.organisator.ch\\\/wp-content\\\/uploads\\\/2022\\\/06\\\/organisator_1999_10.png\",\"width\":654,\"height\":370},{\"@type\":\"BreadcrumbList\",\"@id\":\"https:\\\/\\\/www.organisator.ch\\\/fr\\\/produit\\\/organisator-ausgabe-10-1999\\\/#breadcrumb\",\"itemListElement\":[{\"@type\":\"ListItem\",\"position\":1,\"name\":\"Home\",\"item\":\"https:\\\/\\\/www.organisator.ch\\\/\"},{\"@type\":\"ListItem\",\"position\":2,\"name\":\"Shop\",\"item\":\"https:\\\/\\\/www.organisator.ch\\\/fr\\\/shop\\\/\"},{\"@type\":\"ListItem\",\"position\":3,\"name\":\"Organisator Ausgabe 10\\\/1999\"}]},{\"@type\":\"WebSite\",\"@id\":\"https:\\\/\\\/www.organisator.ch\\\/#website\",\"url\":\"https:\\\/\\\/www.organisator.ch\\\/\",\"name\":\"Organisator\",\"description\":\"Kompetent. Praxisnah. Der ORGANISATOR bereitet in 10 Ausgaben pro Jahr die wesentlichen Themen f\u00fcr F\u00fchrungskr\u00e4fte von KMU auf.\",\"publisher\":{\"@id\":\"https:\\\/\\\/www.organisator.ch\\\/#organization\"},\"potentialAction\":[{\"@type\":\"SearchAction\",\"target\":{\"@type\":\"EntryPoint\",\"urlTemplate\":\"https:\\\/\\\/www.organisator.ch\\\/?s={search_term_string}\"},\"query-input\":{\"@type\":\"PropertyValueSpecification\",\"valueRequired\":true,\"valueName\":\"search_term_string\"}}],\"inLanguage\":\"it-IT\"},{\"@type\":\"Organization\",\"@id\":\"https:\\\/\\\/www.organisator.ch\\\/#organization\",\"name\":\"Organisator\",\"url\":\"https:\\\/\\\/www.organisator.ch\\\/\",\"logo\":{\"@type\":\"ImageObject\",\"inLanguage\":\"it-IT\",\"@id\":\"https:\\\/\\\/www.organisator.ch\\\/#\\\/schema\\\/logo\\\/image\\\/\",\"url\":\"https:\\\/\\\/www.organisator.ch\\\/wp-content\\\/uploads\\\/2022\\\/01\\\/Logo_Organisator_Website.png\",\"contentUrl\":\"https:\\\/\\\/www.organisator.ch\\\/wp-content\\\/uploads\\\/2022\\\/01\\\/Logo_Organisator_Website.png\",\"width\":800,\"height\":77,\"caption\":\"Organisator\"},\"image\":{\"@id\":\"https:\\\/\\\/www.organisator.ch\\\/#\\\/schema\\\/logo\\\/image\\\/\"},\"sameAs\":[\"https:\\\/\\\/www.facebook.com\\\/OrganisatorFachmagazin\",\"https:\\\/\\\/www.linkedin.com\\\/showcase\\\/organisator-das-magazin-fr-kmu\",\"https:\\\/\\\/www.xing.com\\\/news\\\/pages\\\/organisator-ch-695\",\"https:\\\/\\\/www.youtube.com\\\/channel\\\/UCGP2Sq0iWaZwT3BdIAQFYpw\"]}]}<\/script>\n<!-- \/ Yoast SEO plugin. -->","yoast_head_json":{"title":"Organizzatore Numero 10\/1999 - Organizzatore","description":"Ricevete la rivista specializzata in lingua tedesca \"organisator\" nel numero 10\/1999 come download in formato PDF con il seguente indice:","robots":{"index":"index","follow":"follow","max-snippet":"max-snippet:-1","max-image-preview":"max-image-preview:large","max-video-preview":"max-video-preview:-1"},"canonical":"https:\/\/www.organisator.ch\/it\/prodotto\/organisator-ausgabe-10-1999\/","og_locale":"it_IT","og_type":"article","og_title":"Organisator Ausgabe 10\/1999 - Organisator","og_description":"Erhalte die deutschsprachige Fachzeitschrift \u00aborganisator\u00bb in der Ausgabe 10\/1999 als PDF-Download mit nachfolgendem Inhaltsverzeichnis:","og_url":"https:\/\/www.organisator.ch\/it\/prodotto\/organisator-ausgabe-10-1999\/","og_site_name":"Organisator","article_publisher":"https:\/\/www.facebook.com\/OrganisatorFachmagazin","article_modified_time":"2022-06-16T13:46:02+00:00","og_image":[{"width":654,"height":370,"url":"https:\/\/www.organisator.ch\/wp-content\/uploads\/2022\/06\/organisator_1999_10.png","type":"image\/png"}],"twitter_card":"summary_large_image","schema":{"@context":"https:\/\/schema.org","@graph":[{"@type":"WebPage","@id":"https:\/\/www.organisator.ch\/fr\/produit\/organisator-ausgabe-10-1999\/","url":"https:\/\/www.organisator.ch\/fr\/produit\/organisator-ausgabe-10-1999\/","name":"Organizzatore Numero 10\/1999 - Organizzatore","isPartOf":{"@id":"https:\/\/www.organisator.ch\/#website"},"primaryImageOfPage":{"@id":"https:\/\/www.organisator.ch\/fr\/produit\/organisator-ausgabe-10-1999\/#primaryimage"},"image":{"@id":"https:\/\/www.organisator.ch\/fr\/produit\/organisator-ausgabe-10-1999\/#primaryimage"},"thumbnailUrl":"https:\/\/www.organisator.ch\/wp-content\/uploads\/2022\/06\/organisator_1999_10.png","datePublished":"2022-06-16T13:45:44+00:00","dateModified":"2022-06-16T13:46:02+00:00","description":"Ricevete la rivista specializzata in lingua tedesca \"organisator\" nel numero 10\/1999 come download in formato PDF con il seguente indice:","breadcrumb":{"@id":"https:\/\/www.organisator.ch\/fr\/produit\/organisator-ausgabe-10-1999\/#breadcrumb"},"inLanguage":"it-IT","potentialAction":[{"@type":"ReadAction","target":["https:\/\/www.organisator.ch\/fr\/produit\/organisator-ausgabe-10-1999\/"]}]},{"@type":"ImageObject","inLanguage":"it-IT","@id":"https:\/\/www.organisator.ch\/fr\/produit\/organisator-ausgabe-10-1999\/#primaryimage","url":"https:\/\/www.organisator.ch\/wp-content\/uploads\/2022\/06\/organisator_1999_10.png","contentUrl":"https:\/\/www.organisator.ch\/wp-content\/uploads\/2022\/06\/organisator_1999_10.png","width":654,"height":370},{"@type":"BreadcrumbList","@id":"https:\/\/www.organisator.ch\/fr\/produit\/organisator-ausgabe-10-1999\/#breadcrumb","itemListElement":[{"@type":"ListItem","position":1,"name":"Home","item":"https:\/\/www.organisator.ch\/"},{"@type":"ListItem","position":2,"name":"Shop","item":"https:\/\/www.organisator.ch\/fr\/shop\/"},{"@type":"ListItem","position":3,"name":"Organisator Ausgabe 10\/1999"}]},{"@type":"WebSite","@id":"https:\/\/www.organisator.ch\/#website","url":"https:\/\/www.organisator.ch\/","name":"Organizzatore","description":"Competente. Pratico. In 10 numeri all'anno, ORGANISATOR presenta i temi essenziali per i manager delle PMI.","publisher":{"@id":"https:\/\/www.organisator.ch\/#organization"},"potentialAction":[{"@type":"SearchAction","target":{"@type":"EntryPoint","urlTemplate":"https:\/\/www.organisator.ch\/?s={search_term_string}"},"query-input":{"@type":"PropertyValueSpecification","valueRequired":true,"valueName":"search_term_string"}}],"inLanguage":"it-IT"},{"@type":"Organization","@id":"https:\/\/www.organisator.ch\/#organization","name":"Organizzatore","url":"https:\/\/www.organisator.ch\/","logo":{"@type":"ImageObject","inLanguage":"it-IT","@id":"https:\/\/www.organisator.ch\/#\/schema\/logo\/image\/","url":"https:\/\/www.organisator.ch\/wp-content\/uploads\/2022\/01\/Logo_Organisator_Website.png","contentUrl":"https:\/\/www.organisator.ch\/wp-content\/uploads\/2022\/01\/Logo_Organisator_Website.png","width":800,"height":77,"caption":"Organisator"},"image":{"@id":"https:\/\/www.organisator.ch\/#\/schema\/logo\/image\/"},"sameAs":["https:\/\/www.facebook.com\/OrganisatorFachmagazin","https:\/\/www.linkedin.com\/showcase\/organisator-das-magazin-fr-kmu","https:\/\/www.xing.com\/news\/pages\/organisator-ch-695","https:\/\/www.youtube.com\/channel\/UCGP2Sq0iWaZwT3BdIAQFYpw"]}]}},"_links":{"self":[{"href":"https:\/\/www.organisator.ch\/it\/wp-json\/wp\/v2\/product\/15080","targetHints":{"allow":["GET"]}}],"collection":[{"href":"https:\/\/www.organisator.ch\/it\/wp-json\/wp\/v2\/product"}],"about":[{"href":"https:\/\/www.organisator.ch\/it\/wp-json\/wp\/v2\/types\/product"}],"wp:featuredmedia":[{"embeddable":true,"href":"https:\/\/www.organisator.ch\/it\/wp-json\/wp\/v2\/media\/15082"}],"wp:attachment":[{"href":"https:\/\/www.organisator.ch\/it\/wp-json\/wp\/v2\/media?parent=15080"}],"wp:term":[{"taxonomy":"product_brand","embeddable":true,"href":"https:\/\/www.organisator.ch\/it\/wp-json\/wp\/v2\/product_brand?post=15080"},{"taxonomy":"product_cat","embeddable":true,"href":"https:\/\/www.organisator.ch\/it\/wp-json\/wp\/v2\/product_cat?post=15080"},{"taxonomy":"product_tag","embeddable":true,"href":"https:\/\/www.organisator.ch\/it\/wp-json\/wp\/v2\/product_tag?post=15080"}],"curies":[{"name":"wp","href":"https:\/\/api.w.org\/{rel}","templated":true}]}}