{"id":6155,"date":"2021-07-21T10:36:11","date_gmt":"2021-07-21T08:36:11","guid":{"rendered":"https:\/\/www.organisator.ch\/?post_type=product&#038;p=6155"},"modified":"2021-11-09T18:34:30","modified_gmt":"2021-11-09T17:34:30","slug":"organisator-ausgabe-4-2012","status":"publish","type":"product","link":"https:\/\/www.organisator.ch\/it\/produkt\/organisator-ausgabe-4-2012\/","title":{"rendered":"Organizzatore Numero 4\/2012"},"content":{"rendered":"<h2>Persone<\/h2>\n<ul>\n<li>Il CEO Karin Lenzlinger-Diedenhofen: \"Le donne non devono necessariamente essere imprenditori migliori\".<\/li>\n<\/ul>\n<h2>In domanda<\/h2>\n<ul>\n<li>Quali opportunit\u00e0 hanno gli over 50 nelle PMI?<\/li>\n<\/ul>\n<h2>Focus<\/h2>\n<ul>\n<li>Dalla ricerca al mercato: la Svizzera non \u00e8 ancora campione del mondo Gestione delle idee ai tempi dei social media (Anne M. Sch\u00fcller)<\/li>\n<\/ul>\n<h2>Leadership<\/h2>\n<ul>\n<li>Processo decisionale: sistematico e strutturato<\/li>\n<\/ul>\n<h2>Internazionale<\/h2>\n<ul>\n<li>Gestione aziendale multiculturale (B. R\u00fcttimann)<\/li>\n<\/ul>\n<h2>Marketing<\/h2>\n<ul>\n<li>Creatori, potere e mercati (Chr. Portmann)<\/li>\n<\/ul>\n<h2>Finanze\/Legge<\/h2>\n<ul>\n<li>Appuntamenti in ritardo: ha perso un altro appuntamento?<\/li>\n<\/ul>\n<h2>HRM<\/h2>\n<ul>\n<li>I campioni nascosti inseguono il talento<\/li>\n<\/ul>\n<h2>In forma sul lavoro<\/h2>\n<ul>\n<li>Da fannullone sportivo a autodidatta (P. Pr\u00eatre)<\/li>\n<li>Non temere i temi scottanti: una preziosa cultura linguistica per i momenti difficili (A. Ramer)<br \/>\nRilassarsi nella foresta<\/li>\n<\/ul>\n<h2>TESTE<\/h2>\n<ul>\n<li><strong>Editoriale\u00a0<\/strong><\/li>\n<li><strong>Avvio\/Scena\u00a0<\/strong><\/li>\n<li><strong>La cosa\u00a0<\/strong><\/li>\n<li><strong>Mercato\u00a0<\/strong><\/li>\n<li><strong>L'ospite\u00a0<\/strong><\/li>\n<li><strong>Consigli per i libri\u00a0<\/strong><\/li>\n<li><strong>Impronta<\/strong><\/li>\n<\/ul>\n<h2>DOSSIER- Previdenza professionale<\/h2>\n<ul>\n<li><strong>Precauzione<\/strong> Affrontare le sfide politiche e sociali<\/li>\n<li><strong>Flessibilit\u00e0<\/strong> nella previdenza per le imprese individuali<\/li>\n<li><strong>Fondi pensione<\/strong>un piccolo confronto<\/li>\n<li><strong>La IV revisione 6a<\/strong>un'opportunit\u00e0 per tutti<\/li>\n<li><strong>Come se<\/strong> ferro vecchio!<\/li>\n<\/ul>","protected":false},"excerpt":{"rendered":"<p>Erhalte die deutschsprachige Fachzeitschrift \u00aborganisator\u00bb in der <span data-sheets-value=\"{&quot;1&quot;:2,&quot;2&quot;:&quot;Organisator Ausgabe 4\/2012&quot;}\" data-sheets-userformat=\"{&quot;2&quot;:15273,&quot;3&quot;:{&quot;1&quot;:0},&quot;6&quot;:{&quot;1&quot;:[{&quot;1&quot;:2,&quot;2&quot;:0,&quot;5&quot;:[null,2,0]},{&quot;1&quot;:0,&quot;2&quot;:0,&quot;3&quot;:3},{&quot;1&quot;:1,&quot;2&quot;:0,&quot;4&quot;:1}]},&quot;8&quot;:{&quot;1&quot;:[{&quot;1&quot;:2,&quot;2&quot;:0,&quot;5&quot;:[null,2,0]},{&quot;1&quot;:0,&quot;2&quot;:0,&quot;3&quot;:3},{&quot;1&quot;:1,&quot;2&quot;:0,&quot;4&quot;:1}]},&quot;10&quot;:2,&quot;11&quot;:0,&quot;12&quot;:0,&quot;14&quot;:[null,2,0],&quot;15&quot;:&quot;Calibri, sans-serif&quot;,&quot;16&quot;:12}\">Organisator Ausgabe 4\/2012<\/span> als PDF-Download mit nachfolgendem Inhaltsverzeichnis:<\/p>\n","protected":false},"featured_media":6185,"template":"","meta":{"_acf_changed":false,"articlekey":""},"product_brand":[],"product_cat":[546],"product_tag":[558],"class_list":{"0":"post-6155","1":"product","2":"type-product","3":"status-publish","4":"has-post-thumbnail","6":"product_cat-einzelausgaben","7":"product_tag-558","9":"first","10":"instock","11":"downloadable","12":"virtual","13":"taxable","14":"purchasable","15":"product-type-simple"},"acf":[],"yoast_head":"<!-- This site is optimized with the Yoast SEO plugin v27.4 - https:\/\/yoast.com\/product\/yoast-seo-wordpress\/ -->\n<title>Organisator Ausgabe 4\/2012 - Organisator<\/title>\n<meta name=\"description\" content=\"Erhalte die deutschsprachige Fachzeitschrift \u00aborganisator\u00bb in der Organisator Ausgabe 4\/2012 als PDF-Download mit nachfolgendem Inhaltsverzeichnis:\" \/>\n<meta name=\"robots\" content=\"index, follow, max-snippet:-1, max-image-preview:large, max-video-preview:-1\" \/>\n<link rel=\"canonical\" href=\"https:\/\/www.organisator.ch\/it\/prodotto\/organisator-ausgabe-4-2012\/\" \/>\n<meta property=\"og:locale\" content=\"it_IT\" \/>\n<meta property=\"og:type\" content=\"article\" \/>\n<meta property=\"og:title\" content=\"Organisator Ausgabe 4\/2012 - Organisator\" \/>\n<meta property=\"og:description\" content=\"Erhalte die deutschsprachige Fachzeitschrift \u00aborganisator\u00bb in der Organisator Ausgabe 4\/2012 als PDF-Download mit nachfolgendem Inhaltsverzeichnis:\" \/>\n<meta property=\"og:url\" content=\"https:\/\/www.organisator.ch\/it\/prodotto\/organisator-ausgabe-4-2012\/\" \/>\n<meta property=\"og:site_name\" content=\"Organisator\" \/>\n<meta property=\"article:publisher\" content=\"https:\/\/www.facebook.com\/OrganisatorFachmagazin\" \/>\n<meta property=\"article:modified_time\" content=\"2021-11-09T17:34:30+00:00\" \/>\n<meta property=\"og:image\" content=\"https:\/\/www.organisator.ch\/wp-content\/uploads\/2021\/07\/organisator_2012_4.png\" \/>\n\t<meta property=\"og:image:width\" content=\"654\" \/>\n\t<meta property=\"og:image:height\" content=\"370\" \/>\n\t<meta property=\"og:image:type\" content=\"image\/png\" \/>\n<meta name=\"twitter:card\" content=\"summary_large_image\" \/>\n<script type=\"application\/ld+json\" class=\"yoast-schema-graph\">{\"@context\":\"https:\\\/\\\/schema.org\",\"@graph\":[{\"@type\":\"WebPage\",\"@id\":\"https:\\\/\\\/www.organisator.ch\\\/de\\\/produkt\\\/organisator-ausgabe-4-2012\\\/\",\"url\":\"https:\\\/\\\/www.organisator.ch\\\/de\\\/produkt\\\/organisator-ausgabe-4-2012\\\/\",\"name\":\"Organisator Ausgabe 4\\\/2012 - Organisator\",\"isPartOf\":{\"@id\":\"https:\\\/\\\/www.organisator.ch\\\/#website\"},\"primaryImageOfPage\":{\"@id\":\"https:\\\/\\\/www.organisator.ch\\\/de\\\/produkt\\\/organisator-ausgabe-4-2012\\\/#primaryimage\"},\"image\":{\"@id\":\"https:\\\/\\\/www.organisator.ch\\\/de\\\/produkt\\\/organisator-ausgabe-4-2012\\\/#primaryimage\"},\"thumbnailUrl\":\"https:\\\/\\\/www.organisator.ch\\\/wp-content\\\/uploads\\\/2021\\\/07\\\/organisator_2012_4.png\",\"datePublished\":\"2021-07-21T08:36:11+00:00\",\"dateModified\":\"2021-11-09T17:34:30+00:00\",\"description\":\"Erhalte die deutschsprachige Fachzeitschrift \u00aborganisator\u00bb in der Organisator Ausgabe 4\\\/2012 als PDF-Download mit nachfolgendem Inhaltsverzeichnis:\",\"breadcrumb\":{\"@id\":\"https:\\\/\\\/www.organisator.ch\\\/de\\\/produkt\\\/organisator-ausgabe-4-2012\\\/#breadcrumb\"},\"inLanguage\":\"it-IT\",\"potentialAction\":[{\"@type\":\"ReadAction\",\"target\":[\"https:\\\/\\\/www.organisator.ch\\\/de\\\/produkt\\\/organisator-ausgabe-4-2012\\\/\"]}]},{\"@type\":\"ImageObject\",\"inLanguage\":\"it-IT\",\"@id\":\"https:\\\/\\\/www.organisator.ch\\\/de\\\/produkt\\\/organisator-ausgabe-4-2012\\\/#primaryimage\",\"url\":\"https:\\\/\\\/www.organisator.ch\\\/wp-content\\\/uploads\\\/2021\\\/07\\\/organisator_2012_4.png\",\"contentUrl\":\"https:\\\/\\\/www.organisator.ch\\\/wp-content\\\/uploads\\\/2021\\\/07\\\/organisator_2012_4.png\",\"width\":654,\"height\":370},{\"@type\":\"BreadcrumbList\",\"@id\":\"https:\\\/\\\/www.organisator.ch\\\/de\\\/produkt\\\/organisator-ausgabe-4-2012\\\/#breadcrumb\",\"itemListElement\":[{\"@type\":\"ListItem\",\"position\":1,\"name\":\"Home\",\"item\":\"https:\\\/\\\/www.organisator.ch\\\/\"},{\"@type\":\"ListItem\",\"position\":2,\"name\":\"Shop\",\"item\":\"https:\\\/\\\/www.organisator.ch\\\/fr\\\/shop\\\/\"},{\"@type\":\"ListItem\",\"position\":3,\"name\":\"Organisator Ausgabe 4\\\/2012\"}]},{\"@type\":\"WebSite\",\"@id\":\"https:\\\/\\\/www.organisator.ch\\\/#website\",\"url\":\"https:\\\/\\\/www.organisator.ch\\\/\",\"name\":\"Organisator\",\"description\":\"Kompetent. Praxisnah. Der ORGANISATOR bereitet in 10 Ausgaben pro Jahr die wesentlichen Themen f\u00fcr F\u00fchrungskr\u00e4fte von KMU auf.\",\"publisher\":{\"@id\":\"https:\\\/\\\/www.organisator.ch\\\/#organization\"},\"potentialAction\":[{\"@type\":\"SearchAction\",\"target\":{\"@type\":\"EntryPoint\",\"urlTemplate\":\"https:\\\/\\\/www.organisator.ch\\\/?s={search_term_string}\"},\"query-input\":{\"@type\":\"PropertyValueSpecification\",\"valueRequired\":true,\"valueName\":\"search_term_string\"}}],\"inLanguage\":\"it-IT\"},{\"@type\":\"Organization\",\"@id\":\"https:\\\/\\\/www.organisator.ch\\\/#organization\",\"name\":\"Organisator\",\"url\":\"https:\\\/\\\/www.organisator.ch\\\/\",\"logo\":{\"@type\":\"ImageObject\",\"inLanguage\":\"it-IT\",\"@id\":\"https:\\\/\\\/www.organisator.ch\\\/#\\\/schema\\\/logo\\\/image\\\/\",\"url\":\"https:\\\/\\\/www.organisator.ch\\\/wp-content\\\/uploads\\\/2022\\\/01\\\/Logo_Organisator_Website.png\",\"contentUrl\":\"https:\\\/\\\/www.organisator.ch\\\/wp-content\\\/uploads\\\/2022\\\/01\\\/Logo_Organisator_Website.png\",\"width\":800,\"height\":77,\"caption\":\"Organisator\"},\"image\":{\"@id\":\"https:\\\/\\\/www.organisator.ch\\\/#\\\/schema\\\/logo\\\/image\\\/\"},\"sameAs\":[\"https:\\\/\\\/www.facebook.com\\\/OrganisatorFachmagazin\",\"https:\\\/\\\/www.linkedin.com\\\/showcase\\\/organisator-das-magazin-fr-kmu\",\"https:\\\/\\\/www.xing.com\\\/news\\\/pages\\\/organisator-ch-695\",\"https:\\\/\\\/www.youtube.com\\\/channel\\\/UCGP2Sq0iWaZwT3BdIAQFYpw\"]}]}<\/script>\n<!-- \/ Yoast SEO plugin. -->","yoast_head_json":{"title":"Organizzatore Numero 4\/2012 - Organizzatore","description":"Ricevi la rivista specializzata in lingua tedesca \"organisator\" nel numero 4\/2012 di Organisator come download in formato PDF con il seguente indice:","robots":{"index":"index","follow":"follow","max-snippet":"max-snippet:-1","max-image-preview":"max-image-preview:large","max-video-preview":"max-video-preview:-1"},"canonical":"https:\/\/www.organisator.ch\/it\/prodotto\/organisator-ausgabe-4-2012\/","og_locale":"it_IT","og_type":"article","og_title":"Organisator Ausgabe 4\/2012 - Organisator","og_description":"Erhalte die deutschsprachige Fachzeitschrift \u00aborganisator\u00bb in der Organisator Ausgabe 4\/2012 als PDF-Download mit nachfolgendem Inhaltsverzeichnis:","og_url":"https:\/\/www.organisator.ch\/it\/prodotto\/organisator-ausgabe-4-2012\/","og_site_name":"Organisator","article_publisher":"https:\/\/www.facebook.com\/OrganisatorFachmagazin","article_modified_time":"2021-11-09T17:34:30+00:00","og_image":[{"width":654,"height":370,"url":"https:\/\/www.organisator.ch\/wp-content\/uploads\/2021\/07\/organisator_2012_4.png","type":"image\/png"}],"twitter_card":"summary_large_image","schema":{"@context":"https:\/\/schema.org","@graph":[{"@type":"WebPage","@id":"https:\/\/www.organisator.ch\/de\/produkt\/organisator-ausgabe-4-2012\/","url":"https:\/\/www.organisator.ch\/de\/produkt\/organisator-ausgabe-4-2012\/","name":"Organizzatore Numero 4\/2012 - Organizzatore","isPartOf":{"@id":"https:\/\/www.organisator.ch\/#website"},"primaryImageOfPage":{"@id":"https:\/\/www.organisator.ch\/de\/produkt\/organisator-ausgabe-4-2012\/#primaryimage"},"image":{"@id":"https:\/\/www.organisator.ch\/de\/produkt\/organisator-ausgabe-4-2012\/#primaryimage"},"thumbnailUrl":"https:\/\/www.organisator.ch\/wp-content\/uploads\/2021\/07\/organisator_2012_4.png","datePublished":"2021-07-21T08:36:11+00:00","dateModified":"2021-11-09T17:34:30+00:00","description":"Ricevi la rivista specializzata in lingua tedesca \"organisator\" nel numero 4\/2012 di Organisator come download in formato PDF con il seguente indice:","breadcrumb":{"@id":"https:\/\/www.organisator.ch\/de\/produkt\/organisator-ausgabe-4-2012\/#breadcrumb"},"inLanguage":"it-IT","potentialAction":[{"@type":"ReadAction","target":["https:\/\/www.organisator.ch\/de\/produkt\/organisator-ausgabe-4-2012\/"]}]},{"@type":"ImageObject","inLanguage":"it-IT","@id":"https:\/\/www.organisator.ch\/de\/produkt\/organisator-ausgabe-4-2012\/#primaryimage","url":"https:\/\/www.organisator.ch\/wp-content\/uploads\/2021\/07\/organisator_2012_4.png","contentUrl":"https:\/\/www.organisator.ch\/wp-content\/uploads\/2021\/07\/organisator_2012_4.png","width":654,"height":370},{"@type":"BreadcrumbList","@id":"https:\/\/www.organisator.ch\/de\/produkt\/organisator-ausgabe-4-2012\/#breadcrumb","itemListElement":[{"@type":"ListItem","position":1,"name":"Home","item":"https:\/\/www.organisator.ch\/"},{"@type":"ListItem","position":2,"name":"Shop","item":"https:\/\/www.organisator.ch\/fr\/shop\/"},{"@type":"ListItem","position":3,"name":"Organisator Ausgabe 4\/2012"}]},{"@type":"WebSite","@id":"https:\/\/www.organisator.ch\/#website","url":"https:\/\/www.organisator.ch\/","name":"Organizzatore","description":"Competente. Pratico. In 10 numeri all'anno, ORGANISATOR presenta i temi essenziali per i manager delle PMI.","publisher":{"@id":"https:\/\/www.organisator.ch\/#organization"},"potentialAction":[{"@type":"SearchAction","target":{"@type":"EntryPoint","urlTemplate":"https:\/\/www.organisator.ch\/?s={search_term_string}"},"query-input":{"@type":"PropertyValueSpecification","valueRequired":true,"valueName":"search_term_string"}}],"inLanguage":"it-IT"},{"@type":"Organization","@id":"https:\/\/www.organisator.ch\/#organization","name":"Organizzatore","url":"https:\/\/www.organisator.ch\/","logo":{"@type":"ImageObject","inLanguage":"it-IT","@id":"https:\/\/www.organisator.ch\/#\/schema\/logo\/image\/","url":"https:\/\/www.organisator.ch\/wp-content\/uploads\/2022\/01\/Logo_Organisator_Website.png","contentUrl":"https:\/\/www.organisator.ch\/wp-content\/uploads\/2022\/01\/Logo_Organisator_Website.png","width":800,"height":77,"caption":"Organisator"},"image":{"@id":"https:\/\/www.organisator.ch\/#\/schema\/logo\/image\/"},"sameAs":["https:\/\/www.facebook.com\/OrganisatorFachmagazin","https:\/\/www.linkedin.com\/showcase\/organisator-das-magazin-fr-kmu","https:\/\/www.xing.com\/news\/pages\/organisator-ch-695","https:\/\/www.youtube.com\/channel\/UCGP2Sq0iWaZwT3BdIAQFYpw"]}]}},"_links":{"self":[{"href":"https:\/\/www.organisator.ch\/it\/wp-json\/wp\/v2\/product\/6155","targetHints":{"allow":["GET"]}}],"collection":[{"href":"https:\/\/www.organisator.ch\/it\/wp-json\/wp\/v2\/product"}],"about":[{"href":"https:\/\/www.organisator.ch\/it\/wp-json\/wp\/v2\/types\/product"}],"wp:featuredmedia":[{"embeddable":true,"href":"https:\/\/www.organisator.ch\/it\/wp-json\/wp\/v2\/media\/6185"}],"wp:attachment":[{"href":"https:\/\/www.organisator.ch\/it\/wp-json\/wp\/v2\/media?parent=6155"}],"wp:term":[{"taxonomy":"product_brand","embeddable":true,"href":"https:\/\/www.organisator.ch\/it\/wp-json\/wp\/v2\/product_brand?post=6155"},{"taxonomy":"product_cat","embeddable":true,"href":"https:\/\/www.organisator.ch\/it\/wp-json\/wp\/v2\/product_cat?post=6155"},{"taxonomy":"product_tag","embeddable":true,"href":"https:\/\/www.organisator.ch\/it\/wp-json\/wp\/v2\/product_tag?post=6155"}],"curies":[{"name":"wp","href":"https:\/\/api.w.org\/{rel}","templated":true}]}}